{"id":792,"date":"2015-06-30T17:35:48","date_gmt":"2015-06-30T20:35:48","guid":{"rendered":"http:\/\/homolog.saopaulo.sp.leg.br\/escoladoparlamento\/?page_id=792"},"modified":"2015-09-10T14:32:40","modified_gmt":"2015-09-10T17:32:40","slug":"politicas-publicas-para-a-populacao-em-situacao-de-rua-modulo-ii","status":"publish","type":"page","link":"https:\/\/homolog.saopaulo.sp.leg.br\/escoladoparlamento\/cursos\/cursos-anteriores\/cursos-realizados-em-2015\/politicas-publicas-para-a-populacao-em-situacao-de-rua-modulo-ii\/","title":{"rendered":"Pol\u00edticas P\u00fablicas para a Popula\u00e7\u00e3o em Situa\u00e7\u00e3o de Rua \u2013 M\u00f3dulo II"},"content":{"rendered":"<p><strong>Objetivo:<\/strong> apresentar e discutir as diretrizes, fundamentos e estrat\u00e9gias poss\u00edveis para a constru\u00e7\u00e3o e implementa\u00e7\u00e3o das pol\u00edticas p\u00fablicas voltadas \u00e0 popula\u00e7\u00e3o em situa\u00e7\u00e3o de rua, no \u00e2mbito municipal, considerando as disposi\u00e7\u00f5es do Decreto Federal n\u00ba 7053\/2009, que institui a Pol\u00edtica Nacional para a Popula\u00e7\u00e3o em Situa\u00e7\u00e3o de Rua.<\/p>\n<p><strong>P\u00fablico alvo:\u00a0<\/strong>Servidores p\u00fablicos e cidad\u00e3os em geral.<\/p>\n<p><strong>Docentes respons\u00e1veis:\u00a0<\/strong>Prof. Dra. Damares Pereira Vicente e Prof. Ms. Joana Maria G. F. Duarte<\/p>\n<p><strong>Diretor Respons\u00e1vel:<\/strong> <a href=\"http:\/\/homolog.saopaulo.sp.leg.br\/escoladoparlamento\/a-escola\/quem-somos\/\">Christy Ganzert Pato<\/a><\/p>\n<p><strong>Carga Hor\u00e1ria:<\/strong>\u00a015h\u00a0\u2013 com certifica\u00e7\u00e3o para presen\u00e7a maior que 75%<\/p>\n<p><strong>Inscri\u00e7\u00f5es:<\/strong>\u00a0A definir.<\/p>\n<p><strong>Local:<\/strong>\u00a0C\u00e2mara Municipal de S\u00e3o Paulo<\/p>\n<p><strong>Programa:<\/strong><\/p>\n<table width=\"889\">\n<tbody>\n<tr>\n<td width=\"80\"><strong>Data<\/strong><\/td>\n<td width=\"74\"><strong>Hora<\/strong><\/td>\n<td width=\"180\"><strong>Local<\/strong><\/td>\n<td width=\"369\"><strong>Tema<\/strong><\/td>\n<td width=\"187\"><strong>Palestrante<\/strong><\/td>\n<\/tr>\n<tr>\n<td width=\"80\"><strong>04\/08<\/strong><\/td>\n<td width=\"74\">19h-22h<\/td>\n<td width=\"180\">\u00a0Sala S\u00e9rgio Vieira de Melo<\/td>\n<td width=\"369\"><em>Popula\u00e7\u00e3o em situa\u00e7\u00e3o de rua no SUAS<\/em><\/td>\n<td width=\"187\">Joana Maria G. F. Duarte<\/td>\n<\/tr>\n<tr>\n<td width=\"80\"><strong>11\/08<\/strong><\/td>\n<td width=\"74\">19h-22h<\/td>\n<td width=\"180\">Sala S\u00e9rgio Vieira de Melo<\/td>\n<td width=\"369\"><em>Servi\u00e7os Socioassistenciais para pessoas em situa\u00e7\u00e3o de rua<\/em><\/td>\n<td width=\"187\">Joana Maria G. F. Duarte<\/td>\n<\/tr>\n<tr>\n<td width=\"80\"><strong>18\/08<\/strong><\/td>\n<td width=\"74\">19h-22h<\/td>\n<td width=\"180\">Sala S\u00e9rgio Vieira de Melo<\/td>\n<td width=\"369\"><em>Formula\u00e7\u00e3o, implementa\u00e7\u00e3o e an\u00e1lise dos servi\u00e7os de aten\u00e7\u00e3o \u00e0 popula\u00e7\u00e3o em situa\u00e7\u00e3o de rua<\/em><\/td>\n<td width=\"187\">Joana Maria G. F. Duarte<\/td>\n<\/tr>\n<tr>\n<td width=\"80\"><span style=\"color: #ff0000\"><strong>25\/08<\/strong><\/span><\/p>\n<p><span style=\"color: #ff0000\">cancelada<\/span><\/td>\n<td width=\"74\"><span style=\"color: #ff0000\">19h-22h<\/span><\/td>\n<td width=\"180\"><span style=\"color: #ff0000\">Sala S\u00e9rgio Vieira de Melo<\/span><\/td>\n<td width=\"369\"><span style=\"color: #ff0000\"><em>Popula\u00e7\u00e3o em Situa\u00e7\u00e3o de Rua \u2013 Economia Solid\u00e1ria e outras pol\u00edticas<\/em><\/span><\/td>\n<td width=\"187\"><span style=\"color: #ff0000\">Damares Pereira Vicente<\/span><\/td>\n<\/tr>\n<tr>\n<td width=\"80\"><strong>01\/09<\/strong><\/td>\n<td width=\"74\">19h-22h<\/td>\n<td width=\"180\">Sala S\u00e9rgio Vieira de Melo<\/td>\n<td width=\"369\"><em>Movimentos sociais da popula\u00e7\u00e3o em situa\u00e7\u00e3o de rua<\/em><\/td>\n<td width=\"187\">Damares Pereira Vicente<\/td>\n<\/tr>\n<tr>\n<td width=\"80\"><span style=\"color: #ff0000\"><strong>03\/09<\/strong><\/span><\/p>\n<p><strong><span style=\"color: #ff0000\">Reposi\u00e7\u00e3o<\/span><\/strong><\/td>\n<td width=\"74\"><span style=\"color: #ff0000\">19h-22h<\/span><\/td>\n<td width=\"180\"><span style=\"color: #ff0000\">Plenarinho<\/span><\/td>\n<td width=\"369\"><span style=\"color: #ff0000\"><em>Popula\u00e7\u00e3o em Situa\u00e7\u00e3o de Rua \u2013 Economia Solid\u00e1ria e outras pol\u00edticas<\/em><\/span><\/td>\n<td width=\"187\"><span style=\"color: #ff0000\">Damares Pereira Vicente<\/span><\/td>\n<\/tr>\n<\/tbody>\n<\/table>\n<p>&nbsp;<\/p>\n<table width=\"630\">\n<tbody>\n<tr>\n<td colspan=\"2\" width=\"630\">\n<h3><strong>Perfil dos professores<\/strong><\/h3>\n<\/td>\n<\/tr>\n<tr>\n<td style=\"text-align: justify\" width=\"170\"><a href=\"http:\/\/homolog.saopaulo.sp.leg.br\/escoladoparlamento\/wp-content\/uploads\/sites\/5\/2015\/07\/Damares-Pereira-Vicente.jpg\"><img loading=\"lazy\" decoding=\"async\" class=\"size-full wp-image-1121\" src=\"http:\/\/homolog.saopaulo.sp.leg.br\/escoladoparlamento\/wp-content\/uploads\/sites\/5\/2015\/07\/Damares-Pereira-Vicente.jpg\" alt=\"SAMSUNG DIGIMAX A503\" width=\"150\" height=\"170\" \/><\/a><\/td>\n<td style=\"text-align: justify\" width=\"460\"><strong>Damares Pereira Vicente<\/strong>\u00a0&#8211; Gradua\u00e7\u00e3o em Servi\u00e7o Social pela Faculdade Paulista de Servi\u00e7o Social \u2013 SP (1978), Especializa\u00e7\u00e3o em Sa\u00fade P\u00fablica pelo Centro S\u00e3o Camilo de Desenvolvimento em Administra\u00e7\u00e3o de Sa\u00fade- S\u00e3o Paulo (1993), Mestrado (2001) e Doutorado (2005) em Servi\u00e7o Social pela Pontif\u00edcia Universidade Cat\u00f3lica de S\u00e3o Paulo \u2013 PUC-SP&#8230; <span style=\"color: #800000\"><strong><a href=\"http:\/\/buscatextual.cnpq.br\/buscatextual\/visualizacv.do?id=K4703408A1\">Leia mais<\/a>\u00a0<\/strong><\/span><\/td>\n<\/tr>\n<tr>\n<td style=\"text-align: justify\" width=\"170\">\u00a0<a href=\"http:\/\/homolog.saopaulo.sp.leg.br\/escoladoparlamento\/wp-content\/uploads\/sites\/5\/2015\/07\/Joana-Maria-Gouveia-Franco-Duarte-300x169.jpg\"><img loading=\"lazy\" decoding=\"async\" class=\" wp-image-1124 aligncenter\" src=\"http:\/\/homolog.saopaulo.sp.leg.br\/escoladoparlamento\/wp-content\/uploads\/sites\/5\/2015\/07\/Joana-Maria-Gouveia-Franco-Duarte-300x169.jpg\" alt=\"Joana-Maria-Gouveia-Franco-Duarte-300x169\" width=\"150\" height=\"170\" \/><\/a><\/td>\n<td style=\"text-align: justify\" width=\"460\"><strong>Joana Maria Gouveia Franco Duarte <\/strong>&#8211; Possui gradua\u00e7\u00e3o (2001) e mestrado (2012) em Servi\u00e7o Social pela Pontif\u00edcia Universidade Cat\u00f3lica de S\u00e3o Paulo. Atualmente \u00e9 doutoranda do programa de p\u00f3s-gradua\u00e7\u00e3o da mesma institui\u00e7\u00e3o. \u00c9 docente na P\u00f3s Gradua\u00e7\u00e3o das Faculdades Metropolitanas Unidas \u2013 FMU em cursos de especializa\u00e7\u00e3o em Trabalho Social&#8230;\u00a0<span style=\"color: #800000\"><strong><a href=\"http:\/\/buscatextual.cnpq.br\/buscatextual\/visualizacv.do?id=K4369168E4\">Leia mais<\/a><\/strong><\/span><\/td>\n<\/tr>\n<\/tbody>\n<\/table>\n","protected":false},"excerpt":{"rendered":"<p>Objetivo: apresentar e discutir as diretrizes, fundamentos e estrat\u00e9gias poss\u00edveis para a constru\u00e7\u00e3o e implementa\u00e7\u00e3o das pol\u00edticas p\u00fablicas voltadas \u00e0 popula\u00e7\u00e3o em situa\u00e7\u00e3o de rua, no \u00e2mbito municipal, considerando as disposi\u00e7\u00f5es do Decreto Federal n\u00ba 7053\/2009, que institui a Pol\u00edtica Nacional para a Popula\u00e7\u00e3o em Situa\u00e7\u00e3o de Rua. P\u00fablico alvo:\u00a0Servidores p\u00fablicos e cidad\u00e3os em geral. [&hellip;]<\/p>\n","protected":false},"author":79,"featured_media":0,"parent":1331,"menu_order":662,"comment_status":"open","ping_status":"open","template":"","meta":{"_acf_changed":false,"footnotes":""},"class_list":["post-792","page","type-page","status-publish","hentry"],"acf":[],"_links":{"self":[{"href":"https:\/\/homolog.saopaulo.sp.leg.br\/escoladoparlamento\/wp-json\/wp\/v2\/pages\/792","targetHints":{"allow":["GET"]}}],"collection":[{"href":"https:\/\/homolog.saopaulo.sp.leg.br\/escoladoparlamento\/wp-json\/wp\/v2\/pages"}],"about":[{"href":"https:\/\/homolog.saopaulo.sp.leg.br\/escoladoparlamento\/wp-json\/wp\/v2\/types\/page"}],"author":[{"embeddable":true,"href":"https:\/\/homolog.saopaulo.sp.leg.br\/escoladoparlamento\/wp-json\/wp\/v2\/users\/79"}],"replies":[{"embeddable":true,"href":"https:\/\/homolog.saopaulo.sp.leg.br\/escoladoparlamento\/wp-json\/wp\/v2\/comments?post=792"}],"version-history":[{"count":5,"href":"https:\/\/homolog.saopaulo.sp.leg.br\/escoladoparlamento\/wp-json\/wp\/v2\/pages\/792\/revisions"}],"predecessor-version":[{"id":5631,"href":"https:\/\/homolog.saopaulo.sp.leg.br\/escoladoparlamento\/wp-json\/wp\/v2\/pages\/792\/revisions\/5631"}],"up":[{"embeddable":true,"href":"https:\/\/homolog.saopaulo.sp.leg.br\/escoladoparlamento\/wp-json\/wp\/v2\/pages\/1331"}],"wp:attachment":[{"href":"https:\/\/homolog.saopaulo.sp.leg.br\/escoladoparlamento\/wp-json\/wp\/v2\/media?parent=792"}],"curies":[{"name":"wp","href":"https:\/\/api.w.org\/{rel}","templated":true}]}}