{"id":8829,"date":"2018-03-15T19:40:33","date_gmt":"2018-03-15T22:40:33","guid":{"rendered":"http:\/\/homolog.saopaulo.sp.leg.br\/escoladoparlamento\/?page_id=8829"},"modified":"2018-03-15T19:40:33","modified_gmt":"2018-03-15T22:40:33","slug":"jovem-e-politica-tudo-a-ver","status":"publish","type":"page","link":"https:\/\/homolog.saopaulo.sp.leg.br\/escoladoparlamento\/cursos\/cursos-anteriores\/cursos-realizados-em-2016\/jovem-e-politica-tudo-a-ver\/","title":{"rendered":"Jovem e Pol\u00edtica: Tudo a Ver"},"content":{"rendered":"<p><strong>Objetivos:<\/strong> Aumentar a participa\u00e7\u00e3o de estudantes, em especial da rede p\u00fablica de ensino, no Parlamento Jovem;\u00a0Promover interesse e o debate sobre pol\u00edtica;\u00a0Apresentar, de forma l\u00fadica e interessante, os princ\u00edpios b\u00e1sicos sobre pol\u00edtica;\u00a0Estimular a produ\u00e7\u00e3o de conte\u00fados pol\u00edticos em formatos diversos (projetos de lei, esquetes teatrais, m\u00fasicas, v\u00eddeos) e apresent\u00e1-los numa mostra na C\u00e2mara e em algumas unidades dos CEUs;\u00a0Criar rede de conhecimento e troca de informa\u00e7\u00f5es na web;\u00a0Ampliar o conhecimento sobre o trabalho legislativo da cidade de S\u00e3o Paulo;\u00a0Aproximar o jovem da pol\u00edtica, reduzindo aos poucos a vers\u00e3o reducionista de que \u201cpol\u00edtica n\u00e3o serve para nada\u201d, e que \u201cpol\u00edtica \u00e9 tudo igual\u201d.<\/p>\n<p><strong>Diretor Respons\u00e1vel:<\/strong> Christy Ganzert Pato<\/p>\n<p><strong>P\u00fablico Alvo:\u00a0<\/strong>Educadores e estudantes da rede de ensino municipal de S\u00e3o Paulo<\/p>\n<p><strong>Carga Hor\u00e1ria:<\/strong> 6h<\/p>\n<p>30\/05 \u2013 das 9h \u00e0s 12h<br \/>\n02\/06 \u2013 das 14 \u00e0s 17 horas<\/p>\n<p><strong>Programa\u00e7\u00e3o:<\/strong><\/p>\n<table>\n<tbody>\n<tr>\n<td><strong>Data<\/strong><\/td>\n<td><strong>Tema<\/strong><\/td>\n<td><strong>Palestrante <\/strong><\/td>\n<\/tr>\n<tr>\n<td>30\/5\/2016 e\u00a02\/6\/2016<\/td>\n<td>\u00a0A import\u00e2ncia da Pol\u00edtica e de um Legislativo forte e o desencantamento do jovens<\/td>\n<td>Prof\u00aa Dr\u00aa Cileda Perrella<\/td>\n<\/tr>\n<\/tbody>\n<\/table>\n","protected":false},"excerpt":{"rendered":"<p>Objetivos: Aumentar a participa\u00e7\u00e3o de estudantes, em especial da rede p\u00fablica de ensino, no Parlamento Jovem;\u00a0Promover interesse e o debate sobre pol\u00edtica;\u00a0Apresentar, de forma l\u00fadica e interessante, os princ\u00edpios b\u00e1sicos sobre pol\u00edtica;\u00a0Estimular a produ\u00e7\u00e3o de conte\u00fados pol\u00edticos em formatos diversos (projetos de lei, esquetes teatrais, m\u00fasicas, v\u00eddeos) e apresent\u00e1-los numa mostra na C\u00e2mara e em [&hellip;]<\/p>\n","protected":false},"author":127,"featured_media":0,"parent":3097,"menu_order":361,"comment_status":"closed","ping_status":"closed","template":"","meta":{"_acf_changed":false,"footnotes":""},"class_list":["post-8829","page","type-page","status-publish","hentry"],"acf":[],"_links":{"self":[{"href":"https:\/\/homolog.saopaulo.sp.leg.br\/escoladoparlamento\/wp-json\/wp\/v2\/pages\/8829","targetHints":{"allow":["GET"]}}],"collection":[{"href":"https:\/\/homolog.saopaulo.sp.leg.br\/escoladoparlamento\/wp-json\/wp\/v2\/pages"}],"about":[{"href":"https:\/\/homolog.saopaulo.sp.leg.br\/escoladoparlamento\/wp-json\/wp\/v2\/types\/page"}],"author":[{"embeddable":true,"href":"https:\/\/homolog.saopaulo.sp.leg.br\/escoladoparlamento\/wp-json\/wp\/v2\/users\/127"}],"replies":[{"embeddable":true,"href":"https:\/\/homolog.saopaulo.sp.leg.br\/escoladoparlamento\/wp-json\/wp\/v2\/comments?post=8829"}],"version-history":[{"count":1,"href":"https:\/\/homolog.saopaulo.sp.leg.br\/escoladoparlamento\/wp-json\/wp\/v2\/pages\/8829\/revisions"}],"predecessor-version":[{"id":8830,"href":"https:\/\/homolog.saopaulo.sp.leg.br\/escoladoparlamento\/wp-json\/wp\/v2\/pages\/8829\/revisions\/8830"}],"up":[{"embeddable":true,"href":"https:\/\/homolog.saopaulo.sp.leg.br\/escoladoparlamento\/wp-json\/wp\/v2\/pages\/3097"}],"wp:attachment":[{"href":"https:\/\/homolog.saopaulo.sp.leg.br\/escoladoparlamento\/wp-json\/wp\/v2\/media?parent=8829"}],"curies":[{"name":"wp","href":"https:\/\/api.w.org\/{rel}","templated":true}]}}