{"id":9222,"date":"2018-04-19T17:13:35","date_gmt":"2018-04-19T20:13:35","guid":{"rendered":"http:\/\/homolog.saopaulo.sp.leg.br\/escoladoparlamento\/?page_id=9222"},"modified":"2022-08-08T17:36:37","modified_gmt":"2022-08-08T20:36:37","slug":"ead","status":"publish","type":"page","link":"https:\/\/homolog.saopaulo.sp.leg.br\/escoladoparlamento\/cursos\/ead\/","title":{"rendered":"EAD"},"content":{"rendered":"<p>&nbsp;<\/p>\n<p>A Escola do Parlamento n\u00e3o oferece, por enquanto, educa\u00e7\u00e3o a dist\u00e2ncia. Para suprir a demanda de nossos estudantes por esse tipo de forma\u00e7\u00e3o, selecionamos algumas op\u00e7\u00f5es oferecidas por outras escolas que possuem miss\u00f5es semelhantes a nossa. Abaixo, voc\u00ea pode encontrar links para as p\u00e1ginas dessas escolas, que possuem diferentes cursos gratuitos e as instru\u00e7\u00f5es para acesso.<\/p>\n<p>&nbsp;<\/p>\n<p>C\u00e2mara dos Deputados<\/p>\n<p><a href=\"https:\/\/escolavirtualdecidadania.camara.leg.br\/site\/\">https:\/\/escolavirtualdecidadania.camara.leg.br\/site\/<\/a><\/p>\n<p>&nbsp;<\/p>\n<p>Escola Nacional de Administra\u00e7\u00e3o P\u00fablica &#8211; ENAP<\/p>\n<p><a href=\"http:\/\/www.enap.gov.br\/web\/pt-br\/a-distancia\">http:\/\/www.enap.gov.br\/web\/pt-br\/a-distancia<\/a><\/p>\n<p>&nbsp;<\/p>\n<p>Escola de Administra\u00e7\u00e3o Fazend\u00e1ria\u00a0 &#8211; ESAF<\/p>\n<p><a href=\"http:\/\/www.esaf.fazenda.gov.br\/assuntos\/cursoseventos\/educacao-a-distancia\">http:\/\/www.esaf.fazenda.gov.br\/assuntos\/cursoseventos\/educacao-a-distancia<\/a><\/p>\n<p>&nbsp;<\/p>\n<p>Instituto Serzedello Corr\u00eaa \u2013 Escola do Tribunal de Contas da Uni\u00e3o<\/p>\n<p><a href=\"https:\/\/contas.tcu.gov.br\/ead\/\">https:\/\/contas.tcu.gov.br\/ead\/<\/a><\/p>\n<p>&nbsp;<\/p>\n<p>Saberes \u2013 Escola de Governo do Senado Federal<\/p>\n<p><a href=\"https:\/\/saberes.senado.leg.br\/\">https:\/\/saberes.senado.leg.br\/<\/a><\/p>\n<p>&nbsp;<\/p>\n<p>Escola do Tribunal de Contas do PR<\/p>\n<p><a href=\"http:\/\/www1.tce.pr.gov.br\/conteudo\/cursos-agendados-jurisdicionados\/245773\/area\/59\">http:\/\/www1.tce.pr.gov.br\/conteudo\/cursos-agendados-jurisdicionados\/245773\/area\/59<\/a><\/p>\n","protected":false},"excerpt":{"rendered":"<p>&nbsp; A Escola do Parlamento n\u00e3o oferece, por enquanto, educa\u00e7\u00e3o a dist\u00e2ncia. Para suprir a demanda de nossos estudantes por esse tipo de forma\u00e7\u00e3o, selecionamos algumas op\u00e7\u00f5es oferecidas por outras escolas que possuem miss\u00f5es semelhantes a nossa. Abaixo, voc\u00ea pode encontrar links para as p\u00e1ginas dessas escolas, que possuem diferentes cursos gratuitos e as instru\u00e7\u00f5es [&hellip;]<\/p>\n","protected":false},"author":16,"featured_media":0,"parent":41,"menu_order":347,"comment_status":"closed","ping_status":"closed","template":"","meta":{"_acf_changed":false,"footnotes":""},"class_list":["post-9222","page","type-page","status-publish","hentry"],"acf":[],"_links":{"self":[{"href":"https:\/\/homolog.saopaulo.sp.leg.br\/escoladoparlamento\/wp-json\/wp\/v2\/pages\/9222","targetHints":{"allow":["GET"]}}],"collection":[{"href":"https:\/\/homolog.saopaulo.sp.leg.br\/escoladoparlamento\/wp-json\/wp\/v2\/pages"}],"about":[{"href":"https:\/\/homolog.saopaulo.sp.leg.br\/escoladoparlamento\/wp-json\/wp\/v2\/types\/page"}],"author":[{"embeddable":true,"href":"https:\/\/homolog.saopaulo.sp.leg.br\/escoladoparlamento\/wp-json\/wp\/v2\/users\/16"}],"replies":[{"embeddable":true,"href":"https:\/\/homolog.saopaulo.sp.leg.br\/escoladoparlamento\/wp-json\/wp\/v2\/comments?post=9222"}],"version-history":[{"count":5,"href":"https:\/\/homolog.saopaulo.sp.leg.br\/escoladoparlamento\/wp-json\/wp\/v2\/pages\/9222\/revisions"}],"predecessor-version":[{"id":27910,"href":"https:\/\/homolog.saopaulo.sp.leg.br\/escoladoparlamento\/wp-json\/wp\/v2\/pages\/9222\/revisions\/27910"}],"up":[{"embeddable":true,"href":"https:\/\/homolog.saopaulo.sp.leg.br\/escoladoparlamento\/wp-json\/wp\/v2\/pages\/41"}],"wp:attachment":[{"href":"https:\/\/homolog.saopaulo.sp.leg.br\/escoladoparlamento\/wp-json\/wp\/v2\/media?parent=9222"}],"curies":[{"name":"wp","href":"https:\/\/api.w.org\/{rel}","templated":true}]}}