{"id":9228,"date":"2018-04-19T17:23:55","date_gmt":"2018-04-19T20:23:55","guid":{"rendered":"http:\/\/homolog.saopaulo.sp.leg.br\/escoladoparlamento\/?page_id=9228"},"modified":"2022-08-08T18:17:58","modified_gmt":"2022-08-08T21:17:58","slug":"sao-paulo-em-dados","status":"publish","type":"page","link":"https:\/\/homolog.saopaulo.sp.leg.br\/escoladoparlamento\/noticias\/sao-paulo-em-dados\/","title":{"rendered":"S\u00e3o Paulo em Dados"},"content":{"rendered":"<p><strong>A Escola do Parlamento disponibiliza uma sele\u00e7\u00e3o de sites contendo informa\u00e7\u00f5es sobre a cidade de S\u00e3o Paulo e o Brasil. Procuramos sites oficiais que forne\u00e7am dados confi\u00e1veis para quem quer pesquisar e compreender um pouco mais sobre a nossa cidade. <\/strong><\/p>\n<p><strong>\u00a0<\/strong><\/p>\n<p><strong>Prefeitura de S\u00e3o Paulo<\/strong><\/p>\n<p>Dados Abertos &#8211; O Portal de Dados Abertos da Prefeitura de S\u00e3o Paulo re\u00fane conjuntos de dados de todas as secretarias, subprefeituras e empresas p\u00fablicas municipais. Com os recursos deste Portal, \u00e9 poss\u00edvel construir aplicativos, visualiza\u00e7\u00f5es de dados e obter informa\u00e7\u00f5es essenciais sobre as pol\u00edticas p\u00fablicas e a administra\u00e7\u00e3o da cidade.<\/p>\n<p><a href=\"http:\/\/dados.prefeitura.sp.gov.br\/pt_PT\/\">http:\/\/dados.prefeitura.sp.gov.br\/pt_PT\/<\/a><\/p>\n<p>ObservaSampa &#8211; O Observat\u00f3rio de Indicadores da Cidade de S\u00e3o Paulo \u2013 ObservaSampa \u2013 \u00e9 uma plataforma online que re\u00fane indicadores capazes de mensurar a qualidade de vida dos paulistanos, o acesso a equipamentos, assim como indicadores de desempenho da PMSP. Conta tamb\u00e9m com um espa\u00e7o para publica\u00e7\u00e3o de estudos e pesquisas e participa\u00e7\u00e3o popular no debate sobre os pr\u00f3prios indicadores.<\/p>\n<p><a href=\"http:\/\/observasampa.prefeitura.sp.gov.br\/\">http:\/\/observasampa.prefeitura.sp.gov.br\/<\/a><\/p>\n<p>Infocidade \u2013 \u00c9 o endere\u00e7o para consultas de dados sobre a cidade de S\u00e3o Paulo. Nele, a Secretaria Municipal de Urbanismo e Licenciamento (SMUL) coloca \u00e0 disposi\u00e7\u00e3o do p\u00fablico uma extensa compila\u00e7\u00e3o de indicadores e informa\u00e7\u00f5es que comp\u00f5em o rico acervo de seu banco de dados. As fontes s\u00e3o as pr\u00f3prias secretarias da prefeitura, respons\u00e1veis por servi\u00e7os diversos oferecidos aos paulistanos, mas tamb\u00e9m institui\u00e7\u00f5es como o IBGE, a Funda\u00e7\u00e3o Seade e os Minist\u00e9rios do Trabalho e Emprego, da Educa\u00e7\u00e3o e da Sa\u00fade.<\/p>\n<p><a href=\"http:\/\/infocidade.prefeitura.sp.gov.br\/\">http:\/\/infocidade.prefeitura.sp.gov.br\/<\/a><\/p>\n<p>GeoSampa \u2013 sistema de Informa\u00e7\u00f5es georreferenciadas sobre a cidade de S\u00e3o Paulo<\/p>\n<p><a href=\"http:\/\/geosampa.prefeitura.sp.gov.br\/PaginasPublicas\/_SBC.aspx\">http:\/\/geosampa.prefeitura.sp.gov.br\/PaginasPublicas\/_SBC.aspx<\/a><\/p>\n<p>Plataforma de Monitoramento do Plano Diretor &#8211; Divulga dados, mapas e indicadores referentes \u00e0 implementa\u00e7\u00e3o do Plano Diretor de S\u00e3o Paulo, permitindo a consulta em um \u00fanico local e download dos dados em formato aberto.<\/p>\n<p><a href=\"http:\/\/monitoramentopde.gestaourbana.prefeitura.sp.gov.br\">http:\/\/monitoramentopde.gestaourbana.prefeitura.sp.gov.br<\/a><\/p>\n<p>&nbsp;<\/p>\n<p><strong>Governo Federal<\/strong><\/p>\n<p>@cidades \u2013 site do IBGE que disponibiliza informa\u00e7\u00f5es sobre todas as cidades do Brasil. Al\u00e9m da consulta, o site apresenta a compara\u00e7\u00e3o relativa com outras cidades do pa\u00eds.<\/p>\n<p><a href=\"https:\/\/cidades.ibge.gov.br\/brasil\/sp\/sao-paulo\/panorama\">https:\/\/cidades.ibge.gov.br\/brasil\/sp\/sao-paulo\/panorama<\/a><\/p>\n<p>Portal dados abertos &#8211; \u00c9 a ferramenta disponibilizada pelo governo federal para que todos possam encontrar e utilizar os dados e as informa\u00e7\u00f5es p\u00fablicas. O portal preza pela simplicidade e organiza\u00e7\u00e3o para que voc\u00ea possa encontrar facilmente os dados e informa\u00e7\u00f5es que precisa. O portal tamb\u00e9m tem o objetivo de promover a interlocu\u00e7\u00e3o entre atores da sociedade e com o governo para pensar a melhor utiliza\u00e7\u00e3o dos dados, promovendo impactos positivos sob os pontos de vista social e econ\u00f4mico.<\/p>\n<p><a href=\"http:\/\/dados.gov.br\/dataset?q=munic%C3%ADpio+de+s%C3%A3o+paulo&amp;sort=score+desc%2C+metadata_modified+desc\">http:\/\/dados.gov.br\/dataset?q=munic%C3%ADpio+de+s%C3%A3o+paulo&amp;sort=score+desc%2C+metadata_modified+desc<\/a><\/p>\n<p>&nbsp;<\/p>\n<p><strong>Governo do estado<\/strong><\/p>\n<p><a href=\"http:\/\/cepid.fapesp.br\/centro\/14\/\">Centro de Estudos da Metr\u00f3pole &#8211; CEM\/Cepid<\/a> \u00e9 uma institui\u00e7\u00e3o de pesquisa avan\u00e7ada em ci\u00eancias sociais ligada , que investiga tem\u00e1ticas relacionadas a desigualdades e \u00e0 formula\u00e7\u00e3o de pol\u00edticas p\u00fablicas nas metr\u00f3poles contempor\u00e2neas. O Centro disponibiliza excelentes bases estat\u00edsticas para pesquisadores.<\/p>\n<p><a href=\"http:\/\/web.fflch.usp.br\/centrodametropole\/\">http:\/\/web.fflch.usp.br\/centrodametropole\/<\/a><\/p>\n<p>SEADE &#8211; Funda\u00e7\u00e3o do Sistema Estadual de an\u00e1lise de Dados disponibiliza um portal de produtos estat\u00edsticos\u00a0 sobre o perfil dos munic\u00edpios paulistas<\/p>\n<p><a href=\"http:\/\/www.seade.gov.br\/lista-produtos\/\">http:\/\/www.seade.gov.br\/lista-produtos\/<\/a><\/p>\n<p>&nbsp;<\/p>\n<h3><strong>Se voc\u00ea sentiu falta de alguma base de dados sobre a cidade de S\u00e3o Paulo, nos informe atrav\u00e9s do email <\/strong><a href=\"mailto:escoladoparlamento@saopaulo.sp.leg.br\">escoladoparlamento@saopaulo.sp.leg.br<\/a><\/h3>\n","protected":false},"excerpt":{"rendered":"<p>A Escola do Parlamento disponibiliza uma sele\u00e7\u00e3o de sites contendo informa\u00e7\u00f5es sobre a cidade de S\u00e3o Paulo e o Brasil. Procuramos sites oficiais que forne\u00e7am dados confi\u00e1veis para quem quer pesquisar e compreender um pouco mais sobre a nossa cidade. \u00a0 Prefeitura de S\u00e3o Paulo Dados Abertos &#8211; O Portal de Dados Abertos da Prefeitura [&hellip;]<\/p>\n","protected":false},"author":16,"featured_media":0,"parent":197,"menu_order":346,"comment_status":"closed","ping_status":"closed","template":"page-larga.php","meta":{"_acf_changed":false,"footnotes":""},"class_list":["post-9228","page","type-page","status-publish","hentry"],"acf":[],"_links":{"self":[{"href":"https:\/\/homolog.saopaulo.sp.leg.br\/escoladoparlamento\/wp-json\/wp\/v2\/pages\/9228","targetHints":{"allow":["GET"]}}],"collection":[{"href":"https:\/\/homolog.saopaulo.sp.leg.br\/escoladoparlamento\/wp-json\/wp\/v2\/pages"}],"about":[{"href":"https:\/\/homolog.saopaulo.sp.leg.br\/escoladoparlamento\/wp-json\/wp\/v2\/types\/page"}],"author":[{"embeddable":true,"href":"https:\/\/homolog.saopaulo.sp.leg.br\/escoladoparlamento\/wp-json\/wp\/v2\/users\/16"}],"replies":[{"embeddable":true,"href":"https:\/\/homolog.saopaulo.sp.leg.br\/escoladoparlamento\/wp-json\/wp\/v2\/comments?post=9228"}],"version-history":[{"count":5,"href":"https:\/\/homolog.saopaulo.sp.leg.br\/escoladoparlamento\/wp-json\/wp\/v2\/pages\/9228\/revisions"}],"predecessor-version":[{"id":16921,"href":"https:\/\/homolog.saopaulo.sp.leg.br\/escoladoparlamento\/wp-json\/wp\/v2\/pages\/9228\/revisions\/16921"}],"up":[{"embeddable":true,"href":"https:\/\/homolog.saopaulo.sp.leg.br\/escoladoparlamento\/wp-json\/wp\/v2\/pages\/197"}],"wp:attachment":[{"href":"https:\/\/homolog.saopaulo.sp.leg.br\/escoladoparlamento\/wp-json\/wp\/v2\/media?parent=9228"}],"curies":[{"name":"wp","href":"https:\/\/api.w.org\/{rel}","templated":true}]}}