{"id":952,"date":"2015-07-14T17:52:35","date_gmt":"2015-07-14T20:52:35","guid":{"rendered":"http:\/\/homolog.saopaulo.sp.leg.br\/escoladoparlamento\/?page_id=952"},"modified":"2018-05-11T15:22:30","modified_gmt":"2018-05-11T18:22:30","slug":"politicas-publicas-de-cultura","status":"publish","type":"page","link":"https:\/\/homolog.saopaulo.sp.leg.br\/escoladoparlamento\/cursos\/cursos-anteriores\/cursos-realizados-em-2015\/politicas-publicas-de-cultura\/","title":{"rendered":"Pol\u00edticas P\u00fablicas de Cultura"},"content":{"rendered":"<p><iframe loading=\"lazy\" title=\"Maria Carolina Oliveira fala sobre o curso &quot;Pol\u00edticas P\u00fablicas de Cultura&quot;\" width=\"640\" height=\"480\" src=\"https:\/\/www.youtube.com\/embed\/P96FzYuXgfg?feature=oembed\" frameborder=\"0\" allow=\"accelerometer; autoplay; clipboard-write; encrypted-media; gyroscope; picture-in-picture; web-share\" referrerpolicy=\"strict-origin-when-cross-origin\" allowfullscreen><\/iframe><\/p>\n<hr \/>\n<p><strong>Objetivo:\u00a0<\/strong>O curso apresenta um panorama sobre as pol\u00edticas p\u00fablicas destinadas \u00e0 cultura, com enfoque nas principais quest\u00f5es que permeiam esta \u00e1rea nos cen\u00e1rios brasileiro, no sentido mais amplo, e paulistano, em espec\u00edfico. Primeiro, discute-se a import\u00e2ncia da atua\u00e7\u00e3o do Estado na \u00e1rea da cultura, apresentando e historicizando as principais diretrizes de pol\u00edtica cultural no mundo, bem como a evolu\u00e7\u00e3o deste tema no Brasil. Em seguida, ser\u00e3o apresentados o Plano Nacional de Cultura e o Sistema Nacional de Cultura, como principais marcos institucionais de atua\u00e7\u00e3o do Estado no contexto atual. Depois, ser\u00e3o apresentadas e discutidas as tr\u00eas principais dimens\u00f5es de cultura apresentadas no Plano: a simb\u00f3lica, a cidad\u00e3 e a econ\u00f4mica, com foco nos conceitos e em iniciativas espec\u00edficas.<\/p>\n<p><strong>P\u00fablico alvo:<\/strong> Servidores p\u00fablicos e cidad\u00e3os em geral.<\/p>\n<p><strong>Coordenadora:<\/strong> Prof\u00aa Dr\u00aa Maria Carolina Oliveira<\/p>\n<p><strong>Diretor Respons\u00e1vel:<\/strong> Lara Mesquita Ramos<\/p>\n<p><strong>Carga Hor\u00e1ria:<\/strong> 18h \u2013 com certifica\u00e7\u00e3o para presen\u00e7a maior que 75%<\/p>\n<p><strong>Inscri\u00e7\u00f5es:<\/strong> De 03\/08 a 14\/08 (ou at\u00e9 o fim das vagas, o que ocorrer primeiro)<\/p>\n<p><strong>Local:<\/strong> C\u00e2mara Municipal de S\u00e3o Paulo<\/p>\n<p><strong>Hor\u00e1rio:<\/strong> das 19h \u00e0s 22h<\/p>\n<p><strong>Programa:<\/strong><\/p>\n<table>\n<tbody>\n<tr>\n<td><strong>Data<\/strong><\/td>\n<td><strong>Hora<\/strong><\/td>\n<td><strong>Local<\/strong><\/td>\n<td><strong>Tema<\/strong><\/td>\n<td><strong>Palestrante<\/strong><\/td>\n<\/tr>\n<tr>\n<td><strong>17\/08<\/strong><\/td>\n<td>19h-22h<\/td>\n<td>Plen\u00e1rio 1\u00ba de maio &#8211; 1\u00ba andar<\/td>\n<td><em>Estado e cultura\u00a0<\/em><\/td>\n<td>Prof. Dr. Maria Carolina Vasconcelos Oliveira<\/td>\n<\/tr>\n<tr>\n<td><strong>19\/08<\/strong><\/td>\n<td>19h-22h<\/td>\n<td><a href=\"http:\/\/homolog.saopaulo.sp.leg.br\/transparencia\/auditorios-online\/sala-sergio-vieira-de-mello-sala\/\">Sala S\u00e9rgio Vieira de Mello<\/a><\/td>\n<td><em>Marco institucional para pol\u00edticas culturais no Brasil atual\u00a0<\/em><\/td>\n<td>Prof. Dr. Danilo J\u00fanior de Oliveira<\/td>\n<\/tr>\n<tr>\n<td><strong>24\/08<\/strong><\/td>\n<td>19h-22h<\/td>\n<td><a href=\"http:\/\/homolog.saopaulo.sp.leg.br\/transparencia\/auditorios-online\/sala-sergio-vieira-de-mello-sala\/\">Sala S\u00e9rgio Vieira de Mello<\/a><\/td>\n<td><em>A dimens\u00e3o simb\u00f3lica da cultura\u00a0<\/em><\/td>\n<td>Prof. Dr. Maria Carolina Vasconcelos Oliveira<\/td>\n<\/tr>\n<tr>\n<td><strong>26\/08<\/strong><\/td>\n<td>19h-22h<\/td>\n<td><a href=\"http:\/\/homolog.saopaulo.sp.leg.br\/transparencia\/auditorios-online\/sala-sergio-vieira-de-mello-sala\/\">Sala S\u00e9rgio Vieira de Mello<\/a><\/td>\n<td><em>A dimens\u00e3o cidad\u00e3 da cultura\u00a0<\/em><\/td>\n<td>Prof. Dr. Valmir Souza<\/td>\n<\/tr>\n<tr>\n<td><strong>31\/08<\/strong><\/td>\n<td>19h-22h<\/td>\n<td><a href=\"http:\/\/homolog.saopaulo.sp.leg.br\/transparencia\/auditorios-online\/sala-sergio-vieira-de-mello-sala\/\">Sala S\u00e9rgio Vieira de Mello<\/a><\/td>\n<td><em>A dimens\u00e3o cidad\u00e3 da cultura: novos atores em pauta\u00a0<\/em><\/td>\n<td>Prof. Ms. Ana Paula do Val. Convidado: <span style=\"font-family: inherit;font-size: inherit;line-height: 1.5\">Alan Vitor Corr\u00eaa<\/span><\/td>\n<\/tr>\n<tr>\n<td><strong>2\/09<\/strong><\/td>\n<td>19h-22h<\/td>\n<td>Sala Oscar Pedroso Horta<\/td>\n<td><em>A dimens\u00e3o econ\u00f4mica da cultura\u00a0<\/em><\/td>\n<td>Prof. Ms. Luana Vilutis<\/td>\n<\/tr>\n<\/tbody>\n<\/table>\n<p>Para assistir ao vivo acesse <a href=\"http:\/\/homolog.saopaulo.sp.leg.br\/transparencia\/auditorios-online\/\">Audit\u00f3rios OnLine<\/a>.<\/p>\n<p><strong>Aula 1) Estado e cultura <\/strong><\/p>\n<p>&#8211;\u00a0 O que \u00e9 cultura? Por que Estado deve atuar na \u00e1rea de cultura?<\/p>\n<p>&#8211; Marcos internacionais das pol\u00edticas p\u00fablicas de cultura: agenda da Unesco, paradigmas da democratiza\u00e7\u00e3o e da democracia cultural<\/p>\n<p>&#8211; Breve hist\u00f3rico das pol\u00edticas culturais no Brasi e panorama das principais quest\u00f5es<\/p>\n<p>Texto de refer\u00eancia: BOTELHO, Isaura (2001). Dimens\u00f5es da cultura e pol\u00edticas p\u00fablicas. S\u00e3o Paulo em Perspectiva, 15 (2) 2001. Dispon\u00edvel <a href=\"http:\/\/www.scielo.br\/scielo.php?pid=S0102-88392001000200011&amp;script=sci_abstract\">AQUI<\/a> \u00a0\u00a0http:\/\/www.scielo.br\/scielo.php?pid=S0102-88392001000200011&amp;script=sci_abstract<\/p>\n<p>&nbsp;<\/p>\n<p><strong>Aula 2) Marco institucional para pol\u00edticas culturais no Brasil atual &#8211; Plano Nacional de Cultura\u00a0 e Sistema Nacional de Cultura <\/strong><\/p>\n<p>&#8211;\u00a0 A cultura na Constitui\u00e7\u00e3o de 1988\u00a0 e os direitos culturais<\/p>\n<p>&#8211;\u00a0 A retomada do papel do Estado na cultura (p\u00f3s 1990)<\/p>\n<p>&#8211; \u00a0Plano Nacional de Cultura e Sistema Nacional de Cultura: descentraliza\u00e7\u00e3o e participa\u00e7\u00e3o<\/p>\n<p>&#8211; Principais instrumentos e mecanismos do SNC<\/p>\n<p>Texto de refer\u00eancia: Minist\u00e9rio da Cultura (2011). Estrutura\u00e7\u00e3o, Institucionaliza\u00e7\u00e3o e Implementa\u00e7\u00e3o do Sistema Nacional de Cultura. Dispon\u00edvel <a href=\"http:\/\/www.cultura.gov.br\/documents\/10907\/963783\/livro11-602-para-aprovacao.pdf\/d17c52f9-3a60-4196-af5c-a6655f028f3b\">AQUI<\/a><\/p>\n<p>&nbsp;<\/p>\n<p><strong>Aula 3) A dimens\u00e3o simb\u00f3lica da cultura<\/strong><\/p>\n<p>&#8211; Bens simb\u00f3licos, arte e outras formas de simboliza\u00e7\u00e3o<\/p>\n<p>&#8211; Pol\u00edticas para artes e patrim\u00f4nio<\/p>\n<p>&#8211; Principais quest\u00f5es : modos de financiamento (direta ou por isen\u00e7\u00e3o fiscal), delimita\u00e7\u00e3o das classes produtoras, p\u00fablicos\/consumidores.<\/p>\n<p>Texto de refer\u00eancia: MACHADO, Bernardo Novais da Mata (2011). Uma pol\u00edtica cultural para as artes: para al\u00e9m do fomento \u00e0 produ\u00e7\u00e3o e ao consumo. In: <em>II Semin\u00e1rio Internacional de Pol\u00edticas Culturais da Funda\u00e7\u00e3o Casa de Rui Barbosa<\/em>. Rio de Janeiro, 2011. Dispon\u00edvel <a href=\"http:\/\/www.casaruibarbosa.gov.br\/dados\/DOC\/palestras\/Politicas_Culturais\/II_Seminario_Internacional\/FCRB_BernardoNovais_Uma_politica_cultural_para_as_artes_para_alem_do_fomento_a_producao_e_ao_consumo_.pdf\">AQUI<\/a><\/p>\n<p>&nbsp;<\/p>\n<p><strong>Aula 4)\u00a0 A dimens\u00e3o cidad\u00e3 da cultura<\/strong><\/p>\n<p>&#8211; Cidadania cultural e cultura como direito: conceitos e emerg\u00eancia da pauta<\/p>\n<p>&#8211; Exemplos de pol\u00edticas em diferentes contextos (programa de Marilena Chau\u00ed no munic\u00edpio de S\u00e3o Paulo, Programa Cultura Viva no n\u00edvel federal, emerg\u00eancia do tema na agenda de pol\u00edtica cultural recente)<\/p>\n<p>&#8211; Principais entraves e problem\u00e1ticas: entraves burocr\u00e1ticos e institucionais<\/p>\n<p>Texto de refer\u00eancia: MACHADO, Bernardo Novais da Mata (2007). Direitos Humanos e Direitos Culturais. Dispon\u00edvel\u00a0<a href=\"http:\/\/www.direitoecultura.com.br\/wp-content\/uploads\/Direitos-Humanos-e-Direitos-Culturais-Bernardo-Novais-da-Mata-Machado.pdf\">AQUI<\/a><\/p>\n<p>&nbsp;<\/p>\n<p><strong>Aula 5) A dimens\u00e3o cidad\u00e3 da cultura: novos atores em pauta<\/strong><\/p>\n<p>&#8211;\u00a0 Para al\u00e9m das &#8220;classes art\u00edsticas&#8221;: cultura como modos de vida e identidades<\/p>\n<p>&#8211; Pr\u00e1ticas e movimentos culturais organizados a partir de recortes territoriais ou geracionais: culturas perif\u00e9ricas e culturas juvenis<\/p>\n<p>&#8211; Pol\u00edticas de juventude e cultura: o caso do Programa VAI<\/p>\n<p>&#8211; Debate com convidados: representantes de movimentos culturais da periferia de S\u00e3o Paulo.<\/p>\n<p><strong>Convidado<\/strong>: <span style=\"font-family: inherit;font-size: inherit;line-height: 1.5\">Alan Vitor Corr\u00eaa<\/span>, professor de sociologia da rede estadual de ensino, graffiteiro e membro do Movimento Cultural Ermelino Matarazzo e Rede Cultura ZL, na Zona Leste de S\u00e3o Paulo<\/p>\n<p>Texto de refer\u00eancia:<\/p>\n<p>F\u00f3rum de Cultura da Zona Leste (2014). &#8220;A periferia foi cobrar&#8230;e agora?&#8221; In: DO VAL, A., LIMA, L. VASCONCELOS-OLIVEIRA, MC E PINTO, V (2014). <em>Participa\u00e7\u00e3o e cidadania cultural: a experi\u00eancia da III Confer\u00eancia Municipal de Cultura de S\u00e3o Paulo. <\/em>\u00a0S\u00e3o Paulo, Imprensa Oficial, pp. 72-73. Dispon\u00edvel <a href=\"http:\/\/www.prefeitura.sp.gov.br\/cidade\/upload\/3ConfPublicacaoPDF_1402497067.pdf\">AQUI<\/a><\/p>\n<p><strong>\u00a0<\/strong><\/p>\n<p><strong>Aula 6)<\/strong> <strong>A dimens\u00e3o econ\u00f4mica da cultura<\/strong><\/p>\n<p>&#8211; Cultura como potencial geradora de retornos econ\u00f4micos<\/p>\n<p>&#8211; Economia da Cultura e \u00a0passagem para o discurso da Economia Criativa<\/p>\n<p>&#8211; Evolu\u00e7\u00f5es do tema no Brasil<\/p>\n<p>&#8211; Fechamento do curso<\/p>\n<p>Texto de refer\u00eancia: Botelho, Isaura (2012). &#8220;Criatividade em pauta: alguns elementos para reflex\u00e3o&#8221;. In: Minist\u00e9rio da Cultura (2012). Plano da Secretaria de Economia Criativa. Dispon\u00edvel\u00a0<a href=\"http:\/\/www.cultura.gov.br\/documents\/10913\/636523\/PLANO+DA+SECRETARIA+DA+ECONOMIA+CRIATIVA\/81dd57b6-e43b-43ec-93cf-2a29be1dd071\">AQUI<\/a><\/p>\n<p>&nbsp;<\/p>\n<p><strong>Bibliografia complementar sugerida:<\/strong><\/p>\n<p>BARROS, Jos\u00e9 M\u00e1rcio (2008). &#8220;Cultura, diversidade e os desafios do desenvolvimento humano&#8221; In: BARROS, Jos\u00e9 M\u00e1rcio (org) (2008).<em> Diversidade Cultural: da prote\u00e7\u00e3o \u00e0 promo\u00e7\u00e3o<\/em>. Belo Horizonte: Aut\u00eantica.<\/p>\n<p>CALABRE, Lia (2007). &#8220;Pol\u00edticas Culturais no Brasil: balan\u00e7o e perspectiva&#8221;. In RUBIM, Antonio Albino Canelas e BARBALHO, Alexandre (org) <em>Pol\u00edticas Culturais no Brasil. <\/em>Salvador: EdUFBA.<\/p>\n<p>DO VAL, A., LIMA, L. VASCONCELOS-OLIVEIRA, MC E PINTO, V (2014). <em>Participa\u00e7\u00e3o e cidadania cultural: a experi\u00eancia da III Confer\u00eancia Municipal de Cultura de S\u00e3o Paulo. <\/em>\u00a0S\u00e3o Paulo, Imprensa Oficial. Dispon\u00edvel\u00a0<a href=\"http:\/\/www.prefeitura.sp.gov.br\/cidade\/upload\/3ConfPublicacaoPDF_1402497067.pdf\">AQUI<\/a><\/p>\n<p>DO VAL, Ana P.; PEREIRA, A. B (2011). Relat\u00f3rio Mapeamento: Santo Amaro em Rede: Culturas de Conviv\u00eancia \u2013 SESC\/SP. Relat\u00f3rio de pesquisa em cd room.\u00a0In. Santo Amaro em Rede: Culturas de Conviv\u00eancia \u2013 SESC\/SP,\u00a02011.<\/p>\n<p>DURAND, Jos\u00e9 Carlos (2001). Cultura como objeto de pol\u00edticas p\u00fablicas. In: S\u00e3o Paulo em Perspectiva, vol. 15 no 2. Dispon\u00edvel\u00a0<a href=\"http:\/\/www.scielo.br\/scielo.php?pid=S0102-88392001000200010&amp;script=sci_arttext\">AQUI<\/a><\/p>\n<p>MELUCCI, ALBERTO (2001). <em>A inven\u00e7\u00e3o do presente: movimentos sociais nas sociedades complexas<\/em>. Rio de Janeiro: Vozes.<\/p>\n<p>MINIST\u00c9RIO DA CULTURA (2007). <em>Plano Nacional de Cultura.<\/em> Bras\u00edlia, MinC.<\/p>\n<p>&nbsp;<\/p>\n","protected":false},"excerpt":{"rendered":"<p>Objetivo:\u00a0O curso apresenta um panorama sobre as pol\u00edticas p\u00fablicas destinadas \u00e0 cultura, com enfoque nas principais quest\u00f5es que permeiam esta \u00e1rea nos cen\u00e1rios brasileiro, no sentido mais amplo, e paulistano, em espec\u00edfico. Primeiro, discute-se a import\u00e2ncia da atua\u00e7\u00e3o do Estado na \u00e1rea da cultura, apresentando e historicizando as principais diretrizes de pol\u00edtica cultural no mundo, [&hellip;]<\/p>\n","protected":false},"author":79,"featured_media":0,"parent":1331,"menu_order":660,"comment_status":"open","ping_status":"open","template":"","meta":{"_acf_changed":false,"footnotes":""},"class_list":["post-952","page","type-page","status-publish","hentry"],"acf":[],"_links":{"self":[{"href":"https:\/\/homolog.saopaulo.sp.leg.br\/escoladoparlamento\/wp-json\/wp\/v2\/pages\/952","targetHints":{"allow":["GET"]}}],"collection":[{"href":"https:\/\/homolog.saopaulo.sp.leg.br\/escoladoparlamento\/wp-json\/wp\/v2\/pages"}],"about":[{"href":"https:\/\/homolog.saopaulo.sp.leg.br\/escoladoparlamento\/wp-json\/wp\/v2\/types\/page"}],"author":[{"embeddable":true,"href":"https:\/\/homolog.saopaulo.sp.leg.br\/escoladoparlamento\/wp-json\/wp\/v2\/users\/79"}],"replies":[{"embeddable":true,"href":"https:\/\/homolog.saopaulo.sp.leg.br\/escoladoparlamento\/wp-json\/wp\/v2\/comments?post=952"}],"version-history":[{"count":5,"href":"https:\/\/homolog.saopaulo.sp.leg.br\/escoladoparlamento\/wp-json\/wp\/v2\/pages\/952\/revisions"}],"predecessor-version":[{"id":9448,"href":"https:\/\/homolog.saopaulo.sp.leg.br\/escoladoparlamento\/wp-json\/wp\/v2\/pages\/952\/revisions\/9448"}],"up":[{"embeddable":true,"href":"https:\/\/homolog.saopaulo.sp.leg.br\/escoladoparlamento\/wp-json\/wp\/v2\/pages\/1331"}],"wp:attachment":[{"href":"https:\/\/homolog.saopaulo.sp.leg.br\/escoladoparlamento\/wp-json\/wp\/v2\/media?parent=952"}],"curies":[{"name":"wp","href":"https:\/\/api.w.org\/{rel}","templated":true}]}}