{"id":13,"date":"2021-04-19T14:46:53","date_gmt":"2021-04-19T17:46:53","guid":{"rendered":"https:\/\/homolog.saopaulo.sp.leg.br\/contraafome\/?page_id=13"},"modified":"2021-04-26T18:17:09","modified_gmt":"2021-04-26T21:17:09","slug":"composicao","status":"publish","type":"page","link":"https:\/\/homolog.saopaulo.sp.leg.br\/frentecontrafome\/composicao\/","title":{"rendered":"Composi\u00e7\u00e3o"},"content":{"rendered":"<h2><strong>Integrantes da Frente Parlamentar Contra a Fome<\/strong><\/h2>\n<p>Comp\u00f5em a Frente Parlamentar as vereadoras e os vereadores:<\/p>\n<hr \/>\n<h3><strong>Autoras\/Proponentes da Iniciativa<\/strong><\/h3>\n<div class=\"autoras\" style=\"float: left;text-align: center;margin-right: 20px\"><a href=\"https:\/\/homolog.saopaulo.sp.leg.br\/vereador\/janaina-lima\/\" target=\"_blank\" rel=\"noopener\"><img loading=\"lazy\" decoding=\"async\" class=\"alignleft wp-image-115 size-full\" style=\"margin-right: 0\" src=\"https:\/\/homolog.saopaulo.sp.leg.br\/frentecontrafome\/wp-content\/uploads\/sites\/44\/2021\/04\/jana.jpg\" alt=\"\" width=\"193\" height=\"155\" \/><\/a><br \/>\n<a href=\"https:\/\/homolog.saopaulo.sp.leg.br\/vereador\/janaina-lima\/\" target=\"_blank\" rel=\"noopener\">Jana\u00edna Lima (NOVO)<\/a><\/div>\n<div class=\"autoras\" style=\"float: left;text-align: center\"><a href=\"https:\/\/homolog.saopaulo.sp.leg.br\/vereador\/cris-monteiro\/\" target=\"_blank\" rel=\"noopener\"><img loading=\"lazy\" decoding=\"async\" class=\"alignleft wp-image-114 size-full\" style=\"margin-right: 0\" src=\"https:\/\/homolog.saopaulo.sp.leg.br\/frentecontrafome\/wp-content\/uploads\/sites\/44\/2021\/04\/cris.jpg\" alt=\"\" width=\"193\" height=\"155\" \/><\/a><br \/>\n<a href=\"https:\/\/homolog.saopaulo.sp.leg.br\/vereador\/cris-monteiro\/\" target=\"_blank\" rel=\"noopener\">Cris Monteiro (NOVO)<\/a><\/div>\n<div class=\"autoras\" style=\"float: left;width: 100%;margin-top: 30px\">\n<hr \/>\n<h3><strong>Coautoras e coautores:<\/strong><\/h3>\n<ul style=\"float: left;width: 50%\">\n<li><a href=\"https:\/\/homolog.saopaulo.sp.leg.br\/vereador\/adilson-amadeu\/\" target=\"_blank\" rel=\"noopener\">Adilson Amadeu (DEM)<\/a><\/li>\n<li><a href=\"https:\/\/homolog.saopaulo.sp.leg.br\/vereador\/alessandro-guedes\/\" target=\"_blank\" rel=\"noopener\">Alessandro Guedes (PT)<\/a><\/li>\n<li><a href=\"https:\/\/homolog.saopaulo.sp.leg.br\/vereador\/alfredinho\/\" target=\"_blank\" rel=\"noopener\">Alfredinho (PT)<\/a><\/li>\n<li><a href=\"https:\/\/homolog.saopaulo.sp.leg.br\/vereador\/andre-santos\/\" target=\"_blank\" rel=\"noopener\">Andr\u00e9 Santos (REPUBLICANOS)<\/a><\/li>\n<li><a href=\"https:\/\/homolog.saopaulo.sp.leg.br\/vereador\/donato\/\" target=\"_blank\" rel=\"noopener\">Antonio Donato (PT)<\/a><\/li>\n<li><a href=\"https:\/\/homolog.saopaulo.sp.leg.br\/vereador\/arselino-tatto\/\" target=\"_blank\" rel=\"noopener\">Arselino Tatto (PT)<\/a><\/li>\n<li><a href=\"https:\/\/homolog.saopaulo.sp.leg.br\/vereador\/atilio-francisco\/\" target=\"_blank\" rel=\"noopener\">At\u00edlio Francisco (REPUBLICANOS)<\/a><\/li>\n<li><a href=\"https:\/\/homolog.saopaulo.sp.leg.br\/vereador\/aurelio-nomura\/\" target=\"_blank\" rel=\"noopener\">Aur\u00e9lio Nomura (PSDB)<\/a><\/li>\n<li><a href=\"https:\/\/homolog.saopaulo.sp.leg.br\/vereador\/camilo-cristofaro\/\" target=\"_blank\" rel=\"noopener\">Camilo Crist\u00f3faro (PSB)<\/a><\/li>\n<li><a href=\"https:\/\/homolog.saopaulo.sp.leg.br\/vereador\/carlos-bezerra-jr\/\" target=\"_blank\" rel=\"noopener\">Carlos Bezerra Jr. (PSDB)<\/a><\/li>\n<li><a href=\"https:\/\/homolog.saopaulo.sp.leg.br\/vereador\/celso-luis-giannazi\/\" target=\"_blank\" rel=\"noopener\">Celso Giannazi (PSOL)<\/a><\/li>\n<li><a href=\"https:\/\/homolog.saopaulo.sp.leg.br\/vereador\/danilo-do-posto-de-saude\/\" target=\"_blank\" rel=\"noopener\">Danilo do Posto de Sa\u00fade (PODE)<\/a><\/li>\n<li><a href=\"https:\/\/homolog.saopaulo.sp.leg.br\/vereador\/delegado-palumbo\/\" target=\"_blank\" rel=\"noopener\">Delegado Palumbo (MDB)<\/a><\/li>\n<li><a href=\"https:\/\/homolog.saopaulo.sp.leg.br\/vereador\/dr-sidney-cruz\/\" target=\"_blank\" rel=\"noopener\">Dr. Sidney Cruz (SOLIDARIEDADE)<\/a><\/li>\n<li><a href=\"https:\/\/homolog.saopaulo.sp.leg.br\/vereador\/edir-sales\/\" target=\"_blank\" rel=\"noopener\">Edir Sales (PSD)<\/a><\/li>\n<li><a href=\"https:\/\/homolog.saopaulo.sp.leg.br\/vereador\/eduardo-suplicy\/\" target=\"_blank\" rel=\"noopener\">Eduardo Suplicy (PT)<\/a><\/li>\n<li><a href=\"https:\/\/homolog.saopaulo.sp.leg.br\/vereador\/elaine-do-quilombo-periferico\/\" target=\"_blank\" rel=\"noopener\">Elaine do Quilombo Perif\u00e9rico (PSOL)<\/a><\/li>\n<li><a href=\"https:\/\/homolog.saopaulo.sp.leg.br\/vereador\/eli-correa\/\" target=\"_blank\" rel=\"noopener\">Eli Corr\u00eaa (DEM)<\/a><\/li>\n<li><a href=\"https:\/\/homolog.saopaulo.sp.leg.br\/vereador\/eliseu-gabriel\/\" target=\"_blank\" rel=\"noopener\">Eliseu Gabriel (PSB)<\/a><\/li>\n<li><a href=\"https:\/\/homolog.saopaulo.sp.leg.br\/vereador\/ely-teruel\/\" target=\"_blank\" rel=\"noopener\">Ely Teruel (PODE)<\/a><\/li>\n<li><a href=\"https:\/\/homolog.saopaulo.sp.leg.br\/vereador\/erika-hilton\/\" target=\"_blank\" rel=\"noopener\">Erika Hilton (PSOL)<\/a><\/li>\n<li><a href=\"https:\/\/homolog.saopaulo.sp.leg.br\/vereador\/fabio-riva\/\" target=\"_blank\" rel=\"noopener\">Fabio Riva (PSDB)<\/a><\/li>\n<li><a href=\"https:\/\/homolog.saopaulo.sp.leg.br\/vereador\/faria-de-sa\/\" target=\"_blank\" rel=\"noopener\">Faria de S\u00e1 (PP)<\/a><\/li>\n<li><a href=\"https:\/\/homolog.saopaulo.sp.leg.br\/vereador\/felipe-becari\/\" target=\"_blank\" rel=\"noopener\">Felipe Becari (PSD)<\/a><\/li>\n<li><a href=\"https:\/\/homolog.saopaulo.sp.leg.br\/vereador\/fernando-holiday\/\" target=\"_blank\" rel=\"noopener\">Fernando Holiday (Sem partido)<\/a><\/li>\n<li><a href=\"https:\/\/homolog.saopaulo.sp.leg.br\/vereador\/george-hato\/\" target=\"_blank\" rel=\"noopener\">George Hato (MDB)<\/a><\/li>\n<li><a href=\"https:\/\/homolog.saopaulo.sp.leg.br\/vereador\/gilberto-nascimento\/\" target=\"_blank\" rel=\"noopener\">Gilberto Nascimento Jr. (PSC)<\/a><\/li>\n<\/ul>\n<ul style=\"float: left;width: 50%\">\n<li><a href=\"https:\/\/homolog.saopaulo.sp.leg.br\/vereador\/gilson-barreto\/\" target=\"_blank\" rel=\"noopener\">Gilson Barreto (PSDB)<\/a><\/li>\n<li><a href=\"https:\/\/homolog.saopaulo.sp.leg.br\/vereador\/isac-felix\/\" target=\"_blank\" rel=\"noopener\">Isac F\u00e9lix (PL)<\/a><\/li>\n<li><a href=\"https:\/\/homolog.saopaulo.sp.leg.br\/vereador\/jair-tatto\/\" target=\"_blank\" rel=\"noopener\">Jair Tatto (PT)<\/a><\/li>\n<li><a href=\"https:\/\/homolog.saopaulo.sp.leg.br\/vereador\/joao-jorge\/\" target=\"_blank\" rel=\"noopener\">Jo\u00e3o Jorge (PSDB)<\/a><\/li>\n<li><a href=\"https:\/\/homolog.saopaulo.sp.leg.br\/vereador\/juliana-cardoso\/\" target=\"_blank\" rel=\"noopener\">Juliana Cardoso (PT)<\/a><\/li>\n<li><a href=\"https:\/\/homolog.saopaulo.sp.leg.br\/vereador\/luana-alves\/\" target=\"_blank\" rel=\"noopener\">Luana Alves (PSOL)<\/a><\/li>\n<li><a href=\"https:\/\/homolog.saopaulo.sp.leg.br\/vereador\/marcelo-messias\/\" target=\"_blank\" rel=\"noopener\">Marcelo Messias (MDB)<\/a><\/li>\n<li><a href=\"https:\/\/homolog.saopaulo.sp.leg.br\/vereador\/marlon-luz\/\" target=\"_blank\" rel=\"noopener\">Marlon Luz (PATRIOTA)<\/a><\/li>\n<li><a href=\"https:\/\/homolog.saopaulo.sp.leg.br\/vereador\/milton-ferreira\/\" target=\"_blank\" rel=\"noopener\">Milton Ferreira (PODE)<\/a><\/li>\n<li><a href=\"https:\/\/homolog.saopaulo.sp.leg.br\/vereador\/milton-leite\/\" target=\"_blank\" rel=\"noopener\">Milton Leite (DEM)<\/a><\/li>\n<li><a href=\"https:\/\/homolog.saopaulo.sp.leg.br\/vereador\/paulo-frange\/\" target=\"_blank\" rel=\"noopener\">Paulo Frange (PTB)<\/a><\/li>\n<li><a href=\"https:\/\/homolog.saopaulo.sp.leg.br\/vereador\/professor-toninho-vespoli\/\" target=\"_blank\" rel=\"noopener\">Professor Toninho Vespoli (PSOL)<\/a><\/li>\n<li><a href=\"https:\/\/homolog.saopaulo.sp.leg.br\/vereador\/ricardo-teixeira\/\" target=\"_blank\" rel=\"noopener\">Ricardo Teixeira (DEM)<\/a><\/li>\n<li><a href=\"https:\/\/homolog.saopaulo.sp.leg.br\/vereador\/rinaldi-digilio\/\" target=\"_blank\" rel=\"noopener\">Rinaldi Digilio (PSL)<\/a><\/li>\n<li><a href=\"https:\/\/homolog.saopaulo.sp.leg.br\/vereador\/roberto-tripoli\/\" target=\"_blank\" rel=\"noopener\">Roberto Tripoli (PV)<\/a><\/li>\n<li><a href=\"https:\/\/homolog.saopaulo.sp.leg.br\/vereador\/rodrigo-goulart\/\" target=\"_blank\" rel=\"noopener\">Rodrigo Goulart (PSD)<\/a><\/li>\n<li><a href=\"https:\/\/homolog.saopaulo.sp.leg.br\/vereador\/rubinho-nunes\/\" target=\"_blank\" rel=\"noopener\">Rubinho Nunes (PATRIOTA)<\/a><\/li>\n<li><a href=\"https:\/\/homolog.saopaulo.sp.leg.br\/vereador\/rute-costa\/\" target=\"_blank\" rel=\"noopener\">Rute Costa (PSDB)<\/a><\/li>\n<li><a href=\"https:\/\/homolog.saopaulo.sp.leg.br\/vereador\/sandra-santana\/\" target=\"_blank\" rel=\"noopener\">Sandra Santana (PSDB)<\/a><\/li>\n<li><a href=\"https:\/\/homolog.saopaulo.sp.leg.br\/vereador\/sandra-tadeu\/\" target=\"_blank\" rel=\"noopener\">Sandra Tadeu (DEM)<\/a><\/li>\n<li><a href=\"https:\/\/homolog.saopaulo.sp.leg.br\/vereador\/sansao-pereira\/\" target=\"_blank\" rel=\"noopener\">Sans\u00e3o Pereira (REPUBLICANOS)<\/a><\/li>\n<li><a href=\"https:\/\/homolog.saopaulo.sp.leg.br\/vereador\/senival-moura\/\" target=\"_blank\" rel=\"noopener\">Senival Moura (PT)<\/a><\/li>\n<li><a href=\"https:\/\/homolog.saopaulo.sp.leg.br\/vereador\/silvia-da-bancada-feminista\/\" target=\"_blank\" rel=\"noopener\">Silvia da Bancada Feminista (PSOL)<\/a><\/li>\n<li><a href=\"https:\/\/homolog.saopaulo.sp.leg.br\/vereador\/sonaira-fernandes\/\" target=\"_blank\" rel=\"noopener\">Sonaira Fernandes (REPUBLICANOS)<\/a><\/li>\n<li><a href=\"https:\/\/homolog.saopaulo.sp.leg.br\/vereador\/thammy-miranda\/\" target=\"_blank\" rel=\"noopener\">Thammy Miranda (PL)<\/a><\/li>\n<li><a href=\"https:\/\/homolog.saopaulo.sp.leg.br\/vereador\/reginaldo-tripoli\/\" target=\"_blank\" rel=\"noopener\">Xex\u00e9u Tripoli (PSDB)<\/a><\/li>\n<\/ul>\n<\/div>\n","protected":false},"excerpt":{"rendered":"<p>Integrantes da Frente Parlamentar Contra a Fome Comp\u00f5em a Frente Parlamentar as vereadoras e os vereadores: Autoras\/Proponentes da Iniciativa Jana\u00edna Lima (NOVO) Cris Monteiro (NOVO) Coautoras e coautores: Adilson Amadeu (DEM) Alessandro Guedes (PT) Alfredinho (PT) Andr\u00e9 Santos (REPUBLICANOS) Antonio Donato (PT) Arselino Tatto (PT) At\u00edlio Francisco (REPUBLICANOS) Aur\u00e9lio Nomura (PSDB) Camilo Crist\u00f3faro (PSB) Carlos&#8230;  <a class=\"excerpt-read-more\" href=\"https:\/\/homolog.saopaulo.sp.leg.br\/frentecontrafome\/composicao\/\" title=\"Leia Composi\u00e7\u00e3o\">Leia Mais &raquo;<\/a><\/p>\n","protected":false},"author":733,"featured_media":0,"parent":0,"menu_order":0,"comment_status":"closed","ping_status":"closed","template":"","meta":{"_acf_changed":false,"footnotes":""},"class_list":["post-13","page","type-page","status-publish","hentry"],"acf":[],"_links":{"self":[{"href":"https:\/\/homolog.saopaulo.sp.leg.br\/frentecontrafome\/wp-json\/wp\/v2\/pages\/13","targetHints":{"allow":["GET"]}}],"collection":[{"href":"https:\/\/homolog.saopaulo.sp.leg.br\/frentecontrafome\/wp-json\/wp\/v2\/pages"}],"about":[{"href":"https:\/\/homolog.saopaulo.sp.leg.br\/frentecontrafome\/wp-json\/wp\/v2\/types\/page"}],"author":[{"embeddable":true,"href":"https:\/\/homolog.saopaulo.sp.leg.br\/frentecontrafome\/wp-json\/wp\/v2\/users\/733"}],"replies":[{"embeddable":true,"href":"https:\/\/homolog.saopaulo.sp.leg.br\/frentecontrafome\/wp-json\/wp\/v2\/comments?post=13"}],"version-history":[{"count":5,"href":"https:\/\/homolog.saopaulo.sp.leg.br\/frentecontrafome\/wp-json\/wp\/v2\/pages\/13\/revisions"}],"predecessor-version":[{"id":260,"href":"https:\/\/homolog.saopaulo.sp.leg.br\/frentecontrafome\/wp-json\/wp\/v2\/pages\/13\/revisions\/260"}],"wp:attachment":[{"href":"https:\/\/homolog.saopaulo.sp.leg.br\/frentecontrafome\/wp-json\/wp\/v2\/media?parent=13"}],"curies":[{"name":"wp","href":"https:\/\/api.w.org\/{rel}","templated":true}]}}