{"id":15,"date":"2021-04-19T14:47:05","date_gmt":"2021-04-19T17:47:05","guid":{"rendered":"https:\/\/homolog.saopaulo.sp.leg.br\/contraafome\/?page_id=15"},"modified":"2021-04-26T13:56:41","modified_gmt":"2021-04-26T16:56:41","slug":"objetivo-e-acoes","status":"publish","type":"page","link":"https:\/\/homolog.saopaulo.sp.leg.br\/frentecontrafome\/objetivo-e-acoes\/","title":{"rendered":"Objetivo e A\u00e7\u00f5es"},"content":{"rendered":"<h2><strong>Objetivos e a\u00e7\u00f5es da Frente Parlamentar Contra a Fome<\/strong><\/h2>\n<p>A <strong>Frente Parlamentar Contra a Fome da C\u00e2mara Municipal de S\u00e3o Paulo<\/strong> foi criada no momento da crise causada pela pandemia da Covid-19 para agilizar os processos de doa\u00e7\u00e3o de alimentos \u00e0 popula\u00e7\u00e3o mais carente e vulner\u00e1vel \u00e0 luz das consequ\u00eancias da pandemia: perda de emprego e renda.<\/p>\n<p>As a\u00e7\u00f5es estrat\u00e9gicas da Frente foram divididas em seis principais estrat\u00e9gias:<\/p>\n<p>I &#8211; debater e elaborar Plano de Ac\u0327a\u0303o no sentido de garantir alimentac\u0327a\u0303o adequada aos cidada\u0303os paulistanos n\u00e3o somente durante a pandemia mas enquanto durarem os efeitos da mesma<br \/>\nII &#8211; estudar propostas inovadoras que tenham como premissas o combate ao desperdi\u0301cio de alimentos;<br \/>\nIII &#8211; realizar semina\u0301rios, debates, fo\u0301runs, audie\u0302ncias e outros eventos sobre os temas pertinentes a esta Frente Parlamentar;<br \/>\nIV &#8211; efetuar estudos e apresentar soluc\u0327o\u0303es ao Executivo;<br \/>\nV &#8211; discutir mecanismos inovadores que garantam, de forma qualificada, o acesso da sociedade civil a\u0300s poli\u0301ticas pu\u0301blicas de distribuic\u0327a\u0303o de alimentos;<br \/>\nVI &#8211; levantar como esta\u0301 sendo feito o acompanhamento nutricional de nossas crianc\u0327as em escolas e creches municipais.<\/p>\n<p>No Brasil, 116,8 milh\u00f5es de pessoas n\u00e3o t\u00eam acesso pleno e permanente a alimentos. Desses, 43,4 milh\u00f5es (20,5% da popula\u00e7\u00e3o) n\u00e3o contam com alimentos em quantidade suficiente (inseguran\u00e7a alimentar moderada ou grave) e 19,1 milh\u00f5es (9% da popula\u00e7\u00e3o) est\u00e3o passando fome (inseguran\u00e7a alimentar grave), segundo Dados do Inqu\u00e9rito Nacional sobre Inseguran\u00e7a Alimentar no Contexto da Pandemia, pesquisa realizada pela Rede PENSSAN \u2013 Rede Brasileira de Pesquisa em Soberania e Seguran\u00e7a Alimentar e Nutricional, com apoio da ActionAid Brasil, Funda\u00e7\u00e3o Friedrich Ebert Brasil, Instituto Ibirapitanga e Oxfam Brasil, abril 2021.<\/p>\n<p>O objetivo da iniciativa \u00e9 debater e elaborar planos de a\u00e7\u00e3o para garantir alimenta\u00e7\u00e3o adequada aos mun\u00edcipes da capital paulista, al\u00e9m de estudar propostas para combater o desperd\u00edcio de alimentos.<\/p>\n<p>A Frente Parlamentar tamb\u00e9m ir\u00e1 realizar semin\u00e1rios, debates, f\u00f3runs e audi\u00eancias sobre o tema.\u00a0 Tamb\u00e9m ser\u00e3o realizados estudos para apresentar solu\u00e7\u00f5es ao Executivo municipal e acompanhamento nutricional de crian\u00e7as em escolas e creches da capital.<\/p>\n<p>\u201cFoi uma vit\u00f3ria muito especial, significa um marco de uni\u00e3o na C\u00e2mara Municipal de S\u00e3o Paulo. A fome ainda \u00e9 hoje um dos maiores flagelos da humanidade e a pandemia do novo coronav\u00edrus exp\u00f4s ainda mais a sua gravidade. Na cidade de S\u00e3o Paulo, a maior da Am\u00e9rica Latina, milhares de pessoas n\u00e3o tem o que comer. Para refor\u00e7ar todos os esfor\u00e7os de mudan\u00e7a nesse cen\u00e1rio, estamos lan\u00e7ando agora a Frente Parlamentar Contra a Fome na cidade de S\u00e3o Paulo. Esta Frente ir\u00e1 trabalhar firme na realiza\u00e7\u00e3o de estudos, criar um plano de a\u00e7\u00e3o para garantir alimenta\u00e7\u00e3o adequada para todos os cidad\u00e3os paulistanos e reduzir o desperd\u00edcio de alimentos\u201d, resumiu a vereadora Jana\u00edna Lima (NOVO).<\/p>\n<p>A vereadora Cris Monteiro (NOVO) declarou que \u201ca uni\u00e3o da sociedade civil \u00e9 o que de fato transforma. Quando a sociedade civil se junta com as pol\u00edticas p\u00fablicas, n\u00e3o tem como a gente errar\u201d, tamb\u00e9m esperando que esse seja um primeiro passo rumo \u00e0 solu\u00e7\u00e3o plena da fome na cidade e no pa\u00eds.<\/p>\n<p><strong>Projeto de Resolu\u00e7\u00e3o:\u00a0 <\/strong><a href=\"https:\/\/splegisconsulta.\/Home\/AbrirDocumento?pID=269251\">https:\/\/splegisconsulta.\/Home\/AbrirDocumento?pID=269251<\/a><\/p>\n","protected":false},"excerpt":{"rendered":"<p>Objetivos e a\u00e7\u00f5es da Frente Parlamentar Contra a Fome A Frente Parlamentar Contra a Fome da C\u00e2mara Municipal de S\u00e3o Paulo foi criada no momento da crise causada pela pandemia da Covid-19 para agilizar os processos de doa\u00e7\u00e3o de alimentos \u00e0 popula\u00e7\u00e3o mais carente e vulner\u00e1vel \u00e0 luz das consequ\u00eancias da pandemia: perda de emprego&#8230;  <a class=\"excerpt-read-more\" href=\"https:\/\/homolog.saopaulo.sp.leg.br\/frentecontrafome\/objetivo-e-acoes\/\" title=\"Leia Objetivo e A\u00e7\u00f5es\">Leia Mais &raquo;<\/a><\/p>\n","protected":false},"author":733,"featured_media":0,"parent":0,"menu_order":0,"comment_status":"closed","ping_status":"closed","template":"","meta":{"_acf_changed":false,"footnotes":""},"class_list":["post-15","page","type-page","status-publish","hentry"],"acf":[],"_links":{"self":[{"href":"https:\/\/homolog.saopaulo.sp.leg.br\/frentecontrafome\/wp-json\/wp\/v2\/pages\/15","targetHints":{"allow":["GET"]}}],"collection":[{"href":"https:\/\/homolog.saopaulo.sp.leg.br\/frentecontrafome\/wp-json\/wp\/v2\/pages"}],"about":[{"href":"https:\/\/homolog.saopaulo.sp.leg.br\/frentecontrafome\/wp-json\/wp\/v2\/types\/page"}],"author":[{"embeddable":true,"href":"https:\/\/homolog.saopaulo.sp.leg.br\/frentecontrafome\/wp-json\/wp\/v2\/users\/733"}],"replies":[{"embeddable":true,"href":"https:\/\/homolog.saopaulo.sp.leg.br\/frentecontrafome\/wp-json\/wp\/v2\/comments?post=15"}],"version-history":[{"count":5,"href":"https:\/\/homolog.saopaulo.sp.leg.br\/frentecontrafome\/wp-json\/wp\/v2\/pages\/15\/revisions"}],"predecessor-version":[{"id":227,"href":"https:\/\/homolog.saopaulo.sp.leg.br\/frentecontrafome\/wp-json\/wp\/v2\/pages\/15\/revisions\/227"}],"wp:attachment":[{"href":"https:\/\/homolog.saopaulo.sp.leg.br\/frentecontrafome\/wp-json\/wp\/v2\/media?parent=15"}],"curies":[{"name":"wp","href":"https:\/\/api.w.org\/{rel}","templated":true}]}}