{"id":17,"date":"2021-04-19T14:47:19","date_gmt":"2021-04-19T17:47:19","guid":{"rendered":"https:\/\/homolog.saopaulo.sp.leg.br\/contraafome\/?page_id=17"},"modified":"2021-04-26T12:29:30","modified_gmt":"2021-04-26T15:29:30","slug":"ajude","status":"publish","type":"page","link":"https:\/\/homolog.saopaulo.sp.leg.br\/frentecontrafome\/ajude\/","title":{"rendered":"Ajude"},"content":{"rendered":"<h2>Frente Parlamentar Contra a Fome: como entidades podem participar<\/h2>\n<p>Entidades representantes da sociedade civil j\u00e1 podem participar das a\u00e7\u00f5es da <strong>Frente Parlamentar Contra a Fome da C\u00e2mara Municipal de S\u00e3o Paulo<\/strong>.<\/p>\n<p>H\u00e1 duas formas de participar. A primeira \u00e9 por meio de contato direto com a Frente Parlamentar. Para isso, \u00e9 necess\u00e1rio enviar um e-mail para: <a href=\"mailto:frentecontrafome@saopaulo.sp.leg.br\" target=\"_blank\" rel=\"noopener\">frentecontrafome@saopaulo.sp.leg.br<\/a><\/p>\n<p>Tamb\u00e9m \u00e9 poss\u00edvel inscrever-se pelo site do <a href=\"https:\/\/www.spcidadesolidaria.org\/\" target=\"_blank\" rel=\"noopener\">projeto Cidade Solid\u00e1ria<\/a>, da Prefeitura de S\u00e3o Paulo, para receber doa\u00e7\u00f5es. No portal, o cadastro \u00e9 feito pelo 156 e h\u00e1 um prazo de 15 dias para an\u00e1lise dos pedidos. As entidades s\u00e3o informadas por e-mail a cada mudan\u00e7a no andamento da solicita\u00e7\u00e3o.<\/p>\n<p>Em caso de d\u00favidas, o contato com a equipe do grupo de governan\u00e7a do programa Cidade Solid\u00e1ria dever\u00e1 ser feito por telefone. Os n\u00fameros s\u00e3o: <strong>(11) 2833-4167 e (11) 2833-4164<\/strong>.<\/p>\n","protected":false},"excerpt":{"rendered":"<p>Frente Parlamentar Contra a Fome: como entidades podem participar Entidades representantes da sociedade civil j\u00e1 podem participar das a\u00e7\u00f5es da Frente Parlamentar Contra a Fome da C\u00e2mara Municipal de S\u00e3o Paulo. H\u00e1 duas formas de participar. A primeira \u00e9 por meio de contato direto com a Frente Parlamentar. Para isso, \u00e9 necess\u00e1rio enviar um e-mail&#8230;  <a class=\"excerpt-read-more\" href=\"https:\/\/homolog.saopaulo.sp.leg.br\/frentecontrafome\/ajude\/\" title=\"Leia Ajude\">Leia Mais &raquo;<\/a><\/p>\n","protected":false},"author":733,"featured_media":0,"parent":0,"menu_order":0,"comment_status":"closed","ping_status":"closed","template":"","meta":{"_acf_changed":false,"footnotes":""},"class_list":["post-17","page","type-page","status-publish","hentry"],"acf":[],"_links":{"self":[{"href":"https:\/\/homolog.saopaulo.sp.leg.br\/frentecontrafome\/wp-json\/wp\/v2\/pages\/17","targetHints":{"allow":["GET"]}}],"collection":[{"href":"https:\/\/homolog.saopaulo.sp.leg.br\/frentecontrafome\/wp-json\/wp\/v2\/pages"}],"about":[{"href":"https:\/\/homolog.saopaulo.sp.leg.br\/frentecontrafome\/wp-json\/wp\/v2\/types\/page"}],"author":[{"embeddable":true,"href":"https:\/\/homolog.saopaulo.sp.leg.br\/frentecontrafome\/wp-json\/wp\/v2\/users\/733"}],"replies":[{"embeddable":true,"href":"https:\/\/homolog.saopaulo.sp.leg.br\/frentecontrafome\/wp-json\/wp\/v2\/comments?post=17"}],"version-history":[{"count":5,"href":"https:\/\/homolog.saopaulo.sp.leg.br\/frentecontrafome\/wp-json\/wp\/v2\/pages\/17\/revisions"}],"predecessor-version":[{"id":219,"href":"https:\/\/homolog.saopaulo.sp.leg.br\/frentecontrafome\/wp-json\/wp\/v2\/pages\/17\/revisions\/219"}],"wp:attachment":[{"href":"https:\/\/homolog.saopaulo.sp.leg.br\/frentecontrafome\/wp-json\/wp\/v2\/media?parent=17"}],"curies":[{"name":"wp","href":"https:\/\/api.w.org\/{rel}","templated":true}]}}