{"id":170,"date":"2021-04-23T18:51:54","date_gmt":"2021-04-23T21:51:54","guid":{"rendered":"https:\/\/homolog.saopaulo.sp.leg.br\/frentecontrafome\/?page_id=170"},"modified":"2021-04-29T16:17:32","modified_gmt":"2021-04-29T19:17:32","slug":"agenda","status":"publish","type":"page","link":"https:\/\/homolog.saopaulo.sp.leg.br\/frentecontrafome\/agenda\/","title":{"rendered":"Agenda"},"content":{"rendered":"<div style=\"padding: 30px 30px;background: #2c0d48;margin-bottom: 20px\">\n<h3>1\u00aa live- A Frente Parlamentar contra a Fome e a Pandemia em S\u00e3o Paulo<\/h3>\n<p><strong>Data<\/strong>: 19\/04 &#8211; <strong>Hor\u00e1rio<\/strong>: 18h<br \/>\n<strong>Participantes<\/strong>: Vereadora Cris Monteiro (NOVO), Vereadora Jana\u00edna Lima (NOVO), Vereador Thammy Miranda (PL) e Vereador Felipe Becari (PSD).<\/p>\n<\/div>\n<div style=\"padding: 30px 30px;background: #2c0d48;margin-bottom: 20px\">\n<h3>2\u00aa live- S\u00e3o Paulo, Pandemia e a Inseguran\u00e7a Alimentar<\/h3>\n<p><strong>Data<\/strong>: 29\/04 &#8211; <strong>Hor\u00e1rio<\/strong>: 17h<br \/>\n<strong>Participantes<\/strong>: Vereadora Cris Monteiro (NOVO), Vereadora Jana\u00edna Lima (NOVO), Vereadora Erika Hilton (PSOL), Vereador Sans\u00e3o Pereira (REPUBLICANOS), Luciana Quint\u00e3o (Presidente ONG Banco de Alimentos) e Vivan Zollar (Nutricionista e Volunt\u00e1ria no movimento Nutrindo Vidas).<\/p>\n<\/div>\n<div style=\"padding: 30px 30px;background: #2c0d48;margin-bottom: 20px\">\n<h3>3\u00aa live- S\u00e3o Paulo, Pandemia e as Cozinhas Comunit\u00e1rias<\/h3>\n<p><strong>Data<\/strong>: 03\/05 &#8211; <strong>Hor\u00e1rio<\/strong>: 18h<br \/>\n<strong>Participantes<\/strong>: Vereadora Cris Monteiro (NOVO), Vereadora Jana\u00edna Lima (NOVO), Carlos Kaufmann (Idealizador Unidos do Bem) e Tom Rodrigues Rocha (Coordenador Projeto Jovens em Miss\u00e3o).\n<\/div>\n<div style=\"padding: 30px 30px;background: #2c0d48;margin-bottom: 20px\">\n<h3>4\u00aa live- S\u00e3o Paulo, Pandemia e a Solidariedade<\/h3>\n<p><strong>Data<\/strong>: 10\/05 &#8211; <strong>Hor\u00e1rio<\/strong>: 18h<br \/>\n<strong>Participantes<\/strong>: Vereadora Cris Monteiro (NOVO), Vereadora Jana\u00edna Lima (NOVO), Gilson Rodrigues (Presidente G10 Favelas) e Denise Ant\u00e3o (Presidente Unibes).\n<\/div>\n","protected":false},"excerpt":{"rendered":"<p>1\u00aa live- A Frente Parlamentar contra a Fome e a Pandemia em S\u00e3o Paulo Data: 19\/04 &#8211; Hor\u00e1rio: 18h Participantes: Vereadora Cris Monteiro (NOVO), Vereadora Jana\u00edna Lima (NOVO), Vereador Thammy Miranda (PL) e Vereador Felipe Becari (PSD). 2\u00aa live- S\u00e3o Paulo, Pandemia e a Inseguran\u00e7a Alimentar Data: 29\/04 &#8211; Hor\u00e1rio: 17h Participantes: Vereadora Cris Monteiro&#8230;  <a class=\"excerpt-read-more\" href=\"https:\/\/homolog.saopaulo.sp.leg.br\/frentecontrafome\/agenda\/\" title=\"Leia Agenda\">Leia Mais &raquo;<\/a><\/p>\n","protected":false},"author":733,"featured_media":0,"parent":0,"menu_order":0,"comment_status":"closed","ping_status":"closed","template":"","meta":{"_acf_changed":false,"footnotes":""},"class_list":["post-170","page","type-page","status-publish","hentry"],"acf":[],"_links":{"self":[{"href":"https:\/\/homolog.saopaulo.sp.leg.br\/frentecontrafome\/wp-json\/wp\/v2\/pages\/170","targetHints":{"allow":["GET"]}}],"collection":[{"href":"https:\/\/homolog.saopaulo.sp.leg.br\/frentecontrafome\/wp-json\/wp\/v2\/pages"}],"about":[{"href":"https:\/\/homolog.saopaulo.sp.leg.br\/frentecontrafome\/wp-json\/wp\/v2\/types\/page"}],"author":[{"embeddable":true,"href":"https:\/\/homolog.saopaulo.sp.leg.br\/frentecontrafome\/wp-json\/wp\/v2\/users\/733"}],"replies":[{"embeddable":true,"href":"https:\/\/homolog.saopaulo.sp.leg.br\/frentecontrafome\/wp-json\/wp\/v2\/comments?post=170"}],"version-history":[{"count":5,"href":"https:\/\/homolog.saopaulo.sp.leg.br\/frentecontrafome\/wp-json\/wp\/v2\/pages\/170\/revisions"}],"predecessor-version":[{"id":281,"href":"https:\/\/homolog.saopaulo.sp.leg.br\/frentecontrafome\/wp-json\/wp\/v2\/pages\/170\/revisions\/281"}],"wp:attachment":[{"href":"https:\/\/homolog.saopaulo.sp.leg.br\/frentecontrafome\/wp-json\/wp\/v2\/media?parent=170"}],"curies":[{"name":"wp","href":"https:\/\/api.w.org\/{rel}","templated":true}]}}