{"id":6,"date":"2021-04-19T14:41:06","date_gmt":"2021-04-19T17:41:06","guid":{"rendered":"https:\/\/homolog.saopaulo.sp.leg.br\/contraafome\/?page_id=6"},"modified":"2021-04-26T16:40:55","modified_gmt":"2021-04-26T19:40:55","slug":"home","status":"publish","type":"page","link":"https:\/\/homolog.saopaulo.sp.leg.br\/frentecontrafome\/","title":{"rendered":"Home"},"content":{"rendered":"<div class=\"lead\" style=\"margin-bottom: 70px\">Lan\u00e7ada em 25 de mar\u00e7o de 2021\u00a0por meio do\u00a0PR (Projeto de Resolu\u00e7\u00e3o)<strong><a href=\"https:\/\/splegisconsulta.\/Pesquisa\/DetailsDetalhado?COD_MTRA_LEGL=3&amp;COD_PCSS_CMSP=9&amp;ANO_PCSS_CMSP=2021\" target=\"_blank\" rel=\"noopener\"> 09\/2021<\/a><\/strong>, e promulgada como Resolu\u00e7\u00e3o <strong><a href=\"http:\/\/documentacao.\/iah\/fulltext\/resolucoescmsp\/RC321.pdf\" target=\"_blank\" rel=\"noopener\">03\/2021<\/a><\/strong>, a Frente Parlamentar Contra a Fome da C\u00e2mara Municipal de S\u00e3o Paulo surgiu em meio \u00e0 crise ocasionada pela pandemia de Covid-19, com o objetivo de fomentar pol\u00edticas p\u00fablicas de garantia \u00e0 alimenta\u00e7\u00e3o adequada para mun\u00edcipes.<\/div>\n","protected":false},"excerpt":{"rendered":"<p>Lan\u00e7ada em 25 de mar\u00e7o de 2021\u00a0por meio do\u00a0PR (Projeto de Resolu\u00e7\u00e3o) 09\/2021, e promulgada como Resolu\u00e7\u00e3o 03\/2021, a Frente Parlamentar Contra a Fome da C\u00e2mara Municipal de S\u00e3o Paulo surgiu em meio \u00e0 crise ocasionada pela pandemia de Covid-19, com o objetivo de fomentar pol\u00edticas p\u00fablicas de garantia \u00e0 alimenta\u00e7\u00e3o adequada para mun\u00edcipes.<\/p>\n","protected":false},"author":733,"featured_media":0,"parent":0,"menu_order":0,"comment_status":"closed","ping_status":"closed","template":"page-home.php","meta":{"_acf_changed":false,"footnotes":""},"class_list":["post-6","page","type-page","status-publish","hentry"],"acf":[],"_links":{"self":[{"href":"https:\/\/homolog.saopaulo.sp.leg.br\/frentecontrafome\/wp-json\/wp\/v2\/pages\/6","targetHints":{"allow":["GET"]}}],"collection":[{"href":"https:\/\/homolog.saopaulo.sp.leg.br\/frentecontrafome\/wp-json\/wp\/v2\/pages"}],"about":[{"href":"https:\/\/homolog.saopaulo.sp.leg.br\/frentecontrafome\/wp-json\/wp\/v2\/types\/page"}],"author":[{"embeddable":true,"href":"https:\/\/homolog.saopaulo.sp.leg.br\/frentecontrafome\/wp-json\/wp\/v2\/users\/733"}],"replies":[{"embeddable":true,"href":"https:\/\/homolog.saopaulo.sp.leg.br\/frentecontrafome\/wp-json\/wp\/v2\/comments?post=6"}],"version-history":[{"count":5,"href":"https:\/\/homolog.saopaulo.sp.leg.br\/frentecontrafome\/wp-json\/wp\/v2\/pages\/6\/revisions"}],"predecessor-version":[{"id":256,"href":"https:\/\/homolog.saopaulo.sp.leg.br\/frentecontrafome\/wp-json\/wp\/v2\/pages\/6\/revisions\/256"}],"wp:attachment":[{"href":"https:\/\/homolog.saopaulo.sp.leg.br\/frentecontrafome\/wp-json\/wp\/v2\/media?parent=6"}],"curies":[{"name":"wp","href":"https:\/\/api.w.org\/{rel}","templated":true}]}}