{"id":110,"date":"2014-06-16T13:31:46","date_gmt":"2014-06-16T13:31:46","guid":{"rendered":"http:\/\/homolog.saopaulo.sp.leg.br\/hackdays\/?page_id=110"},"modified":"2020-12-21T12:28:55","modified_gmt":"2020-12-21T15:28:55","slug":"votacao","status":"publish","type":"page","link":"https:\/\/homolog.saopaulo.sp.leg.br\/hackdays\/votacao\/","title":{"rendered":"Vota\u00e7\u00e3o"},"content":{"rendered":"<h1 class=\"h1\"><strong>Escolha<\/strong> abaixo o melhor projeto:<\/h1>\n<p>vota\u00e7\u00e3o encerrada.<\/p>\n<h2 class=\"h1 colorbox-heading\"><strong>Prazo de vota\u00e7\u00e3o<\/strong><\/h2>\n<h4>No per\u00edodo de 15 de junho a 15 de Julho de 2014<\/h4>\n","protected":false},"excerpt":{"rendered":"<p>Escolha abaixo o melhor projeto: vota\u00e7\u00e3o encerrada. Prazo de vota\u00e7\u00e3o No per\u00edodo de 15 de junho a 15 de Julho de 2014<\/p>\n","protected":false},"author":169,"featured_media":0,"parent":0,"menu_order":0,"comment_status":"open","ping_status":"open","template":"page-fullwidth.php","meta":{"footnotes":""},"class_list":["post-110","page","type-page","status-publish","hentry"],"_links":{"self":[{"href":"https:\/\/homolog.saopaulo.sp.leg.br\/hackdays\/wp-json\/wp\/v2\/pages\/110","targetHints":{"allow":["GET"]}}],"collection":[{"href":"https:\/\/homolog.saopaulo.sp.leg.br\/hackdays\/wp-json\/wp\/v2\/pages"}],"about":[{"href":"https:\/\/homolog.saopaulo.sp.leg.br\/hackdays\/wp-json\/wp\/v2\/types\/page"}],"author":[{"embeddable":true,"href":"https:\/\/homolog.saopaulo.sp.leg.br\/hackdays\/wp-json\/wp\/v2\/users\/169"}],"replies":[{"embeddable":true,"href":"https:\/\/homolog.saopaulo.sp.leg.br\/hackdays\/wp-json\/wp\/v2\/comments?post=110"}],"version-history":[{"count":3,"href":"https:\/\/homolog.saopaulo.sp.leg.br\/hackdays\/wp-json\/wp\/v2\/pages\/110\/revisions"}],"predecessor-version":[{"id":475,"href":"https:\/\/homolog.saopaulo.sp.leg.br\/hackdays\/wp-json\/wp\/v2\/pages\/110\/revisions\/475"}],"wp:attachment":[{"href":"https:\/\/homolog.saopaulo.sp.leg.br\/hackdays\/wp-json\/wp\/v2\/media?parent=110"}],"curies":[{"name":"wp","href":"https:\/\/api.w.org\/{rel}","templated":true}]}}