{"id":18,"date":"2014-05-16T16:00:57","date_gmt":"2014-05-16T16:00:57","guid":{"rendered":"http:\/\/homolog.saopaulo.sp.leg.br\/hackdays\/?page_id=18"},"modified":"2017-05-31T11:15:46","modified_gmt":"2017-05-31T11:15:46","slug":"inscreva-se","status":"publish","type":"page","link":"https:\/\/homolog.saopaulo.sp.leg.br\/hackdays\/inscreva-se\/","title":{"rendered":"Inscreva-se"},"content":{"rendered":"<p>Evento realizado em 2014.<\/p>\n<p>As inscri\u00e7\u00f5es online est\u00e3o encerradas (18h do dia 5 de junho). Mas n\u00e3o fique triste \ud83d\ude41<\/p>\n<p>Voc\u00ea pode participar comparecendo ao local do evento, fazendo sua inscri\u00e7\u00e3o pessoalmente. Se voc\u00ea estiver muito longe e impedido de estar presente, acompanhe em &#8220;Audit\u00f3rios Online&#8221;, no Portal da C\u00e2mara, a transmiss\u00e3o AO VIVO (Audit\u00f3rio 1\u00b0 de Maio). N\u00e3o deixe de interagir conosco nas redes sociais usando #hackdayscmsp.<\/p>\n<div style=\"padding-bottom: 225px\"><\/div>\n","protected":false},"excerpt":{"rendered":"<p>Evento realizado em 2014. As inscri\u00e7\u00f5es online est\u00e3o encerradas (18h do dia 5 de junho). Mas n\u00e3o fique triste \ud83d\ude41 Voc\u00ea pode participar comparecendo ao local do evento, fazendo sua inscri\u00e7\u00e3o pessoalmente. Se voc\u00ea estiver muito longe e impedido de estar presente, acompanhe em &#8220;Audit\u00f3rios Online&#8221;, no Portal da C\u00e2mara, a transmiss\u00e3o AO VIVO (Audit\u00f3rio&#8230;  <a class=\"excerpt-read-more\" href=\"https:\/\/homolog.saopaulo.sp.leg.br\/hackdays\/inscreva-se\/\" title=\"Read Inscreva-se\">Ler mais &raquo;<\/a><\/p>\n","protected":false},"author":169,"featured_media":0,"parent":0,"menu_order":0,"comment_status":"open","ping_status":"open","template":"","meta":{"footnotes":""},"class_list":["post-18","page","type-page","status-publish","hentry"],"_links":{"self":[{"href":"https:\/\/homolog.saopaulo.sp.leg.br\/hackdays\/wp-json\/wp\/v2\/pages\/18","targetHints":{"allow":["GET"]}}],"collection":[{"href":"https:\/\/homolog.saopaulo.sp.leg.br\/hackdays\/wp-json\/wp\/v2\/pages"}],"about":[{"href":"https:\/\/homolog.saopaulo.sp.leg.br\/hackdays\/wp-json\/wp\/v2\/types\/page"}],"author":[{"embeddable":true,"href":"https:\/\/homolog.saopaulo.sp.leg.br\/hackdays\/wp-json\/wp\/v2\/users\/169"}],"replies":[{"embeddable":true,"href":"https:\/\/homolog.saopaulo.sp.leg.br\/hackdays\/wp-json\/wp\/v2\/comments?post=18"}],"version-history":[{"count":1,"href":"https:\/\/homolog.saopaulo.sp.leg.br\/hackdays\/wp-json\/wp\/v2\/pages\/18\/revisions"}],"predecessor-version":[{"id":160,"href":"https:\/\/homolog.saopaulo.sp.leg.br\/hackdays\/wp-json\/wp\/v2\/pages\/18\/revisions\/160"}],"wp:attachment":[{"href":"https:\/\/homolog.saopaulo.sp.leg.br\/hackdays\/wp-json\/wp\/v2\/media?parent=18"}],"curies":[{"name":"wp","href":"https:\/\/api.w.org\/{rel}","templated":true}]}}