{"id":110,"date":"2016-03-04T04:04:29","date_gmt":"2016-03-04T04:04:29","guid":{"rendered":"http:\/\/toborino.com\/cmsp\/memoria\/?page_id=110"},"modified":"2020-01-16T17:57:47","modified_gmt":"2020-01-16T17:57:47","slug":"projetos","status":"publish","type":"page","link":"https:\/\/homolog.saopaulo.sp.leg.br\/memoria\/projetos\/","title":{"rendered":"Projetos"},"content":{"rendered":"<p>Utilize o formul\u00e1rio abaixo para pesquisar dados dos Projetos de Lei, de Resolu\u00e7\u00e3o, de Decreto Legislativo e de Emenda \u00e0 Lei Org\u00e2nica desde 1948, ap\u00f3s sua leitura em Plen\u00e1rio e publica\u00e7\u00e3o em Di\u00e1rio Oficial.<\/p>\n<p>Al\u00e9m de dados, os registros dos projetos a partir de 1991 apresentam os textos integrais dos projetos e de seus documentos correlatos (justificativas, pareceres, emendas, substitutivos, vetos, mensagens aditivas e normas sancionadas).<\/p>\n","protected":false},"excerpt":{"rendered":"<p>Utilize o formul\u00e1rio abaixo para pesquisar dados dos Projetos de Lei, de Resolu\u00e7\u00e3o, de Decreto Legislativo e de Emenda \u00e0 Lei Org\u00e2nica desde 1948, ap\u00f3s sua leitura em Plen\u00e1rio e publica\u00e7\u00e3o em Di\u00e1rio Oficial. Al\u00e9m de dados, os registros dos projetos a partir de 1991 apresentam os textos integrais dos projetos e de seus documentos [&hellip;]<\/p>\n","protected":false},"author":31,"featured_media":0,"parent":0,"menu_order":0,"comment_status":"closed","ping_status":"closed","template":"page-biblioteca-projetos.php","meta":{"_acf_changed":false},"class_list":["post-110","page","type-page","status-publish","hentry"],"acf":[],"_links":{"self":[{"href":"https:\/\/homolog.saopaulo.sp.leg.br\/memoria\/wp-json\/wp\/v2\/pages\/110","targetHints":{"allow":["GET"]}}],"collection":[{"href":"https:\/\/homolog.saopaulo.sp.leg.br\/memoria\/wp-json\/wp\/v2\/pages"}],"about":[{"href":"https:\/\/homolog.saopaulo.sp.leg.br\/memoria\/wp-json\/wp\/v2\/types\/page"}],"author":[{"embeddable":true,"href":"https:\/\/homolog.saopaulo.sp.leg.br\/memoria\/wp-json\/wp\/v2\/users\/31"}],"replies":[{"embeddable":true,"href":"https:\/\/homolog.saopaulo.sp.leg.br\/memoria\/wp-json\/wp\/v2\/comments?post=110"}],"version-history":[{"count":5,"href":"https:\/\/homolog.saopaulo.sp.leg.br\/memoria\/wp-json\/wp\/v2\/pages\/110\/revisions"}],"predecessor-version":[{"id":2036,"href":"https:\/\/homolog.saopaulo.sp.leg.br\/memoria\/wp-json\/wp\/v2\/pages\/110\/revisions\/2036"}],"wp:attachment":[{"href":"https:\/\/homolog.saopaulo.sp.leg.br\/memoria\/wp-json\/wp\/v2\/media?parent=110"}],"curies":[{"name":"wp","href":"https:\/\/api.w.org\/{rel}","templated":true}]}}