{"id":112,"date":"2016-03-04T04:04:45","date_gmt":"2016-03-04T04:04:45","guid":{"rendered":"http:\/\/toborino.com\/cmsp\/memoria\/?page_id=112"},"modified":"2016-03-23T17:36:45","modified_gmt":"2016-03-23T17:36:45","slug":"livros","status":"publish","type":"page","link":"https:\/\/homolog.saopaulo.sp.leg.br\/memoria\/livros\/","title":{"rendered":"Livros"},"content":{"rendered":"<p>A Biblioteca da C\u00e2mara Municipal de S\u00e3o Paulo disp\u00f5e de 20.000 t\u00edtulos em sua cole\u00e7\u00e3o, dispon\u00edveis publicamente para consulta. O acervo \u00e9 dividido entre Cole\u00e7\u00e3o Geral, Cole\u00e7\u00e3o S\u00e3o Paulo e Cole\u00e7\u00e3o Aureliano Leite e seus volumes podem ser localizados por meio desta ferramenta de busca.<\/p>\n<p>Para uma consulta mais pormenorizada, realizar a busca utilizando o Formul\u00e1rio Avan\u00e7ado.<\/p>\n","protected":false},"excerpt":{"rendered":"<p>A Biblioteca da C\u00e2mara Municipal de S\u00e3o Paulo disp\u00f5e de 20.000 t\u00edtulos em sua cole\u00e7\u00e3o, dispon\u00edveis publicamente para consulta. O acervo \u00e9 dividido entre Cole\u00e7\u00e3o Geral, Cole\u00e7\u00e3o S\u00e3o Paulo e Cole\u00e7\u00e3o Aureliano Leite e seus volumes podem ser localizados por meio desta ferramenta de busca. Para uma consulta mais pormenorizada, realizar a busca utilizando o [&hellip;]<\/p>\n","protected":false},"author":31,"featured_media":0,"parent":0,"menu_order":0,"comment_status":"closed","ping_status":"closed","template":"page-biblioteca-livros.php","meta":{"_acf_changed":false},"class_list":["post-112","page","type-page","status-publish","hentry"],"acf":[],"_links":{"self":[{"href":"https:\/\/homolog.saopaulo.sp.leg.br\/memoria\/wp-json\/wp\/v2\/pages\/112","targetHints":{"allow":["GET"]}}],"collection":[{"href":"https:\/\/homolog.saopaulo.sp.leg.br\/memoria\/wp-json\/wp\/v2\/pages"}],"about":[{"href":"https:\/\/homolog.saopaulo.sp.leg.br\/memoria\/wp-json\/wp\/v2\/types\/page"}],"author":[{"embeddable":true,"href":"https:\/\/homolog.saopaulo.sp.leg.br\/memoria\/wp-json\/wp\/v2\/users\/31"}],"replies":[{"embeddable":true,"href":"https:\/\/homolog.saopaulo.sp.leg.br\/memoria\/wp-json\/wp\/v2\/comments?post=112"}],"version-history":[{"count":0,"href":"https:\/\/homolog.saopaulo.sp.leg.br\/memoria\/wp-json\/wp\/v2\/pages\/112\/revisions"}],"wp:attachment":[{"href":"https:\/\/homolog.saopaulo.sp.leg.br\/memoria\/wp-json\/wp\/v2\/media?parent=112"}],"curies":[{"name":"wp","href":"https:\/\/api.w.org\/{rel}","templated":true}]}}