{"id":114,"date":"2016-03-04T04:05:02","date_gmt":"2016-03-04T04:05:02","guid":{"rendered":"http:\/\/toborino.com\/cmsp\/memoria\/?page_id=114"},"modified":"2016-03-15T06:35:25","modified_gmt":"2016-03-15T06:35:25","slug":"comissoes","status":"publish","type":"page","link":"https:\/\/homolog.saopaulo.sp.leg.br\/memoria\/comissoes\/","title":{"rendered":"Comiss\u00f5es"},"content":{"rendered":"<p>Requerimentos e relat\u00f3rios finais de CPIs, Comiss\u00f5es de Estudo e Comiss\u00f5es Processantes.<\/p>\n","protected":false},"excerpt":{"rendered":"<p>Requerimentos e relat\u00f3rios finais de CPIs, Comiss\u00f5es de Estudo e Comiss\u00f5es Processantes.<\/p>\n","protected":false},"author":31,"featured_media":0,"parent":0,"menu_order":0,"comment_status":"closed","ping_status":"closed","template":"page-biblioteca-comissoes.php","meta":{"_acf_changed":false},"class_list":["post-114","page","type-page","status-publish","hentry"],"acf":[],"_links":{"self":[{"href":"https:\/\/homolog.saopaulo.sp.leg.br\/memoria\/wp-json\/wp\/v2\/pages\/114","targetHints":{"allow":["GET"]}}],"collection":[{"href":"https:\/\/homolog.saopaulo.sp.leg.br\/memoria\/wp-json\/wp\/v2\/pages"}],"about":[{"href":"https:\/\/homolog.saopaulo.sp.leg.br\/memoria\/wp-json\/wp\/v2\/types\/page"}],"author":[{"embeddable":true,"href":"https:\/\/homolog.saopaulo.sp.leg.br\/memoria\/wp-json\/wp\/v2\/users\/31"}],"replies":[{"embeddable":true,"href":"https:\/\/homolog.saopaulo.sp.leg.br\/memoria\/wp-json\/wp\/v2\/comments?post=114"}],"version-history":[{"count":0,"href":"https:\/\/homolog.saopaulo.sp.leg.br\/memoria\/wp-json\/wp\/v2\/pages\/114\/revisions"}],"wp:attachment":[{"href":"https:\/\/homolog.saopaulo.sp.leg.br\/memoria\/wp-json\/wp\/v2\/media?parent=114"}],"curies":[{"name":"wp","href":"https:\/\/api.w.org\/{rel}","templated":true}]}}