{"id":116,"date":"2016-03-04T04:05:17","date_gmt":"2016-03-04T04:05:17","guid":{"rendered":"http:\/\/toborino.com\/cmsp\/memoria\/?page_id=116"},"modified":"2016-07-15T16:59:06","modified_gmt":"2016-07-15T16:59:06","slug":"leis","status":"publish","type":"page","link":"https:\/\/homolog.saopaulo.sp.leg.br\/memoria\/leis\/","title":{"rendered":"Leis"},"content":{"rendered":"<p>Utilize o formul\u00e1rio abaixo para pesquisar a Legisla\u00e7\u00e3o Municipal: Leis, Decretos, Decretos Legislativos, Emendas \u00e0 Lei Org\u00e2nica, Resolu\u00e7\u00f5es e Atos a partir de 1892 com acesso ao texto integral das normas.<\/p>\n","protected":false},"excerpt":{"rendered":"<p>Utilize o formul\u00e1rio abaixo para pesquisar a Legisla\u00e7\u00e3o Municipal: Leis, Decretos, Decretos Legislativos, Emendas \u00e0 Lei Org\u00e2nica, Resolu\u00e7\u00f5es e Atos a partir de 1892 com acesso ao texto integral das normas.<\/p>\n","protected":false},"author":31,"featured_media":0,"parent":0,"menu_order":0,"comment_status":"closed","ping_status":"closed","template":"page-biblioteca-leis.php","meta":{"_acf_changed":false},"class_list":["post-116","page","type-page","status-publish","hentry"],"acf":[],"_links":{"self":[{"href":"https:\/\/homolog.saopaulo.sp.leg.br\/memoria\/wp-json\/wp\/v2\/pages\/116","targetHints":{"allow":["GET"]}}],"collection":[{"href":"https:\/\/homolog.saopaulo.sp.leg.br\/memoria\/wp-json\/wp\/v2\/pages"}],"about":[{"href":"https:\/\/homolog.saopaulo.sp.leg.br\/memoria\/wp-json\/wp\/v2\/types\/page"}],"author":[{"embeddable":true,"href":"https:\/\/homolog.saopaulo.sp.leg.br\/memoria\/wp-json\/wp\/v2\/users\/31"}],"replies":[{"embeddable":true,"href":"https:\/\/homolog.saopaulo.sp.leg.br\/memoria\/wp-json\/wp\/v2\/comments?post=116"}],"version-history":[{"count":2,"href":"https:\/\/homolog.saopaulo.sp.leg.br\/memoria\/wp-json\/wp\/v2\/pages\/116\/revisions"}],"predecessor-version":[{"id":1387,"href":"https:\/\/homolog.saopaulo.sp.leg.br\/memoria\/wp-json\/wp\/v2\/pages\/116\/revisions\/1387"}],"wp:attachment":[{"href":"https:\/\/homolog.saopaulo.sp.leg.br\/memoria\/wp-json\/wp\/v2\/media?parent=116"}],"curies":[{"name":"wp","href":"https:\/\/api.w.org\/{rel}","templated":true}]}}