{"id":675,"date":"2016-03-28T17:17:23","date_gmt":"2016-03-28T17:17:23","guid":{"rendered":"http:\/\/toborino.com\/cmsp\/memoria\/?page_id=675"},"modified":"2024-06-17T17:03:38","modified_gmt":"2024-06-17T17:03:38","slug":"atas-e-anais-da-camara-municipal-2","status":"publish","type":"page","link":"https:\/\/homolog.saopaulo.sp.leg.br\/memoria\/atas-e-anais-da-camara-municipal-2\/","title":{"rendered":"Atas e Anais da C\u00e2mara Municipal"},"content":{"rendered":"<p>Registros das atividades da C\u00e2mara Municipal em Atas de 1562 a 1903, a \u00edntegra das Sess\u00f5es Plen\u00e1rias em Anais a partir de 1904, e as Atas da C\u00e2mara de Santo Andr\u00e9 da Borda do Campo do per\u00edodo de 1555 a 1558.<\/p>\n<p>Para BUSCA R\u00c1PIDA nas Atas e Anais de 1555 AT\u00c9 OS DIAS ATUAIS, utilize o formul\u00e1rio abaixo.<\/p>\n<p>Para BUSCA TEXTUAL AVAN\u00c7ADA de 1555 AT\u00c9 OS DIAS ATUAIS, <a href=\"https:\/\/homolog.saopaulo.sp.leg.br\/atas_anais_cmsp\/\" rel=\"noopener noreferrer\" target=\"_blank\">clique aqui<\/a>.<br \/>\nConsulte orienta\u00e7\u00f5es neste documento: <a href=\"https:\/\/homolog.saopaulo.sp.leg.br\/memoria\/wp-content\/uploads\/sites\/20\/2020\/01\/Base-Atas-e-Anais-CMSP-Orienta\u00e7\u00f5es.pdf\" rel=\"noopener noreferrer\" target=\"_blank\">Base Atas e Anais CMSP &#8211; Orienta\u00e7\u00f5es<\/a>, ou envie d\u00favidas para <a href=\"mailto:atendimentodoc@saopaulo.sp.leg.br\" rel=\"noopener noreferrer\" target=\"_blank\">atendimentodoc@saopaulo.sp.leg.br<\/a><\/p>\n<p>Registros atuais das sess\u00f5es plen\u00e1rias ordin\u00e1rias e extraordin\u00e1rias, com busca por data, podem ser tamb\u00e9m acessados em <a href=\"http:\/\/homolog.saopaulo.sp.leg.br\/atividade-legislativa\/sessao-plenaria\/registro-das-sessoes\/\" rel=\"noopener noreferrer\" target=\"_blank\">Registro Parlamentar<\/a>.<\/p>\n","protected":false},"excerpt":{"rendered":"<p>Registros das atividades da C\u00e2mara Municipal em Atas de 1562 a 1903, a \u00edntegra das Sess\u00f5es Plen\u00e1rias em Anais a partir de 1904, e as Atas da C\u00e2mara de Santo Andr\u00e9 da Borda do Campo do per\u00edodo de 1555 a 1558. Para BUSCA R\u00c1PIDA nas Atas e Anais de 1555 AT\u00c9 OS DIAS ATUAIS, utilize [&hellip;]<\/p>\n","protected":false},"author":31,"featured_media":0,"parent":0,"menu_order":0,"comment_status":"closed","ping_status":"closed","template":"page-biblioteca-atas.php","meta":{"_acf_changed":false},"class_list":["post-675","page","type-page","status-publish","hentry"],"acf":[],"_links":{"self":[{"href":"https:\/\/homolog.saopaulo.sp.leg.br\/memoria\/wp-json\/wp\/v2\/pages\/675","targetHints":{"allow":["GET"]}}],"collection":[{"href":"https:\/\/homolog.saopaulo.sp.leg.br\/memoria\/wp-json\/wp\/v2\/pages"}],"about":[{"href":"https:\/\/homolog.saopaulo.sp.leg.br\/memoria\/wp-json\/wp\/v2\/types\/page"}],"author":[{"embeddable":true,"href":"https:\/\/homolog.saopaulo.sp.leg.br\/memoria\/wp-json\/wp\/v2\/users\/31"}],"replies":[{"embeddable":true,"href":"https:\/\/homolog.saopaulo.sp.leg.br\/memoria\/wp-json\/wp\/v2\/comments?post=675"}],"version-history":[{"count":6,"href":"https:\/\/homolog.saopaulo.sp.leg.br\/memoria\/wp-json\/wp\/v2\/pages\/675\/revisions"}],"predecessor-version":[{"id":2495,"href":"https:\/\/homolog.saopaulo.sp.leg.br\/memoria\/wp-json\/wp\/v2\/pages\/675\/revisions\/2495"}],"wp:attachment":[{"href":"https:\/\/homolog.saopaulo.sp.leg.br\/memoria\/wp-json\/wp\/v2\/media?parent=675"}],"curies":[{"name":"wp","href":"https:\/\/api.w.org\/{rel}","templated":true}]}}