{"id":678,"date":"2016-03-28T17:19:03","date_gmt":"2016-03-28T17:19:03","guid":{"rendered":"http:\/\/toborino.com\/cmsp\/memoria\/?page_id=678"},"modified":"2018-03-21T15:58:36","modified_gmt":"2018-03-21T15:58:36","slug":"documentos-historicos-2","status":"publish","type":"page","link":"https:\/\/homolog.saopaulo.sp.leg.br\/memoria\/documentos-historicos-2\/","title":{"rendered":"Documentos Hist\u00f3ricos"},"content":{"rendered":"<p>Documentos de arquivo originais produzidos e recebidos na C\u00e2mara entre 1892 e 1937, como projetos, requerimentos, of\u00edcios e documentos administrativos. Detalhes sobre o acervo, incluindo o hist\u00f3rico da administra\u00e7\u00e3o municipal no per\u00edodo e a organiza\u00e7\u00e3o das s\u00e9ries documentais, encontram-se no link a seguir: <a href=\"http:\/\/homolog.saopaulo.sp.leg.br\/biblioteca\/historicos\/documentos-da-camara-municipal-de-sao-paulo-entre-1892-e-1937\/\" target=\"_blank\" rel=\"noopener\">clique aqui<\/a><\/p>\n","protected":false},"excerpt":{"rendered":"<p>Documentos de arquivo originais produzidos e recebidos na C\u00e2mara entre 1892 e 1937, como projetos, requerimentos, of\u00edcios e documentos administrativos. Detalhes sobre o acervo, incluindo o hist\u00f3rico da administra\u00e7\u00e3o municipal no per\u00edodo e a organiza\u00e7\u00e3o das s\u00e9ries documentais, encontram-se no link a seguir: clique aqui<\/p>\n","protected":false},"author":31,"featured_media":0,"parent":0,"menu_order":0,"comment_status":"closed","ping_status":"closed","template":"page-biblioteca-documentos.php","meta":{"_acf_changed":false},"class_list":["post-678","page","type-page","status-publish","hentry"],"acf":[],"_links":{"self":[{"href":"https:\/\/homolog.saopaulo.sp.leg.br\/memoria\/wp-json\/wp\/v2\/pages\/678","targetHints":{"allow":["GET"]}}],"collection":[{"href":"https:\/\/homolog.saopaulo.sp.leg.br\/memoria\/wp-json\/wp\/v2\/pages"}],"about":[{"href":"https:\/\/homolog.saopaulo.sp.leg.br\/memoria\/wp-json\/wp\/v2\/types\/page"}],"author":[{"embeddable":true,"href":"https:\/\/homolog.saopaulo.sp.leg.br\/memoria\/wp-json\/wp\/v2\/users\/31"}],"replies":[{"embeddable":true,"href":"https:\/\/homolog.saopaulo.sp.leg.br\/memoria\/wp-json\/wp\/v2\/comments?post=678"}],"version-history":[{"count":5,"href":"https:\/\/homolog.saopaulo.sp.leg.br\/memoria\/wp-json\/wp\/v2\/pages\/678\/revisions"}],"predecessor-version":[{"id":1761,"href":"https:\/\/homolog.saopaulo.sp.leg.br\/memoria\/wp-json\/wp\/v2\/pages\/678\/revisions\/1761"}],"wp:attachment":[{"href":"https:\/\/homolog.saopaulo.sp.leg.br\/memoria\/wp-json\/wp\/v2\/media?parent=678"}],"curies":[{"name":"wp","href":"https:\/\/api.w.org\/{rel}","templated":true}]}}