{"id":80,"date":"2016-02-29T01:53:37","date_gmt":"2016-02-29T01:53:37","guid":{"rendered":"http:\/\/toborino.com\/cmsp\/memoria\/?page_id=80"},"modified":"2016-03-30T06:20:02","modified_gmt":"2016-03-30T06:20:02","slug":"fale-conosco","status":"publish","type":"page","link":"https:\/\/homolog.saopaulo.sp.leg.br\/memoria\/fale-conosco\/","title":{"rendered":"Contato"},"content":{"rendered":"<h4>Fale com o Centro de Mem\u00f3ria da C\u00e2mara Municipal de S\u00e3o Paulo.<\/h4>\n\n<div class=\"wpcf7 no-js\" id=\"wpcf7-f79-o1\" lang=\"pt-BR\" dir=\"ltr\" data-wpcf7-id=\"79\">\n<div class=\"screen-reader-response\"><p role=\"status\" aria-live=\"polite\" aria-atomic=\"true\"><\/p> <ul><\/ul><\/div>\n<form action=\"\/memoria\/wp-json\/wp\/v2\/pages\/80#wpcf7-f79-o1\" method=\"post\" class=\"wpcf7-form init\" aria-label=\"Formul\u00e1rios de contato\" novalidate=\"novalidate\" data-status=\"init\">\n<fieldset class=\"hidden-fields-container\"><input type=\"hidden\" name=\"_wpcf7\" value=\"79\" \/><input type=\"hidden\" name=\"_wpcf7_version\" value=\"6.1.5\" \/><input type=\"hidden\" name=\"_wpcf7_locale\" value=\"pt_BR\" \/><input type=\"hidden\" name=\"_wpcf7_unit_tag\" value=\"wpcf7-f79-o1\" \/><input type=\"hidden\" name=\"_wpcf7_container_post\" value=\"0\" \/><input type=\"hidden\" name=\"_wpcf7_posted_data_hash\" value=\"\" \/>\n<\/fieldset>\n<div class=\"col-xs-12 col-sm-8 nPL\">\n\t<div class=\"col-xs-12 col-sm-6 nPL\">\n\t\t<p><label>Assunto<\/label><br \/>\n<span class=\"wpcf7-form-control-wrap\" data-name=\"Assunto\"><select class=\"wpcf7-form-control wpcf7-select wpcf7-validates-as-required\" aria-required=\"true\" aria-invalid=\"false\" name=\"Assunto\"><option value=\"D\u00favidas\">D\u00favidas<\/option><option value=\"Sugest\u00f5es\">Sugest\u00f5es<\/option><option value=\"Outros\">Outros<\/option><\/select><\/span>\n\t\t<\/p>\n\t<\/div>\n\t<div class=\"col-xs-12 col-sm-12 nP\">\n\t<\/div>\n\t<div class=\"col-xs-12 col-sm-6 nPL\">\n\t\t<p><label>Nome completo<\/label><br \/>\n<span class=\"wpcf7-form-control-wrap\" data-name=\"nome\"><input size=\"40\" maxlength=\"400\" class=\"wpcf7-form-control wpcf7-text wpcf7-validates-as-required\" aria-required=\"true\" aria-invalid=\"false\" value=\"\" type=\"text\" name=\"nome\" \/><\/span>\n\t\t<\/p>\n\t<\/div>\n\t<div class=\"col-xs-12 col-sm-6 nPR\">\n\t\t<p><label>E-mail<\/label><br \/>\n<span class=\"wpcf7-form-control-wrap\" data-name=\"email\"><input size=\"40\" maxlength=\"400\" class=\"wpcf7-form-control wpcf7-email wpcf7-validates-as-required wpcf7-text wpcf7-validates-as-email\" aria-required=\"true\" aria-invalid=\"false\" value=\"\" type=\"email\" name=\"email\" \/><\/span>\n\t\t<\/p>\n\t<\/div>\n\t<div class=\"col-xs-12 col-sm-12 nP\">\n\t\t<p><label>Mensagem<\/label><br \/>\n<span class=\"wpcf7-form-control-wrap\" data-name=\"descricao\"><textarea cols=\"40\" rows=\"10\" maxlength=\"2000\" class=\"wpcf7-form-control wpcf7-textarea wpcf7-validates-as-required\" aria-required=\"true\" aria-invalid=\"false\" name=\"descricao\"><\/textarea><\/span>\n\t\t<\/p>\n\t<\/div>\n\t<p>[recaptcha]\n\t<\/p>\n\t<div class=\"col-xs-12 col-sm-12 nPR\" style=\"margin-bottom: 20px\">\n\t\t<p>Nos termos da <strong>Lei Geral de Prote\u00e7\u00e3o de Dados (lei 13.709, de 2018)<\/strong>, para registro de sua mensagem \u00e9 necess\u00e1rio que o titular consinta que a Coordena\u00e7\u00e3o da Comiss\u00e3o Permanente de Gest\u00e3o do Centro de Mem\u00f3ria da C\u00e2mara Municipal de S\u00e3o Paulo colha seu nome e e-mail, com as seguintes finalidades:\n\t\t<\/p>\n\t\t<p>&nbsp;\n\t\t<\/p>\n\t\t<p><strong>Nome completo<\/strong>: permitir a identifica\u00e7\u00e3o do usu\u00e1rio;\n\t\t<\/p>\n\t\t<p><strong>E-mail<\/strong>: permitir o envio de resposta \u00e0 mensagem.\n\t\t<\/p>\n\t\t<p>&nbsp;\n\t\t<\/p>\n\t\t<p>Os dados ficar\u00e3o retidos por 1 ano, salvo pedido expresso em contr\u00e1rio.\n\t\t<\/p>\n\t\t<p>&nbsp;\n\t\t<\/p>\n\t\t<p><span class=\"wpcf7-form-control-wrap\" data-name=\"acceptance-74\"><span class=\"wpcf7-form-control wpcf7-acceptance\"><span class=\"wpcf7-list-item\"><input type=\"checkbox\" name=\"acceptance-74\" value=\"1\" aria-invalid=\"false\" \/><\/span><\/span><\/span>&nbsp; &nbsp; <label>Eu concordo<\/label>\n\t\t<\/p>\n\t\t<p>A concord\u00e2ncia \u00e9 indispens\u00e1vel \u00e0 continuidade do atendimento.\n\t\t<\/p>\n\t<\/div>\n\t<p><input class=\"wpcf7-form-control wpcf7-submit has-spinner\" type=\"submit\" value=\"Enviar\" \/>\n\t<\/p>\n<\/div><div class=\"wpcf7-response-output\" aria-hidden=\"true\"><\/div>\n<\/form>\n<\/div>\n\n","protected":false},"excerpt":{"rendered":"<p>Fale com o Centro de Mem\u00f3ria da C\u00e2mara Municipal de S\u00e3o Paulo.<\/p>\n","protected":false},"author":31,"featured_media":0,"parent":0,"menu_order":0,"comment_status":"closed","ping_status":"closed","template":"","meta":{"_acf_changed":false},"class_list":["post-80","page","type-page","status-publish","hentry"],"acf":[],"_links":{"self":[{"href":"https:\/\/homolog.saopaulo.sp.leg.br\/memoria\/wp-json\/wp\/v2\/pages\/80","targetHints":{"allow":["GET"]}}],"collection":[{"href":"https:\/\/homolog.saopaulo.sp.leg.br\/memoria\/wp-json\/wp\/v2\/pages"}],"about":[{"href":"https:\/\/homolog.saopaulo.sp.leg.br\/memoria\/wp-json\/wp\/v2\/types\/page"}],"author":[{"embeddable":true,"href":"https:\/\/homolog.saopaulo.sp.leg.br\/memoria\/wp-json\/wp\/v2\/users\/31"}],"replies":[{"embeddable":true,"href":"https:\/\/homolog.saopaulo.sp.leg.br\/memoria\/wp-json\/wp\/v2\/comments?post=80"}],"version-history":[{"count":2,"href":"https:\/\/homolog.saopaulo.sp.leg.br\/memoria\/wp-json\/wp\/v2\/pages\/80\/revisions"}],"predecessor-version":[{"id":757,"href":"https:\/\/homolog.saopaulo.sp.leg.br\/memoria\/wp-json\/wp\/v2\/pages\/80\/revisions\/757"}],"wp:attachment":[{"href":"https:\/\/homolog.saopaulo.sp.leg.br\/memoria\/wp-json\/wp\/v2\/media?parent=80"}],"curies":[{"name":"wp","href":"https:\/\/api.w.org\/{rel}","templated":true}]}}