{"id":1271,"date":"2020-07-22T16:40:02","date_gmt":"2020-07-22T19:40:02","guid":{"rendered":"http:\/\/homolog.saopaulo.sp.leg.br\/mulheres\/?page_id=1271"},"modified":"2024-03-25T16:29:50","modified_gmt":"2024-03-25T19:29:50","slug":"lei-maria-da-penha","status":"publish","type":"page","link":"https:\/\/homolog.saopaulo.sp.leg.br\/mulheres\/legislacao\/lei-maria-da-penha\/","title":{"rendered":"Lei Maria da Penha"},"content":{"rendered":"<img loading=\"lazy\" decoding=\"async\" class=\"alignleft wp-image-1983\" src=\"https:\/\/homolog.saopaulo.sp.leg.br\/mulheres\/wp-content\/uploads\/sites\/35\/2021\/05\/justice-150x150.png\" alt=\"\" width=\"80\" height=\"80\" srcset=\"https:\/\/homolog.saopaulo.sp.leg.br\/mulheres\/wp-content\/uploads\/sites\/35\/2021\/05\/justice-150x150.png 150w, https:\/\/homolog.saopaulo.sp.leg.br\/mulheres\/wp-content\/uploads\/sites\/35\/2021\/05\/justice-300x300.png 300w, https:\/\/homolog.saopaulo.sp.leg.br\/mulheres\/wp-content\/uploads\/sites\/35\/2021\/05\/justice-125x125.png 125w, https:\/\/homolog.saopaulo.sp.leg.br\/mulheres\/wp-content\/uploads\/sites\/35\/2021\/05\/justice.png 512w\" sizes=\"auto, (max-width: 80px) 100vw, 80px\" \/>\n<p><strong>A Lei Maria da Penha<\/strong> foi sancionada em <strong>7 de agosto de 2006<\/strong> e possui 46 artigos distribu\u00eddos em sete t\u00edtulos. Considerada pela <strong>ONU<\/strong> (<strong>Organiza\u00e7\u00e3o das Na\u00e7\u00f5es Unidas) <\/strong>uma das tr\u00eas mais avan\u00e7adas do mundo, a lei:<\/p>\n<p>Cria mecanismos para prevenir e coibir a viol\u00eancia dom\u00e9stica e familiar contra a mulher em conformidade com a <strong>Constitui\u00e7\u00e3o Federal (art. 226, \u00a7 8\u00b0) e os tratados internacionais<\/strong> ratificados pelo Estado brasileiro (<a href=\"https:\/\/homolog.saopaulo.sp.leg.br\/mulheres\/wp-content\/uploads\/sites\/35\/2020\/07\/CONVEN\u00c7\u00c3O-DE-BEL\u00c9M-DO-PAR\u00c1.pdf\" target=\"_blank\" rel=\"noopener noreferrer\">Conven\u00e7\u00e3o de Bel\u00e9m do Par\u00e1<\/a>, <a href=\"https:\/\/homolog.saopaulo.sp.leg.br\/mulheres\/wp-content\/uploads\/sites\/35\/2020\/07\/PACTO-DE-SAN-JOS\u00c9-DA-COSTA-RICA.pdf\" target=\"_blank\" rel=\"noopener noreferrer\">Pacto de San Jos\u00e9 da Costa Rica<\/a>, <a href=\"https:\/\/homolog.saopaulo.sp.leg.br\/mulheres\/wp-content\/uploads\/sites\/35\/2020\/07\/DECLARA\u00c7\u00c3O-AMERICANA-DOS-DIREITOS-E-DEVERES-DO-HOMEM.pdf\" target=\"_blank\" rel=\"noopener noreferrer\">Declara\u00e7\u00e3o Americana dos Direitos e Deveres do Homem<\/a> e <a href=\"https:\/\/homolog.saopaulo.sp.leg.br\/mulheres\/wp-content\/uploads\/sites\/35\/2020\/07\/CONVEN\u00c7\u00c3O-SOBRE-A-ELIMINA\u00c7\u00c3O-DE-TODAS-AS-FORMAS-DE-DISCRIMINA\u00c7\u00c3O-CONTRA-A-MULHER.pdf\" target=\"_blank\" rel=\"noopener noreferrer\">Conven\u00e7\u00e3o sobre a Elimina\u00e7\u00e3o de Todas as Formas de Discrimina\u00e7\u00e3o contra a Mulher<\/a>).<\/p>\n<img decoding=\"async\" class=\"aligncenter size-full wp-image-2036\" style=\"border-radius: 5px;margin-bottom: 40px\" src=\"https:\/\/homolog.saopaulo.sp.leg.br\/mulheres\/wp-content\/uploads\/sites\/35\/2021\/05\/protesto.png\" alt=\"\" width=\"100%\" srcset=\"https:\/\/homolog.saopaulo.sp.leg.br\/mulheres\/wp-content\/uploads\/sites\/35\/2021\/05\/protesto.png 2000w, https:\/\/homolog.saopaulo.sp.leg.br\/mulheres\/wp-content\/uploads\/sites\/35\/2021\/05\/protesto-300x105.png 300w, https:\/\/homolog.saopaulo.sp.leg.br\/mulheres\/wp-content\/uploads\/sites\/35\/2021\/05\/protesto-1024x358.png 1024w, https:\/\/homolog.saopaulo.sp.leg.br\/mulheres\/wp-content\/uploads\/sites\/35\/2021\/05\/protesto-768x268.png 768w, https:\/\/homolog.saopaulo.sp.leg.br\/mulheres\/wp-content\/uploads\/sites\/35\/2021\/05\/protesto-1536x537.png 1536w\" sizes=\"(max-width: 2000px) 100vw, 2000px\" \/>\n<p>Possui uma das principais inova\u00e7\u00f5es em legisla\u00e7\u00e3o no mundo: medidas protetivas de urg\u00eancia para as v\u00edtimas.<\/p>\n<img decoding=\"async\" class=\"aligncenter size-full wp-image-2046\" src=\"https:\/\/homolog.saopaulo.sp.leg.br\/mulheres\/wp-content\/uploads\/sites\/35\/2021\/05\/protecao.png\" alt=\"\" width=\"100%\" srcset=\"https:\/\/homolog.saopaulo.sp.leg.br\/mulheres\/wp-content\/uploads\/sites\/35\/2021\/05\/protecao.png 2000w, https:\/\/homolog.saopaulo.sp.leg.br\/mulheres\/wp-content\/uploads\/sites\/35\/2021\/05\/protecao-300x152.png 300w, https:\/\/homolog.saopaulo.sp.leg.br\/mulheres\/wp-content\/uploads\/sites\/35\/2021\/05\/protecao-1024x518.png 1024w, https:\/\/homolog.saopaulo.sp.leg.br\/mulheres\/wp-content\/uploads\/sites\/35\/2021\/05\/protecao-768x389.png 768w, https:\/\/homolog.saopaulo.sp.leg.br\/mulheres\/wp-content\/uploads\/sites\/35\/2021\/05\/protecao-1536x777.png 1536w\" sizes=\"(max-width: 2000px) 100vw, 2000px\" \/>\n<p>Prev\u00ea a cria\u00e7\u00e3o de equipamentos indispens\u00e1veis \u00e0 sua efetividade: <strong>Delegacias Especializadas de Atendimento \u00e0 Mulher, Casas-abrigo, Centros de Refer\u00eancia da Mulher e Juizados de Viol\u00eancia Dom\u00e9stica e Familiar contra a Mulher<\/strong>, entre outros.<\/p>\n<img decoding=\"async\" class=\"aligncenter size-full wp-image-1996\" src=\"https:\/\/homolog.saopaulo.sp.leg.br\/mulheres\/wp-content\/uploads\/sites\/35\/2021\/05\/mulheres.png\" alt=\"\" width=\"100%\" srcset=\"https:\/\/homolog.saopaulo.sp.leg.br\/mulheres\/wp-content\/uploads\/sites\/35\/2021\/05\/mulheres.png 3095w, https:\/\/homolog.saopaulo.sp.leg.br\/mulheres\/wp-content\/uploads\/sites\/35\/2021\/05\/mulheres-300x125.png 300w, https:\/\/homolog.saopaulo.sp.leg.br\/mulheres\/wp-content\/uploads\/sites\/35\/2021\/05\/mulheres-1024x427.png 1024w, https:\/\/homolog.saopaulo.sp.leg.br\/mulheres\/wp-content\/uploads\/sites\/35\/2021\/05\/mulheres-768x320.png 768w, https:\/\/homolog.saopaulo.sp.leg.br\/mulheres\/wp-content\/uploads\/sites\/35\/2021\/05\/mulheres-1536x641.png 1536w, https:\/\/homolog.saopaulo.sp.leg.br\/mulheres\/wp-content\/uploads\/sites\/35\/2021\/05\/mulheres-2048x854.png 2048w\" sizes=\"(max-width: 3095px) 100vw, 3095px\" \/>\n<h6 style=\"margin-top: 5px\">Fonte: <a href=\"http:\/\/www.institutomariadapenha.org.br\/\" target=\"_blank\" rel=\"noopener noreferrer\">Instituto Maria da Penha<\/a><\/h6>\n<h4 style=\"text-align: center;background: #f2eddb;padding: 20px;border-radius: 5px\"><strong><a href=\"https:\/\/www.planalto.gov.br\/ccivil_03\/_Ato2004-2006\/2006\/Lei\/L11340.htm\">Acesse<\/a> o texto da lei na \u00edntegra<\/strong><\/h4>\n","protected":false},"excerpt":{"rendered":"<p>A Lei Maria da Penha foi sancionada em 7 de agosto de 2006 e possui 46 artigos distribu\u00eddos em sete t\u00edtulos. Considerada pela ONU (Organiza\u00e7\u00e3o das Na\u00e7\u00f5es Unidas) uma das tr\u00eas mais avan\u00e7adas do mundo, a lei: Cria mecanismos para prevenir e coibir a viol\u00eancia dom\u00e9stica e familiar contra a mulher em conformidade com a&#8230;  <a class=\"excerpt-read-more\" href=\"https:\/\/homolog.saopaulo.sp.leg.br\/mulheres\/legislacao\/lei-maria-da-penha\/\" title=\"Leia Lei Maria da Penha\">Leia Mais &raquo;<\/a><\/p>\n","protected":false},"author":544,"featured_media":0,"parent":1266,"menu_order":0,"comment_status":"closed","ping_status":"closed","template":"page-lei.php","meta":{"_acf_changed":false,"footnotes":""},"class_list":["post-1271","page","type-page","status-publish","hentry"],"acf":[],"yoast_head":"<!-- This site is optimized with the Yoast SEO plugin v27.6 - https:\/\/yoast.com\/product\/yoast-seo-wordpress\/ -->\r\n<title>Lei Maria da Penha - Mulheres<\/title>\r\n<meta name=\"robots\" content=\"noindex, follow, max-snippet:-1, max-image-preview:large, max-video-preview:-1\" \/>\r\n<meta property=\"og:locale\" content=\"pt_BR\" \/>\r\n<meta property=\"og:type\" content=\"article\" \/>\r\n<meta property=\"og:title\" content=\"Lei Maria da Penha - Mulheres\" \/>\r\n<meta property=\"og:description\" content=\"A Lei Maria da Penha foi sancionada em 7 de agosto de 2006 e possui 46 artigos distribu\u00eddos em sete t\u00edtulos. Considerada pela ONU (Organiza\u00e7\u00e3o das Na\u00e7\u00f5es Unidas) uma das tr\u00eas mais avan\u00e7adas do mundo, a lei: Cria mecanismos para prevenir e coibir a viol\u00eancia dom\u00e9stica e familiar contra a mulher em conformidade com a... Leia Mais &raquo;\" \/>\r\n<meta property=\"og:url\" content=\"https:\/\/www.saopaulo.sp.leg.br\/mulheres\/legislacao\/lei-maria-da-penha\/\" \/>\r\n<meta property=\"og:site_name\" content=\"Mulheres\" \/>\r\n<meta property=\"article:modified_time\" content=\"2024-03-25T19:29:50+00:00\" \/>\r\n<meta property=\"og:image\" content=\"https:\/\/www.saopaulo.sp.leg.br\/mulheres\/wp-content\/uploads\/sites\/35\/2021\/05\/justice-150x150.png\" \/>\r\n<meta name=\"twitter:card\" content=\"summary_large_image\" \/>\r\n<meta name=\"twitter:label1\" content=\"Est. tempo de leitura\" \/>\n\t<meta name=\"twitter:data1\" content=\"2 minutos\" \/>\r\n<script type=\"application\/ld+json\" class=\"yoast-schema-graph\">{\"@context\":\"https:\\\/\\\/schema.org\",\"@graph\":[{\"@type\":\"WebPage\",\"@id\":\"https:\\\/\\\/www.saopaulo.sp.leg.br\\\/mulheres\\\/legislacao\\\/lei-maria-da-penha\\\/\",\"url\":\"https:\\\/\\\/www.saopaulo.sp.leg.br\\\/mulheres\\\/legislacao\\\/lei-maria-da-penha\\\/\",\"name\":\"Lei Maria da Penha - Mulheres\",\"isPartOf\":{\"@id\":\"https:\\\/\\\/homolog.saopaulo.sp.leg.br\\\/mulheres\\\/#website\"},\"primaryImageOfPage\":{\"@id\":\"https:\\\/\\\/www.saopaulo.sp.leg.br\\\/mulheres\\\/legislacao\\\/lei-maria-da-penha\\\/#primaryimage\"},\"image\":{\"@id\":\"https:\\\/\\\/www.saopaulo.sp.leg.br\\\/mulheres\\\/legislacao\\\/lei-maria-da-penha\\\/#primaryimage\"},\"thumbnailUrl\":\"https:\\\/\\\/homolog.saopaulo.sp.leg.br\\\/mulheres\\\/wp-content\\\/uploads\\\/sites\\\/35\\\/2021\\\/05\\\/justice-150x150.png\",\"datePublished\":\"2020-07-22T19:40:02+00:00\",\"dateModified\":\"2024-03-25T19:29:50+00:00\",\"breadcrumb\":{\"@id\":\"https:\\\/\\\/www.saopaulo.sp.leg.br\\\/mulheres\\\/legislacao\\\/lei-maria-da-penha\\\/#breadcrumb\"},\"inLanguage\":\"pt-BR\",\"potentialAction\":[{\"@type\":\"ReadAction\",\"target\":[\"https:\\\/\\\/www.saopaulo.sp.leg.br\\\/mulheres\\\/legislacao\\\/lei-maria-da-penha\\\/\"]}]},{\"@type\":\"ImageObject\",\"inLanguage\":\"pt-BR\",\"@id\":\"https:\\\/\\\/www.saopaulo.sp.leg.br\\\/mulheres\\\/legislacao\\\/lei-maria-da-penha\\\/#primaryimage\",\"url\":\"https:\\\/\\\/homolog.saopaulo.sp.leg.br\\\/mulheres\\\/wp-content\\\/uploads\\\/sites\\\/35\\\/2021\\\/05\\\/justice-150x150.png\",\"contentUrl\":\"https:\\\/\\\/homolog.saopaulo.sp.leg.br\\\/mulheres\\\/wp-content\\\/uploads\\\/sites\\\/35\\\/2021\\\/05\\\/justice-150x150.png\"},{\"@type\":\"BreadcrumbList\",\"@id\":\"https:\\\/\\\/www.saopaulo.sp.leg.br\\\/mulheres\\\/legislacao\\\/lei-maria-da-penha\\\/#breadcrumb\",\"itemListElement\":[{\"@type\":\"ListItem\",\"position\":1,\"name\":\"In\u00edcio\",\"item\":\"https:\\\/\\\/www.saopaulo.sp.leg.br\\\/mulheres\\\/\"},{\"@type\":\"ListItem\",\"position\":2,\"name\":\"Legisla\u00e7\u00e3o\",\"item\":\"https:\\\/\\\/www.saopaulo.sp.leg.br\\\/mulheres\\\/legislacao\\\/\"},{\"@type\":\"ListItem\",\"position\":3,\"name\":\"Lei Maria da Penha\"}]},{\"@type\":\"WebSite\",\"@id\":\"https:\\\/\\\/homolog.saopaulo.sp.leg.br\\\/mulheres\\\/#website\",\"url\":\"https:\\\/\\\/homolog.saopaulo.sp.leg.br\\\/mulheres\\\/\",\"name\":\"Mulheres\",\"description\":\"Mulheres\",\"potentialAction\":[{\"@type\":\"SearchAction\",\"target\":{\"@type\":\"EntryPoint\",\"urlTemplate\":\"https:\\\/\\\/homolog.saopaulo.sp.leg.br\\\/mulheres\\\/?s={search_term_string}\"},\"query-input\":{\"@type\":\"PropertyValueSpecification\",\"valueRequired\":true,\"valueName\":\"search_term_string\"}}],\"inLanguage\":\"pt-BR\"}]}<\/script>\r\n<!-- \/ Yoast SEO plugin. -->","yoast_head_json":{"title":"Lei Maria da Penha - Mulheres","robots":{"index":"noindex","follow":"follow","max-snippet":"max-snippet:-1","max-image-preview":"max-image-preview:large","max-video-preview":"max-video-preview:-1"},"og_locale":"pt_BR","og_type":"article","og_title":"Lei Maria da Penha - Mulheres","og_description":"A Lei Maria da Penha foi sancionada em 7 de agosto de 2006 e possui 46 artigos distribu\u00eddos em sete t\u00edtulos. Considerada pela ONU (Organiza\u00e7\u00e3o das Na\u00e7\u00f5es Unidas) uma das tr\u00eas mais avan\u00e7adas do mundo, a lei: Cria mecanismos para prevenir e coibir a viol\u00eancia dom\u00e9stica e familiar contra a mulher em conformidade com a... Leia Mais &raquo;","og_url":"https:\/\/www.saopaulo.sp.leg.br\/mulheres\/legislacao\/lei-maria-da-penha\/","og_site_name":"Mulheres","article_modified_time":"2024-03-25T19:29:50+00:00","og_image":[{"url":"https:\/\/www.saopaulo.sp.leg.br\/mulheres\/wp-content\/uploads\/sites\/35\/2021\/05\/justice-150x150.png","type":"","width":"","height":""}],"twitter_card":"summary_large_image","twitter_misc":{"Est. tempo de leitura":"2 minutos"},"schema":{"@context":"https:\/\/schema.org","@graph":[{"@type":"WebPage","@id":"https:\/\/www.saopaulo.sp.leg.br\/mulheres\/legislacao\/lei-maria-da-penha\/","url":"https:\/\/www.saopaulo.sp.leg.br\/mulheres\/legislacao\/lei-maria-da-penha\/","name":"Lei Maria da Penha - Mulheres","isPartOf":{"@id":"https:\/\/homolog.saopaulo.sp.leg.br\/mulheres\/#website"},"primaryImageOfPage":{"@id":"https:\/\/www.saopaulo.sp.leg.br\/mulheres\/legislacao\/lei-maria-da-penha\/#primaryimage"},"image":{"@id":"https:\/\/www.saopaulo.sp.leg.br\/mulheres\/legislacao\/lei-maria-da-penha\/#primaryimage"},"thumbnailUrl":"https:\/\/homolog.saopaulo.sp.leg.br\/mulheres\/wp-content\/uploads\/sites\/35\/2021\/05\/justice-150x150.png","datePublished":"2020-07-22T19:40:02+00:00","dateModified":"2024-03-25T19:29:50+00:00","breadcrumb":{"@id":"https:\/\/www.saopaulo.sp.leg.br\/mulheres\/legislacao\/lei-maria-da-penha\/#breadcrumb"},"inLanguage":"pt-BR","potentialAction":[{"@type":"ReadAction","target":["https:\/\/www.saopaulo.sp.leg.br\/mulheres\/legislacao\/lei-maria-da-penha\/"]}]},{"@type":"ImageObject","inLanguage":"pt-BR","@id":"https:\/\/www.saopaulo.sp.leg.br\/mulheres\/legislacao\/lei-maria-da-penha\/#primaryimage","url":"https:\/\/homolog.saopaulo.sp.leg.br\/mulheres\/wp-content\/uploads\/sites\/35\/2021\/05\/justice-150x150.png","contentUrl":"https:\/\/homolog.saopaulo.sp.leg.br\/mulheres\/wp-content\/uploads\/sites\/35\/2021\/05\/justice-150x150.png"},{"@type":"BreadcrumbList","@id":"https:\/\/www.saopaulo.sp.leg.br\/mulheres\/legislacao\/lei-maria-da-penha\/#breadcrumb","itemListElement":[{"@type":"ListItem","position":1,"name":"In\u00edcio","item":"https:\/\/www.saopaulo.sp.leg.br\/mulheres\/"},{"@type":"ListItem","position":2,"name":"Legisla\u00e7\u00e3o","item":"https:\/\/www.saopaulo.sp.leg.br\/mulheres\/legislacao\/"},{"@type":"ListItem","position":3,"name":"Lei Maria da Penha"}]},{"@type":"WebSite","@id":"https:\/\/homolog.saopaulo.sp.leg.br\/mulheres\/#website","url":"https:\/\/homolog.saopaulo.sp.leg.br\/mulheres\/","name":"Mulheres","description":"Mulheres","potentialAction":[{"@type":"SearchAction","target":{"@type":"EntryPoint","urlTemplate":"https:\/\/homolog.saopaulo.sp.leg.br\/mulheres\/?s={search_term_string}"},"query-input":{"@type":"PropertyValueSpecification","valueRequired":true,"valueName":"search_term_string"}}],"inLanguage":"pt-BR"}]}},"_links":{"self":[{"href":"https:\/\/homolog.saopaulo.sp.leg.br\/mulheres\/wp-json\/wp\/v2\/pages\/1271","targetHints":{"allow":["GET"]}}],"collection":[{"href":"https:\/\/homolog.saopaulo.sp.leg.br\/mulheres\/wp-json\/wp\/v2\/pages"}],"about":[{"href":"https:\/\/homolog.saopaulo.sp.leg.br\/mulheres\/wp-json\/wp\/v2\/types\/page"}],"author":[{"embeddable":true,"href":"https:\/\/homolog.saopaulo.sp.leg.br\/mulheres\/wp-json\/wp\/v2\/users\/544"}],"replies":[{"embeddable":true,"href":"https:\/\/homolog.saopaulo.sp.leg.br\/mulheres\/wp-json\/wp\/v2\/comments?post=1271"}],"version-history":[{"count":6,"href":"https:\/\/homolog.saopaulo.sp.leg.br\/mulheres\/wp-json\/wp\/v2\/pages\/1271\/revisions"}],"predecessor-version":[{"id":2606,"href":"https:\/\/homolog.saopaulo.sp.leg.br\/mulheres\/wp-json\/wp\/v2\/pages\/1271\/revisions\/2606"}],"up":[{"embeddable":true,"href":"https:\/\/homolog.saopaulo.sp.leg.br\/mulheres\/wp-json\/wp\/v2\/pages\/1266"}],"wp:attachment":[{"href":"https:\/\/homolog.saopaulo.sp.leg.br\/mulheres\/wp-json\/wp\/v2\/media?parent=1271"}],"curies":[{"name":"wp","href":"https:\/\/api.w.org\/{rel}","templated":true}]}}