{"id":2056,"date":"2021-06-22T10:53:39","date_gmt":"2021-06-22T13:53:39","guid":{"rendered":"https:\/\/homolog.saopaulo.sp.leg.br\/mulheres\/?page_id=2056"},"modified":"2023-03-07T13:30:02","modified_gmt":"2023-03-07T16:30:02","slug":"programa-tempo-de-despertar","status":"publish","type":"page","link":"https:\/\/homolog.saopaulo.sp.leg.br\/mulheres\/legislacao\/programa-tempo-de-despertar\/","title":{"rendered":"Programa Tempo de Despertar\u00a0"},"content":{"rendered":"<p>O Programa Tempo de Despertar promove a reflex\u00e3o, conscientiza\u00e7\u00e3o e responsabiliza\u00e7\u00e3o dos autores de viol\u00eancia dom\u00e9stica, por meio de grupos reflexivos de homens. O projeto atende autores de viol\u00eancia contra a mulher com inqu\u00e9rito policial, medida protetiva ou processo criminal em curso, com exce\u00e7\u00e3o para casos de feminic\u00eddio ou viol\u00eancia sexual.<\/p>\n<p>Proposta pela C\u00e2mara Municipal atrav\u00e9s do <a href=\"http:\/\/splegisconsulta.\/Pesquisa\/DetailsDetalhado?COD_MTRA_LEGL=1&amp;ANO_PCSS_CMSP=2017&amp;COD_PCSS_CMSP=390\" target=\"_blank\" rel=\"noopener\"><span class=\"s2\">PL (Projeto de Lei) 390\/2017<\/span><\/a>, a <a href=\"https:\/\/app-plpconsulta-prd.azurewebsites.net\/Forms\/MostrarArquivo.aspx?ID=4322&amp;TipArq=1\" target=\"_blank\" rel=\"noopener\"><span class=\"s2\">Lei n\u00ba 16.732, de 1\u00ba de novembro de 2017<\/span><\/a>, que instituiu o programa, foi regulamentada por meio do <a href=\"https:\/\/app-plpconsulta-prd.azurewebsites.net\/Forms\/MostrarArquivo?ID=3476&amp;TipArq=1\" target=\"_blank\" rel=\"noopener\">Decreto n\u00ba 58.334, de 24 de julho de 2018<\/a> e tem como diretrizes:<\/p>\n<ul>\n<li>A conscientiza\u00e7\u00e3o e responsabiliza\u00e7\u00e3o dos autores de viol\u00eancia dom\u00e9stica contra a mulher, tendo como par\u00e2metro a <a href=\"http:\/\/www.planalto.gov.br\/ccivil_03\/_ato2004-2006\/2006\/lei\/l11340.htm\">Lei Federal n\u00ba 11.340, de 7 de agosto de 2006<\/a> (Lei Maria da Penha);<\/li>\n<li>A transforma\u00e7\u00e3o e rompimento com a cultura de viol\u00eancia contra a mulher, em todas as suas formas e intensidades de manifesta\u00e7\u00e3o;<\/li>\n<li>A desconstru\u00e7\u00e3o da cultura do machismo;<\/li>\n<li>O combate \u00e0 viol\u00eancia dom\u00e9stica contra a mulher;<\/li>\n<li>O fomento \u00e0 participa\u00e7\u00e3o do Minist\u00e9rio P\u00fablico e do Poder Judici\u00e1rio no encaminhamento dos autores de viol\u00eancia dom\u00e9stica contra a mulher.<\/li>\n<\/ul>\n","protected":false},"excerpt":{"rendered":"<p>O Programa Tempo de Despertar promove a reflex\u00e3o, conscientiza\u00e7\u00e3o e responsabiliza\u00e7\u00e3o dos autores de viol\u00eancia dom\u00e9stica, por meio de grupos reflexivos de homens. O projeto atende autores de viol\u00eancia contra a mulher com inqu\u00e9rito policial, medida protetiva ou processo criminal em curso, com exce\u00e7\u00e3o para casos de feminic\u00eddio ou viol\u00eancia sexual. Proposta pela C\u00e2mara Municipal&#8230;  <a class=\"excerpt-read-more\" href=\"https:\/\/homolog.saopaulo.sp.leg.br\/mulheres\/legislacao\/programa-tempo-de-despertar\/\" title=\"Leia Programa Tempo de Despertar\u00a0\">Leia Mais &raquo;<\/a><\/p>\n","protected":false},"author":733,"featured_media":0,"parent":1266,"menu_order":0,"comment_status":"closed","ping_status":"closed","template":"page-lei.php","meta":{"_acf_changed":false,"footnotes":""},"class_list":["post-2056","page","type-page","status-publish","hentry"],"acf":[],"yoast_head":"<!-- This site is optimized with the Yoast SEO plugin v27.6 - https:\/\/yoast.com\/product\/yoast-seo-wordpress\/ -->\r\n<title>Programa Tempo de Despertar\u00a0 - Mulheres<\/title>\r\n<meta name=\"robots\" content=\"noindex, follow, max-snippet:-1, max-image-preview:large, max-video-preview:-1\" \/>\r\n<meta property=\"og:locale\" content=\"pt_BR\" \/>\r\n<meta property=\"og:type\" content=\"article\" \/>\r\n<meta property=\"og:title\" content=\"Programa Tempo de Despertar\u00a0 - Mulheres\" \/>\r\n<meta property=\"og:description\" content=\"O Programa Tempo de Despertar promove a reflex\u00e3o, conscientiza\u00e7\u00e3o e responsabiliza\u00e7\u00e3o dos autores de viol\u00eancia dom\u00e9stica, por meio de grupos reflexivos de homens. O projeto atende autores de viol\u00eancia contra a mulher com inqu\u00e9rito policial, medida protetiva ou processo criminal em curso, com exce\u00e7\u00e3o para casos de feminic\u00eddio ou viol\u00eancia sexual. Proposta pela C\u00e2mara Municipal... Leia Mais &raquo;\" \/>\r\n<meta property=\"og:url\" content=\"https:\/\/www.saopaulo.sp.leg.br\/mulheres\/legislacao\/programa-tempo-de-despertar\/\" \/>\r\n<meta property=\"og:site_name\" content=\"Mulheres\" \/>\r\n<meta property=\"article:modified_time\" content=\"2023-03-07T16:30:02+00:00\" \/>\r\n<meta name=\"twitter:card\" content=\"summary_large_image\" \/>\r\n<meta name=\"twitter:label1\" content=\"Est. tempo de leitura\" \/>\n\t<meta name=\"twitter:data1\" content=\"1 minuto\" \/>\r\n<script type=\"application\/ld+json\" class=\"yoast-schema-graph\">{\"@context\":\"https:\\\/\\\/schema.org\",\"@graph\":[{\"@type\":\"WebPage\",\"@id\":\"https:\\\/\\\/www.saopaulo.sp.leg.br\\\/mulheres\\\/legislacao\\\/programa-tempo-de-despertar\\\/\",\"url\":\"https:\\\/\\\/www.saopaulo.sp.leg.br\\\/mulheres\\\/legislacao\\\/programa-tempo-de-despertar\\\/\",\"name\":\"Programa Tempo de Despertar\u00a0 - Mulheres\",\"isPartOf\":{\"@id\":\"https:\\\/\\\/homolog.saopaulo.sp.leg.br\\\/mulheres\\\/#website\"},\"datePublished\":\"2021-06-22T13:53:39+00:00\",\"dateModified\":\"2023-03-07T16:30:02+00:00\",\"breadcrumb\":{\"@id\":\"https:\\\/\\\/www.saopaulo.sp.leg.br\\\/mulheres\\\/legislacao\\\/programa-tempo-de-despertar\\\/#breadcrumb\"},\"inLanguage\":\"pt-BR\",\"potentialAction\":[{\"@type\":\"ReadAction\",\"target\":[\"https:\\\/\\\/www.saopaulo.sp.leg.br\\\/mulheres\\\/legislacao\\\/programa-tempo-de-despertar\\\/\"]}]},{\"@type\":\"BreadcrumbList\",\"@id\":\"https:\\\/\\\/www.saopaulo.sp.leg.br\\\/mulheres\\\/legislacao\\\/programa-tempo-de-despertar\\\/#breadcrumb\",\"itemListElement\":[{\"@type\":\"ListItem\",\"position\":1,\"name\":\"In\u00edcio\",\"item\":\"https:\\\/\\\/www.saopaulo.sp.leg.br\\\/mulheres\\\/\"},{\"@type\":\"ListItem\",\"position\":2,\"name\":\"Legisla\u00e7\u00e3o\",\"item\":\"https:\\\/\\\/www.saopaulo.sp.leg.br\\\/mulheres\\\/legislacao\\\/\"},{\"@type\":\"ListItem\",\"position\":3,\"name\":\"Programa Tempo de Despertar\u00a0\"}]},{\"@type\":\"WebSite\",\"@id\":\"https:\\\/\\\/homolog.saopaulo.sp.leg.br\\\/mulheres\\\/#website\",\"url\":\"https:\\\/\\\/homolog.saopaulo.sp.leg.br\\\/mulheres\\\/\",\"name\":\"Mulheres\",\"description\":\"Mulheres\",\"potentialAction\":[{\"@type\":\"SearchAction\",\"target\":{\"@type\":\"EntryPoint\",\"urlTemplate\":\"https:\\\/\\\/homolog.saopaulo.sp.leg.br\\\/mulheres\\\/?s={search_term_string}\"},\"query-input\":{\"@type\":\"PropertyValueSpecification\",\"valueRequired\":true,\"valueName\":\"search_term_string\"}}],\"inLanguage\":\"pt-BR\"}]}<\/script>\r\n<!-- \/ Yoast SEO plugin. -->","yoast_head_json":{"title":"Programa Tempo de Despertar\u00a0 - Mulheres","robots":{"index":"noindex","follow":"follow","max-snippet":"max-snippet:-1","max-image-preview":"max-image-preview:large","max-video-preview":"max-video-preview:-1"},"og_locale":"pt_BR","og_type":"article","og_title":"Programa Tempo de Despertar\u00a0 - Mulheres","og_description":"O Programa Tempo de Despertar promove a reflex\u00e3o, conscientiza\u00e7\u00e3o e responsabiliza\u00e7\u00e3o dos autores de viol\u00eancia dom\u00e9stica, por meio de grupos reflexivos de homens. O projeto atende autores de viol\u00eancia contra a mulher com inqu\u00e9rito policial, medida protetiva ou processo criminal em curso, com exce\u00e7\u00e3o para casos de feminic\u00eddio ou viol\u00eancia sexual. Proposta pela C\u00e2mara Municipal... Leia Mais &raquo;","og_url":"https:\/\/www.saopaulo.sp.leg.br\/mulheres\/legislacao\/programa-tempo-de-despertar\/","og_site_name":"Mulheres","article_modified_time":"2023-03-07T16:30:02+00:00","twitter_card":"summary_large_image","twitter_misc":{"Est. tempo de leitura":"1 minuto"},"schema":{"@context":"https:\/\/schema.org","@graph":[{"@type":"WebPage","@id":"https:\/\/www.saopaulo.sp.leg.br\/mulheres\/legislacao\/programa-tempo-de-despertar\/","url":"https:\/\/www.saopaulo.sp.leg.br\/mulheres\/legislacao\/programa-tempo-de-despertar\/","name":"Programa Tempo de Despertar\u00a0 - Mulheres","isPartOf":{"@id":"https:\/\/homolog.saopaulo.sp.leg.br\/mulheres\/#website"},"datePublished":"2021-06-22T13:53:39+00:00","dateModified":"2023-03-07T16:30:02+00:00","breadcrumb":{"@id":"https:\/\/www.saopaulo.sp.leg.br\/mulheres\/legislacao\/programa-tempo-de-despertar\/#breadcrumb"},"inLanguage":"pt-BR","potentialAction":[{"@type":"ReadAction","target":["https:\/\/www.saopaulo.sp.leg.br\/mulheres\/legislacao\/programa-tempo-de-despertar\/"]}]},{"@type":"BreadcrumbList","@id":"https:\/\/www.saopaulo.sp.leg.br\/mulheres\/legislacao\/programa-tempo-de-despertar\/#breadcrumb","itemListElement":[{"@type":"ListItem","position":1,"name":"In\u00edcio","item":"https:\/\/www.saopaulo.sp.leg.br\/mulheres\/"},{"@type":"ListItem","position":2,"name":"Legisla\u00e7\u00e3o","item":"https:\/\/www.saopaulo.sp.leg.br\/mulheres\/legislacao\/"},{"@type":"ListItem","position":3,"name":"Programa Tempo de Despertar\u00a0"}]},{"@type":"WebSite","@id":"https:\/\/homolog.saopaulo.sp.leg.br\/mulheres\/#website","url":"https:\/\/homolog.saopaulo.sp.leg.br\/mulheres\/","name":"Mulheres","description":"Mulheres","potentialAction":[{"@type":"SearchAction","target":{"@type":"EntryPoint","urlTemplate":"https:\/\/homolog.saopaulo.sp.leg.br\/mulheres\/?s={search_term_string}"},"query-input":{"@type":"PropertyValueSpecification","valueRequired":true,"valueName":"search_term_string"}}],"inLanguage":"pt-BR"}]}},"_links":{"self":[{"href":"https:\/\/homolog.saopaulo.sp.leg.br\/mulheres\/wp-json\/wp\/v2\/pages\/2056","targetHints":{"allow":["GET"]}}],"collection":[{"href":"https:\/\/homolog.saopaulo.sp.leg.br\/mulheres\/wp-json\/wp\/v2\/pages"}],"about":[{"href":"https:\/\/homolog.saopaulo.sp.leg.br\/mulheres\/wp-json\/wp\/v2\/types\/page"}],"author":[{"embeddable":true,"href":"https:\/\/homolog.saopaulo.sp.leg.br\/mulheres\/wp-json\/wp\/v2\/users\/733"}],"replies":[{"embeddable":true,"href":"https:\/\/homolog.saopaulo.sp.leg.br\/mulheres\/wp-json\/wp\/v2\/comments?post=2056"}],"version-history":[{"count":5,"href":"https:\/\/homolog.saopaulo.sp.leg.br\/mulheres\/wp-json\/wp\/v2\/pages\/2056\/revisions"}],"predecessor-version":[{"id":2488,"href":"https:\/\/homolog.saopaulo.sp.leg.br\/mulheres\/wp-json\/wp\/v2\/pages\/2056\/revisions\/2488"}],"up":[{"embeddable":true,"href":"https:\/\/homolog.saopaulo.sp.leg.br\/mulheres\/wp-json\/wp\/v2\/pages\/1266"}],"wp:attachment":[{"href":"https:\/\/homolog.saopaulo.sp.leg.br\/mulheres\/wp-json\/wp\/v2\/media?parent=2056"}],"curies":[{"name":"wp","href":"https:\/\/api.w.org\/{rel}","templated":true}]}}