{"id":9,"date":"2015-11-06T20:06:15","date_gmt":"2015-11-06T22:06:15","guid":{"rendered":"http:\/\/homolog.saopaulo.sp.leg.br\/orcamento2016\/?page_id=9"},"modified":"2016-05-13T09:56:40","modified_gmt":"2016-05-13T12:56:40","slug":"sobre-o-orcamento","status":"publish","type":"page","link":"https:\/\/homolog.saopaulo.sp.leg.br\/orcamento2016\/sobre-o-orcamento\/","title":{"rendered":"Or\u00e7amento e Participa\u00e7\u00e3o"},"content":{"rendered":"<p class=\"entry-title single-title\">A C\u00e2mara aprovou o substitutivo da Comiss\u00e3o de Finan\u00e7as ao Projeto de Lei (PL) 538\/2015, <a href=\"http:\/\/homolog.saopaulo.sp.leg.br\/iah\/fulltext\/parecer\/FINS2417-2015.pdf\" target=\"_blank\">clique aqui para conferir o projeto aprovado.<\/a><\/p>\n<p class=\"entry-title single-title\">O Projeto de Lei (PL) 538\/2015, elaborado pelo Executivo, que estima a receita e fixa a despesa do munic\u00edpio para o pr\u00f3ximo ano, foi aprovado\u00a0na C\u00e2mara Municipal de S\u00e3o Paulo. A previs\u00e3o \u00e9 que a capital paulista ter\u00e1 R$ 54,4 bilh\u00f5es de receita, sendo que parte destes recursos foi obtida por meio da renegocia\u00e7\u00e3o da d\u00edvida da cidade com a Uni\u00e3o.<\/p>\n<p>Participaram da discuss\u00e3o do or\u00e7amento tanto os vereadores da C\u00e2mara como a sociedade civil, por meio das audi\u00eancias p\u00fablicas programadas e via este hotsite, no Link <a href=\"http:\/\/homolog.saopaulo.sp.leg.br\/orcamento2016\/participe\/\">Participe!<\/a><\/p>\n<p>Ap\u00f3s\u00a0chegar ao Legislativo, a proposta do novo or\u00e7amento foi analisada pela Comiss\u00e3o de Finan\u00e7as e Or\u00e7amento, que em 2015 foi presidida pelo <strong>vereador Jos\u00e9 Police Neto (PSD),<\/strong> tendo como integrantes os <strong>vereadores Abou Anni (PV), Adilson Amadeu (PTB), Aur\u00e9lio Nomura (PSDB), Jair Tatto (PT), Milton Leite (DEM), Ota (PROS), Paulo Fiorilo (PT) e Ricardo Nunes (PMDB).<\/strong><br \/>\nA Comiss\u00e3o designou o vereador Milton Leite como relator, que ser\u00e1 auxiliado pelos vereadores Ricardo Nunes e Jair Tatto, que elaboraram o texto final.<\/p>\n<p>O projeto passou\u00a0por audi\u00eancias p\u00fablicas tem\u00e1ticas antes de ser encaminhado ao plen\u00e1rio para primeira vota\u00e7\u00e3o. Os vereadores puderam apresentar emendas que foram\u00a0incorporadas ao texto. Os parlamentares apresentam mais de seis mil sugest\u00f5es, sendo que 800 foram acatadas.<\/p>\n<p><strong>Veja abaixo um passo a passo da tramita\u00e7\u00e3o do Projeto de Lei na C\u00e2mara\u00a0<\/strong><\/p>\n<a href=\"http:\/\/homolog.saopaulo.sp.leg.br\/orcamento2016\/wp-content\/uploads\/sites\/17\/2015\/11\/info_or\u00e7amento_2016_3-3.jpg\"><img loading=\"lazy\" decoding=\"async\" class=\"aligncenter wp-image-57 size-full\" src=\"http:\/\/homolog.saopaulo.sp.leg.br\/orcamento2016\/wp-content\/uploads\/sites\/17\/2015\/11\/info_or\u00e7amento_2016_3-3.jpg\" alt=\"Tramita\u00e7\u00e3o do Or\u00e7amento na C\u00e2mara\" width=\"630\" height=\"2120\" srcset=\"https:\/\/homolog.saopaulo.sp.leg.br\/orcamento2016\/wp-content\/uploads\/sites\/17\/2015\/11\/info_or\u00e7amento_2016_3-3.jpg 630w, https:\/\/homolog.saopaulo.sp.leg.br\/orcamento2016\/wp-content\/uploads\/sites\/17\/2015\/11\/info_or\u00e7amento_2016_3-3-89x300.jpg 89w, https:\/\/homolog.saopaulo.sp.leg.br\/orcamento2016\/wp-content\/uploads\/sites\/17\/2015\/11\/info_or\u00e7amento_2016_3-3-304x1024.jpg 304w\" sizes=\"auto, (max-width: 630px) 100vw, 630px\" \/><\/a>\n<h2 style=\"text-align: center;\">Raio X do Or\u00e7amento<\/h2>\n<p style=\"text-align: center;\">Confira <a href=\"http:\/\/homolog.saopaulo.sp.leg.br\/orcamento2016\/wp-content\/uploads\/sites\/17\/2015\/11\/IndicaPaulistano-64-Orc16.pdf\" target=\"_blank\">aqui<\/a> estudo elaborado pela Consultoria T\u00e9cnica de Economia e Or\u00e7amento (CTEO).<\/p>\n","protected":false},"excerpt":{"rendered":"<p>A C\u00e2mara aprovou o substitutivo da Comiss\u00e3o de Finan\u00e7as ao Projeto de Lei (PL) 538\/2015, clique aqui para conferir o projeto aprovado. O Projeto de Lei (PL) 538\/2015, elaborado pelo Executivo, que estima a receita e fixa a despesa do munic\u00edpio para o pr\u00f3ximo ano, foi aprovado\u00a0na C\u00e2mara Municipal de S\u00e3o Paulo. A previs\u00e3o \u00e9&#8230;  <a class=\"excerpt-read-more\" href=\"https:\/\/homolog.saopaulo.sp.leg.br\/orcamento2016\/sobre-o-orcamento\/\" title=\"Read Or\u00e7amento e Participa\u00e7\u00e3o\">Ler mais &raquo;<\/a><\/p>\n","protected":false},"author":1,"featured_media":0,"parent":0,"menu_order":0,"comment_status":"closed","ping_status":"closed","template":"page-sobre-orcamento.php","meta":{"footnotes":""},"class_list":["post-9","page","type-page","status-publish","hentry"],"_links":{"self":[{"href":"https:\/\/homolog.saopaulo.sp.leg.br\/orcamento2016\/wp-json\/wp\/v2\/pages\/9","targetHints":{"allow":["GET"]}}],"collection":[{"href":"https:\/\/homolog.saopaulo.sp.leg.br\/orcamento2016\/wp-json\/wp\/v2\/pages"}],"about":[{"href":"https:\/\/homolog.saopaulo.sp.leg.br\/orcamento2016\/wp-json\/wp\/v2\/types\/page"}],"author":[{"embeddable":true,"href":"https:\/\/homolog.saopaulo.sp.leg.br\/orcamento2016\/wp-json\/wp\/v2\/users\/1"}],"replies":[{"embeddable":true,"href":"https:\/\/homolog.saopaulo.sp.leg.br\/orcamento2016\/wp-json\/wp\/v2\/comments?post=9"}],"version-history":[{"count":5,"href":"https:\/\/homolog.saopaulo.sp.leg.br\/orcamento2016\/wp-json\/wp\/v2\/pages\/9\/revisions"}],"predecessor-version":[{"id":143,"href":"https:\/\/homolog.saopaulo.sp.leg.br\/orcamento2016\/wp-json\/wp\/v2\/pages\/9\/revisions\/143"}],"wp:attachment":[{"href":"https:\/\/homolog.saopaulo.sp.leg.br\/orcamento2016\/wp-json\/wp\/v2\/media?parent=9"}],"curies":[{"name":"wp","href":"https:\/\/api.w.org\/{rel}","templated":true}]}}