{"id":16,"date":"2017-10-20T09:48:55","date_gmt":"2017-10-20T11:48:55","guid":{"rendered":"http:\/\/homolog.saopaulo.sp.leg.br\/orcamento2018\/?page_id=16"},"modified":"2017-12-19T18:07:46","modified_gmt":"2017-12-19T20:07:46","slug":"orcamento-e-participacao","status":"publish","type":"page","link":"https:\/\/homolog.saopaulo.sp.leg.br\/orcamento2018\/orcamento-e-participacao\/","title":{"rendered":"Entenda"},"content":{"rendered":"<img loading=\"lazy\" decoding=\"async\" class=\"alignnone wp-image-351\" src=\"http:\/\/homolog.saopaulo.sp.leg.br\/orcamento2018\/wp-content\/uploads\/sites\/25\/2017\/10\/logo-or\u00e7amento-2018.png\" alt=\"\" width=\"211\" height=\"79\" srcset=\"https:\/\/homolog.saopaulo.sp.leg.br\/orcamento2018\/wp-content\/uploads\/sites\/25\/2017\/10\/logo-or\u00e7amento-2018.png 430w, https:\/\/homolog.saopaulo.sp.leg.br\/orcamento2018\/wp-content\/uploads\/sites\/25\/2017\/10\/logo-or\u00e7amento-2018-300x112.png 300w\" sizes=\"auto, (max-width: 211px) 100vw, 211px\" \/>\n<p><iframe loading=\"lazy\" width=\"680\" height=\"383\" src=\"https:\/\/www.youtube.com\/embed\/-bZ69Owia8E?feature=oembed\" frameborder=\"0\" gesture=\"media\" allow=\"encrypted-media\" allowfullscreen><\/iframe><\/p>\n<p>A Proposta de Lei Or\u00e7ament\u00e1ria 2018 (<a href=\"http:\/\/homolog.saopaulo.sp.leg.br\/iah\/fulltext\/projeto\/PL0686-2017.pdf\" target=\"_blank\" rel=\"noopener\">PL 686\/2017<\/a>) \u2013 que estima as receitas e fixa as despesas da capital paulista para o pr\u00f3ximo ano \u2013 foi aprovada na C\u00e2mara Municipal de S\u00e3o Paulo. Confira o projeto aprovado em nossa se\u00e7\u00e3o &#8211; <a href=\"http:\/\/homolog.saopaulo.sp.leg.br\/orcamento2018\/arquivos\/\">arquivos<\/a>.<\/p>\n<p>O Or\u00e7amento aprovado prev\u00ea R$ 56,3 bilh\u00f5es para 2018 \u2013 o que representa um aumento de cerca de 3% se comparado ao do ano anterior.<\/p>\n<p>O relator geral da proposta foi o vereador Ricardo Nunes (PMDB), que contou com a sub-relatoria espec\u00edfica para a \u00e1rea de Cultura, conduzida pelo vereador Z\u00e9 Turin (PHS) e outra sub-relatoria, de Servi\u00e7os e Obras, conduzida pelo vereador Rodrigo Goulart (PSD).<\/p>\n<p>Buscando garantir que a proposta aprovada atenda a maioria das demandas da popula\u00e7\u00e3o, a Comiss\u00e3o de Finan\u00e7as e Or\u00e7amento realizou audi\u00eancias p\u00fablicas gerais, tem\u00e1ticas e regionais. Veja\u00a0<a href=\"http:\/\/homolog.saopaulo.sp.leg.br\/orcamento2018\/audiencias-realizadas\/\">aqui <\/a>o registro completo de todas as audi\u00eancias realizadas.<\/p>\n<p><strong>PPA<\/strong><\/p>\n<p><iframe loading=\"lazy\" width=\"680\" height=\"383\" src=\"https:\/\/www.youtube.com\/embed\/nM-Ap65-Fdo?feature=oembed\" frameborder=\"0\" gesture=\"media\" allow=\"encrypted-media\" allowfullscreen><\/iframe><\/p>\n<p>O Or\u00e7amento deste anos foi discutido juntamente com o <a href=\"http:\/\/homolog.saopaulo.sp.leg.br\/iah\/fulltext\/projeto\/PL0687-2017.pdf\" target=\"_blank\" rel=\"noopener\">Plano Plurianual 2018-2021 (PPA)<\/a>. Essa proposta re\u00fane a\u00e7\u00f5es e metas que dever\u00e3o ser cumpridas pelo Governo a partir do pr\u00f3ximo ano.<\/p>\n<p>A Comiss\u00e3o de Finan\u00e7as designou o vereador <a href=\"http:\/\/homolog.saopaulo.sp.leg.br\/vereador\/atilio-francisco\/\" target=\"_blank\" rel=\"noopener\">At\u00edlio Francisco (PRB)<\/a> para ser relator do Projeto.<\/p>\n<p><strong>Comiss\u00e3o de Finan\u00e7as e Or\u00e7amento<\/strong><\/p>\n<p>A Lei Or\u00e7ament\u00e1ria Anual e o PPA (Plano Plurianual) tramitam na Comiss\u00e3o de Finan\u00e7as e Or\u00e7amento da C\u00e2mara Municipal de S\u00e3o Paulo. Presidida pelo vereador Jair Tatto (PT), tem como vice-presidente o vereador Isac F\u00e9lix (PR). O grupo \u00e9 integrado pelos vereadores At\u00edlio Francisco (PRB), que ser\u00e1 o relator do PPA, Aur\u00e9lio Nomura (PSDB), Reginaldo Tr\u00edpoli (PV), Ricardo Nunes (PMDB), que ser\u00e1 o relator geral da proposta or\u00e7ament\u00e1ria, Rodrigo Goulart (PSD), Ota (PSB) e Z\u00e9 Turin (PHS), sub-relator para a \u00e1rea de Cultura.<\/p>\n<p>Saiba mais sobre os vereadores que comp\u00f5em a Comiss\u00e3o clicando <a href=\"http:\/\/homolog.saopaulo.sp.leg.br\/comissao\/comissoes-do-processo-legislativo\/comissao-de-financas-e-orcamento\/\" target=\"_blank\" rel=\"noopener\">aqui<\/a>.<\/p>\n<p>&nbsp;<\/p>\n<p><strong>Veja abaixo um passo a passo da tramita\u00e7\u00e3o do Projeto de Lei na C\u00e2mara\u00a0<\/strong><\/p>\n<img loading=\"lazy\" decoding=\"async\" class=\"alignnone size-full wp-image-375 aligncenter\" src=\"http:\/\/homolog.saopaulo.sp.leg.br\/orcamento2018\/wp-content\/uploads\/sites\/25\/2017\/10\/Info-01-ok-1.png\" alt=\"\" width=\"672\" height=\"832\" srcset=\"https:\/\/homolog.saopaulo.sp.leg.br\/orcamento2018\/wp-content\/uploads\/sites\/25\/2017\/10\/Info-01-ok-1.png 672w, https:\/\/homolog.saopaulo.sp.leg.br\/orcamento2018\/wp-content\/uploads\/sites\/25\/2017\/10\/Info-01-ok-1-242x300.png 242w\" sizes=\"auto, (max-width: 672px) 100vw, 672px\" \/>\n<img loading=\"lazy\" decoding=\"async\" class=\"alignnone size-large wp-image-362 aligncenter\" src=\"http:\/\/homolog.saopaulo.sp.leg.br\/orcamento2018\/wp-content\/uploads\/sites\/25\/2017\/10\/Info-02-OK.png\" alt=\"\" width=\"672\" height=\"674\" srcset=\"https:\/\/homolog.saopaulo.sp.leg.br\/orcamento2018\/wp-content\/uploads\/sites\/25\/2017\/10\/Info-02-OK.png 672w, https:\/\/homolog.saopaulo.sp.leg.br\/orcamento2018\/wp-content\/uploads\/sites\/25\/2017\/10\/Info-02-OK-150x150.png 150w, https:\/\/homolog.saopaulo.sp.leg.br\/orcamento2018\/wp-content\/uploads\/sites\/25\/2017\/10\/Info-02-OK-300x300.png 300w, https:\/\/homolog.saopaulo.sp.leg.br\/orcamento2018\/wp-content\/uploads\/sites\/25\/2017\/10\/Info-02-OK-125x125.png 125w\" sizes=\"auto, (max-width: 672px) 100vw, 672px\" \/> <img loading=\"lazy\" decoding=\"async\" class=\"alignnone size-large wp-image-363 aligncenter\" src=\"http:\/\/homolog.saopaulo.sp.leg.br\/orcamento2018\/wp-content\/uploads\/sites\/25\/2017\/10\/Info-03-ok.png\" alt=\"\" width=\"672\" height=\"890\" srcset=\"https:\/\/homolog.saopaulo.sp.leg.br\/orcamento2018\/wp-content\/uploads\/sites\/25\/2017\/10\/Info-03-ok.png 672w, https:\/\/homolog.saopaulo.sp.leg.br\/orcamento2018\/wp-content\/uploads\/sites\/25\/2017\/10\/Info-03-ok-227x300.png 227w\" sizes=\"auto, (max-width: 672px) 100vw, 672px\" \/> <img loading=\"lazy\" decoding=\"async\" class=\"alignnone size-full wp-image-376 aligncenter\" src=\"http:\/\/homolog.saopaulo.sp.leg.br\/orcamento2018\/wp-content\/uploads\/sites\/25\/2017\/10\/Info-04-ok-1.png\" alt=\"\" width=\"672\" height=\"717\" srcset=\"https:\/\/homolog.saopaulo.sp.leg.br\/orcamento2018\/wp-content\/uploads\/sites\/25\/2017\/10\/Info-04-ok-1.png 672w, https:\/\/homolog.saopaulo.sp.leg.br\/orcamento2018\/wp-content\/uploads\/sites\/25\/2017\/10\/Info-04-ok-1-281x300.png 281w\" sizes=\"auto, (max-width: 672px) 100vw, 672px\" \/>\n","protected":false},"excerpt":{"rendered":"<p>A Proposta de Lei Or\u00e7ament\u00e1ria 2018 (PL 686\/2017) \u2013 que estima as receitas e fixa as despesas da capital paulista para o pr\u00f3ximo ano \u2013 foi aprovada na C\u00e2mara Municipal de S\u00e3o Paulo. Confira o projeto aprovado em nossa se\u00e7\u00e3o &#8211; arquivos. O Or\u00e7amento aprovado prev\u00ea R$ 56,3 bilh\u00f5es para 2018 \u2013 o que representa&#8230;  <a class=\"excerpt-read-more\" href=\"https:\/\/homolog.saopaulo.sp.leg.br\/orcamento2018\/orcamento-e-participacao\/\" title=\"Read Entenda\">Ler mais &raquo;<\/a><\/p>\n","protected":false},"author":57,"featured_media":0,"parent":0,"menu_order":0,"comment_status":"closed","ping_status":"closed","template":"page-sobre-orcamento.php","meta":{"_acf_changed":false,"footnotes":""},"class_list":["post-16","page","type-page","status-publish","hentry"],"acf":[],"_links":{"self":[{"href":"https:\/\/homolog.saopaulo.sp.leg.br\/orcamento2018\/wp-json\/wp\/v2\/pages\/16","targetHints":{"allow":["GET"]}}],"collection":[{"href":"https:\/\/homolog.saopaulo.sp.leg.br\/orcamento2018\/wp-json\/wp\/v2\/pages"}],"about":[{"href":"https:\/\/homolog.saopaulo.sp.leg.br\/orcamento2018\/wp-json\/wp\/v2\/types\/page"}],"author":[{"embeddable":true,"href":"https:\/\/homolog.saopaulo.sp.leg.br\/orcamento2018\/wp-json\/wp\/v2\/users\/57"}],"replies":[{"embeddable":true,"href":"https:\/\/homolog.saopaulo.sp.leg.br\/orcamento2018\/wp-json\/wp\/v2\/comments?post=16"}],"version-history":[{"count":5,"href":"https:\/\/homolog.saopaulo.sp.leg.br\/orcamento2018\/wp-json\/wp\/v2\/pages\/16\/revisions"}],"predecessor-version":[{"id":508,"href":"https:\/\/homolog.saopaulo.sp.leg.br\/orcamento2018\/wp-json\/wp\/v2\/pages\/16\/revisions\/508"}],"wp:attachment":[{"href":"https:\/\/homolog.saopaulo.sp.leg.br\/orcamento2018\/wp-json\/wp\/v2\/media?parent=16"}],"curies":[{"name":"wp","href":"https:\/\/api.w.org\/{rel}","templated":true}]}}