{"id":18,"date":"2017-10-20T09:50:10","date_gmt":"2017-10-20T11:50:10","guid":{"rendered":"http:\/\/homolog.saopaulo.sp.leg.br\/orcamento2018\/?page_id=18"},"modified":"2017-11-30T15:47:36","modified_gmt":"2017-11-30T17:47:36","slug":"participe","status":"publish","type":"page","link":"https:\/\/homolog.saopaulo.sp.leg.br\/orcamento2018\/participe\/","title":{"rendered":"D\u00ea sua sugest\u00e3o"},"content":{"rendered":"<p>&nbsp;<\/p>\n<h3>Obrigado por sua contribui\u00e7\u00e3o ao Or\u00e7amento 2018.<\/h3>\n<h3>Ap\u00f3s uma s\u00e9rie de Audi\u00eancias P\u00fablicas gerais, tem\u00e1ticas e regionais e a disponibiliza\u00e7\u00e3o deste espa\u00e7o para o recebimento de propostas, encerramos a fase de consultas no dia 29.11.2017.<\/h3>\n<h3>A cidade de S\u00e3o Paulo agradece sua participa\u00e7\u00e3o!<\/h3>\n","protected":false},"excerpt":{"rendered":"<p>&nbsp; Obrigado por sua contribui\u00e7\u00e3o ao Or\u00e7amento 2018. Ap\u00f3s uma s\u00e9rie de Audi\u00eancias P\u00fablicas gerais, tem\u00e1ticas e regionais e a disponibiliza\u00e7\u00e3o deste espa\u00e7o para o recebimento de propostas, encerramos a fase de consultas no dia 29.11.2017. A cidade de S\u00e3o Paulo agradece sua participa\u00e7\u00e3o!<\/p>\n","protected":false},"author":57,"featured_media":0,"parent":0,"menu_order":0,"comment_status":"closed","ping_status":"closed","template":"","meta":{"_acf_changed":false,"footnotes":""},"class_list":["post-18","page","type-page","status-publish","hentry"],"acf":[],"_links":{"self":[{"href":"https:\/\/homolog.saopaulo.sp.leg.br\/orcamento2018\/wp-json\/wp\/v2\/pages\/18","targetHints":{"allow":["GET"]}}],"collection":[{"href":"https:\/\/homolog.saopaulo.sp.leg.br\/orcamento2018\/wp-json\/wp\/v2\/pages"}],"about":[{"href":"https:\/\/homolog.saopaulo.sp.leg.br\/orcamento2018\/wp-json\/wp\/v2\/types\/page"}],"author":[{"embeddable":true,"href":"https:\/\/homolog.saopaulo.sp.leg.br\/orcamento2018\/wp-json\/wp\/v2\/users\/57"}],"replies":[{"embeddable":true,"href":"https:\/\/homolog.saopaulo.sp.leg.br\/orcamento2018\/wp-json\/wp\/v2\/comments?post=18"}],"version-history":[{"count":5,"href":"https:\/\/homolog.saopaulo.sp.leg.br\/orcamento2018\/wp-json\/wp\/v2\/pages\/18\/revisions"}],"predecessor-version":[{"id":474,"href":"https:\/\/homolog.saopaulo.sp.leg.br\/orcamento2018\/wp-json\/wp\/v2\/pages\/18\/revisions\/474"}],"wp:attachment":[{"href":"https:\/\/homolog.saopaulo.sp.leg.br\/orcamento2018\/wp-json\/wp\/v2\/media?parent=18"}],"curies":[{"name":"wp","href":"https:\/\/api.w.org\/{rel}","templated":true}]}}