{"id":82,"date":"2017-10-23T10:58:48","date_gmt":"2017-10-23T12:58:48","guid":{"rendered":"http:\/\/homolog.saopaulo.sp.leg.br\/orcamento2018\/?page_id=82"},"modified":"2017-11-06T20:02:06","modified_gmt":"2017-11-06T22:02:06","slug":"comissao","status":"publish","type":"page","link":"https:\/\/homolog.saopaulo.sp.leg.br\/orcamento2018\/comissao\/","title":{"rendered":"Comiss\u00e3o"},"content":{"rendered":"<p><img loading=\"lazy\" decoding=\"async\" class=\" wp-image-237 alignleft\" src=\"http:\/\/homolog.saopaulo.sp.leg.br\/orcamento2018\/wp-content\/uploads\/sites\/25\/2017\/10\/comissao.jpg\" alt=\"\" width=\"365\" height=\"206\" srcset=\"https:\/\/homolog.saopaulo.sp.leg.br\/orcamento2018\/wp-content\/uploads\/sites\/25\/2017\/10\/comissao.jpg 850w, https:\/\/homolog.saopaulo.sp.leg.br\/orcamento2018\/wp-content\/uploads\/sites\/25\/2017\/10\/comissao-300x169.jpg 300w, https:\/\/homolog.saopaulo.sp.leg.br\/orcamento2018\/wp-content\/uploads\/sites\/25\/2017\/10\/comissao-768x433.jpg 768w\" sizes=\"auto, (max-width: 365px) 100vw, 365px\" \/>A Comiss\u00e3o de Finan\u00e7as e Or\u00e7amento, composta por nove vereadores, \u00e9 o colegiado respons\u00e1vel por examinar e emitir parecer sobre Projetos de Lei relativos \u00e0s mat\u00e9rias or\u00e7ament\u00e1ria e tribut\u00e1ria, com destaque para o Plano Plurianual, as diretrizes or\u00e7ament\u00e1rias, o or\u00e7amento anual, os cr\u00e9ditos adicionais, e as contas apresentadas anualmente pelo prefeito, pela Mesa Diretora da C\u00e2mara, e pelo Tribunal de Contas do Munic\u00edpio, entre outras atribui\u00e7\u00f5es.<\/p>\n<p style=\"text-align: right\"><a href=\"http:\/\/homolog.saopaulo.sp.leg.br\/comissao\/comissoes-do-processo-legislativo\/comissao-de-financas-e-orcamento\/\" target=\"_blank\" rel=\"noopener\">Saiba mais sobre a Comiss\u00e3o<\/a><\/p>\n<h2><strong>Conhe\u00e7a os vereadores que comp\u00f5em a Comiss\u00e3o<\/strong><\/h2>\n<table>\n<tbody>\n<tr>\n<td style=\"text-align: center\"><a href=\"\/vereador\/jair-tatto\" target=\"_blank\" rel=\"noopener\"><img loading=\"lazy\" decoding=\"async\" class=\"alignnone\" style=\"margin-bottom: 0\" src=\"http:\/\/homolog.saopaulo.sp.leg.br\/wp-content\/uploads\/2014\/10\/jair-tatto.jpg\" alt=\"Jair Tatto\" width=\"193\" height=\"155\" \/><\/a><\/td>\n<td style=\"text-align: center\"><a href=\"\/vereador\/isac-felix\" target=\"_blank\" rel=\"noopener\"><img loading=\"lazy\" decoding=\"async\" class=\"alignnone\" style=\"margin-bottom: 0\" src=\"http:\/\/homolog.saopaulo.sp.leg.br\/wp-content\/uploads\/2017\/01\/isac_felix_2017.jpg\" alt=\"Isac Felix\" width=\"193\" height=\"155\" \/><\/a><\/td>\n<\/tr>\n<tr>\n<td>\n<table>\n<tbody>\n<tr>\n<td><img decoding=\"async\" class=\"alignnone\" style=\"margin: 0;float: left\" title=\"PT\" src=\"http:\/\/homolog.saopaulo.sp.leg.br\/wp-content\/uploads\/2017\/02\/pt.png\" width=\"40\" \/><\/td>\n<td>Jair Tatto<br \/>\n<strong>Presidente<\/strong><\/td>\n<\/tr>\n<\/tbody>\n<\/table>\n<\/td>\n<td>\n<table>\n<tbody>\n<tr>\n<td><img decoding=\"async\" style=\"margin: 0;float: left\" title=\"PR\" src=\"http:\/\/homolog.saopaulo.sp.leg.br\/wp-content\/uploads\/2017\/02\/pr.png\" width=\"40\" \/><\/td>\n<td>Isac Felix<br \/>\n<strong>Vice-Presidente<\/strong><\/td>\n<\/tr>\n<\/tbody>\n<\/table>\n<\/td>\n<\/tr>\n<\/tbody>\n<\/table>\n<table>\n<tbody>\n<tr>\n<td><a href=\"http:\/\/homolog.saopaulo.sp.leg.br\/vereador\/ricardo-nunes\/\" target=\"_blank\" rel=\"noopener\"><img loading=\"lazy\" decoding=\"async\" class=\"aligncenter\" src=\"http:\/\/homolog.saopaulo.sp.leg.br\/wp-content\/uploads\/2014\/10\/ricardo-nunes.jpg\" alt=\"Ricardo Nunes\" width=\"193\" height=\"155\" \/><\/a><\/td>\n<td><a href=\"\/vereador\/atilio-francisco\" target=\"_blank\" rel=\"noopener\"><img loading=\"lazy\" decoding=\"async\" class=\"aligncenter\" src=\"http:\/\/homolog.saopaulo.sp.leg.br\/wp-content\/uploads\/2014\/10\/atilio-francisco.jpg\" alt=\"Atilio Francisco\" width=\"193\" height=\"155\" \/><\/a><\/td>\n<td><a href=\"http:\/\/homolog.saopaulo.sp.leg.br\/vereador\/ze-turin\/\" target=\"_blank\" rel=\"noopener\"><img loading=\"lazy\" decoding=\"async\" class=\"aligncenter\" src=\"http:\/\/homolog.saopaulo.sp.leg.br\/wp-content\/uploads\/2016\/12\/Zeturin_052017.jpg\" alt=\"Z\u00e9 Turin\" width=\"193\" height=\"155\" \/><\/a><\/td>\n<td><a href=\"http:\/\/homolog.saopaulo.sp.leg.br\/vereador\/rodrigo-goulart\/\" target=\"_blank\" rel=\"noopener\"><img loading=\"lazy\" decoding=\"async\" class=\"alignnone\" src=\"http:\/\/homolog.saopaulo.sp.leg.br\/wp-content\/uploads\/2017\/01\/Rodrigo_Goulart_2017.jpg\" alt=\"Rodrigo Goulart\" width=\"193\" height=\"155\" \/><\/a><\/td>\n<\/tr>\n<tr>\n<td>\n<table>\n<tbody>\n<tr>\n<td><img decoding=\"async\" style=\"margin: 0;float: left\" src=\"http:\/\/homolog.saopaulo.sp.leg.br\/wp-content\/uploads\/2017\/02\/pmdb.png\" \/><\/td>\n<td>Ricardo Nunes<br \/>\n<strong>Relator Geral<\/strong><\/td>\n<\/tr>\n<\/tbody>\n<\/table>\n<\/td>\n<td>\n<table>\n<tbody>\n<tr>\n<td><img decoding=\"async\" style=\"margin: 0;float: left\" title=\"PRB\" src=\"http:\/\/homolog.saopaulo.sp.leg.br\/wp-content\/uploads\/2017\/02\/prb.png\" width=\"40\" \/><\/td>\n<td>Atilio Francisco<br \/>\n<strong>Relator PPA<\/strong><\/td>\n<\/tr>\n<\/tbody>\n<\/table>\n<\/td>\n<td>\n<table>\n<tbody>\n<tr>\n<td><img decoding=\"async\" style=\"margin: 0;float: left\" src=\"http:\/\/homolog.saopaulo.sp.leg.br\/wp-content\/uploads\/2017\/02\/phs.png\" \/><\/td>\n<td>Z\u00e9 Turin<br \/>\n<strong>Sub relator<br \/>\nCultura<\/strong><\/td>\n<\/tr>\n<\/tbody>\n<\/table>\n<\/td>\n<td>\n<table>\n<tbody>\n<tr>\n<td><img decoding=\"async\" style=\"margin: 0;float: left\" src=\"http:\/\/homolog.saopaulo.sp.leg.br\/wp-content\/uploads\/2017\/02\/psd.png\" \/><\/td>\n<td>Rodrigo Goulart<br \/>\n<strong>Sub relator<br \/>\nServi\u00e7os e Obras<\/strong><\/td>\n<\/tr>\n<\/tbody>\n<\/table>\n<\/td>\n<\/tr>\n<\/tbody>\n<\/table>\n<table>\n<tbody>\n<tr>\n<td><a href=\"\/vereador\/aurelio-nomura\" target=\"_blank\" rel=\"noopener\"><img loading=\"lazy\" decoding=\"async\" class=\"aligncenter\" src=\"http:\/\/homolog.saopaulo.sp.leg.br\/wp-content\/uploads\/2014\/10\/aurelio-nomura.jpg\" alt=\"Aur\u00e9lio Nomura\" width=\"193\" height=\"155\" \/><\/a><\/td>\n<td><a href=\"http:\/\/homolog.saopaulo.sp.leg.br\/vereador\/reginaldo-tripoli\/\" target=\"_blank\" rel=\"noopener\"><img loading=\"lazy\" decoding=\"async\" class=\"aligncenter\" src=\"http:\/\/homolog.saopaulo.sp.leg.br\/wp-content\/uploads\/2017\/02\/Vereador_ReginaldoTripoli_2017v2.jpg\" alt=\"Reginaldo Tripoli\" width=\"193\" height=\"155\" \/><\/a><\/td>\n<td><a href=\"http:\/\/homolog.saopaulo.sp.leg.br\/vereador\/ota\/\" target=\"_blank\" rel=\"noopener\"><img loading=\"lazy\" decoding=\"async\" class=\"aligncenter\" src=\"http:\/\/homolog.saopaulo.sp.leg.br\/wp-content\/uploads\/2014\/10\/ota.jpg\" alt=\"Ota\" width=\"193\" height=\"155\" \/><\/a><\/td>\n<\/tr>\n<tr>\n<td>\n<table>\n<tbody>\n<tr>\n<td><img decoding=\"async\" style=\"margin: 0;float: left\" title=\"PSDB\" src=\"http:\/\/homolog.saopaulo.sp.leg.br\/wp-content\/uploads\/2017\/02\/psdb.png\" width=\"40\" \/><\/td>\n<td>Aur\u00e9lio Nomura<br \/>\n<strong>Membro<\/strong><\/td>\n<\/tr>\n<\/tbody>\n<\/table>\n<\/td>\n<td>\n<table>\n<tbody>\n<tr>\n<td><img decoding=\"async\" style=\"margin: 0;float: left\" src=\"http:\/\/homolog.saopaulo.sp.leg.br\/wp-content\/uploads\/2017\/02\/pv.png\" \/><\/td>\n<td>Reginaldo Tripoli<br \/>\n<strong>Membro<\/strong><\/td>\n<\/tr>\n<\/tbody>\n<\/table>\n<\/td>\n<td>\n<table>\n<tbody>\n<tr>\n<td><img decoding=\"async\" style=\"margin: 0;float: left\" src=\"http:\/\/homolog.saopaulo.sp.leg.br\/wp-content\/uploads\/2017\/02\/psb.png\" \/><\/td>\n<td>Ota<br \/>\n<strong>Membro<\/strong><\/td>\n<\/tr>\n<\/tbody>\n<\/table>\n<\/td>\n<\/tr>\n<\/tbody>\n<\/table>\n","protected":false},"excerpt":{"rendered":"<p>A Comiss\u00e3o de Finan\u00e7as e Or\u00e7amento, composta por nove vereadores, \u00e9 o colegiado respons\u00e1vel por examinar e emitir parecer sobre Projetos de Lei relativos \u00e0s mat\u00e9rias or\u00e7ament\u00e1ria e tribut\u00e1ria, com destaque para o Plano Plurianual, as diretrizes or\u00e7ament\u00e1rias, o or\u00e7amento anual, os cr\u00e9ditos adicionais, e as contas apresentadas anualmente pelo prefeito, pela Mesa Diretora da&#8230;  <a class=\"excerpt-read-more\" href=\"https:\/\/homolog.saopaulo.sp.leg.br\/orcamento2018\/comissao\/\" title=\"Read Comiss\u00e3o\">Ler mais &raquo;<\/a><\/p>\n","protected":false},"author":414,"featured_media":0,"parent":0,"menu_order":0,"comment_status":"closed","ping_status":"closed","template":"","meta":{"_acf_changed":false,"footnotes":""},"class_list":["post-82","page","type-page","status-publish","hentry"],"acf":[],"_links":{"self":[{"href":"https:\/\/homolog.saopaulo.sp.leg.br\/orcamento2018\/wp-json\/wp\/v2\/pages\/82","targetHints":{"allow":["GET"]}}],"collection":[{"href":"https:\/\/homolog.saopaulo.sp.leg.br\/orcamento2018\/wp-json\/wp\/v2\/pages"}],"about":[{"href":"https:\/\/homolog.saopaulo.sp.leg.br\/orcamento2018\/wp-json\/wp\/v2\/types\/page"}],"author":[{"embeddable":true,"href":"https:\/\/homolog.saopaulo.sp.leg.br\/orcamento2018\/wp-json\/wp\/v2\/users\/414"}],"replies":[{"embeddable":true,"href":"https:\/\/homolog.saopaulo.sp.leg.br\/orcamento2018\/wp-json\/wp\/v2\/comments?post=82"}],"version-history":[{"count":5,"href":"https:\/\/homolog.saopaulo.sp.leg.br\/orcamento2018\/wp-json\/wp\/v2\/pages\/82\/revisions"}],"predecessor-version":[{"id":402,"href":"https:\/\/homolog.saopaulo.sp.leg.br\/orcamento2018\/wp-json\/wp\/v2\/pages\/82\/revisions\/402"}],"wp:attachment":[{"href":"https:\/\/homolog.saopaulo.sp.leg.br\/orcamento2018\/wp-json\/wp\/v2\/media?parent=82"}],"curies":[{"name":"wp","href":"https:\/\/api.w.org\/{rel}","templated":true}]}}