{"id":117,"date":"2018-10-24T14:43:46","date_gmt":"2018-10-24T17:43:46","guid":{"rendered":"http:\/\/homolog.saopaulo.sp.leg.br\/orcamento2019\/?page_id=117"},"modified":"2018-12-26T19:21:13","modified_gmt":"2018-12-26T21:21:13","slug":"de-sua-sugestao","status":"publish","type":"page","link":"https:\/\/homolog.saopaulo.sp.leg.br\/orcamento2019\/de-sua-sugestao\/","title":{"rendered":"D\u00ea sua sugest\u00e3o"},"content":{"rendered":"<h3>Obrigado por sua contribui\u00e7\u00e3o ao Or\u00e7amento 2019.<\/h3>\n<h3>Ap\u00f3s uma s\u00e9rie de Audi\u00eancias P\u00fablicas gerais, tem\u00e1ticas e regionais e a disponibiliza\u00e7\u00e3o deste espa\u00e7o para o recebimento de propostas, encerramos a fase de consultas.<\/h3>\n<h3>A cidade de S\u00e3o Paulo agradece sua participa\u00e7\u00e3o!<\/h3>\n","protected":false},"excerpt":{"rendered":"<p>Obrigado por sua contribui\u00e7\u00e3o ao Or\u00e7amento 2019. Ap\u00f3s uma s\u00e9rie de Audi\u00eancias P\u00fablicas gerais, tem\u00e1ticas e regionais e a disponibiliza\u00e7\u00e3o deste espa\u00e7o para o recebimento de propostas, encerramos a fase de consultas. A cidade de S\u00e3o Paulo agradece sua participa\u00e7\u00e3o!<\/p>\n","protected":false},"author":544,"featured_media":0,"parent":0,"menu_order":0,"comment_status":"closed","ping_status":"closed","template":"","meta":{"_acf_changed":false,"footnotes":""},"class_list":["post-117","page","type-page","status-publish","hentry"],"acf":[],"_links":{"self":[{"href":"https:\/\/homolog.saopaulo.sp.leg.br\/orcamento2019\/wp-json\/wp\/v2\/pages\/117","targetHints":{"allow":["GET"]}}],"collection":[{"href":"https:\/\/homolog.saopaulo.sp.leg.br\/orcamento2019\/wp-json\/wp\/v2\/pages"}],"about":[{"href":"https:\/\/homolog.saopaulo.sp.leg.br\/orcamento2019\/wp-json\/wp\/v2\/types\/page"}],"author":[{"embeddable":true,"href":"https:\/\/homolog.saopaulo.sp.leg.br\/orcamento2019\/wp-json\/wp\/v2\/users\/544"}],"replies":[{"embeddable":true,"href":"https:\/\/homolog.saopaulo.sp.leg.br\/orcamento2019\/wp-json\/wp\/v2\/comments?post=117"}],"version-history":[{"count":5,"href":"https:\/\/homolog.saopaulo.sp.leg.br\/orcamento2019\/wp-json\/wp\/v2\/pages\/117\/revisions"}],"predecessor-version":[{"id":310,"href":"https:\/\/homolog.saopaulo.sp.leg.br\/orcamento2019\/wp-json\/wp\/v2\/pages\/117\/revisions\/310"}],"wp:attachment":[{"href":"https:\/\/homolog.saopaulo.sp.leg.br\/orcamento2019\/wp-json\/wp\/v2\/media?parent=117"}],"curies":[{"name":"wp","href":"https:\/\/api.w.org\/{rel}","templated":true}]}}