{"id":18,"date":"2018-10-24T12:17:16","date_gmt":"2018-10-24T15:17:16","guid":{"rendered":"http:\/\/homolog.saopaulo.sp.leg.br\/orcamento2019\/?page_id=18"},"modified":"2018-10-31T16:19:13","modified_gmt":"2018-10-31T19:19:13","slug":"entenda","status":"publish","type":"page","link":"https:\/\/homolog.saopaulo.sp.leg.br\/orcamento2019\/entenda\/","title":{"rendered":"Entenda"},"content":{"rendered":"<img loading=\"lazy\" decoding=\"async\" class=\"alignnone wp-image-565\" src=\"http:\/\/homolog.saopaulo.sp.leg.br\/orcamento2019\/wp-content\/uploads\/sites\/25\/2018\/07\/Logo-Or\u00e7amento-2019-OK.png\" alt=\"\" width=\"212\" height=\"141\" \/>\n<p><iframe loading=\"lazy\" width=\"680\" height=\"383\" src=\"https:\/\/www.youtube.com\/embed\/YV9qlSFe84I?feature=oembed\" frameborder=\"0\" allow=\"autoplay; encrypted-media\" allowfullscreen><\/iframe><\/p>\n<p>A Proposta de Lei Or\u00e7ament\u00e1ria 2019 (<a href=\"https:\/\/homolog.saopaulo.sp.leg.br\/wp-content\/uploads\/2018\/09\/01-PL-2018-536.pdf\" target=\"_blank\" rel=\"noopener\">PL 536\/2018<\/a>) \u2013 que estima as receitas e fixa as despesas da capital paulista para o pr\u00f3ximo ano \u2013 est\u00e1 em tramita\u00e7\u00e3o na C\u00e2mara Municipal de S\u00e3o Paulo.<\/p>\n<p>A medida encaminhada ao Legislativo prev\u00ea um Or\u00e7amento de pouco mais de R$ 60 bilh\u00f5es para 2019 \u2013 o que representa um aumento de cerca de 6,7% se comparado ao deste ano.<\/p>\n<p>Para garantir que a proposta aprovada atenda a maioria das demandas da popula\u00e7\u00e3o, a Comiss\u00e3o de Finan\u00e7as e Or\u00e7amento est\u00e1 realizando Audi\u00eancias P\u00fablicas gerais e tem\u00e1ticas.<\/p>\n<p>Veja\u00a0<a href=\"https:\/\/homolog.saopaulo.sp.leg.br\/orcamento2019\/agenda\/\" target=\"_blank\" rel=\"noopener\">aqui<\/a> o calend\u00e1rio completo de todas as Audi\u00eancias P\u00fablicas.<\/p>\n<p>Se voc\u00ea n\u00e3o puder comparecer em alguma delas, o registro pode ser encontrado na nossa \u00e1rea de <a href=\"https:\/\/homolog.saopaulo.sp.leg.br\/orcamento2019\/audiencias-realizadas\/\" target=\"_blank\" rel=\"noopener\">Audi\u00eancias Realizadas<\/a>.<\/p>\n<p>Al\u00e9m das Audi\u00eancias P\u00fablicas presenciais, tamb\u00e9m \u00e9 poss\u00edvel participar com propostas por meio deste hotsite. Clique <a href=\"https:\/\/homolog.saopaulo.sp.leg.br\/orcamento2019\/de-sua-sugestao\/\" target=\"_blank\" rel=\"noopener\">aqui<\/a>\u00a0e encaminhe sua proposta em nosso formul\u00e1rio.<\/p>\n<p><strong>Comiss\u00e3o de Finan\u00e7as e Or\u00e7amento<\/strong><\/p>\n<p>A Lei Or\u00e7ament\u00e1ria Anual tramita na Comiss\u00e3o de Finan\u00e7as e Or\u00e7amento da C\u00e2mara Municipal de S\u00e3o Paulo. Presidida pelo vereador Jair Tatto (PT), tem como vice-presidente a vereadora Adriana Ramalho (PSDB). O grupo \u00e9 integrado tamb\u00e9m pelos vereadores At\u00edlio Francisco (PRB), Isac F\u00e9lix (PR), Fernando Holiday (DEM), Ricardo Nunes (MDB), Rute Costa (PSD), Ota (PSB) e Soninha\u00a0 (PPS).<\/p>\n<p>O relator do Projeto do Or\u00e7amento 2019 \u00e9 o vereador At\u00edlio Francisco (PRB).<\/p>\n<p>Saiba mais sobre os vereadores que comp\u00f5em a Comiss\u00e3o clicando <a href=\"http:\/\/homolog.saopaulo.sp.leg.br\/comissao\/comissoes-do-processo-legislativo\/comissao-de-financas-e-orcamento\/\" target=\"_blank\" rel=\"noopener\">aqui<\/a>.<\/p>\n<p>&nbsp;<\/p>\n<p><strong>Veja abaixo um passo a passo da tramita\u00e7\u00e3o do Projeto de Lei na C\u00e2mara\u00a0<\/strong><\/p>\n<img loading=\"lazy\" decoding=\"async\" class=\"alignnone size-full wp-image-128\" src=\"https:\/\/homolog.saopaulo.sp.leg.br\/orcamento2019\/wp-content\/uploads\/sites\/27\/2018\/10\/1.png\" alt=\"\" width=\"800\" height=\"2000\" srcset=\"https:\/\/homolog.saopaulo.sp.leg.br\/orcamento2019\/wp-content\/uploads\/sites\/27\/2018\/10\/1.png 800w, https:\/\/homolog.saopaulo.sp.leg.br\/orcamento2019\/wp-content\/uploads\/sites\/27\/2018\/10\/1-120x300.png 120w, https:\/\/homolog.saopaulo.sp.leg.br\/orcamento2019\/wp-content\/uploads\/sites\/27\/2018\/10\/1-768x1920.png 768w, https:\/\/homolog.saopaulo.sp.leg.br\/orcamento2019\/wp-content\/uploads\/sites\/27\/2018\/10\/1-410x1024.png 410w\" sizes=\"auto, (max-width: 800px) 100vw, 800px\" \/> <img loading=\"lazy\" decoding=\"async\" class=\"alignnone size-full wp-image-129\" src=\"https:\/\/homolog.saopaulo.sp.leg.br\/orcamento2019\/wp-content\/uploads\/sites\/27\/2018\/10\/2.png\" alt=\"\" width=\"800\" height=\"2000\" srcset=\"https:\/\/homolog.saopaulo.sp.leg.br\/orcamento2019\/wp-content\/uploads\/sites\/27\/2018\/10\/2.png 800w, https:\/\/homolog.saopaulo.sp.leg.br\/orcamento2019\/wp-content\/uploads\/sites\/27\/2018\/10\/2-120x300.png 120w, https:\/\/homolog.saopaulo.sp.leg.br\/orcamento2019\/wp-content\/uploads\/sites\/27\/2018\/10\/2-768x1920.png 768w, https:\/\/homolog.saopaulo.sp.leg.br\/orcamento2019\/wp-content\/uploads\/sites\/27\/2018\/10\/2-410x1024.png 410w\" sizes=\"auto, (max-width: 800px) 100vw, 800px\" \/> <img loading=\"lazy\" decoding=\"async\" class=\"alignnone size-full wp-image-127\" src=\"https:\/\/homolog.saopaulo.sp.leg.br\/orcamento2019\/wp-content\/uploads\/sites\/27\/2018\/10\/3.png\" alt=\"\" width=\"800\" height=\"897\" srcset=\"https:\/\/homolog.saopaulo.sp.leg.br\/orcamento2019\/wp-content\/uploads\/sites\/27\/2018\/10\/3.png 800w, https:\/\/homolog.saopaulo.sp.leg.br\/orcamento2019\/wp-content\/uploads\/sites\/27\/2018\/10\/3-268x300.png 268w, https:\/\/homolog.saopaulo.sp.leg.br\/orcamento2019\/wp-content\/uploads\/sites\/27\/2018\/10\/3-768x861.png 768w\" sizes=\"auto, (max-width: 800px) 100vw, 800px\" \/>\n","protected":false},"excerpt":{"rendered":"<p>A Proposta de Lei Or\u00e7ament\u00e1ria 2019 (PL 536\/2018) \u2013 que estima as receitas e fixa as despesas da capital paulista para o pr\u00f3ximo ano \u2013 est\u00e1 em tramita\u00e7\u00e3o na C\u00e2mara Municipal de S\u00e3o Paulo. A medida encaminhada ao Legislativo prev\u00ea um Or\u00e7amento de pouco mais de R$ 60 bilh\u00f5es para 2019 \u2013 o que representa&#8230;  <a class=\"excerpt-read-more\" href=\"https:\/\/homolog.saopaulo.sp.leg.br\/orcamento2019\/entenda\/\" title=\"Read Entenda\">Ler mais &raquo;<\/a><\/p>\n","protected":false},"author":544,"featured_media":0,"parent":0,"menu_order":0,"comment_status":"closed","ping_status":"closed","template":"page-sobre-orcamento.php","meta":{"_acf_changed":false,"footnotes":""},"class_list":["post-18","page","type-page","status-publish","hentry"],"acf":[],"_links":{"self":[{"href":"https:\/\/homolog.saopaulo.sp.leg.br\/orcamento2019\/wp-json\/wp\/v2\/pages\/18","targetHints":{"allow":["GET"]}}],"collection":[{"href":"https:\/\/homolog.saopaulo.sp.leg.br\/orcamento2019\/wp-json\/wp\/v2\/pages"}],"about":[{"href":"https:\/\/homolog.saopaulo.sp.leg.br\/orcamento2019\/wp-json\/wp\/v2\/types\/page"}],"author":[{"embeddable":true,"href":"https:\/\/homolog.saopaulo.sp.leg.br\/orcamento2019\/wp-json\/wp\/v2\/users\/544"}],"replies":[{"embeddable":true,"href":"https:\/\/homolog.saopaulo.sp.leg.br\/orcamento2019\/wp-json\/wp\/v2\/comments?post=18"}],"version-history":[{"count":5,"href":"https:\/\/homolog.saopaulo.sp.leg.br\/orcamento2019\/wp-json\/wp\/v2\/pages\/18\/revisions"}],"predecessor-version":[{"id":133,"href":"https:\/\/homolog.saopaulo.sp.leg.br\/orcamento2019\/wp-json\/wp\/v2\/pages\/18\/revisions\/133"}],"wp:attachment":[{"href":"https:\/\/homolog.saopaulo.sp.leg.br\/orcamento2019\/wp-json\/wp\/v2\/media?parent=18"}],"curies":[{"name":"wp","href":"https:\/\/api.w.org\/{rel}","templated":true}]}}