{"id":94,"date":"2018-10-24T13:19:16","date_gmt":"2018-10-24T16:19:16","guid":{"rendered":"http:\/\/homolog.saopaulo.sp.leg.br\/orcamento2019\/?page_id=94"},"modified":"2019-02-11T18:08:36","modified_gmt":"2019-02-11T20:08:36","slug":"arquivos","status":"publish","type":"page","link":"https:\/\/homolog.saopaulo.sp.leg.br\/orcamento2019\/arquivos\/","title":{"rendered":"Arquivos"},"content":{"rendered":"<p>O Executivo enviou no dia 28 de setembro \u00e0 C\u00e2mara Municipal de S\u00e3o Paulo a Proposta de Lei Or\u00e7ament\u00e1ria 2019. O Projeto de Lei (PL) estima a receita e fixa a despesa do Munic\u00edpio para o ano que vem.<\/p>\n<p>De acordo com o \u00a0PL 536\/2018, a receita prevista \u00e9 de aproximadamente R$ 60 bilh\u00f5es.<\/p>\n<p><a href=\"https:\/\/homolog.saopaulo.sp.leg.br\/orcamento2019\/wp-content\/uploads\/sites\/27\/2019\/02\/Parecer-sobre-emendas-ao-Or\u00e7amento-2019-digitalizado-compactado.pdf\" target=\"_blank\" rel=\"noopener\">Parecer sobre emendas ao Or\u00e7amento 2019 &#8211; digitalizado-compactado<\/a><\/p>\n<p><a href=\"https:\/\/homolog.saopaulo.sp.leg.br\/orcamento2019\/wp-content\/uploads\/sites\/27\/2019\/02\/Primeiro-parecer-ao-Or\u00e7amento-2019-digitalizado-compactado-1.pdf\" target=\"_blank\" rel=\"noopener\">Primeiro parecer ao Or\u00e7amento 2019 &#8211; digitalizado-compactado\u00a0<\/a><\/p>\n<p><strong>Emendas apresentadas &#8211; Or\u00e7amento 2019<\/strong><\/p>\n<table>\n<tbody>\n<tr>\n<td><a href=\"https:\/\/homolog.saopaulo.sp.leg.br\/orcamento2019\/wp-content\/uploads\/sites\/27\/2019\/02\/Adilson-Amadeu-1.pdf\">Adilson Amadeu<\/a><\/p>\n<p><a href=\"https:\/\/homolog.saopaulo.sp.leg.br\/orcamento2019\/wp-content\/uploads\/sites\/27\/2019\/02\/Adriana-Ramalho-1.pdf\">Adriana Ramalho<\/a><\/p>\n<p><a href=\"https:\/\/homolog.saopaulo.sp.leg.br\/orcamento2019\/wp-content\/uploads\/sites\/27\/2019\/02\/Alessandro-Guedes-1.pdf\">Alessandro Guedes<\/a><\/p>\n<p><a href=\"https:\/\/homolog.saopaulo.sp.leg.br\/orcamento2019\/wp-content\/uploads\/sites\/27\/2019\/02\/Alfredinho-1.pdf\">Alfredinho<\/a><\/p>\n<p><a href=\"https:\/\/homolog.saopaulo.sp.leg.br\/orcamento2019\/wp-content\/uploads\/sites\/27\/2019\/02\/Amauri-Silva-1.pdf\">Amauri Silva<\/a><\/p>\n<p><a href=\"https:\/\/homolog.saopaulo.sp.leg.br\/orcamento2019\/wp-content\/uploads\/sites\/27\/2019\/02\/Andr\u00e9-Santos-1.pdf\">Andr\u00e9 Santos<\/a><\/p>\n<p><a href=\"https:\/\/homolog.saopaulo.sp.leg.br\/orcamento2019\/wp-content\/uploads\/sites\/27\/2019\/02\/Antonio-Donato-1.pdf\">Antonio Donato<\/a><\/p>\n<p><a href=\"https:\/\/homolog.saopaulo.sp.leg.br\/orcamento2019\/wp-content\/uploads\/sites\/27\/2019\/02\/Arselino-Tatto-1.pdf\">Arselino Tatto<\/a><\/p>\n<p><a href=\"https:\/\/homolog.saopaulo.sp.leg.br\/orcamento2019\/wp-content\/uploads\/sites\/27\/2019\/02\/At\u00edlio-Francisco-parte-1-de-2.pdf\">At\u00edlio Francisco &#8211; parte 1 de 2<\/a><\/p>\n<p><a href=\"https:\/\/homolog.saopaulo.sp.leg.br\/orcamento2019\/wp-content\/uploads\/sites\/27\/2019\/02\/At\u00edlio-Francisco-parte-2-de-2.pdf\">At\u00edlio Francisco &#8211; parte 2 de 2<\/a><\/p>\n<p><a href=\"https:\/\/homolog.saopaulo.sp.leg.br\/orcamento2019\/wp-content\/uploads\/sites\/27\/2019\/02\/Aur\u00e9lio-Nomura-1.pdf\">Aur\u00e9lio Nomura<\/a><\/p>\n<p><a href=\"https:\/\/homolog.saopaulo.sp.leg.br\/orcamento2019\/wp-content\/uploads\/sites\/27\/2019\/02\/Caio-Miranda-Carneiro.pdf\">Caio Miranda Carneiro<\/a><\/p>\n<p><a href=\"https:\/\/homolog.saopaulo.sp.leg.br\/orcamento2019\/wp-content\/uploads\/sites\/27\/2019\/02\/Camilo-Crist\u00f3faro-1.pdf\">Camilo Crist\u00f3faro<\/a><\/p>\n<p><a href=\"https:\/\/homolog.saopaulo.sp.leg.br\/orcamento2019\/wp-content\/uploads\/sites\/27\/2019\/02\/Celso-Jatene-1.pdf\">Celso Jatene<\/a><\/p>\n<p><a href=\"https:\/\/homolog.saopaulo.sp.leg.br\/orcamento2019\/wp-content\/uploads\/sites\/27\/2019\/02\/Claudinho-de-Souza-1.pdf\">Claudinho de Souza<\/a><\/p>\n<p><a href=\"https:\/\/homolog.saopaulo.sp.leg.br\/orcamento2019\/wp-content\/uploads\/sites\/27\/2019\/02\/Claudio-Fonseca.pdf\">Claudio Fonseca<\/a><\/p>\n<p><a href=\"https:\/\/homolog.saopaulo.sp.leg.br\/orcamento2019\/wp-content\/uploads\/sites\/27\/2019\/02\/Conte-Lopes-1.pdf\">Conte Lopes<\/a><\/p>\n<p><a href=\"https:\/\/homolog.saopaulo.sp.leg.br\/orcamento2019\/wp-content\/uploads\/sites\/27\/2019\/02\/Dalton-Silvano-1.pdf\">Dalton Silvano<\/a><\/td>\n<td><a href=\"https:\/\/homolog.saopaulo.sp.leg.br\/orcamento2019\/wp-content\/uploads\/sites\/27\/2019\/02\/David-Soares-1.pdf\">David Soares<\/a><\/p>\n<p><a href=\"https:\/\/homolog.saopaulo.sp.leg.br\/orcamento2019\/wp-content\/uploads\/sites\/27\/2019\/02\/Edir-Sales-1.pdf\">Edir Sales<\/a><\/p>\n<p><a href=\"https:\/\/homolog.saopaulo.sp.leg.br\/orcamento2019\/wp-content\/uploads\/sites\/27\/2019\/02\/Eduardo-Matarazzo-Suplicy-1.pdf\">Eduardo Matarazzo Suplicy<\/a><\/p>\n<p><a href=\"https:\/\/homolog.saopaulo.sp.leg.br\/orcamento2019\/wp-content\/uploads\/sites\/27\/2019\/02\/Eduardo-Tuma-1.pdf\">Eduardo Tuma<\/a><\/p>\n<p><a href=\"https:\/\/homolog.saopaulo.sp.leg.br\/orcamento2019\/wp-content\/uploads\/sites\/27\/2019\/02\/Eliseu-Gabriel-1.pdf\">Eliseu Gabriel<\/a><\/p>\n<p><a href=\"https:\/\/homolog.saopaulo.sp.leg.br\/orcamento2019\/wp-content\/uploads\/sites\/27\/2019\/02\/Fabio-Riva.pdf\">Fabio Riva<\/a><\/p>\n<p><a href=\"https:\/\/homolog.saopaulo.sp.leg.br\/orcamento2019\/wp-content\/uploads\/sites\/27\/2019\/02\/Fernando-Holiday-1.pdf\">Fernando Holiday<\/a><\/p>\n<p><a href=\"https:\/\/homolog.saopaulo.sp.leg.br\/orcamento2019\/wp-content\/uploads\/sites\/27\/2019\/02\/George-Hato-1.pdf\">George Hato<\/a><\/p>\n<p><a href=\"https:\/\/homolog.saopaulo.sp.leg.br\/orcamento2019\/wp-content\/uploads\/sites\/27\/2019\/02\/Gilson-Barreto-1.pdf\">Gilson Barreto<\/a><\/p>\n<p><a href=\"https:\/\/homolog.saopaulo.sp.leg.br\/orcamento2019\/wp-content\/uploads\/sites\/27\/2019\/02\/Lideran\u00e7a-do-PT.pdf\">Lideran\u00e7a do PT<\/a><\/p>\n<p><a href=\"https:\/\/homolog.saopaulo.sp.leg.br\/orcamento2019\/wp-content\/uploads\/sites\/27\/2019\/02\/Mario-Covas-Neto-1.pdf\">Mario Covas Neto<\/a><\/p>\n<p><a href=\"https:\/\/homolog.saopaulo.sp.leg.br\/orcamento2019\/wp-content\/uploads\/sites\/27\/2019\/02\/Milton-Ferreira-1.pdf\">Milton Ferreira<\/a><\/p>\n<p><a href=\"https:\/\/homolog.saopaulo.sp.leg.br\/orcamento2019\/wp-content\/uploads\/sites\/27\/2019\/02\/Milton-Leite-1.pdf\">Milton Leite<\/a><\/p>\n<p><a href=\"https:\/\/homolog.saopaulo.sp.leg.br\/orcamento2019\/wp-content\/uploads\/sites\/27\/2019\/02\/Isac-Felix-1.pdf\">Isac Felix<\/a><\/p>\n<p><a href=\"https:\/\/homolog.saopaulo.sp.leg.br\/orcamento2019\/wp-content\/uploads\/sites\/27\/2019\/02\/Jair-Tatto-1.pdf\">Jair Tatto<\/a><\/p>\n<p><a href=\"https:\/\/homolog.saopaulo.sp.leg.br\/orcamento2019\/wp-content\/uploads\/sites\/27\/2019\/02\/Jana\u00edna-Lima.pdf\">Jana\u00edna Lima<\/a><\/p>\n<p><a href=\"https:\/\/homolog.saopaulo.sp.leg.br\/orcamento2019\/wp-content\/uploads\/sites\/27\/2019\/02\/Jos\u00e9-Police-Neto-1.pdf\">Jos\u00e9 Police Neto<\/a><\/p>\n<p><a href=\"https:\/\/homolog.saopaulo.sp.leg.br\/orcamento2019\/wp-content\/uploads\/sites\/27\/2019\/02\/Juliana-Cardoso-1.pdf\">Juliana Cardoso<\/a><\/td>\n<td><a href=\"https:\/\/homolog.saopaulo.sp.leg.br\/orcamento2019\/wp-content\/uploads\/sites\/27\/2019\/02\/Natalini-1.pdf\">Natalini<\/a><\/p>\n<p><a href=\"https:\/\/homolog.saopaulo.sp.leg.br\/orcamento2019\/wp-content\/uploads\/sites\/27\/2019\/02\/Noemi-Nonato-1.pdf\">Noemi Nonato<\/a><\/p>\n<p><a href=\"https:\/\/homolog.saopaulo.sp.leg.br\/orcamento2019\/wp-content\/uploads\/sites\/27\/2019\/02\/Ota-1.pdf\">Ota<\/a><\/p>\n<p><a href=\"https:\/\/homolog.saopaulo.sp.leg.br\/orcamento2019\/wp-content\/uploads\/sites\/27\/2019\/02\/Patr\u00edcia-Bezerra.pdf\">Patr\u00edcia Bezerra<\/a><\/p>\n<p><a href=\"https:\/\/homolog.saopaulo.sp.leg.br\/orcamento2019\/wp-content\/uploads\/sites\/27\/2019\/02\/Paulo-Frange-1.pdf\">Paulo Frange<\/a><\/p>\n<p><a href=\"https:\/\/homolog.saopaulo.sp.leg.br\/orcamento2019\/wp-content\/uploads\/sites\/27\/2019\/02\/Quito-Formiga-1.pdf\">Quito Formiga<\/a><\/p>\n<p><a href=\"https:\/\/homolog.saopaulo.sp.leg.br\/orcamento2019\/wp-content\/uploads\/sites\/27\/2019\/02\/Reginaldo-Tripoli-1.pdf\">Reginaldo Tripoli<\/a><\/p>\n<p><a href=\"https:\/\/homolog.saopaulo.sp.leg.br\/orcamento2019\/wp-content\/uploads\/sites\/27\/2019\/02\/Reis-1.pdf\">Reis<\/a><\/p>\n<p><a href=\"https:\/\/homolog.saopaulo.sp.leg.br\/orcamento2019\/wp-content\/uploads\/sites\/27\/2019\/02\/Ricardo-Nunes-1.pdf\">Ricardo Nunes<\/a><\/p>\n<p><a href=\"https:\/\/homolog.saopaulo.sp.leg.br\/orcamento2019\/wp-content\/uploads\/sites\/27\/2019\/02\/Ricardo-Teixeira-1.pdf\">Ricardo Teixeira<\/a><\/p>\n<p><a href=\"https:\/\/homolog.saopaulo.sp.leg.br\/orcamento2019\/wp-content\/uploads\/sites\/27\/2019\/02\/Rinaldi-Digilio-1.pdf\">Rinaldi Digilio<\/a><\/p>\n<p><a href=\"https:\/\/homolog.saopaulo.sp.leg.br\/orcamento2019\/wp-content\/uploads\/sites\/27\/2019\/02\/Rodrigo-Goulart-1.pdf\">Rodrigo Goulart<\/a><\/p>\n<p><a href=\"https:\/\/homolog.saopaulo.sp.leg.br\/orcamento2019\/wp-content\/uploads\/sites\/27\/2019\/02\/Rute-Costa-1.pdf\">Rute Costa<\/a><\/p>\n<p><a href=\"https:\/\/homolog.saopaulo.sp.leg.br\/orcamento2019\/wp-content\/uploads\/sites\/27\/2019\/02\/S\u00e2mia-Bomfim.pdf\">S\u00e2mia Bomfim<\/a><\/p>\n<p><a href=\"https:\/\/homolog.saopaulo.sp.leg.br\/orcamento2019\/wp-content\/uploads\/sites\/27\/2019\/02\/Sandra-Tadeu-1.pdf\">Sandra Tadeu<\/a><\/p>\n<p><a href=\"https:\/\/homolog.saopaulo.sp.leg.br\/orcamento2019\/wp-content\/uploads\/sites\/27\/2019\/02\/Senival-Moura-1.pdf\">Senival Moura<\/a><\/p>\n<p><a href=\"https:\/\/homolog.saopaulo.sp.leg.br\/orcamento2019\/wp-content\/uploads\/sites\/27\/2019\/02\/Soninha-Francine-1.pdf\">Soninha Francine<\/a><\/p>\n<p><a href=\"https:\/\/homolog.saopaulo.sp.leg.br\/orcamento2019\/wp-content\/uploads\/sites\/27\/2019\/02\/Souza-Santos-1.pdf\">Souza Santos<\/a><\/p>\n<p><a href=\"https:\/\/homolog.saopaulo.sp.leg.br\/orcamento2019\/wp-content\/uploads\/sites\/27\/2019\/02\/Toninho-Paiva-1.pdf\">Toninho Paiva<\/a><\/p>\n<p><a href=\"https:\/\/homolog.saopaulo.sp.leg.br\/orcamento2019\/wp-content\/uploads\/sites\/27\/2019\/02\/Toninho-Vespoli-1.pdf\">Toninho Vespoli<\/a><\/p>\n<p><a href=\"https:\/\/homolog.saopaulo.sp.leg.br\/orcamento2019\/wp-content\/uploads\/sites\/27\/2019\/02\/Z\u00e9-Turin-1.pdf\">Z\u00e9 Turin<\/a><\/td>\n<\/tr>\n<\/tbody>\n<\/table>\n<p><strong>Emendas acolhidas<\/strong> <strong>\u00a0\u2013 Or\u00e7amento 2019<\/strong><\/p>\n<p><a href=\"https:\/\/homolog.saopaulo.sp.leg.br\/orcamento2019\/wp-content\/uploads\/sites\/27\/2019\/02\/Todas-as-emendas-acolhidas.pdf\">Todas as emendas acolhidas<\/a><\/p>\n<p><strong>Emendas acolhidas<\/strong> <strong>separadas por autor \u2013 Or\u00e7amento 2019<\/strong><\/p>\n<table>\n<tbody>\n<tr>\n<td><a href=\"https:\/\/homolog.saopaulo.sp.leg.br\/orcamento2019\/wp-content\/uploads\/sites\/27\/2019\/02\/Adilson-Amadeu.pdf\">Adilson Amadeu<\/a><\/p>\n<p><a href=\"https:\/\/homolog.saopaulo.sp.leg.br\/orcamento2019\/wp-content\/uploads\/sites\/27\/2019\/02\/Adriana-Ramalho.pdf\">Adriana Ramalho<\/a><\/p>\n<p><a href=\"https:\/\/homolog.saopaulo.sp.leg.br\/orcamento2019\/wp-content\/uploads\/sites\/27\/2019\/02\/Alessandro-Guedes.pdf\">Alessandro Guedes<\/a><\/p>\n<p><a href=\"https:\/\/homolog.saopaulo.sp.leg.br\/orcamento2019\/wp-content\/uploads\/sites\/27\/2019\/02\/Alfredinho.pdf\">Alfredinho<\/a><\/p>\n<p><a href=\"https:\/\/homolog.saopaulo.sp.leg.br\/orcamento2019\/wp-content\/uploads\/sites\/27\/2019\/02\/Amauri-Silva.pdf\">Amauri Silva<\/a><\/p>\n<p><a href=\"https:\/\/homolog.saopaulo.sp.leg.br\/orcamento2019\/wp-content\/uploads\/sites\/27\/2019\/02\/Andr\u00e9-Santos.pdf\">Andr\u00e9 Santos<\/a><\/p>\n<p><a href=\"https:\/\/homolog.saopaulo.sp.leg.br\/orcamento2019\/wp-content\/uploads\/sites\/27\/2019\/02\/Antonio-Donato.pdf\">Antonio Donato<\/a><\/p>\n<p><a href=\"https:\/\/homolog.saopaulo.sp.leg.br\/orcamento2019\/wp-content\/uploads\/sites\/27\/2019\/02\/Arselino-Tatto.pdf\">Arselino Tatto<\/a><\/p>\n<p><a href=\"https:\/\/homolog.saopaulo.sp.leg.br\/orcamento2019\/wp-content\/uploads\/sites\/27\/2019\/02\/At\u00edlio-Francisco.pdf\">At\u00edlio Francisco<\/a><\/p>\n<p><a href=\"https:\/\/homolog.saopaulo.sp.leg.br\/orcamento2019\/wp-content\/uploads\/sites\/27\/2019\/02\/Aur\u00e9lio-Nomura.pdf\">Aur\u00e9lio Nomura<\/a><\/p>\n<p><a href=\"https:\/\/homolog.saopaulo.sp.leg.br\/orcamento2019\/wp-content\/uploads\/sites\/27\/2019\/02\/Caio-Miranda.pdf\">Caio Miranda<\/a><\/p>\n<p><a href=\"https:\/\/homolog.saopaulo.sp.leg.br\/orcamento2019\/wp-content\/uploads\/sites\/27\/2019\/02\/Camilo-Crist\u00f3faro.pdf\">Camilo Crist\u00f3faro<\/a><\/p>\n<p><a href=\"https:\/\/homolog.saopaulo.sp.leg.br\/orcamento2019\/wp-content\/uploads\/sites\/27\/2019\/02\/Celso-Jatene.pdf\">Celso Jatene<\/a><\/p>\n<p><a href=\"https:\/\/homolog.saopaulo.sp.leg.br\/orcamento2019\/wp-content\/uploads\/sites\/27\/2019\/02\/Claudinho-de-Souza.pdf\">Claudinho de Souza<\/a><\/p>\n<p><a href=\"https:\/\/homolog.saopaulo.sp.leg.br\/orcamento2019\/wp-content\/uploads\/sites\/27\/2019\/02\/Cl\u00e1udio-Fonseca.pdf\">Cl\u00e1udio Fonseca<\/a><\/p>\n<p><a href=\"https:\/\/homolog.saopaulo.sp.leg.br\/orcamento2019\/wp-content\/uploads\/sites\/27\/2019\/02\/Conte-Lopes.pdf\">Conte Lopes<\/a><\/p>\n<p><a href=\"https:\/\/homolog.saopaulo.sp.leg.br\/orcamento2019\/wp-content\/uploads\/sites\/27\/2019\/02\/Dalton-Silvano.pdf\">Dalton Silvano<\/a><\/td>\n<td><a href=\"https:\/\/homolog.saopaulo.sp.leg.br\/orcamento2019\/wp-content\/uploads\/sites\/27\/2019\/02\/Fernando-Holiday.pdf\">Fernando Holiday<\/a><\/p>\n<p><a href=\"https:\/\/homolog.saopaulo.sp.leg.br\/orcamento2019\/wp-content\/uploads\/sites\/27\/2019\/02\/George-Hato.pdf\">George Hato<\/a><\/p>\n<p><a href=\"https:\/\/homolog.saopaulo.sp.leg.br\/orcamento2019\/wp-content\/uploads\/sites\/27\/2019\/02\/Gilson-Barreto.pdf\">Gilson Barreto<\/a><\/p>\n<p><a href=\"https:\/\/homolog.saopaulo.sp.leg.br\/orcamento2019\/wp-content\/uploads\/sites\/27\/2019\/02\/Isac-Felix.pdf\">Isac Felix<\/a><\/p>\n<p><a href=\"https:\/\/homolog.saopaulo.sp.leg.br\/orcamento2019\/wp-content\/uploads\/sites\/27\/2019\/02\/Jair-Tatto.pdf\">Jair Tatto<\/a><\/p>\n<p><a href=\"https:\/\/homolog.saopaulo.sp.leg.br\/orcamento2019\/wp-content\/uploads\/sites\/27\/2019\/02\/Janaina-Lima.pdf\">Janaina Lima<\/a><\/p>\n<p><a href=\"https:\/\/homolog.saopaulo.sp.leg.br\/orcamento2019\/wp-content\/uploads\/sites\/27\/2019\/02\/Jos\u00e9-Police-Neto.pdf\">Jos\u00e9 Police Neto<\/a><\/p>\n<p><a href=\"https:\/\/homolog.saopaulo.sp.leg.br\/orcamento2019\/wp-content\/uploads\/sites\/27\/2019\/02\/Juliana-Cardoso.pdf\">Juliana Cardoso<\/a><\/p>\n<p><a href=\"https:\/\/homolog.saopaulo.sp.leg.br\/orcamento2019\/wp-content\/uploads\/sites\/27\/2019\/02\/Mario-Covas-Neto.pdf\">Mario Covas Neto<\/a><\/p>\n<p><a href=\"https:\/\/homolog.saopaulo.sp.leg.br\/orcamento2019\/wp-content\/uploads\/sites\/27\/2019\/02\/Milton-Ferreira.pdf\">Milton Ferreira<\/a><\/p>\n<p><a href=\"https:\/\/homolog.saopaulo.sp.leg.br\/orcamento2019\/wp-content\/uploads\/sites\/27\/2019\/02\/Milton-Leite.pdf\">Milton Leite<\/a><\/p>\n<p><a href=\"https:\/\/homolog.saopaulo.sp.leg.br\/orcamento2019\/wp-content\/uploads\/sites\/27\/2019\/02\/Natalini.pdf\">Natalini<\/a><\/p>\n<p><a href=\"https:\/\/homolog.saopaulo.sp.leg.br\/orcamento2019\/wp-content\/uploads\/sites\/27\/2019\/02\/David-Soares.pdf\">David Soares<\/a><\/p>\n<p><a href=\"https:\/\/homolog.saopaulo.sp.leg.br\/orcamento2019\/wp-content\/uploads\/sites\/27\/2019\/02\/Edir-Sales.pdf\">Edir Sales<\/a><\/p>\n<p><a href=\"https:\/\/homolog.saopaulo.sp.leg.br\/orcamento2019\/wp-content\/uploads\/sites\/27\/2019\/02\/Eduardo-Matarazzo-Suplicy.pdf\">Eduardo Matarazzo Suplicy<\/a><\/p>\n<p><a href=\"https:\/\/homolog.saopaulo.sp.leg.br\/orcamento2019\/wp-content\/uploads\/sites\/27\/2019\/02\/Eduardo-Tuma.pdf\">Eduardo Tuma<\/a><\/p>\n<p><a href=\"https:\/\/homolog.saopaulo.sp.leg.br\/orcamento2019\/wp-content\/uploads\/sites\/27\/2019\/02\/Eliseu-Gabriel.pdf\">Eliseu Gabriel<\/a><\/p>\n<p><a href=\"https:\/\/homolog.saopaulo.sp.leg.br\/orcamento2019\/wp-content\/uploads\/sites\/27\/2019\/02\/F\u00e1bio-Riva.pdf\">F\u00e1bio Riva<\/a><\/td>\n<td><a href=\"https:\/\/homolog.saopaulo.sp.leg.br\/orcamento2019\/wp-content\/uploads\/sites\/27\/2019\/02\/Noemi-Nonato.pdf\">Noemi Nonato<\/a><\/p>\n<p><a href=\"https:\/\/homolog.saopaulo.sp.leg.br\/orcamento2019\/wp-content\/uploads\/sites\/27\/2019\/02\/Ota.pdf\">Ota<\/a><\/p>\n<p><a href=\"https:\/\/homolog.saopaulo.sp.leg.br\/orcamento2019\/wp-content\/uploads\/sites\/27\/2019\/02\/Patricia-Bezerra.pdf\">Patricia Bezerra<\/a><\/p>\n<p><a href=\"https:\/\/homolog.saopaulo.sp.leg.br\/orcamento2019\/wp-content\/uploads\/sites\/27\/2019\/02\/Paulo-Frange.pdf\">Paulo Frange<\/a><\/p>\n<p><a href=\"https:\/\/homolog.saopaulo.sp.leg.br\/orcamento2019\/wp-content\/uploads\/sites\/27\/2019\/02\/Quito-Formiga.pdf\">Quito Formiga<\/a><\/p>\n<p><a href=\"https:\/\/homolog.saopaulo.sp.leg.br\/orcamento2019\/wp-content\/uploads\/sites\/27\/2019\/02\/Reginaldo-Tripoli.pdf\">Reginaldo Tripoli<\/a><\/p>\n<p><a href=\"https:\/\/homolog.saopaulo.sp.leg.br\/orcamento2019\/wp-content\/uploads\/sites\/27\/2019\/02\/Reis.pdf\">Reis<\/a> <a href=\"https:\/\/homolog.saopaulo.sp.leg.br\/orcamento2019\/wp-content\/uploads\/sites\/27\/2019\/02\/Ricardo-Nunes.pdf\">Ricardo Nunes<\/a><\/p>\n<p><a href=\"https:\/\/homolog.saopaulo.sp.leg.br\/orcamento2019\/wp-content\/uploads\/sites\/27\/2019\/02\/Ricardo-Teixeira.pdf\">Ricardo Teixeira<\/a><\/p>\n<p><a href=\"https:\/\/homolog.saopaulo.sp.leg.br\/orcamento2019\/wp-content\/uploads\/sites\/27\/2019\/02\/Rinaldi-Digilio.pdf\">Rinaldi Digilio<\/a><\/p>\n<p><a href=\"https:\/\/homolog.saopaulo.sp.leg.br\/orcamento2019\/wp-content\/uploads\/sites\/27\/2019\/02\/Rodrigo-Goulart.pdf\">Rodrigo Goulart<\/a><\/p>\n<p><a href=\"https:\/\/homolog.saopaulo.sp.leg.br\/orcamento2019\/wp-content\/uploads\/sites\/27\/2019\/02\/Rute-Costa.pdf\">Rute Costa<\/a><\/p>\n<p><a href=\"https:\/\/homolog.saopaulo.sp.leg.br\/orcamento2019\/wp-content\/uploads\/sites\/27\/2019\/02\/Samia-Bomfim.pdf\">Samia Bomfim<\/a><\/p>\n<p><a href=\"https:\/\/homolog.saopaulo.sp.leg.br\/orcamento2019\/wp-content\/uploads\/sites\/27\/2019\/02\/Sandra-Tadeu.pdf\">Sandra Tadeu<\/a><\/p>\n<p><a href=\"https:\/\/homolog.saopaulo.sp.leg.br\/orcamento2019\/wp-content\/uploads\/sites\/27\/2019\/02\/Senival-Moura.pdf\">Senival Moura<\/a><\/p>\n<p><a href=\"https:\/\/homolog.saopaulo.sp.leg.br\/orcamento2019\/wp-content\/uploads\/sites\/27\/2019\/02\/Soninha-Francine.pdf\">Soninha Francine<\/a><\/p>\n<p><a href=\"https:\/\/homolog.saopaulo.sp.leg.br\/orcamento2019\/wp-content\/uploads\/sites\/27\/2019\/02\/Souza-Santos.pdf\">Souza Santos<\/a><\/p>\n<p><a href=\"https:\/\/homolog.saopaulo.sp.leg.br\/orcamento2019\/wp-content\/uploads\/sites\/27\/2019\/02\/Toninho-Paiva.pdf\">Toninho Paiva<\/a><\/p>\n<p><a href=\"https:\/\/homolog.saopaulo.sp.leg.br\/orcamento2019\/wp-content\/uploads\/sites\/27\/2019\/02\/Toninho-Vespoli.pdf\">Toninho Vespoli<\/a><\/p>\n<p><a href=\"https:\/\/homolog.saopaulo.sp.leg.br\/orcamento2019\/wp-content\/uploads\/sites\/27\/2019\/02\/Z\u00e9-Turin.pdf\">Z\u00e9 Turin<\/a><\/td>\n<\/tr>\n<\/tbody>\n<\/table>\n<p>&nbsp;<\/p>\n<p><strong>Proposta Or\u00e7ament\u00e1ria \u2013 atualiza\u00e7\u00e3o publicada em 28\/09\/2018<\/strong>Conhe\u00e7a o\u00a0<a href=\"https:\/\/homolog.saopaulo.sp.leg.br\/wp-content\/uploads\/2018\/09\/01-PL-2018-536.pdf\" target=\"_blank\" rel=\"noopener\">PL 536\/2018<\/a>\u00a0 \u2013 <a href=\"https:\/\/homolog.saopaulo.sp.leg.br\/camara-recebe-proposta-de-lei-orcamentaria-2019\/\" target=\"_blank\" rel=\"noopener\">protocolado na C\u00e2mara Municipal<\/a><a href=\"https:\/\/homolog.saopaulo.sp.leg.br\/orcamento2019\/wp-content\/uploads\/sites\/27\/2018\/10\/Mensagem-do-Prefeito.pdf\" target=\"_blank\" rel=\"noopener\">Mensagem do Prefeito<\/a><a href=\"https:\/\/homolog.saopaulo.sp.leg.br\/orcamento2019\/wp-content\/uploads\/sites\/27\/2018\/10\/Volume-1-Demonstrativos-Gerais.pdf\" target=\"_blank\" rel=\"noopener\">Volume 1 &#8211; Demonstrativos Gerais<\/a><a href=\"https:\/\/homolog.saopaulo.sp.leg.br\/orcamento2019\/wp-content\/uploads\/sites\/27\/2018\/10\/Volume-2-Legisla\u00e7\u00e3o-e-Atribui\u00e7\u00e3o.pdf\" target=\"_blank\" rel=\"noopener\">Volume 2 &#8211; Legisla\u00e7\u00e3o e Atribui\u00e7\u00e3o<\/a><a href=\"https:\/\/homolog.saopaulo.sp.leg.br\/orcamento2019\/wp-content\/uploads\/sites\/27\/2018\/10\/Volume-3-Demonstrativos-dos-\u00d3rg\u00e3os.pdf\" target=\"_blank\" rel=\"noopener\">Volume 3 &#8211; Demonstrativos dos \u00d3rg\u00e3os<\/a><a href=\"https:\/\/homolog.saopaulo.sp.leg.br\/orcamento2019\/wp-content\/uploads\/sites\/27\/2018\/10\/Volume-4-Demonstrativos-das-Subprefeituras.pdf\" target=\"_blank\" rel=\"noopener\">Volume 4 &#8211; Demonstrativos das Subprefeituras<\/a><a href=\"https:\/\/homolog.saopaulo.sp.leg.br\/orcamento2019\/wp-content\/uploads\/sites\/27\/2018\/10\/Volume-5-Demonstrativos-dos-Fundos.pdf\" target=\"_blank\" rel=\"noopener\">Volume 5 &#8211; Demonstrativos dos Fundos<\/a><a href=\"https:\/\/homolog.saopaulo.sp.leg.br\/orcamento2019\/wp-content\/uploads\/sites\/27\/2018\/10\/Volume-6-Demonstrativos-das-Autarquias-Funda\u00e7\u00f5es-e-Empresas.pdf\" target=\"_blank\" rel=\"noopener\">Volume 6 &#8211; Demonstrativos das Autarquias, Funda\u00e7\u00f5es e Empresas<\/a><a href=\"https:\/\/homolog.saopaulo.sp.leg.br\/orcamento2019\/wp-content\/uploads\/sites\/27\/2018\/10\/Volume-7-Regionaliza\u00e7\u00e3o-e-Detalhamento-das-A\u00e7\u00f5es.pdf\" target=\"_blank\" rel=\"noopener\">Volume 7 &#8211; Regionaliza\u00e7\u00e3o e Detalhamento das A\u00e7\u00f5es<\/a><br \/>\n<a href=\"http:\/\/homolog.saopaulo.sp.leg.br\/wp-content\/uploads\/2018\/10\/Indicador-Paulistano-100-outubro-2018.pdf\" target=\"_blank\" rel=\"noopener\">Boletim n\u00ba 100 do Indicador Paulistano<\/a> que faz uma an\u00e1lise da Proposta Or\u00e7ament\u00e1ria do PL 536\/2018<\/p>\n","protected":false},"excerpt":{"rendered":"<p>O Executivo enviou no dia 28 de setembro \u00e0 C\u00e2mara Municipal de S\u00e3o Paulo a Proposta de Lei Or\u00e7ament\u00e1ria 2019. O Projeto de Lei (PL) estima a receita e fixa a despesa do Munic\u00edpio para o ano que vem. De acordo com o \u00a0PL 536\/2018, a receita prevista \u00e9 de aproximadamente R$ 60 bilh\u00f5es. Parecer&#8230;  <a class=\"excerpt-read-more\" href=\"https:\/\/homolog.saopaulo.sp.leg.br\/orcamento2019\/arquivos\/\" title=\"Read Arquivos\">Ler mais &raquo;<\/a><\/p>\n","protected":false},"author":544,"featured_media":0,"parent":0,"menu_order":0,"comment_status":"closed","ping_status":"closed","template":"","meta":{"_acf_changed":false,"footnotes":""},"class_list":["post-94","page","type-page","status-publish","hentry"],"acf":[],"_links":{"self":[{"href":"https:\/\/homolog.saopaulo.sp.leg.br\/orcamento2019\/wp-json\/wp\/v2\/pages\/94","targetHints":{"allow":["GET"]}}],"collection":[{"href":"https:\/\/homolog.saopaulo.sp.leg.br\/orcamento2019\/wp-json\/wp\/v2\/pages"}],"about":[{"href":"https:\/\/homolog.saopaulo.sp.leg.br\/orcamento2019\/wp-json\/wp\/v2\/types\/page"}],"author":[{"embeddable":true,"href":"https:\/\/homolog.saopaulo.sp.leg.br\/orcamento2019\/wp-json\/wp\/v2\/users\/544"}],"replies":[{"embeddable":true,"href":"https:\/\/homolog.saopaulo.sp.leg.br\/orcamento2019\/wp-json\/wp\/v2\/comments?post=94"}],"version-history":[{"count":5,"href":"https:\/\/homolog.saopaulo.sp.leg.br\/orcamento2019\/wp-json\/wp\/v2\/pages\/94\/revisions"}],"predecessor-version":[{"id":433,"href":"https:\/\/homolog.saopaulo.sp.leg.br\/orcamento2019\/wp-json\/wp\/v2\/pages\/94\/revisions\/433"}],"wp:attachment":[{"href":"https:\/\/homolog.saopaulo.sp.leg.br\/orcamento2019\/wp-json\/wp\/v2\/media?parent=94"}],"curies":[{"name":"wp","href":"https:\/\/api.w.org\/{rel}","templated":true}]}}