{"id":96,"date":"2018-10-24T13:19:38","date_gmt":"2018-10-24T16:19:38","guid":{"rendered":"http:\/\/homolog.saopaulo.sp.leg.br\/orcamento2019\/?page_id=96"},"modified":"2018-10-31T16:00:36","modified_gmt":"2018-10-31T19:00:36","slug":"comissao","status":"publish","type":"page","link":"https:\/\/homolog.saopaulo.sp.leg.br\/orcamento2019\/comissao\/","title":{"rendered":"Comiss\u00e3o"},"content":{"rendered":"<p><a href=\"http:\/\/homolog.saopaulo.sp.leg.br\/orcamento2018\/wp-content\/uploads\/sites\/25\/2018\/08\/2018-04-18-ORD-FINANCAS-LFRANCA-02934-COMISSOES.jpg\"><img loading=\"lazy\" decoding=\"async\" class=\"alignleft wp-image-585 \" src=\"http:\/\/homolog.saopaulo.sp.leg.br\/orcamento2018\/wp-content\/uploads\/sites\/25\/2018\/08\/2018-04-18-ORD-FINANCAS-LFRANCA-02934-COMISSOES-300x100.jpg\" alt=\"\" width=\"402\" height=\"134\" \/><\/a>A Comiss\u00e3o de Finan\u00e7as e Or\u00e7amento, composta por 9 vereadores, \u00e9 respons\u00e1vel por examinar e emitir parecer sobre Projetos de Lei relativos \u00e0s mat\u00e9rias or\u00e7ament\u00e1ria e tribut\u00e1ria, com destaque para o Plano Plurianual, as diretrizes or\u00e7ament\u00e1rias, o or\u00e7amento anual, os cr\u00e9ditos adicionais, e as contas apresentadas anualmente pelo prefeito, Mesa Diretora da C\u00e2mara, e pelo TCM, entre outras atribui\u00e7\u00f5es.<\/p>\n<p style=\"text-align: right\"><a href=\"http:\/\/homolog.saopaulo.sp.leg.br\/comissao\/comissoes-do-processo-legislativo\/comissao-de-financas-e-orcamento\/\" target=\"_blank\" rel=\"noopener\">Saiba mais sobre a Comiss\u00e3o<\/a><\/p>\n<h2><strong>Conhe\u00e7a os vereadores que comp\u00f5em a Comiss\u00e3o<\/strong><\/h2>\n<table>\n<tbody>\n<tr>\n<td style=\"text-align: center\"><a href=\"\/vereador\/jair-tatto\/\"><img loading=\"lazy\" decoding=\"async\" class=\"aligncenter wp-image-602 size-full\" src=\"http:\/\/homolog.saopaulo.sp.leg.br\/orcamento2018\/wp-content\/uploads\/sites\/25\/2018\/08\/jair-tatto.jpg\" alt=\"\" width=\"193\" height=\"155\" \/><\/a><\/td>\n<td style=\"text-align: center\"><a href=\"\/vereador\/adriana-ramalho\/\" target=\"_blank\" rel=\"noopener\"><img loading=\"lazy\" decoding=\"async\" class=\"aligncenter wp-image-587 size-full\" src=\"http:\/\/homolog.saopaulo.sp.leg.br\/orcamento2018\/wp-content\/uploads\/sites\/25\/2018\/08\/Adriana-Ramalho-site-CMSP.jpg\" alt=\"\" width=\"193\" height=\"155\" \/><\/a><\/td>\n<\/tr>\n<tr>\n<td>\n<table>\n<tbody>\n<tr>\n<td><img decoding=\"async\" class=\"alignnone\" style=\"margin: 0;float: left\" title=\"PT\" src=\"http:\/\/homolog.saopaulo.sp.leg.br\/wp-content\/uploads\/2017\/02\/pt.png\" width=\"40\" \/><\/td>\n<td>Jair Tatto<br \/>\n<strong>Presidente<\/strong><\/td>\n<\/tr>\n<\/tbody>\n<\/table>\n<\/td>\n<td>\n<table>\n<tbody>\n<tr>\n<td><img decoding=\"async\" style=\"margin: 0;float: left\" title=\"PSDB\" src=\"http:\/\/homolog.saopaulo.sp.leg.br\/wp-content\/uploads\/2017\/02\/psdb.png\" width=\"40\" \/><\/td>\n<td>Adriana Ramalho<br \/>\n<strong>Vice-Presidente<\/strong><\/td>\n<\/tr>\n<\/tbody>\n<\/table>\n<\/td>\n<\/tr>\n<\/tbody>\n<\/table>\n<table>\n<tbody>\n<tr>\n<td><a href=\"\/vereador\/isac-felix\/\"><img loading=\"lazy\" decoding=\"async\" class=\"alignleft wp-image-594 size-full\" src=\"http:\/\/homolog.saopaulo.sp.leg.br\/orcamento2018\/wp-content\/uploads\/sites\/25\/2018\/08\/isac_felix_2017.jpg\" alt=\"\" width=\"193\" height=\"155\" \/><\/a><\/td>\n<td><a href=\"\/vereador\/atilio-francisco\/\"><img loading=\"lazy\" decoding=\"async\" class=\"alignleft wp-image-599 size-full\" src=\"http:\/\/homolog.saopaulo.sp.leg.br\/orcamento2018\/wp-content\/uploads\/sites\/25\/2018\/08\/atilio-francisco.jpg\" alt=\"\" width=\"193\" height=\"155\" \/><\/a><\/td>\n<td><a href=\"\/vereador\/soninha\/\"><img loading=\"lazy\" decoding=\"async\" class=\"alignleft wp-image-591 size-full\" src=\"http:\/\/homolog.saopaulo.sp.leg.br\/orcamento2018\/wp-content\/uploads\/sites\/25\/2018\/08\/soninha_193_155-1.jpg\" alt=\"\" width=\"193\" height=\"155\" \/><\/a><\/td>\n<td><a href=\"\/vereador\/ricardo-nunes\/\"><img loading=\"lazy\" decoding=\"async\" class=\"alignleft wp-image-589 size-full\" src=\"http:\/\/homolog.saopaulo.sp.leg.br\/orcamento2018\/wp-content\/uploads\/sites\/25\/2018\/08\/ricardo-nunes.jpg\" alt=\"\" width=\"193\" height=\"155\" \/><\/a><\/td>\n<\/tr>\n<tr>\n<td>\n<table>\n<tbody>\n<tr>\n<td><a href=\"http:\/\/homolog.saopaulo.sp.leg.br\/orcamento2018\/wp-content\/uploads\/sites\/25\/2018\/08\/pr.png\"><img loading=\"lazy\" decoding=\"async\" class=\"alignleft size-full wp-image-597\" src=\"http:\/\/homolog.saopaulo.sp.leg.br\/orcamento2018\/wp-content\/uploads\/sites\/25\/2018\/08\/pr.png\" alt=\"\" width=\"40\" height=\"40\" \/><\/a><\/td>\n<td>Isac F\u00e9lix<br \/>\n<strong>Membro<\/strong><\/td>\n<\/tr>\n<\/tbody>\n<\/table>\n<\/td>\n<td>\n<table>\n<tbody>\n<tr>\n<td><img decoding=\"async\" style=\"margin: 0;float: left\" title=\"PRB\" src=\"http:\/\/homolog.saopaulo.sp.leg.br\/wp-content\/uploads\/2017\/02\/prb.png\" width=\"40\" \/><\/td>\n<td>Atilio Francisco<br \/>\n<strong>Relator<\/strong><\/td>\n<\/tr>\n<\/tbody>\n<\/table>\n<\/td>\n<td>\n<table>\n<tbody>\n<tr>\n<td><a href=\"http:\/\/homolog.saopaulo.sp.leg.br\/orcamento2018\/wp-content\/uploads\/sites\/25\/2018\/08\/pps.png\"><img loading=\"lazy\" decoding=\"async\" class=\"alignleft size-full wp-image-596\" src=\"http:\/\/homolog.saopaulo.sp.leg.br\/orcamento2018\/wp-content\/uploads\/sites\/25\/2018\/08\/pps.png\" alt=\"\" width=\"40\" height=\"40\" \/><\/a><\/td>\n<td>Soninha<br \/>\n<b>Membro<\/b><\/td>\n<\/tr>\n<\/tbody>\n<\/table>\n<\/td>\n<td>\n<table>\n<tbody>\n<tr>\n<td><a href=\"http:\/\/homolog.saopaulo.sp.leg.br\/orcamento2018\/wp-content\/uploads\/sites\/25\/2018\/08\/mdb_p.jpg\"><img loading=\"lazy\" decoding=\"async\" class=\"alignleft size-full wp-image-595\" src=\"http:\/\/homolog.saopaulo.sp.leg.br\/orcamento2018\/wp-content\/uploads\/sites\/25\/2018\/08\/mdb_p.jpg\" alt=\"\" width=\"40\" height=\"40\" \/><\/a><\/td>\n<td>Ricardo Nunes<br \/>\n<b>Membro<\/b><\/td>\n<\/tr>\n<\/tbody>\n<\/table>\n<\/td>\n<\/tr>\n<\/tbody>\n<\/table>\n<table>\n<tbody>\n<tr>\n<td><a href=\"\/vereador\/rute-costa\/\"><img loading=\"lazy\" decoding=\"async\" class=\"aligncenter wp-image-590 size-full\" src=\"http:\/\/homolog.saopaulo.sp.leg.br\/orcamento2018\/wp-content\/uploads\/sites\/25\/2018\/08\/rute_costa_193_155.jpg\" alt=\"\" width=\"193\" height=\"155\" \/><\/a><\/td>\n<td><a href=\"\/vereador\/fernando-holiday\/\"><img loading=\"lazy\" decoding=\"async\" class=\"aligncenter wp-image-593 size-full\" src=\"http:\/\/homolog.saopaulo.sp.leg.br\/orcamento2018\/wp-content\/uploads\/sites\/25\/2018\/08\/fernando_holi_2017.jpg\" alt=\"\" width=\"193\" height=\"155\" \/><\/a><\/td>\n<td><a href=\"\/vereador\/ota\/\" target=\"_blank\" rel=\"noopener\"><img loading=\"lazy\" decoding=\"async\" class=\"aligncenter\" src=\"http:\/\/homolog.saopaulo.sp.leg.br\/wp-content\/uploads\/2014\/10\/ota.jpg\" alt=\"Ota\" width=\"193\" height=\"155\" \/><\/a><\/td>\n<\/tr>\n<tr>\n<td>\n<table>\n<tbody>\n<tr>\n<td><a href=\"http:\/\/homolog.saopaulo.sp.leg.br\/orcamento2018\/wp-content\/uploads\/sites\/25\/2018\/08\/psd.png\"><img loading=\"lazy\" decoding=\"async\" class=\"alignleft size-full wp-image-588\" src=\"http:\/\/homolog.saopaulo.sp.leg.br\/orcamento2018\/wp-content\/uploads\/sites\/25\/2018\/08\/psd.png\" alt=\"\" width=\"40\" height=\"40\" \/><\/a><\/td>\n<td>Rute Costa<br \/>\n<strong>Membro<\/strong><\/td>\n<\/tr>\n<\/tbody>\n<\/table>\n<\/td>\n<td>\n<table>\n<tbody>\n<tr>\n<td><a href=\"http:\/\/homolog.saopaulo.sp.leg.br\/orcamento2018\/wp-content\/uploads\/sites\/25\/2018\/08\/dem.png\"><img loading=\"lazy\" decoding=\"async\" class=\"alignleft size-full wp-image-592\" src=\"http:\/\/homolog.saopaulo.sp.leg.br\/orcamento2018\/wp-content\/uploads\/sites\/25\/2018\/08\/dem.png\" alt=\"\" width=\"40\" height=\"40\" \/><\/a><\/td>\n<td>Fernando Holiday<br \/>\n<strong>Membro<\/strong><\/td>\n<\/tr>\n<\/tbody>\n<\/table>\n<\/td>\n<td>\n<table>\n<tbody>\n<tr>\n<td><img decoding=\"async\" style=\"margin: 0;float: left\" src=\"http:\/\/homolog.saopaulo.sp.leg.br\/wp-content\/uploads\/2017\/02\/psb.png\" \/><\/td>\n<td>Ota<br \/>\n<strong>Membro<\/strong><\/td>\n<\/tr>\n<\/tbody>\n<\/table>\n<\/td>\n<\/tr>\n<\/tbody>\n<\/table>\n","protected":false},"excerpt":{"rendered":"<p>A Comiss\u00e3o de Finan\u00e7as e Or\u00e7amento, composta por 9 vereadores, \u00e9 respons\u00e1vel por examinar e emitir parecer sobre Projetos de Lei relativos \u00e0s mat\u00e9rias or\u00e7ament\u00e1ria e tribut\u00e1ria, com destaque para o Plano Plurianual, as diretrizes or\u00e7ament\u00e1rias, o or\u00e7amento anual, os cr\u00e9ditos adicionais, e as contas apresentadas anualmente pelo prefeito, Mesa Diretora da C\u00e2mara, e pelo&#8230;  <a class=\"excerpt-read-more\" href=\"https:\/\/homolog.saopaulo.sp.leg.br\/orcamento2019\/comissao\/\" title=\"Read Comiss\u00e3o\">Ler mais &raquo;<\/a><\/p>\n","protected":false},"author":544,"featured_media":0,"parent":0,"menu_order":0,"comment_status":"closed","ping_status":"closed","template":"","meta":{"_acf_changed":false,"footnotes":""},"class_list":["post-96","page","type-page","status-publish","hentry"],"acf":[],"_links":{"self":[{"href":"https:\/\/homolog.saopaulo.sp.leg.br\/orcamento2019\/wp-json\/wp\/v2\/pages\/96","targetHints":{"allow":["GET"]}}],"collection":[{"href":"https:\/\/homolog.saopaulo.sp.leg.br\/orcamento2019\/wp-json\/wp\/v2\/pages"}],"about":[{"href":"https:\/\/homolog.saopaulo.sp.leg.br\/orcamento2019\/wp-json\/wp\/v2\/types\/page"}],"author":[{"embeddable":true,"href":"https:\/\/homolog.saopaulo.sp.leg.br\/orcamento2019\/wp-json\/wp\/v2\/users\/544"}],"replies":[{"embeddable":true,"href":"https:\/\/homolog.saopaulo.sp.leg.br\/orcamento2019\/wp-json\/wp\/v2\/comments?post=96"}],"version-history":[{"count":5,"href":"https:\/\/homolog.saopaulo.sp.leg.br\/orcamento2019\/wp-json\/wp\/v2\/pages\/96\/revisions"}],"predecessor-version":[{"id":435,"href":"https:\/\/homolog.saopaulo.sp.leg.br\/orcamento2019\/wp-json\/wp\/v2\/pages\/96\/revisions\/435"}],"wp:attachment":[{"href":"https:\/\/homolog.saopaulo.sp.leg.br\/orcamento2019\/wp-json\/wp\/v2\/media?parent=96"}],"curies":[{"name":"wp","href":"https:\/\/api.w.org\/{rel}","templated":true}]}}