{"id":63,"date":"2019-05-15T16:17:11","date_gmt":"2019-05-15T19:17:11","guid":{"rendered":"http:\/\/191.233.26.21\/orcamento2020\/?page_id=60"},"modified":"2020-08-03T15:44:20","modified_gmt":"2020-08-03T18:44:20","slug":"agenda","status":"publish","type":"page","link":"https:\/\/homolog.saopaulo.sp.leg.br\/orcamento2020\/agenda\/","title":{"rendered":"Agenda"},"content":{"rendered":"<p>Para que os anseios dos paulistanos sejam bem representados, e os recursos sejam investidos onde s\u00e3o mais necess\u00e1rios, os vereadores est\u00e3o realizando Audi\u00eancias P\u00fablicas para ouvir e acolher as demandas da popula\u00e7\u00e3o.<\/p>\n<img loading=\"lazy\" decoding=\"async\" class=\"aligncenter wp-image-200 size-thumbnail\" src=\"https:\/\/homolog.saopaulo.sp.leg.br\/orcamento2020\/wp-content\/uploads\/sites\/28\/2019\/10\/logo_prefeiturapb-e1571254494718-150x119.png\" alt=\"\" width=\"150\" height=\"119\" \/>\n<p style=\"text-align: center\">Comiss\u00e3o de Finan\u00e7as e Or\u00e7amento<\/p>\n<p><strong><u><br \/>\nCALEND\u00c1RIO AUDI\u00caNCIAS P\u00daBLICAS TEM\u00c1TICAS E REGIONAIS DO OR\u00c7AMENTO<br \/>\n2019\/2020 &#8211; PL 647\/2019<br \/>\n<\/u><br \/>\n<\/strong><\/p>\n<table border=\"1\" width=\"100%\" cellspacing=\"0\" cellpadding=\"0\">\n<tbody>\n<tr>\n<td>\n<p align=\"center\">19\/10\/2019<\/p>\n<p align=\"center\">(S\u00e1bado)<\/p>\n<p align=\"center\">14h30 \u00e0s 17h30<\/p>\n<p align=\"center\">TARDE<\/p>\n<\/td>\n<td>\n<p align=\"center\"><u>1\u00aa &#8211; AUDI\u00caNCIA P\u00daBLICA REGIONAL<\/u><\/p>\n<p align=\"center\"><strong>SUBPREFEITURA DE PINHEIROS<\/strong><\/p>\n<p align=\"center\">Av. Na\u00e7\u00f5es Unidas, 7123<\/p>\n<p align=\"center\">Pinheiros<\/p>\n<\/td>\n<td>\n<p align=\"center\"><strong><u>TEMA:<\/u><\/strong><br \/>\n<strong><br \/>\nSUBPREFEITURAS DE BUTANT\u00c3, LAPA E PINHEIROS<br \/>\n<\/strong><br \/>\n<u><\/u><\/p>\n<\/td>\n<\/tr>\n<tr style=\"background-color: #d6d6d6\">\n<td>\n<p align=\"center\">23\/10\/2019<\/p>\n<p align=\"center\">(Quarta-Feira)<\/p>\n<\/td>\n<td>\n<p align=\"center\">Audit\u00f3rio Prestes Maia<\/p>\n<p align=\"center\">10h30 \u00e0s 13hs<u><\/u><\/p>\n<\/td>\n<td>\n<p align=\"center\"><strong>1\u00aa &#8211; AUDI\u00caNCIA P\u00daBLICA GERAL<\/strong><\/p>\n<p style=\"text-align: center\" align=\"center\">10h30<\/p>\n<p style=\"text-align: left\" align=\"center\">&#8211; Secretaria Municipal da Fazenda<\/p>\n<p style=\"text-align: left\" align=\"center\">&#8211; Tribunal de Contas do Munic\u00edpio de S\u00e3o Paulo &#8211; TCM<\/p>\n<p style=\"text-align: left\" align=\"center\">&#8211; Secretaria Municipal de Governo<\/p>\n<\/td>\n<\/tr>\n<tr>\n<td>\n<p align=\"center\">26\/10\/2019<\/p>\n<p align=\"center\">(S\u00e1bado)<\/p>\n<p align=\"center\">10h \u00e0s 13h<\/p>\n<p align=\"center\">MANHA<\/p>\n<\/td>\n<td>\n<p align=\"center\"><u>2\u00aa &#8211; AUDI\u00caNCIA P\u00daBLICA REGIONAL<\/u><\/p>\n<p align=\"center\"><strong><u>CEU LAJEADO<\/u><\/strong><\/p>\n<p align=\"center\">Rua Manoel da Mota Coutinho, 293 &#8211; Lajeado<\/p>\n<p align=\"center\">\n<\/td>\n<td>\n<p align=\"center\"><strong><u>TEMA:<\/u><\/strong><br \/>\n<strong> SUBPREFEITURAS GUAIANAZES<\/strong><\/p>\n<p align=\"center\">\n<\/td>\n<\/tr>\n<tr style=\"background-color: #d6d6d6\">\n<td>\n<p align=\"center\">26\/10\/2019<\/p>\n<p align=\"center\">(S\u00e1bado)<\/p>\n<p align=\"center\">14h30 \u00e0s 17h30<\/p>\n<p align=\"center\">TARDE<\/p>\n<\/td>\n<td>\n<p align=\"center\"><u>3\u00aa &#8211; AUDI\u00caNCIA P\u00daBLICA REGIONAL<\/u><\/p>\n<p align=\"center\"><strong><u>CEU CURU\u00c7\u00c1<\/u><\/strong><\/p>\n<p align=\"center\"><strong><br \/>\nAvenida Marechal Tuto, 3.400 &#8211; Vila Miragaia<br \/>\n<\/strong><\/p>\n<\/td>\n<td>\n<p align=\"center\"><strong><u>TEMA:<\/u><\/strong><br \/>\n<strong><br \/>\nSUBPREFEITURAS DE ITAIM PAULISTA E S\u00c3O MIGUEL PAULISTA<br \/>\n<\/strong><\/p>\n<\/td>\n<\/tr>\n<tr>\n<td>\n<p align=\"center\">04\/11\/2019<\/p>\n<p align=\"center\">(Segunda-Feira)<\/p>\n<\/td>\n<td>\n<p align=\"center\">Sal\u00e3o Nobre Jo\u00e3o Brasil Vita<\/p>\n<p align=\"center\">10h30 \u00e0s 13h<\/p>\n<p align=\"center\">14h30 \u00e0s 18h30<u><\/u><\/p>\n<\/td>\n<td>\n<p align=\"center\"><strong>1\u00aa TEM\u00c1TICA &#8211; Educa\u00e7\u00e3o e Esportes<\/strong><\/p>\n<p style=\"text-align: center\" align=\"center\">10h30<\/p>\n<p style=\"text-align: left\" align=\"center\">&#8211; Secretaria Municipal de Educa\u00e7\u00e3o<\/p>\n<p style=\"text-align: left\" align=\"center\">&#8211; Secretaria Municipal de Esportes<\/p>\n<p style=\"text-align: left\" align=\"center\">&#8211; Fundo Municipal de Esportes e Lazer<\/p>\n<p align=\"center\"><strong><br \/>\n2\u00aa TEM\u00c1TICA &#8211; Assist\u00eancia Social, Trabalho e Direitos<br \/>\nHumanos<\/strong><\/p>\n<p style=\"text-align: center\" align=\"center\">14h30<\/p>\n<p style=\"text-align: left\" align=\"center\">&#8211; Secretaria Municipal de Assist\u00eancia Social<\/p>\n<p style=\"text-align: left\" align=\"center\">&#8211; Fundo Municipal de Assist\u00eancia Social<\/p>\n<p style=\"text-align: left\" align=\"center\">&#8211; Secretaria Municipal de Desenvolvimento Econ\u00f4mico e<br \/>\nTrabalho<\/p>\n<p style=\"text-align: left\" align=\"center\">&#8211; Secretaria Municipal de Direitos Humanos e Cidadania<\/p>\n<p align=\"center\">\n<\/td>\n<\/tr>\n<tr style=\"background-color: #d6d6d6\">\n<td nowrap=\"nowrap\">\n<p align=\"center\">06\/11\/2019<\/p>\n<p align=\"center\">(Quarta-Feira)<\/p>\n<\/td>\n<td>\n<p align=\"center\">Audit\u00f3rio Prestes Maia<\/p>\n<p align=\"center\">10h30 \u00e0s 13h<\/p>\n<\/td>\n<td>\n<p align=\"center\"><strong>3\u00aa TEM\u00c1TICA &#8211; Subprefeituras e Obras<\/strong><\/p>\n<p style=\"text-align: center\" align=\"center\">10h30<\/p>\n<p style=\"text-align: left\" align=\"center\">&#8211; Secretaria Municipal das Subprefeituras<\/p>\n<p style=\"text-align: left\" align=\"center\">&#8211; Secretaria Municipal de Infraestrutura Urbana e Obras<\/p>\n<p style=\"text-align: left\" align=\"center\">&#8211; SP Obras<\/p>\n<p style=\"text-align: left\" align=\"center\">&#8211; Secretaria Municipal de Desenvolvimento Urbano<\/p>\n<p style=\"text-align: left\" align=\"center\">&#8211; Fundo de Desenvolvimento Urbano<\/p>\n<p style=\"text-align: left\" align=\"center\">\n<\/td>\n<\/tr>\n<tr>\n<td>\n<p align=\"center\">07\/11\/2019<\/p>\n<p align=\"center\">(Quinta-Feira)<\/p>\n<\/td>\n<td>\n<p align=\"center\">Plen\u00e1rio &#8211; 1\u00ba de Maio<\/p>\n<p align=\"center\">14h \u00e0s 18h<\/p>\n<\/td>\n<td>\n<p align=\"center\"><strong>4\u00aa TEM\u00c1TICA &#8211; Sa\u00fade<\/strong><\/p>\n<p align=\"center\">14h<\/p>\n<p style=\"text-align: left\" align=\"center\">&#8211; Secretaria Municipal de Sa\u00fade<\/p>\n<p style=\"text-align: left\" align=\"center\">&#8211; Fundo Municipal de Sa\u00fade<\/p>\n<p style=\"text-align: left\" align=\"center\">&#8211; Autarquia Hospitalar Municipal<\/p>\n<p style=\"text-align: left\" align=\"center\">&#8211; Hospital do Servidor P\u00fablico Municipal<\/p>\n<p style=\"text-align: left\" align=\"center\">&#8211; Servi\u00e7o Funer\u00e1rio<\/p>\n<p align=\"center\">\n<\/td>\n<\/tr>\n<tr style=\"background-color: #d6d6d6\">\n<td>\n<p align=\"center\">09\/11\/2019<\/p>\n<p align=\"center\">(S\u00e1bado)<\/p>\n<p align=\"center\">10h \u00e0s 13h<\/p>\n<p align=\"center\">MANH\u00c3<\/p>\n<\/td>\n<td>\n<p align=\"center\"><u>4\u00aa &#8211; AUDI\u00caNCIA P\u00daBLICA REGIONAL<\/u><\/p>\n<p align=\"center\"><strong>CEU JA\u00c7AN\u00c3<\/strong><\/p>\n<p align=\"center\"><strong><br \/>\nRua Francisca Esp\u00f3sito Donette, 105 &#8211; Jardim Guapira<br \/>\n<\/strong><\/p>\n<\/td>\n<td>\n<p align=\"center\"><strong><u>TEMA:<\/u><\/strong><br \/>\n<strong><br \/>\nSUBPREFEITURAS DE JA\u00c7AN\u00c3, VILA MARIA E SANTANA\/TUCURUVI<br \/>\n<\/strong><\/p>\n<\/td>\n<\/tr>\n<tr>\n<td>\n<p align=\"center\">09\/11\/2019<\/p>\n<p align=\"center\">(S\u00e1bado)<\/p>\n<p align=\"center\">14h30 \u00e0s 17h30<\/p>\n<p align=\"center\">TARDE<\/p>\n<\/td>\n<td>\n<p align=\"center\"><u>5\u00aa &#8211; AUDI\u00caNCIA P\u00daBLICA REGIONAL<\/u><\/p>\n<p align=\"center\"><strong>ARENA CORINTHIANS<\/strong><\/p>\n<p align=\"center\">Avenida Miguel Ign\u00e1cio Curi, 111<\/p>\n<p align=\"center\">Vila Carmosina<\/p>\n<\/td>\n<td>\n<p align=\"center\"><strong><u>TEMA:<\/u><\/strong><br \/>\n<strong><br \/>\nSUBPREFEITURAS DE ITAQUERA, PENHA E ERMELINO MATARAZZO<br \/>\n<\/strong><\/p>\n<\/td>\n<\/tr>\n<tr style=\"background-color: #d6d6d6\">\n<td nowrap=\"nowrap\">\n<p align=\"center\">11\/11\/2019<\/p>\n<p align=\"center\">(Segunda-Feira)<\/p>\n<\/td>\n<td>\n<p align=\"center\">Sal\u00e3o Nobre Jo\u00e3o Brasil Vita<\/p>\n<p align=\"center\">10h30 \u00e0s 13h<\/p>\n<p align=\"center\">14h30 \u00e0s 18h30<\/p>\n<\/td>\n<td>\n<p align=\"center\"><strong><br \/>\n5\u00aa TEM\u00c1TICA &#8211; Verde e Meio Ambiente e Inova\u00e7\u00e3o<br \/>\n<\/strong><\/p>\n<p align=\"center\">10h30<\/p>\n<p style=\"text-align: left\" align=\"center\">&#8211; Secretaria Municipal do Verde e Meio Ambiente<\/p>\n<p style=\"text-align: left\" align=\"center\">&#8211; Fundo Municipal do Meio Ambiente e Desenvolvimento<br \/>\nSustent\u00e1vel<\/p>\n<p style=\"text-align: left\" align=\"center\">&#8211; Secretaria Municipal de Inova\u00e7\u00e3o e Tecnologia<\/p>\n<p align=\"center\"><strong>6\u00aa TEM\u00c1TICA &#8211; Cultura e Turismo<\/strong><\/p>\n<p align=\"center\">14h30<\/p>\n<p style=\"text-align: left\" align=\"center\">&#8211; Secretaria Municipal de Cultura<\/p>\n<p style=\"text-align: left\" align=\"center\">&#8211; Funda\u00e7\u00e3o Theatro Municipal<\/p>\n<p style=\"text-align: left\" align=\"center\">&#8211; S\u00e3o Paulo Turismo<\/p>\n<ul>\n<li style=\"text-align: left\">&#8211; Secretaria Municipal de Turismo<\/li>\n<\/ul>\n<p align=\"center\">\n<\/td>\n<\/tr>\n<tr>\n<td>\n<p align=\"center\">12\/11\/2019<\/p>\n<p align=\"center\">(Ter\u00e7a-feira)<\/p>\n<p align=\"center\">18h \u00e0s 21h<\/p>\n<p align=\"center\">NOITE<\/p>\n<\/td>\n<td>\n<p align=\"center\"><u>6\u00aa &#8211; AUDI\u00caNCIA P\u00daBLICA REGIONAL<\/u><\/p>\n<p align=\"center\"><strong>ASSOCIA\u00c7\u00c3O COMERCIAL DE PIRITUBA<\/strong><\/p>\n<p align=\"center\"><strong>Rua Luis Braille, 8 &#8211; Pirituba<\/strong><\/p>\n<\/td>\n<td>\n<p align=\"center\"><strong><u>TEMA:<\/u><\/strong><br \/>\n<strong> SUBPREFEITURAS DE PERUS E PIRITUBA<\/strong><\/p>\n<\/td>\n<\/tr>\n<tr style=\"background-color: #d6d6d6\">\n<td>\n<p align=\"center\">22\/11\/2019<\/p>\n<p align=\"center\">(Sexta-Feira)<\/p>\n<\/td>\n<td>\n<p align=\"center\">Sal\u00e3o Nobre Jo\u00e3o Brasil Vita<\/p>\n<p align=\"center\">10h30 \u00e0s 13h<\/p>\n<p align=\"center\">14h30 \u00e0s 18h30<\/p>\n<\/td>\n<td>\n<p align=\"center\"><strong><br \/>\n7\u00aa TEM\u00c1TICA &#8211;\u00a0 Seguran\u00e7a Urbana<\/strong><\/p>\n<p style=\"text-align: center\" align=\"center\">10h30<\/p>\n<p style=\"text-align: left\" align=\"center\">&#8211; Secretaria de Seguran\u00e7a Urbana<\/p>\n<p align=\"center\"><strong>8\u00aa TEM\u00c1TICA &#8211; Habita\u00e7\u00e3o<\/strong><\/p>\n<p align=\"center\">14h30<\/p>\n<p style=\"text-align: left\" align=\"center\">&#8211; Secretaria Municipal de Habita\u00e7\u00e3o<\/p>\n<p style=\"text-align: left\" align=\"center\">&#8211; COHAB<\/p>\n<p style=\"text-align: left\" align=\"center\">&#8211; Fundo Municipal de Habita\u00e7\u00e3o<\/p>\n<p style=\"text-align: left\" align=\"center\">&#8211; Secretaria Municipal da Pessoa com Defici\u00eancia<\/p>\n<p style=\"text-align: left\" align=\"center\">\n<\/td>\n<\/tr>\n<tr>\n<td>\n<p align=\"center\">23\/11\/2019<\/p>\n<p align=\"center\">(S\u00e1bado)<\/p>\n<p align=\"center\">10h \u00e0s 13h<\/p>\n<p align=\"center\">MANH\u00c3<\/p>\n<\/td>\n<td>\n<p align=\"center\"><u>7\u00aa &#8211; AUDI\u00caNCIA P\u00daBLICA REGIONAL<\/u><\/p>\n<p align=\"center\"><strong>CEU VILA RUBI<\/strong><\/p>\n<p align=\"center\">Rua Domingos Tarroso, 101 &#8211; Vila Rubi<\/p>\n<\/td>\n<td>\n<p align=\"center\"><strong><u>TEMA:<\/u><\/strong><br \/>\n<strong><br \/>\nSUBPREFEITURAS DE CAPELA DO SOCORRO E PARELHEIROS<br \/>\n<\/strong><\/p>\n<\/td>\n<\/tr>\n<tr style=\"background-color: #d6d6d6\">\n<td nowrap=\"nowrap\">\n<p align=\"center\">23\/11\/2019<\/p>\n<p align=\"center\">(S\u00e1bado)<\/p>\n<p align=\"center\">10h \u00e0s 13h<\/p>\n<p align=\"center\">MANH\u00c3<\/p>\n<\/td>\n<td>\n<p align=\"center\"><u>8\u00aa &#8211; AUDI\u00caNCIA P\u00daBLICA REGIONAL<\/u><\/p>\n<p align=\"center\"><strong>CENTRO CULTURAL DA JUVENTUDE RUTH CARDOSO<\/strong><\/p>\n<p align=\"center\">Avenida Deputado Emilio Carlos, 3641 &#8211; Vila Nova<br \/>\nCachoerinha<\/p>\n<\/td>\n<td>\n<p align=\"center\"><strong><u>TEMA:<\/u><\/strong><br \/>\n<strong><br \/>\nSUBPREFEITURAS DE CASA VERDE E BRASIL\u00c2NDIA<br \/>\n<\/strong><\/p>\n<\/td>\n<\/tr>\n<tr>\n<td>\n<p align=\"center\">23\/11\/2019<\/p>\n<p align=\"center\">(S\u00e1bado)<\/p>\n<p align=\"center\">10h \u00e0s 13h<\/p>\n<p align=\"center\">MANH\u00c3<\/p>\n<\/td>\n<td>\n<p align=\"center\"><u>9\u00aa &#8211; AUDI\u00caNCIA P\u00daBLICA REGIONAL<\/u><\/p>\n<p align=\"center\"><strong>CEU CAMPO LIMPO<\/strong><\/p>\n<p align=\"center\">Avenida Carlos Lacerda, 678 &#8211; Vila Pirajussara<\/p>\n<\/td>\n<td>\n<p align=\"center\"><strong><u>TEMA:<\/u><\/strong><br \/>\n<strong><br \/>\nSUBPREFEITURAS DE CAMPO LIMPO E M\u2019BOI MIRIM<br \/>\n<\/strong><\/p>\n<\/td>\n<\/tr>\n<tr style=\"background-color: #d6d6d6\">\n<td>\n<p align=\"center\">23\/11\/2019<\/p>\n<p align=\"center\">(S\u00e1bado)<\/p>\n<p align=\"center\">10h \u00e0s 13h<\/p>\n<p align=\"center\">MANH\u00c3<\/p>\n<\/td>\n<td>\n<p align=\"center\"><u>10\u00aa &#8211; AUDI\u00caNCIA P\u00daBLICA REGIONAL<\/u><\/p>\n<p align=\"center\"><strong>CEU PARQUE BRISTOL<\/strong><\/p>\n<p align=\"center\">Rua Professor Artur Primavesi, s\/n &#8211; Parque Bristol<\/p>\n<\/td>\n<td>\n<p align=\"center\"><strong><u>TEMA:<\/u><\/strong><br \/>\n<strong><br \/>\nSUBPREFEITURAS DE IPIRANGA, VILA MARIANA E S\u00c9<br \/>\n<\/strong><\/p>\n<\/td>\n<\/tr>\n<tr>\n<td>\n<p align=\"center\">23\/11\/2019<\/p>\n<p align=\"center\">(S\u00e1bado)<\/p>\n<p align=\"center\">14h30 \u00e0s 17h30<\/p>\n<p align=\"center\">TARDE<\/p>\n<\/td>\n<td>\n<p align=\"center\"><u>11\u00aa &#8211; AUDI\u00caNCIA P\u00daBLICA REGIONAL<\/u><\/p>\n<p align=\"center\"><strong>SUBPREFEITURA VILA PRUDENTE<\/strong><\/p>\n<p align=\"center\">Av. do Orat\u00f3rio, 172 &#8211; Vila Prudente<\/p>\n<p align=\"center\">\n<\/td>\n<td>\n<p align=\"center\"><strong><u>TEMA:<\/u><\/strong><br \/>\n<strong><br \/>\nSUBPREFEITURAS DE VILA PRUDENTE, ARICANDUVA E MOOCA<br \/>\n<\/strong><\/p>\n<\/td>\n<\/tr>\n<tr style=\"background-color: #d6d6d6\">\n<td>\n<p align=\"center\">25\/11\/2019<\/p>\n<p align=\"center\">(Segunda-Feira)<\/p>\n<\/td>\n<td>\n<p align=\"center\">Plen\u00e1rio 1\u00ba de Maio<\/p>\n<p align=\"center\">10h30 \u00e0s 15h<\/p>\n<\/td>\n<td>\n<p align=\"center\"><strong>2\u00aa &#8211; AUDI\u00caNCIA P\u00daBLICA GERAL<\/strong><\/p>\n<p style=\"text-align: center\" align=\"center\">10h30<\/p>\n<p style=\"text-align: left\" align=\"center\">&#8211; Secretaria Municipal da Fazenda<\/p>\n<p style=\"text-align: left\" align=\"center\">&#8211; Secretaria Municipal de Transportes<\/p>\n<p style=\"text-align: left\" align=\"center\">&#8211; SPTrans<\/p>\n<p style=\"text-align: left\" align=\"center\">&#8211; Fundo Municipal de Desenvolvimento do Tr\u00e2nsito<\/p>\n<p style=\"text-align: left\" align=\"center\">&#8211; Tribunal de Contas do Munic\u00edpio de S\u00e3o Paulo &#8211; TCM<\/p>\n<p style=\"text-align: left\" align=\"center\">&#8211; Secretaria Municipal de Governo<\/p>\n<p align=\"center\">\n<\/td>\n<\/tr>\n<tr>\n<td>\n<p align=\"center\">30\/11\/2019<\/p>\n<p align=\"center\">(S\u00e1bado)<\/p>\n<p align=\"center\">10h \u00e0s 13h<\/p>\n<p align=\"center\">MANH\u00c3<\/p>\n<\/td>\n<td>\n<p align=\"center\"><u>12\u00aa &#8211; AUDI\u00caNCIA P\u00daBLICA REGIONAL<\/u><\/p>\n<p align=\"center\"><strong>CEU ALVARENGA<\/strong><\/p>\n<p align=\"center\">Estrada do Alvarenga, 3752 &#8211; Balne\u00e1rio S\u00e3o Francisco<\/p>\n<\/td>\n<td>\n<p align=\"center\"><strong><u>TEMA:<\/u><\/strong><br \/>\n<strong><br \/>\nSUBPREFEITURAS DE CIDADE ADEMAR, SANTO AMARO E<br \/>\nJABAQUARA<br \/>\n<\/strong><\/p>\n<\/td>\n<\/tr>\n<tr style=\"background-color: #d6d6d6\">\n<td>\n<p align=\"center\">30\/11\/2019<\/p>\n<p align=\"center\">(S\u00e1bado)<\/p>\n<p align=\"center\">10hs \u00e0s 13hs<\/p>\n<p align=\"center\">MANH\u00c3<\/p>\n<\/td>\n<td>\n<p align=\"center\"><u>13\u00aa &#8211; AUDI\u00caNCIA P\u00daBLICA REGIONAL<\/u><\/p>\n<p align=\"center\"><strong>CEU IN\u00c1CIO MONTEIRO<\/strong><\/p>\n<p align=\"center\">Rua Bar\u00e3o Barroso do Amazonas, s\/n\u00ba &#8211; Cohab Prestes Maia<\/p>\n<\/td>\n<td>\n<p align=\"center\"><strong><u>TEMA:<\/u><\/strong><br \/>\n<strong> SUBPREFEITURAS DE CIDADE TIRADENTES<\/strong><\/p>\n<\/td>\n<\/tr>\n<tr>\n<td>\n<p align=\"center\">30\/11\/2019<\/p>\n<p align=\"center\">(S\u00e1bado)<\/p>\n<p align=\"center\">14h30 \u00e0s 17h30<\/p>\n<p align=\"center\">TARDE<\/p>\n<\/td>\n<td>\n<p align=\"center\"><u>14\u00aa &#8211; AUDI\u00caNCIA P\u00daBLICA REGIONAL<\/u><\/p>\n<p align=\"center\"><strong>CEU S\u00c3O RAFAEL<\/strong><\/p>\n<p align=\"center\">Rua Cinira Pol\u00f4nio, 100 &#8211; Conj. Promorar Rio Claro<\/p>\n<\/td>\n<td>\n<p align=\"center\"><strong><u>TEMA:<\/u><\/strong><br \/>\n<strong> SUBPREFEITURAS DE S\u00c3O MATEUS E SAPOPEMBA<\/strong><\/p>\n<\/td>\n<\/tr>\n<\/tbody>\n<\/table>\n","protected":false},"excerpt":{"rendered":"<p>Para que os anseios dos paulistanos sejam bem representados, e os recursos sejam investidos onde s\u00e3o mais necess\u00e1rios, os vereadores est\u00e3o realizando Audi\u00eancias P\u00fablicas para ouvir e acolher as demandas da popula\u00e7\u00e3o. Comiss\u00e3o de Finan\u00e7as e Or\u00e7amento CALEND\u00c1RIO AUDI\u00caNCIAS P\u00daBLICAS TEM\u00c1TICAS E REGIONAIS DO OR\u00c7AMENTO 2019\/2020 &#8211; PL 647\/2019 19\/10\/2019 (S\u00e1bado) 14h30 \u00e0s 17h30 TARDE&#8230;  <a class=\"excerpt-read-more\" href=\"https:\/\/homolog.saopaulo.sp.leg.br\/orcamento2020\/agenda\/\" title=\"Read Agenda\">Ler mais &raquo;<\/a><\/p>\n","protected":false},"author":169,"featured_media":0,"parent":0,"menu_order":0,"comment_status":"closed","ping_status":"closed","template":"","meta":{"_acf_changed":false,"footnotes":""},"class_list":["post-63","page","type-page","status-publish","hentry"],"acf":[],"_links":{"self":[{"href":"https:\/\/homolog.saopaulo.sp.leg.br\/orcamento2020\/wp-json\/wp\/v2\/pages\/63","targetHints":{"allow":["GET"]}}],"collection":[{"href":"https:\/\/homolog.saopaulo.sp.leg.br\/orcamento2020\/wp-json\/wp\/v2\/pages"}],"about":[{"href":"https:\/\/homolog.saopaulo.sp.leg.br\/orcamento2020\/wp-json\/wp\/v2\/types\/page"}],"author":[{"embeddable":true,"href":"https:\/\/homolog.saopaulo.sp.leg.br\/orcamento2020\/wp-json\/wp\/v2\/users\/169"}],"replies":[{"embeddable":true,"href":"https:\/\/homolog.saopaulo.sp.leg.br\/orcamento2020\/wp-json\/wp\/v2\/comments?post=63"}],"version-history":[{"count":5,"href":"https:\/\/homolog.saopaulo.sp.leg.br\/orcamento2020\/wp-json\/wp\/v2\/pages\/63\/revisions"}],"predecessor-version":[{"id":469,"href":"https:\/\/homolog.saopaulo.sp.leg.br\/orcamento2020\/wp-json\/wp\/v2\/pages\/63\/revisions\/469"}],"wp:attachment":[{"href":"https:\/\/homolog.saopaulo.sp.leg.br\/orcamento2020\/wp-json\/wp\/v2\/media?parent=63"}],"curies":[{"name":"wp","href":"https:\/\/api.w.org\/{rel}","templated":true}]}}