{"id":67,"date":"2019-05-15T16:19:47","date_gmt":"2019-05-15T19:19:47","guid":{"rendered":"http:\/\/191.233.26.21\/orcamento2020\/?page_id=67"},"modified":"2020-08-03T15:43:43","modified_gmt":"2020-08-03T18:43:43","slug":"arquivos","status":"publish","type":"page","link":"https:\/\/homolog.saopaulo.sp.leg.br\/orcamento2020\/arquivos\/","title":{"rendered":"Arquivos"},"content":{"rendered":"<p>Consulte aqui todos os arquivos relacionados \u00e0 constru\u00e7\u00e3o da Lei Or\u00e7ament\u00e1ria Anual.<\/p>\n<p><a href=\"http:\/\/homolog.saopaulo.sp.leg.br\/cgi-bin\/wxis.bin\/iah\/scripts\/?IsisScript=iah.xis&amp;form=A&amp;navBar=OFF&amp;hits=200&amp;lang=pt&amp;nextAction=search&amp;base=proje&amp;conectSearch=init&amp;exprSearch=$&amp;indexSearch=%5EnCm%5ELTipo+de+projeto%5Etshort%5Ex%2F20%5EyDATABASE&amp;conectSearch=and&amp;exprSearch=281&amp;indexSearch=%5EnPj%5ELN%FAmero+do+projeto%5Ex%2F30%5EyDATABASE&amp;conectSearch=and&amp;exprSearch=2019&amp;indexSearch=%5EnDp%5ELAno+do+projeto%5Ex%2F40%5Etshort%5EyDATABASE\" target=\"_blank\" rel=\"noopener noreferrer\">LDO<\/a><\/p>\n<p class=\"x_MsoNormal\"><a href=\"http:\/\/homolog.saopaulo.sp.leg.br\/iah\/fulltext\/projeto\/PL0647-2019.pdf\" target=\"_blank\" rel=\"noopener noreferrer\">Projeto de Lei 647\/2019 &#8211; LOA 2020<\/a><\/p>\n<p><a href=\"https:\/\/homolog.saopaulo.sp.leg.br\/orcamento2020\/wp-content\/uploads\/sites\/28\/2019\/10\/Comiss\u00e3o-de-Finan\u00e7as-e-Or\u00e7amento-16-10-2019.pdf\">Comiss\u00e3o-de-Finan\u00e7as-e-Or\u00e7amento-16-10-2019<\/a><br \/>\n<a href=\"https:\/\/homolog.saopaulo.sp.leg.br\/orcamento2020\/wp-content\/uploads\/sites\/28\/2019\/10\/Or\u00e7amento-Fun\u00e7\u00e3o-Cultura.xlsx\">Or\u00e7amento-Fun\u00e7\u00e3o-Cultura<\/a><br \/>\n<a href=\"https:\/\/homolog.saopaulo.sp.leg.br\/orcamento2020\/wp-content\/uploads\/sites\/28\/2019\/10\/Or\u00e7amento-Fun\u00e7\u00e3o-Cultura-23-10-2019.xlsx\">Or\u00e7amento Fun\u00e7\u00e3o Cultura 23-10-2019<\/a><\/p>\n<hr \/>\n<p><a href=\"https:\/\/homolog.saopaulo.sp.leg.br\/orcamento2020\/wp-content\/uploads\/sites\/28\/2020\/02\/EMENDAS-APRESENTADAS-PELOS-VEREADORES-18-12-2019.pdf\" target=\"_blank\" rel=\"noopener noreferrer\">EMENDAS APRESENTADAS PELOS VEREADORES &#8211; 18-12-2019<\/a><br \/>\n<a href=\"https:\/\/www.splegisconsulta.\/Pesquisa\/DetailsDetalhado?COD_MTRA_LEGL=1&amp;ANO_PCSS_CMSP=2019&amp;COD_PCSS_CMSP=647\" target=\"_blank\" rel=\"noopener noreferrer\">Projeto Aprovado<\/a> Adicionado:<br \/>\n<a href=\"https:\/\/homolog.saopaulo.sp.leg.br\/orcamento2020\/wp-content\/uploads\/sites\/28\/2020\/02\/Lei-17.253.pdf\" target=\"_blank\" rel=\"noopener noreferrer\">Lei 17.253<\/a><\/p>\n","protected":false},"excerpt":{"rendered":"<p>Consulte aqui todos os arquivos relacionados \u00e0 constru\u00e7\u00e3o da Lei Or\u00e7ament\u00e1ria Anual. LDO Projeto de Lei 647\/2019 &#8211; LOA 2020 Comiss\u00e3o-de-Finan\u00e7as-e-Or\u00e7amento-16-10-2019 Or\u00e7amento-Fun\u00e7\u00e3o-Cultura Or\u00e7amento Fun\u00e7\u00e3o Cultura 23-10-2019 EMENDAS APRESENTADAS PELOS VEREADORES &#8211; 18-12-2019 Projeto Aprovado Adicionado: Lei 17.253<\/p>\n","protected":false},"author":169,"featured_media":0,"parent":0,"menu_order":0,"comment_status":"closed","ping_status":"closed","template":"","meta":{"_acf_changed":false,"footnotes":""},"class_list":["post-67","page","type-page","status-publish","hentry"],"acf":[],"_links":{"self":[{"href":"https:\/\/homolog.saopaulo.sp.leg.br\/orcamento2020\/wp-json\/wp\/v2\/pages\/67","targetHints":{"allow":["GET"]}}],"collection":[{"href":"https:\/\/homolog.saopaulo.sp.leg.br\/orcamento2020\/wp-json\/wp\/v2\/pages"}],"about":[{"href":"https:\/\/homolog.saopaulo.sp.leg.br\/orcamento2020\/wp-json\/wp\/v2\/types\/page"}],"author":[{"embeddable":true,"href":"https:\/\/homolog.saopaulo.sp.leg.br\/orcamento2020\/wp-json\/wp\/v2\/users\/169"}],"replies":[{"embeddable":true,"href":"https:\/\/homolog.saopaulo.sp.leg.br\/orcamento2020\/wp-json\/wp\/v2\/comments?post=67"}],"version-history":[{"count":5,"href":"https:\/\/homolog.saopaulo.sp.leg.br\/orcamento2020\/wp-json\/wp\/v2\/pages\/67\/revisions"}],"predecessor-version":[{"id":460,"href":"https:\/\/homolog.saopaulo.sp.leg.br\/orcamento2020\/wp-json\/wp\/v2\/pages\/67\/revisions\/460"}],"wp:attachment":[{"href":"https:\/\/homolog.saopaulo.sp.leg.br\/orcamento2020\/wp-json\/wp\/v2\/media?parent=67"}],"curies":[{"name":"wp","href":"https:\/\/api.w.org\/{rel}","templated":true}]}}