{"id":80,"date":"2019-05-15T16:26:05","date_gmt":"2019-05-15T19:26:05","guid":{"rendered":"http:\/\/191.233.26.21\/orcamento2020\/?page_id=80"},"modified":"2019-10-17T14:08:30","modified_gmt":"2019-10-17T17:08:30","slug":"comissao","status":"publish","type":"page","link":"https:\/\/homolog.saopaulo.sp.leg.br\/orcamento2020\/comissao\/","title":{"rendered":"Comiss\u00e3o"},"content":{"rendered":"<p>A Comiss\u00e3o de Finan\u00e7as e Or\u00e7amento, composta por 9 vereadores, \u00e9 respons\u00e1vel por examinar e emitir parecer sobre Projetos de Lei relativos \u00e0s mat\u00e9rias or\u00e7ament\u00e1ria e tribut\u00e1ria, com destaque para o Plano Plurianual, as diretrizes or\u00e7ament\u00e1rias, o or\u00e7amento anual, os cr\u00e9ditos adicionais, e as contas apresentadas anualmente pelo prefeito, Mesa Diretora da C\u00e2mara, e pelo TCM, entre outras atribui\u00e7\u00f5es.<\/p>\n<p style=\"text-align: right\"><a href=\"https:\/\/homolog.saopaulo.sp.leg.br\/comissao\/comissoes-do-processo-legislativo\/comissao-de-financas-e-orcamento\/\" target=\"_blank\" rel=\"noopener noreferrer\">Saiba mais sobre a Comiss\u00e3o<\/a><\/p>\n<h2><strong>Conhe\u00e7a os vereadores que comp\u00f5em a Comiss\u00e3o<\/strong><\/h2>\n<table>\n<tbody>\n<tr>\n<td style=\"text-align: center\"><a href=\"http:\/\/homolog.saopaulo.sp.leg.br\/vereadores\/\"><img loading=\"lazy\" decoding=\"async\" class=\"aligncenter wp-image-602 size-full\" src=\"http:\/\/homolog.saopaulo.sp.leg.br\/wp-content\/uploads\/2017\/01\/alessandro_guedes_2017.jpg\" alt=\"\" width=\"193\" height=\"155\" \/><\/a><\/td>\n<td style=\"text-align: center\"><a href=\"\/vereador\/adriana-ramalho\/\" target=\"_blank\" rel=\"noopener noreferrer\"><img loading=\"lazy\" decoding=\"async\" class=\"aligncenter wp-image-587 size-full\" src=\"https:\/\/homolog.saopaulo.sp.leg.br\/wp-content\/uploads\/2017\/01\/Soninha.jpg\" alt=\"\" width=\"193\" height=\"155\" \/><\/a><\/td>\n<\/tr>\n<tr>\n<td>\n<table>\n<tbody>\n<tr>\n<td><img decoding=\"async\" class=\"alignnone\" style=\"margin: 0;float: left\" title=\"PT\" src=\"http:\/\/homolog.saopaulo.sp.leg.br\/wp-content\/uploads\/2017\/02\/pt.png\" width=\"40\" \/><\/td>\n<td>Alessandro Guedes<br \/>\n<strong style=\"font-family: inherit;font-size: inherit\">Presidente<\/strong><\/td>\n<\/tr>\n<\/tbody>\n<\/table>\n<\/td>\n<td>\n<table>\n<tbody>\n<tr>\n<td><img loading=\"lazy\" decoding=\"async\" class=\"alignnone\" style=\"margin: 0;float: left\" title=\"Cidadania 23\" src=\"http:\/\/homolog.saopaulo.sp.leg.br\/wp-content\/uploads\/2017\/02\/logo-cidadania40x40.png\" alt=\"\" width=\"40\" height=\"40\" \/><\/td>\n<td>Soninha Francine<br \/>\n<strong style=\"font-family: inherit;font-size: inherit\">Vice-Presidente<\/strong><\/td>\n<\/tr>\n<\/tbody>\n<\/table>\n<\/td>\n<\/tr>\n<\/tbody>\n<\/table>\n<table>\n<tbody>\n<tr>\n<td><a href=\"\/vereador\/isac-felix\/\"><img loading=\"lazy\" decoding=\"async\" class=\"wp-image-594 size-full aligncenter\" src=\"http:\/\/homolog.saopaulo.sp.leg.br\/wp-content\/uploads\/2017\/01\/isac_felix_2017.jpg\" alt=\"\" width=\"193\" height=\"155\" \/><\/a><\/td>\n<td><a href=\"\/vereador\/atilio-francisco\/\"><img loading=\"lazy\" decoding=\"async\" class=\"wp-image-599 size-full aligncenter\" src=\"http:\/\/homolog.saopaulo.sp.leg.br\/wp-content\/uploads\/2014\/10\/atilio-francisco.jpg\" alt=\"\" width=\"193\" height=\"155\" \/><\/a><\/td>\n<td><a href=\"\/vereador\/adriana-ramalho\/\"><img loading=\"lazy\" decoding=\"async\" class=\"wp-image-591 size-full aligncenter\" src=\"http:\/\/homolog.saopaulo.sp.leg.br\/wp-content\/uploads\/2016\/12\/Adriana-Ramalho-site-CMSP.jpg\" alt=\"\" width=\"193\" height=\"155\" \/><\/a><\/td>\n<td><a href=\"\/vereador\/rodrigo-goulart\/\"><img loading=\"lazy\" decoding=\"async\" class=\"alignleft wp-image-589 size-full\" src=\"https:\/\/homolog.saopaulo.sp.leg.br\/wp-content\/uploads\/2017\/01\/Rodrigo_Goulart_2019.jpg\" alt=\"\" width=\"193\" height=\"155\" \/><\/a><\/td>\n<\/tr>\n<tr>\n<td>\n<table>\n<tbody>\n<tr>\n<td><img loading=\"lazy\" decoding=\"async\" class=\"alignnone wp-image-205 size-full\" title=\"PL\" src=\"https:\/\/homolog.saopaulo.sp.leg.br\/orcamento2020\/wp-content\/uploads\/sites\/28\/2019\/10\/LOGO_PL.jpg\" alt=\"\" width=\"40\" height=\"40\" \/><\/td>\n<td>Isac F\u00e9lix<br \/>\n<strong>Membro<\/strong><\/td>\n<\/tr>\n<\/tbody>\n<\/table>\n<\/td>\n<td>\n<table>\n<tbody>\n<tr>\n<td><img decoding=\"async\" style=\"margin: 0;float: left\" title=\"PRB\" src=\"http:\/\/homolog.saopaulo.sp.leg.br\/wp-content\/uploads\/2017\/02\/prb.png\" width=\"40\" \/><\/td>\n<td>Atilio Francisco<br \/>\n<strong>Relator<\/strong><\/td>\n<\/tr>\n<\/tbody>\n<\/table>\n<\/td>\n<td>\n<table>\n<tbody>\n<tr>\n<td><a href=\"https:\/\/homolog.saopaulo.sp.leg.br\/wp-content\/uploads\/2017\/02\/psdb.png\"><img loading=\"lazy\" decoding=\"async\" class=\"alignleft wp-image-596 size-full\" title=\"PSDB\" src=\"https:\/\/homolog.saopaulo.sp.leg.br\/wp-content\/uploads\/2017\/02\/psdb.png\" alt=\"\" width=\"40\" height=\"40\" \/><\/a><\/td>\n<td>Adriana Ramalho<br \/>\n<b style=\"font-family: inherit;font-size: inherit\">Membro<\/b><\/td>\n<\/tr>\n<\/tbody>\n<\/table>\n<\/td>\n<td>\n<table>\n<tbody>\n<tr>\n<td><a href=\"https:\/\/homolog.saopaulo.sp.leg.br\/wp-content\/uploads\/2017\/02\/psd.png\"><img loading=\"lazy\" decoding=\"async\" class=\"alignleft wp-image-595 size-full\" title=\"PSD\" src=\"https:\/\/homolog.saopaulo.sp.leg.br\/wp-content\/uploads\/2017\/02\/psd.png\" alt=\"\" width=\"40\" height=\"40\" \/><\/a><\/td>\n<td>Rodrigo Goulart<br \/>\n<b>Membro<\/b><\/td>\n<\/tr>\n<\/tbody>\n<\/table>\n<\/td>\n<\/tr>\n<\/tbody>\n<\/table>\n<table>\n<tbody>\n<tr>\n<td><a href=\"\/vereador\/rute-costa\/\"><img loading=\"lazy\" decoding=\"async\" class=\"aligncenter wp-image-590 size-full\" src=\"http:\/\/homolog.saopaulo.sp.leg.br\/wp-content\/uploads\/2014\/10\/frange.jpg\" alt=\"\" width=\"193\" height=\"155\" \/><\/a><\/td>\n<td><a href=\"\/vereador\/fernando-holiday\/\"><img loading=\"lazy\" decoding=\"async\" class=\"aligncenter wp-image-593 size-full\" src=\"http:\/\/homolog.saopaulo.sp.leg.br\/wp-content\/uploads\/2017\/01\/fernando_holi_2017.jpg\" alt=\"\" width=\"193\" height=\"155\" \/><\/a><\/td>\n<td><a href=\"\/vereador\/ota\/\" target=\"_blank\" rel=\"noopener noreferrer\"><img loading=\"lazy\" decoding=\"async\" class=\"aligncenter\" src=\"http:\/\/homolog.saopaulo.sp.leg.br\/wp-content\/uploads\/2014\/10\/ota.jpg\" alt=\"Ota\" width=\"193\" height=\"155\" \/><\/a><\/td>\n<\/tr>\n<tr>\n<td>\n<table>\n<tbody>\n<tr>\n<td><a href=\"http:\/\/homolog.saopaulo.sp.leg.br\/wp-content\/uploads\/2017\/02\/ptb.png\"><img loading=\"lazy\" decoding=\"async\" class=\"alignleft wp-image-588 size-full\" title=\"PTB\" src=\"http:\/\/homolog.saopaulo.sp.leg.br\/wp-content\/uploads\/2017\/02\/ptb.png\" alt=\"\" width=\"40\" height=\"40\" \/><\/a><\/td>\n<td>Paulo Frange<br \/>\n<strong>Membro<\/strong><\/td>\n<\/tr>\n<\/tbody>\n<\/table>\n<\/td>\n<td>\n<table>\n<tbody>\n<tr>\n<td><a href=\"http:\/\/homolog.saopaulo.sp.leg.br\/wp-content\/uploads\/2017\/02\/dem.png\"><img loading=\"lazy\" decoding=\"async\" class=\"alignleft wp-image-592 size-full\" title=\"DEM\" src=\"http:\/\/homolog.saopaulo.sp.leg.br\/wp-content\/uploads\/2017\/02\/dem.png\" alt=\"\" width=\"40\" height=\"40\" \/><\/a><\/td>\n<td>Fernando Holiday<br \/>\n<strong>Membro<\/strong><\/td>\n<\/tr>\n<\/tbody>\n<\/table>\n<\/td>\n<td>\n<table>\n<tbody>\n<tr>\n<td><img loading=\"lazy\" decoding=\"async\" class=\"alignnone\" style=\"margin: 0;float: left\" title=\"PSB\" src=\"http:\/\/homolog.saopaulo.sp.leg.br\/wp-content\/uploads\/2017\/02\/psb.png\" alt=\"\" width=\"40\" height=\"40\" \/><\/td>\n<td>Ota<br \/>\n<strong>Membro<\/strong><\/td>\n<\/tr>\n<\/tbody>\n<\/table>\n<\/td>\n<\/tr>\n<\/tbody>\n<\/table>\n","protected":false},"excerpt":{"rendered":"<p>A Comiss\u00e3o de Finan\u00e7as e Or\u00e7amento, composta por 9 vereadores, \u00e9 respons\u00e1vel por examinar e emitir parecer sobre Projetos de Lei relativos \u00e0s mat\u00e9rias or\u00e7ament\u00e1ria e tribut\u00e1ria, com destaque para o Plano Plurianual, as diretrizes or\u00e7ament\u00e1rias, o or\u00e7amento anual, os cr\u00e9ditos adicionais, e as contas apresentadas anualmente pelo prefeito, Mesa Diretora da C\u00e2mara, e pelo&#8230;  <a class=\"excerpt-read-more\" href=\"https:\/\/homolog.saopaulo.sp.leg.br\/orcamento2020\/comissao\/\" title=\"Read Comiss\u00e3o\">Ler mais &raquo;<\/a><\/p>\n","protected":false},"author":169,"featured_media":0,"parent":0,"menu_order":0,"comment_status":"closed","ping_status":"closed","template":"","meta":{"_acf_changed":false,"footnotes":""},"class_list":["post-80","page","type-page","status-publish","hentry"],"acf":[],"_links":{"self":[{"href":"https:\/\/homolog.saopaulo.sp.leg.br\/orcamento2020\/wp-json\/wp\/v2\/pages\/80","targetHints":{"allow":["GET"]}}],"collection":[{"href":"https:\/\/homolog.saopaulo.sp.leg.br\/orcamento2020\/wp-json\/wp\/v2\/pages"}],"about":[{"href":"https:\/\/homolog.saopaulo.sp.leg.br\/orcamento2020\/wp-json\/wp\/v2\/types\/page"}],"author":[{"embeddable":true,"href":"https:\/\/homolog.saopaulo.sp.leg.br\/orcamento2020\/wp-json\/wp\/v2\/users\/169"}],"replies":[{"embeddable":true,"href":"https:\/\/homolog.saopaulo.sp.leg.br\/orcamento2020\/wp-json\/wp\/v2\/comments?post=80"}],"version-history":[{"count":5,"href":"https:\/\/homolog.saopaulo.sp.leg.br\/orcamento2020\/wp-json\/wp\/v2\/pages\/80\/revisions"}],"predecessor-version":[{"id":212,"href":"https:\/\/homolog.saopaulo.sp.leg.br\/orcamento2020\/wp-json\/wp\/v2\/pages\/80\/revisions\/212"}],"wp:attachment":[{"href":"https:\/\/homolog.saopaulo.sp.leg.br\/orcamento2020\/wp-json\/wp\/v2\/media?parent=80"}],"curies":[{"name":"wp","href":"https:\/\/api.w.org\/{rel}","templated":true}]}}