{"id":92,"date":"2019-05-15T16:38:14","date_gmt":"2019-05-15T19:38:14","guid":{"rendered":"http:\/\/191.233.26.21\/orcamento2020\/?page_id=92"},"modified":"2019-10-30T12:14:10","modified_gmt":"2019-10-30T15:14:10","slug":"noticias","status":"publish","type":"page","link":"https:\/\/homolog.saopaulo.sp.leg.br\/orcamento2020\/noticias\/","title":{"rendered":"Not\u00edcias"},"content":{"rendered":"<p>Nesta p\u00e1gina, voc\u00ea acompanha todas as not\u00edcias sobre a tramita\u00e7\u00e3o do PL (Projeto de Lei) que cria a Lei Or\u00e7ament\u00e1ria Anual, na C\u00e2mara Municipal de S\u00e3o Paulo.<\/p>\n","protected":false},"excerpt":{"rendered":"<p>Nesta p\u00e1gina, voc\u00ea acompanha todas as not\u00edcias sobre a tramita\u00e7\u00e3o do PL (Projeto de Lei) que cria a Lei Or\u00e7ament\u00e1ria Anual, na C\u00e2mara Municipal de S\u00e3o Paulo.<\/p>\n","protected":false},"author":169,"featured_media":0,"parent":0,"menu_order":0,"comment_status":"closed","ping_status":"closed","template":"page-noticias.php","meta":{"_acf_changed":false,"footnotes":""},"class_list":["post-92","page","type-page","status-publish","hentry"],"acf":[],"_links":{"self":[{"href":"https:\/\/homolog.saopaulo.sp.leg.br\/orcamento2020\/wp-json\/wp\/v2\/pages\/92","targetHints":{"allow":["GET"]}}],"collection":[{"href":"https:\/\/homolog.saopaulo.sp.leg.br\/orcamento2020\/wp-json\/wp\/v2\/pages"}],"about":[{"href":"https:\/\/homolog.saopaulo.sp.leg.br\/orcamento2020\/wp-json\/wp\/v2\/types\/page"}],"author":[{"embeddable":true,"href":"https:\/\/homolog.saopaulo.sp.leg.br\/orcamento2020\/wp-json\/wp\/v2\/users\/169"}],"replies":[{"embeddable":true,"href":"https:\/\/homolog.saopaulo.sp.leg.br\/orcamento2020\/wp-json\/wp\/v2\/comments?post=92"}],"version-history":[{"count":2,"href":"https:\/\/homolog.saopaulo.sp.leg.br\/orcamento2020\/wp-json\/wp\/v2\/pages\/92\/revisions"}],"predecessor-version":[{"id":153,"href":"https:\/\/homolog.saopaulo.sp.leg.br\/orcamento2020\/wp-json\/wp\/v2\/pages\/92\/revisions\/153"}],"wp:attachment":[{"href":"https:\/\/homolog.saopaulo.sp.leg.br\/orcamento2020\/wp-json\/wp\/v2\/media?parent=92"}],"curies":[{"name":"wp","href":"https:\/\/api.w.org\/{rel}","templated":true}]}}