{"id":31,"date":"2021-05-03T18:24:37","date_gmt":"2021-05-03T21:24:37","guid":{"rendered":"https:\/\/homolog.saopaulo.sp.leg.br\/orcamento2022\/?page_id=31"},"modified":"2021-05-03T18:24:37","modified_gmt":"2021-05-03T21:24:37","slug":"noticias","status":"publish","type":"page","link":"https:\/\/homolog.saopaulo.sp.leg.br\/orcamento2022\/noticias\/","title":{"rendered":"Not\u00edcias"},"content":{"rendered":"<p>Nesta p\u00e1gina, voc\u00ea acompanha todas as not\u00edcias sobre a tramita\u00e7\u00e3o do PL (Projeto de Lei) que cria a Lei Or\u00e7ament\u00e1ria Anual, na C\u00e2mara Municipal de S\u00e3o Paulo.<\/p>\n","protected":false},"excerpt":{"rendered":"<p>Nesta p\u00e1gina, voc\u00ea acompanha todas as not\u00edcias sobre a tramita\u00e7\u00e3o do PL (Projeto de Lei) que cria a Lei Or\u00e7ament\u00e1ria Anual, na C\u00e2mara Municipal de S\u00e3o Paulo.<\/p>\n","protected":false},"author":733,"featured_media":0,"parent":0,"menu_order":0,"comment_status":"closed","ping_status":"closed","template":"page-noticias.php","meta":{"_acf_changed":false,"footnotes":""},"class_list":["post-31","page","type-page","status-publish","hentry"],"acf":[],"_links":{"self":[{"href":"https:\/\/homolog.saopaulo.sp.leg.br\/orcamento2022\/wp-json\/wp\/v2\/pages\/31","targetHints":{"allow":["GET"]}}],"collection":[{"href":"https:\/\/homolog.saopaulo.sp.leg.br\/orcamento2022\/wp-json\/wp\/v2\/pages"}],"about":[{"href":"https:\/\/homolog.saopaulo.sp.leg.br\/orcamento2022\/wp-json\/wp\/v2\/types\/page"}],"author":[{"embeddable":true,"href":"https:\/\/homolog.saopaulo.sp.leg.br\/orcamento2022\/wp-json\/wp\/v2\/users\/733"}],"replies":[{"embeddable":true,"href":"https:\/\/homolog.saopaulo.sp.leg.br\/orcamento2022\/wp-json\/wp\/v2\/comments?post=31"}],"version-history":[{"count":1,"href":"https:\/\/homolog.saopaulo.sp.leg.br\/orcamento2022\/wp-json\/wp\/v2\/pages\/31\/revisions"}],"predecessor-version":[{"id":32,"href":"https:\/\/homolog.saopaulo.sp.leg.br\/orcamento2022\/wp-json\/wp\/v2\/pages\/31\/revisions\/32"}],"wp:attachment":[{"href":"https:\/\/homolog.saopaulo.sp.leg.br\/orcamento2022\/wp-json\/wp\/v2\/media?parent=31"}],"curies":[{"name":"wp","href":"https:\/\/api.w.org\/{rel}","templated":true}]}}