{"id":21,"date":"2022-06-23T14:14:15","date_gmt":"2022-06-23T17:14:15","guid":{"rendered":"https:\/\/homolog.saopaulo.sp.leg.br\/orcamento2023\/?page_id=21"},"modified":"2022-12-05T11:32:50","modified_gmt":"2022-12-05T14:32:50","slug":"audiencias-publicas-participe","status":"publish","type":"page","link":"https:\/\/homolog.saopaulo.sp.leg.br\/orcamento2023\/audiencias-publicas-participe\/","title":{"rendered":"Participe das Audi\u00eancias P\u00fablicas"},"content":{"rendered":"<div style=\"overflow:hidden;height:0\">\n<h2><strong>Participe da elabora\u00e7\u00e3o do or\u00e7amento da cidade de S\u00e3o Paulo<\/strong><\/h2>\n<p>Mande sua proposta\/sugest\u00e3o para elabora\u00e7\u00e3o do or\u00e7amento de nossa cidade em 2023. Voc\u00ea pode participar presencialmente, de forma online ou escrevendo sua demanda em nosso formul\u00e1rio. <strong>Escolha a Audi\u00eancia P\u00fablica no calend\u00e1rio abaixo e participe<\/strong>.<\/p>\n<h2><strong>Agenda de Audi\u00eancias P\u00fablicas do Or\u00e7amento 2023<\/strong><\/h2>\n<div class=\"aup_calendario_home\">\n<div class=\"semana\"><span class=\"data\">29\/11\/2022<\/span><span class=\"hora\">Ter\u00e7a-feira &#8211; 10h \u00e0s 12h<\/span><\/div>\n<div class=\"info\"><strong>Tema\/Pauta:<\/strong><br \/>\n2\u00aa Audi\u00eancia P\u00fablica geral<br \/>\n<strong><br \/>\nSecretaria Municipal da Fazenda<br \/>\nTribunal de Contas do Munic\u00edpio de SP<\/strong><span class=\"saiba\"><a href=\"https:\/\/homolog.saopaulo.sp.leg.br\/audienciaspublicas\/audiencia\/fin02-29-11-2022\/\" target=\"_blank\" rel=\"noopener\">Participe<\/a><\/span><\/div>\n<\/div>\n<\/div>\n<h2><strong>O que \u00e9 uma Audi\u00eancia P\u00fablica e como participar?<\/strong><\/h2>\n<p>As <strong>Audi\u00eancias P\u00fablicas<\/strong> s\u00e3o mecanismos democr\u00e1ticos convocados, isoladamente ou em conjunto, pelas Comiss\u00f5es Permanentes da C\u00e2mara Municipal de S\u00e3o Paulo.<\/p>\n<p>O <strong>Regimento Interno da Casa<\/strong> estabelece que as comiss\u00f5es poder\u00e3o solicitar a realiza\u00e7\u00e3o de audi\u00eancias sobre Projetos de Lei, nos casos previstos no artigo 41 da Lei Org\u00e2nica do Munic\u00edpio, ou sempre que requeridas por 0,1% (um d\u00e9cimo por cento) de eleitores do munic\u00edpio, ou sobre assunto de interesse p\u00fablico principalmente para dar voz a representantes de entidades legalmente constitu\u00eddas ou de, no m\u00ednimo, 1.500 (um mil e quinhentos) mun\u00edcipes, sempre que essas entidades ou eleitores o requererem.<\/p>\n<p>As comiss\u00f5es podem ainda convocar Audi\u00eancias P\u00fablicas para instruir mat\u00e9ria legislativa em tr\u00e2mite e para tratar de assuntos de interesse p\u00fablico, mediante proposta de qualquer de seus membros ou a pedido de entidades interessadas.<\/p>\n<p>Visando a democratiza\u00e7\u00e3o do acesso \u00e0s Audi\u00eancias P\u00fablicas, a C\u00e2mara Municipal de S\u00e3o Paulo transmite todas as reuni\u00f5es pelos canais oficiais da Casa e os interessados podem participar presencialmente, por videoconfer\u00eancia, mediante inscri\u00e7\u00e3o e exig\u00eancias do Regimento Interno, ou pelo envio de propostas, preenchendo o formul\u00e1rio correspondente e registrando sua manifesta\u00e7\u00e3o por escrito \u00e0 comiss\u00e3o.<\/p>\n<p>Confira as audi\u00eancias realizadas &#8211; <a href=\"http:\/\/homolog.saopaulo.sp.leg.br\/orcamento2023\/audiencias-realizadas\/\" rel=\"noopener noreferrer\">clique aqui.<\/a><\/p>\n","protected":false},"excerpt":{"rendered":"<p>Participe da elabora\u00e7\u00e3o do or\u00e7amento da cidade de S\u00e3o Paulo Mande sua proposta\/sugest\u00e3o para elabora\u00e7\u00e3o do or\u00e7amento de nossa cidade em 2023. Voc\u00ea pode participar presencialmente, de forma online ou escrevendo sua demanda em nosso formul\u00e1rio. Escolha a Audi\u00eancia P\u00fablica no calend\u00e1rio abaixo e participe. Agenda de Audi\u00eancias P\u00fablicas do Or\u00e7amento 2023 29\/11\/2022Ter\u00e7a-feira &#8211; 10h&#8230;  <a class=\"excerpt-read-more\" href=\"https:\/\/homolog.saopaulo.sp.leg.br\/orcamento2023\/audiencias-publicas-participe\/\" title=\"Read Participe das Audi\u00eancias P\u00fablicas\">Ler mais &raquo;<\/a><\/p>\n","protected":false},"author":733,"featured_media":0,"parent":0,"menu_order":0,"comment_status":"closed","ping_status":"closed","template":"","meta":{"_acf_changed":false,"footnotes":""},"class_list":["post-21","page","type-page","status-publish","hentry"],"acf":[],"_links":{"self":[{"href":"https:\/\/homolog.saopaulo.sp.leg.br\/orcamento2023\/wp-json\/wp\/v2\/pages\/21","targetHints":{"allow":["GET"]}}],"collection":[{"href":"https:\/\/homolog.saopaulo.sp.leg.br\/orcamento2023\/wp-json\/wp\/v2\/pages"}],"about":[{"href":"https:\/\/homolog.saopaulo.sp.leg.br\/orcamento2023\/wp-json\/wp\/v2\/types\/page"}],"author":[{"embeddable":true,"href":"https:\/\/homolog.saopaulo.sp.leg.br\/orcamento2023\/wp-json\/wp\/v2\/users\/733"}],"replies":[{"embeddable":true,"href":"https:\/\/homolog.saopaulo.sp.leg.br\/orcamento2023\/wp-json\/wp\/v2\/comments?post=21"}],"version-history":[{"count":5,"href":"https:\/\/homolog.saopaulo.sp.leg.br\/orcamento2023\/wp-json\/wp\/v2\/pages\/21\/revisions"}],"predecessor-version":[{"id":339,"href":"https:\/\/homolog.saopaulo.sp.leg.br\/orcamento2023\/wp-json\/wp\/v2\/pages\/21\/revisions\/339"}],"wp:attachment":[{"href":"https:\/\/homolog.saopaulo.sp.leg.br\/orcamento2023\/wp-json\/wp\/v2\/media?parent=21"}],"curies":[{"name":"wp","href":"https:\/\/api.w.org\/{rel}","templated":true}]}}