{"id":29,"date":"2022-06-23T14:17:50","date_gmt":"2022-06-23T17:17:50","guid":{"rendered":"https:\/\/homolog.saopaulo.sp.leg.br\/orcamento2023\/?page_id=29"},"modified":"2022-11-28T09:48:25","modified_gmt":"2022-11-28T12:48:25","slug":"secretarias","status":"publish","type":"page","link":"https:\/\/homolog.saopaulo.sp.leg.br\/orcamento2023\/secretarias\/","title":{"rendered":"Secretarias"},"content":{"rendered":"<p><a class=\"sublink\" href=\"https:\/\/homolog.saopaulo.sp.leg.br\/blog\/secretaria-de-governo-municipal-tem-orcamento-estimado-em-r-46003-milhoes-para-2023\/\" target=\"_blank\" rel=\"noopener noreferrer\">Secretaria <span class=\"bairro\">Governo Municipal<\/span> <span class=\"valor\">R$ 460.033.975,00<\/span><\/a><\/p>\n<p><a class=\"sublink\" href=\"https:\/\/homolog.saopaulo.sp.leg.br\/blog\/projeto-do-orcamento-2023-indica-r-314-bilhoes-para-secretaria-municipal-das-subprefeituras\/\" target=\"_blank\" rel=\"noopener noreferrer\">Secretaria Municipal <span class=\"bairro\"> das Subprefeituras<\/span> <span class=\"valor\">R$ 3.136.472.237,00<\/span><\/a><\/p>\n<p><a class=\"sublink\" href=\"https:\/\/homolog.saopaulo.sp.leg.br\/blog\/orcamento-2023-secretaria-municipal-de-gestao-deve-contar-com-r-45919-milhoes\/\" target=\"_blank\" rel=\"noopener noreferrer\">Secretaria Municipal <span class=\"bairro\">de Gest\u00e3o<\/span> <span class=\"valor\">R$ 459.188.860,00<\/span><\/a><\/p>\n<p><a class=\"sublink\" href=\"https:\/\/homolog.saopaulo.sp.leg.br\/blog\/secretaria-municipal-de-habitacao-deve-contar-com-orcamento-de-r-291-bilhoes-em-2023\/\" target=\"_blank\" rel=\"noopener noreferrer\">Secretaria Municipal <strong>de Habita\u00e7\u00e3o<\/strong> inclui Cohab-SP e fundos municipais <span class=\"valor\">R$ 4.344.120.193,00<\/span><\/a><\/p>\n<p><a class=\"sublink\" href=\"https:\/\/homolog.saopaulo.sp.leg.br\/blog\/secretaria-municipal-de-educacao-tem-orcamento-estimado-em-r-1932-bilhoes-para-2023\/\" target=\"_blank\" rel=\"noopener noreferrer\">Secretaria Municipal <span class=\"bairro\">de Educa\u00e7\u00e3o<\/span> <span class=\"valor\">R$ 19.713.176.159,00<\/span><\/a><\/p>\n<p><a class=\"sublink\" href=\"https:\/\/homolog.saopaulo.sp.leg.br\/blog\/secretaria-municipal-da-fazenda-tem-orcamento-previsto-em-r-51358-milhoes-para-2023\/\" target=\"_blank\" rel=\"noopener noreferrer\">Secretaria Municipal <span class=\"bairro\">da Fazenda<\/span> <span class=\"valor\">R$ 513.576.925,00<\/span><\/a><\/p>\n<p><a class=\"sublink\" href=\"https:\/\/homolog.saopaulo.sp.leg.br\/blog\/projeto-do-orcamento-indica-r-34393-milhoes-para-secretaria-municipal-de-esportes-e-lazer-em-2023\/\" target=\"_blank\" rel=\"noopener noreferrer\">Secretaria Municipal <span class=\"bairro\">de Esportes e Lazer<\/span> <span class=\"valor\">R$ 343.928.258,00<\/span><\/a><\/p>\n<p><a class=\"sublink\" href=\"https:\/\/homolog.saopaulo.sp.leg.br\/blog\/orcamento-2023-projeto-preve-r-618-bilhoes-para-secretaria-municipal-de-mobilidade-e-transito\/\" target=\"_blank\" rel=\"noopener noreferrer\">Secretaria Municipal <span class=\"bairro\"> de Mobilidade e Tr\u00e2nsito<\/span> <span class=\"valor\">R$ 6.183.786.191,00<\/span><\/a><\/p>\n<p><a class=\"sublink\" href=\"https:\/\/homolog.saopaulo.sp.leg.br\/blog\/secretaria-municipal-de-infraestrutura-urbana-e-obras-tem-orcamento-estimado-em-r-223-bilhoes-para-2023\/\" target=\"_blank\" rel=\"noopener noreferrer\">Secretaria Municipal <span class=\"bairro\"> de Infraestrutura Urbana e Obras<\/span> <span class=\"valor\">R$ 2.226.139.438,00<\/span><\/a><\/p>\n<p><a class=\"sublink\" href=\"https:\/\/homolog.saopaulo.sp.leg.br\/blog\/para-2023-secretaria-municipal-de-inovacao-e-tecnologia-tem-orcamento-proposto-de-r-25173-milhoes\/\" target=\"_blank\" rel=\"noopener noreferrer\">Secretaria Municipal <span class=\"bairro\">de Inova\u00e7\u00e3o e Tecnologia<\/span> <span class=\"valor\">R$ 251.727.903,00<\/span><\/a><\/p>\n<p><a class=\"sublink\" href=\"https:\/\/homolog.saopaulo.sp.leg.br\/blog\/projeto-do-orcamento-indica-r-168-bilhao-para-secretaria-municipal-de-assistencia-e-desenvolvimento-social-em-2023\/\" target=\"_blank\" rel=\"noopener noreferrer\">Secretaria Municipal <span class=\"bairro\">de Assist\u00eancia e Des. Social<\/span> <span class=\"valor\">R$ 1.683.088.278,00<\/span><\/a><\/p>\n<p><a class=\"sublink\" href=\"https:\/\/homolog.saopaulo.sp.leg.br\/blog\/secretaria-municipal-de-cultura-tem-orcamento-proposto-em-r-65189-milhoes-para-2023\/\" target=\"_blank\" rel=\"noopener noreferrer\">Secretaria Municipal <span class=\"bairro\">de Cultura <\/span> <span class=\"valor\">R$ 651.889.642,00<\/span><\/a><\/p>\n<p><a class=\"sublink\" href=\"#\" rel=\"noopener noreferrer\">Secretaria Municipal <span class=\"bairro\">de Justi\u00e7a<\/span> <span class=\"valor\">R$ 3.486.886,00<\/span><\/a><\/p>\n<p><a class=\"sublink\" href=\"https:\/\/homolog.saopaulo.sp.leg.br\/blog\/secretaria-do-verde-e-do-meio-ambiente-deve-contar-com-r-49690-milhoes-de-orcamento-para-2023\/\" target=\"_blank\" rel=\"noopener noreferrer\">Secretaria Municipal <span class=\"bairro\">do Verde e do Meio Ambiente<\/span> <span class=\"valor\">R$ 496.901.071,00<\/span><\/a><\/p>\n<p><a class=\"sublink\" href=\"#\" rel=\"noopener noreferrer\">Secretaria Municipal <span class=\"bairro\">de Urbanismo e Licenciamento<\/span> <span class=\"valor\">R$ 698.039.044,00<\/span><\/a><\/p>\n<p><a class=\"sublink\" href=\"https:\/\/homolog.saopaulo.sp.leg.br\/blog\/orcamento-2023-pl-preve-r-22646-milhoes-para-secretaria-de-desenvolvimento-economico-e-trabalho\/\" target=\"_blank\" rel=\"noopener noreferrer\">Secretaria Municipal <span class=\"bairro\">de Des. Econ\u00f4mico e Trabalho<\/span> <span class=\"valor\">R$ 226.462.314,00<\/span><\/a><\/p>\n<p><a class=\"sublink\" href=\"https:\/\/homolog.saopaulo.sp.leg.br\/blog\/secretaria-municipal-de-direitos-humanos-e-cidadania-tem-orcamento-estimado-em-r-14760-milhoes-para-2023\/\" target=\"_blank\" rel=\"noopener noreferrer\">Secretaria Municipal <span class=\"bairro\">de Direitos Humanos e Cidadania<\/span> <span class=\"valor\">R$ 147.602.597,00<\/span><\/a><\/p>\n<p><a class=\"sublink\" href=\"https:\/\/homolog.saopaulo.sp.leg.br\/blog\/secretaria-municipal-da-pessoa-com-deficiencia-tem-orcamento-previsto-de-r-2339-milhoes-para-2023\/\" target=\"_blank\" rel=\"noopener noreferrer\">Secretaria Municipal <span class=\"bairro\">da Pessoa com Defici\u00eancia <\/span> <span class=\"valor\">R$ 23.394.630,00<\/span><\/a><\/p>\n<p><a class=\"sublink\" href=\"https:\/\/homolog.saopaulo.sp.leg.br\/blog\/secretaria-municipal-de-seguranca-urbana-tem-orcamento-estimado-em-r-98601-milhoes-para-2023\/\" target=\"_blank\" rel=\"noopener noreferrer\">Secretaria Municipal <span class=\"bairro\">de Seguran\u00e7a Urbana<\/span> <span class=\"valor\">R$ 986.008.878,00<\/span><\/a><\/p>\n<p><a class=\"sublink\" href=\"#\" rel=\"noopener noreferrer\">Secretaria Municipal <span class=\"bairro\">de Rela\u00e7\u00f5es Internacionais<\/span> <span class=\"valor\">R$ 40.326.700,00<\/span><\/a><\/p>\n<p><a class=\"sublink\" href=\"https:\/\/homolog.saopaulo.sp.leg.br\/blog\/projeto-do-orcamento-de-2023-estima-r-31524-milhoes-para-secretaria-municipal-de-turismo\/\" target=\"_blank\" rel=\"noopener noreferrer\">Secretaria Municipal <span class=\"bairro\">de Turismo<\/span> <span class=\"valor\">R$ 315.241.781,00<\/span><\/a><\/p>\n<p><a class=\"sublink\" href=\"https:\/\/homolog.saopaulo.sp.leg.br\/blog\/projeto-do-orcamento-de-2023-indica-r-1669-bilhoes-para-a-secretaria-municipal-de-saude\/\" target=\"_blank\" rel=\"noopener noreferrer\">Secretaria Municipal <span class=\"bairro\">de Sa\u00fade <\/span> <span class=\"valor\">R$ 16.695.938.626,00<\/span><\/a><\/p>\n","protected":false},"excerpt":{"rendered":"<p>Secretaria Governo Municipal R$ 460.033.975,00 Secretaria Municipal das Subprefeituras R$ 3.136.472.237,00 Secretaria Municipal de Gest\u00e3o R$ 459.188.860,00 Secretaria Municipal de Habita\u00e7\u00e3o inclui Cohab-SP e fundos municipais R$ 4.344.120.193,00 Secretaria Municipal de Educa\u00e7\u00e3o R$ 19.713.176.159,00 Secretaria Municipal da Fazenda R$ 513.576.925,00 Secretaria Municipal de Esportes e Lazer R$ 343.928.258,00 Secretaria Municipal de Mobilidade e Tr\u00e2nsito R$&#8230;  <a class=\"excerpt-read-more\" href=\"https:\/\/homolog.saopaulo.sp.leg.br\/orcamento2023\/secretarias\/\" title=\"Read Secretarias\">Ler mais &raquo;<\/a><\/p>\n","protected":false},"author":733,"featured_media":0,"parent":0,"menu_order":0,"comment_status":"closed","ping_status":"closed","template":"","meta":{"_acf_changed":false,"footnotes":""},"class_list":["post-29","page","type-page","status-publish","hentry"],"acf":[],"_links":{"self":[{"href":"https:\/\/homolog.saopaulo.sp.leg.br\/orcamento2023\/wp-json\/wp\/v2\/pages\/29","targetHints":{"allow":["GET"]}}],"collection":[{"href":"https:\/\/homolog.saopaulo.sp.leg.br\/orcamento2023\/wp-json\/wp\/v2\/pages"}],"about":[{"href":"https:\/\/homolog.saopaulo.sp.leg.br\/orcamento2023\/wp-json\/wp\/v2\/types\/page"}],"author":[{"embeddable":true,"href":"https:\/\/homolog.saopaulo.sp.leg.br\/orcamento2023\/wp-json\/wp\/v2\/users\/733"}],"replies":[{"embeddable":true,"href":"https:\/\/homolog.saopaulo.sp.leg.br\/orcamento2023\/wp-json\/wp\/v2\/comments?post=29"}],"version-history":[{"count":5,"href":"https:\/\/homolog.saopaulo.sp.leg.br\/orcamento2023\/wp-json\/wp\/v2\/pages\/29\/revisions"}],"predecessor-version":[{"id":332,"href":"https:\/\/homolog.saopaulo.sp.leg.br\/orcamento2023\/wp-json\/wp\/v2\/pages\/29\/revisions\/332"}],"wp:attachment":[{"href":"https:\/\/homolog.saopaulo.sp.leg.br\/orcamento2023\/wp-json\/wp\/v2\/media?parent=29"}],"curies":[{"name":"wp","href":"https:\/\/api.w.org\/{rel}","templated":true}]}}