{"id":134,"date":"2023-10-03T17:55:42","date_gmt":"2023-10-03T20:55:42","guid":{"rendered":"https:\/\/homolog.saopaulo.sp.leg.br\/orcamento2024\/?page_id=134"},"modified":"2023-11-27T09:10:21","modified_gmt":"2023-11-27T12:10:21","slug":"participe","status":"publish","type":"page","link":"https:\/\/homolog.saopaulo.sp.leg.br\/orcamento2024\/participe\/","title":{"rendered":"Participe!"},"content":{"rendered":"<h2 style=\"text-align: center\">Obrigado por contribuir para o Or\u00e7amento 2024.<\/h2>\n<p style=\"text-align: center\">Ap\u00f3s uma s\u00e9rie de Audi\u00eancias P\u00fablicas e a disponibiliza\u00e7\u00e3o deste espa\u00e7o para o recebimento de propostas,<br \/>\nencerramos a fase de consultas. Contribua nas Audi\u00eancias P\u00fablicas. <a href=\"https:\/\/homolog.saopaulo.sp.leg.br\/audienciaspublicas\/inscricoes\/\" target=\"_blank\" rel=\"noopener\">Clique aqui<\/a>.<\/p>\n<h4 style=\"text-align: center\">A cidade de S\u00e3o Paulo agradece sua participa\u00e7\u00e3o!<\/h4>\n","protected":false},"excerpt":{"rendered":"<p>Obrigado por contribuir para o Or\u00e7amento 2024. Ap\u00f3s uma s\u00e9rie de Audi\u00eancias P\u00fablicas e a disponibiliza\u00e7\u00e3o deste espa\u00e7o para o recebimento de propostas, encerramos a fase de consultas. Contribua nas Audi\u00eancias P\u00fablicas. Clique aqui. A cidade de S\u00e3o Paulo agradece sua participa\u00e7\u00e3o!<\/p>\n","protected":false},"author":733,"featured_media":0,"parent":0,"menu_order":0,"comment_status":"closed","ping_status":"closed","template":"","meta":{"_acf_changed":false,"footnotes":""},"class_list":["post-134","page","type-page","status-publish","hentry"],"acf":[],"_links":{"self":[{"href":"https:\/\/homolog.saopaulo.sp.leg.br\/orcamento2024\/wp-json\/wp\/v2\/pages\/134","targetHints":{"allow":["GET"]}}],"collection":[{"href":"https:\/\/homolog.saopaulo.sp.leg.br\/orcamento2024\/wp-json\/wp\/v2\/pages"}],"about":[{"href":"https:\/\/homolog.saopaulo.sp.leg.br\/orcamento2024\/wp-json\/wp\/v2\/types\/page"}],"author":[{"embeddable":true,"href":"https:\/\/homolog.saopaulo.sp.leg.br\/orcamento2024\/wp-json\/wp\/v2\/users\/733"}],"replies":[{"embeddable":true,"href":"https:\/\/homolog.saopaulo.sp.leg.br\/orcamento2024\/wp-json\/wp\/v2\/comments?post=134"}],"version-history":[{"count":5,"href":"https:\/\/homolog.saopaulo.sp.leg.br\/orcamento2024\/wp-json\/wp\/v2\/pages\/134\/revisions"}],"predecessor-version":[{"id":579,"href":"https:\/\/homolog.saopaulo.sp.leg.br\/orcamento2024\/wp-json\/wp\/v2\/pages\/134\/revisions\/579"}],"wp:attachment":[{"href":"https:\/\/homolog.saopaulo.sp.leg.br\/orcamento2024\/wp-json\/wp\/v2\/media?parent=134"}],"curies":[{"name":"wp","href":"https:\/\/api.w.org\/{rel}","templated":true}]}}