{"id":22,"date":"2023-06-07T16:03:30","date_gmt":"2023-06-07T19:03:30","guid":{"rendered":"https:\/\/homolog.saopaulo.sp.leg.br\/orcamento2024\/?page_id=22"},"modified":"2024-05-28T10:51:04","modified_gmt":"2024-05-28T13:51:04","slug":"comissao","status":"publish","type":"page","link":"https:\/\/homolog.saopaulo.sp.leg.br\/orcamento2024\/comissao\/","title":{"rendered":"Comiss\u00e3o"},"content":{"rendered":"<h2><strong>O que \u00e9 a Comiss\u00e3o de Finan\u00e7as?<\/strong><\/h2>\n<p>\u00c9 de responsabilidade da <strong>Comiss\u00e3o de Finan\u00e7as e Or\u00e7amento<\/strong> da C\u00e2mara Municipal de S\u00e3o Paulo garantir o amplo debate <strong>sobre a LDO (Lei de Diretrizes Or\u00e7ament\u00e1rias) e a LOA (Lei Or\u00e7ament\u00e1ria Anual)<\/strong>.<\/p>\n<p>Atualmente, a Comiss\u00e3o tem em sua composi\u00e7\u00e3o o presidente <strong>Jair Tatto (PT)<\/strong>, o vice-presidente <strong>Isac F\u00e9lix (PL)<\/strong>, e os membros <strong>At\u00edlio Francisco (REPUBLICANOS), Cris Monteiro (NOVO), Paulo Frange (PTB), Rinaldi Digilio (UNI\u00c3O), Roberto Tripoli (PV), Rute Costa (PSDB) e Sidney Cruz (SOLIDARIEDADE)<\/strong>. Para relatar a LOA, o colegiado designou o vereador <strong>Sidney Cruz<\/strong>.<\/p>\n<p>Saiba mais sobre os vereadores que comp\u00f5em o colegiado clicando\u00a0<a href=\"http:\/\/homolog.saopaulo.sp.leg.br\/comissao\/comissoes-do-processo-legislativo\/comissao-de-financas-e-orcamento\/\" target=\"_blank\" rel=\"noopener noreferrer\" data-auth=\"NotApplicable\">aqui<\/a>.<\/p>\n<h2><strong>Composi\u00e7\u00e3o da Comiss\u00e3o de Finan\u00e7as<\/strong><\/h2>\n<div class=\"aup_comissao\">\n<div class=\"foto\"><span class=\"partido\"><img loading=\"lazy\" decoding=\"async\" class=\"alignnone\" title=\"PT\" src=\"http:\/\/homolog.saopaulo.sp.leg.br\/orcamento2024\/wp-content\/uploads\/sites\/55\/2023\/10\/pt.jpg\" alt=\"\" width=\"40\" height=\"40\" \/><\/span><a href=\"https:\/\/homolog.saopaulo.sp.leg.br\/vereador\/jair-tatto\/\" target=\"_blank\" rel=\"noopener\"><img loading=\"lazy\" decoding=\"async\" class=\"aligncenter\" src=\"http:\/\/homolog.saopaulo.sp.leg.br\/orcamento2024\/wp-content\/uploads\/sites\/55\/2023\/10\/jair.jpg\" alt=\"\" width=\"500\" height=\"401\" \/><\/a><\/div>\n<div class=\"verea\"><span class=\"nome\">Jair Tatto<\/span><span class=\"cargo\">Presidente<\/span><\/div>\n<\/div>\n<div class=\"aup_comissao\">\n<div class=\"foto\"><span class=\"partido\"><img decoding=\"async\" class=\"alignnone\" title=\"PL\" src=\"http:\/\/homolog.saopaulo.sp.leg.br\/orcamento2024\/wp-content\/uploads\/sites\/55\/2023\/10\/pj.jpg\" width=\"40\" \/><\/span><a href=\"https:\/\/homolog.saopaulo.sp.leg.br\/vereador\/isac-felix\/\" target=\"_blank\" rel=\"noopener\"><img loading=\"lazy\" decoding=\"async\" class=\"aligncenter\" src=\"http:\/\/homolog.saopaulo.sp.leg.br\/orcamento2024\/wp-content\/uploads\/sites\/55\/2023\/10\/isac.jpg\" alt=\"\" width=\"500\" height=\"401\" \/><\/a><\/div>\n<div class=\"verea\"><span class=\"nome\">Isac F\u00e9lix<\/span><span class=\"cargo\">Vice-Presidente <\/span><\/div>\n<\/div>\n<div class=\"aup_comissao\">\n<div class=\"foto\"><span class=\"partido\"><img decoding=\"async\" class=\"alignnone\" title=\"Solidariedade\" src=\"http:\/\/homolog.saopaulo.sp.leg.br\/orcamento2024\/wp-content\/uploads\/sites\/55\/2023\/10\/soli.jpg\" width=\"40\" \/><\/span><a href=\"https:\/\/homolog.saopaulo.sp.leg.br\/vereador\/sidney-cruz\/\" target=\"_blank\" rel=\"noopener\"><img loading=\"lazy\" decoding=\"async\" class=\"aligncenter\" src=\"http:\/\/homolog.saopaulo.sp.leg.br\/orcamento2024\/wp-content\/uploads\/sites\/55\/2023\/10\/sidney.jpg\" alt=\"\" width=\"500\" height=\"401\" \/><\/a><\/div>\n<div class=\"verea\"><span class=\"nome\">Sidney Cruz<\/span><span class=\"cargo\">Relator<\/span><\/div>\n<\/div>\n<div class=\"aup_comissao\">\n<div class=\"foto\"><span class=\"partido\"><img decoding=\"async\" class=\"alignnone\" title=\"Republicanos\" src=\"http:\/\/homolog.saopaulo.sp.leg.br\/orcamento2024\/wp-content\/uploads\/sites\/55\/2023\/10\/repul.jpg\" width=\"40\" \/><\/span><a href=\"https:\/\/homolog.saopaulo.sp.leg.br\/vereador\/atilio-francisco\/\" target=\"_blank\" rel=\"noopener\"><img loading=\"lazy\" decoding=\"async\" class=\"aligncenter\" src=\"http:\/\/homolog.saopaulo.sp.leg.br\/orcamento2024\/wp-content\/uploads\/sites\/55\/2023\/10\/atilio.jpg\" alt=\"\" width=\"500\" height=\"401\" \/><\/a><\/div>\n<div class=\"verea\"><span class=\"nome\">Atilio Francisco<\/span><span class=\"cargo\">Membro<\/span><\/div>\n<\/div>\n<div class=\"aup_comissao\">\n<div class=\"foto\"><span class=\"partido\"><img decoding=\"async\" class=\"alignnone\" title=\"NOVO\" src=\"http:\/\/homolog.saopaulo.sp.leg.br\/orcamento2024\/wp-content\/uploads\/sites\/55\/2023\/10\/novo.jpg\" width=\"40\" \/><\/span><a href=\"https:\/\/homolog.saopaulo.sp.leg.br\/vereador\/cris-monteiro\/\" target=\"_blank\" rel=\"noopener\"><img loading=\"lazy\" decoding=\"async\" class=\"aligncenter\" src=\"http:\/\/homolog.saopaulo.sp.leg.br\/orcamento2024\/wp-content\/uploads\/sites\/55\/2023\/10\/cris.jpg\" alt=\"\" width=\"500\" height=\"401\" \/><\/a><\/div>\n<div class=\"verea\"><span class=\"nome\">Cris Monteiro<\/span><span class=\"cargo\">Membro<\/span><\/div>\n<\/div>\n<div class=\"aup_comissao\">\n<div class=\"foto\"><span class=\"partido\"><img decoding=\"async\" class=\"alignnone\" title=\"PTB\" src=\"http:\/\/homolog.saopaulo.sp.leg.br\/orcamento2024\/wp-content\/uploads\/sites\/55\/2023\/10\/ptb.jpg\" width=\"40\" \/><\/span><a href=\"https:\/\/homolog.saopaulo.sp.leg.br\/vereador\/paulo-frange\/\" target=\"_blank\" rel=\"noopener\"><img loading=\"lazy\" decoding=\"async\" class=\"aligncenter\" src=\"http:\/\/homolog.saopaulo.sp.leg.br\/orcamento2024\/wp-content\/uploads\/sites\/55\/2023\/10\/paulo.jpg\" alt=\"\" width=\"500\" height=\"401\" \/><\/a><\/div>\n<div class=\"verea\"><span class=\"nome\">Paulo Frange<\/span><span class=\"cargo\">Membro<\/span><\/div>\n<\/div>\n<div class=\"aup_comissao\">\n<div class=\"foto\"><span class=\"partido\"><img decoding=\"async\" class=\"alignnone\" title=\"Uni\u00e3o Brasil\" src=\"http:\/\/homolog.saopaulo.sp.leg.br\/orcamento2024\/wp-content\/uploads\/sites\/55\/2023\/10\/uniao.jpg\" width=\"40\" \/><\/span><a href=\"https:\/\/homolog.saopaulo.sp.leg.br\/vereador\/rinaldi-digilio\/\" target=\"_blank\" rel=\"noopener\"><img loading=\"lazy\" decoding=\"async\" class=\"aligncenter\" src=\"http:\/\/homolog.saopaulo.sp.leg.br\/orcamento2024\/wp-content\/uploads\/sites\/55\/2023\/10\/rinaldi.jpg\" alt=\"\" width=\"500\" height=\"401\" \/><\/a><\/div>\n<div class=\"verea\"><span class=\"nome\">Rinaldi Digilio<\/span><span class=\"cargo\">Membro<\/span><\/div>\n<\/div>\n<div class=\"aup_comissao\">\n<div class=\"foto\"><span class=\"partido\"><img decoding=\"async\" class=\"alignnone\" title=\"PV\" src=\"http:\/\/homolog.saopaulo.sp.leg.br\/orcamento2024\/wp-content\/uploads\/sites\/55\/2023\/10\/pv.jpg\" width=\"40\" \/><\/span><a href=\"https:\/\/homolog.saopaulo.sp.leg.br\/vereador\/roberto-tripoli\/\" target=\"_blank\" rel=\"noopener\"><img loading=\"lazy\" decoding=\"async\" class=\"aligncenter\" src=\"http:\/\/homolog.saopaulo.sp.leg.br\/orcamento2024\/wp-content\/uploads\/sites\/55\/2023\/10\/tripoli.jpg\" alt=\"\" width=\"500\" height=\"401\" \/><\/a><\/div>\n<div class=\"verea\"><span class=\"nome\">Roberto Tripoli<\/span><span class=\"cargo\">Membro<\/span><\/div>\n<\/div>\n<div class=\"aup_comissao\">\n<div class=\"foto\"><span class=\"partido\"><img decoding=\"async\" class=\"alignnone\" title=\"PSDB\" src=\"http:\/\/homolog.saopaulo.sp.leg.br\/orcamento2024\/wp-content\/uploads\/sites\/55\/2023\/10\/psdb.jpg\" width=\"40\" \/><\/span><a href=\"https:\/\/homolog.saopaulo.sp.leg.br\/vereador\/rute-costa\/\" target=\"_blank\" rel=\"noopener\"><img loading=\"lazy\" decoding=\"async\" class=\"aligncenter\" src=\"http:\/\/homolog.saopaulo.sp.leg.br\/orcamento2024\/wp-content\/uploads\/sites\/55\/2023\/10\/rute.jpg\" alt=\"\" width=\"500\" height=\"401\" \/><\/a><\/div>\n<div class=\"verea\"><span class=\"nome\">Rute Costa<\/span><span class=\"cargo\">Membro<\/span><\/div>\n<\/div>\n","protected":false},"excerpt":{"rendered":"<p>O que \u00e9 a Comiss\u00e3o de Finan\u00e7as? \u00c9 de responsabilidade da Comiss\u00e3o de Finan\u00e7as e Or\u00e7amento da C\u00e2mara Municipal de S\u00e3o Paulo garantir o amplo debate sobre a LDO (Lei de Diretrizes Or\u00e7ament\u00e1rias) e a LOA (Lei Or\u00e7ament\u00e1ria Anual). Atualmente, a Comiss\u00e3o tem em sua composi\u00e7\u00e3o o presidente Jair Tatto (PT), o vice-presidente Isac F\u00e9lix&#8230;  <a class=\"excerpt-read-more\" href=\"https:\/\/homolog.saopaulo.sp.leg.br\/orcamento2024\/comissao\/\" title=\"Read Comiss\u00e3o\">Ler mais &raquo;<\/a><\/p>\n","protected":false},"author":733,"featured_media":0,"parent":0,"menu_order":0,"comment_status":"closed","ping_status":"closed","template":"","meta":{"_acf_changed":false,"footnotes":""},"class_list":["post-22","page","type-page","status-publish","hentry"],"acf":[],"_links":{"self":[{"href":"https:\/\/homolog.saopaulo.sp.leg.br\/orcamento2024\/wp-json\/wp\/v2\/pages\/22","targetHints":{"allow":["GET"]}}],"collection":[{"href":"https:\/\/homolog.saopaulo.sp.leg.br\/orcamento2024\/wp-json\/wp\/v2\/pages"}],"about":[{"href":"https:\/\/homolog.saopaulo.sp.leg.br\/orcamento2024\/wp-json\/wp\/v2\/types\/page"}],"author":[{"embeddable":true,"href":"https:\/\/homolog.saopaulo.sp.leg.br\/orcamento2024\/wp-json\/wp\/v2\/users\/733"}],"replies":[{"embeddable":true,"href":"https:\/\/homolog.saopaulo.sp.leg.br\/orcamento2024\/wp-json\/wp\/v2\/comments?post=22"}],"version-history":[{"count":5,"href":"https:\/\/homolog.saopaulo.sp.leg.br\/orcamento2024\/wp-json\/wp\/v2\/pages\/22\/revisions"}],"predecessor-version":[{"id":584,"href":"https:\/\/homolog.saopaulo.sp.leg.br\/orcamento2024\/wp-json\/wp\/v2\/pages\/22\/revisions\/584"}],"wp:attachment":[{"href":"https:\/\/homolog.saopaulo.sp.leg.br\/orcamento2024\/wp-json\/wp\/v2\/media?parent=22"}],"curies":[{"name":"wp","href":"https:\/\/api.w.org\/{rel}","templated":true}]}}