{"id":227,"date":"2023-10-18T16:47:39","date_gmt":"2023-10-18T19:47:39","guid":{"rendered":"https:\/\/homolog.saopaulo.sp.leg.br\/orcamento2024\/?page_id=227"},"modified":"2023-10-26T15:38:04","modified_gmt":"2023-10-26T18:38:04","slug":"videoconferencia","status":"publish","type":"page","link":"https:\/\/homolog.saopaulo.sp.leg.br\/orcamento2024\/videoconferencia\/","title":{"rendered":"Videoconfer\u00eancia"},"content":{"rendered":"<h3 style=\"text-align: center\">Participe do\u00a0Or\u00e7amento 2024!<br \/>\nFa\u00e7a sua inscri\u00e7\u00e3o para participar nas Audi\u00eancias P\u00fablicas<\/h3>\n<div style=\"padding-left: 30px;font-size: 14px;margin-bottom: 30px\">\n<p>1 \u2013 Preencha a ficha completa de inscri\u00e7\u00e3o abaixo. Os dados pessoais dos inscritos s\u00e3o confidenciais e n\u00e3o ser\u00e3o disponibilizados a terceiros, constando de lista p\u00fablica apenas o nome completo de cada orador.<\/p>\n<p>2- As inscri\u00e7\u00f5es para fala ser\u00e3o registradas por ordem de recebimento, limitadas a uma inscri\u00e7\u00e3o por orador.<\/p>\n<p>3- Os inscritos receber\u00e3o mensagem da Secretaria da Comiss\u00e3o pelo contato disponibilizado no cadastro. A mensagem conter\u00e1 instru\u00e7\u00f5es gerais e um link intransfer\u00edvel para acesso \u00e0 videoconfer\u00eancia.<\/p>\n<p>4- No dia do evento, acesse o link recebido a partir de um dispositivo dotado de microfone, c\u00e2mera e conex\u00e3o \u00e0 internet. \u00c9 necess\u00e1rio instalar previamente o aplicativo Microsoft Teams (<a href=\"https:\/\/www.microsoft.com\/pt-br\/microsoft-365\/microsoft-teams\/download-app\" target=\"_blank\" rel=\"noopener noreferrer\">clique aqui para baixar<\/a>).<\/p>\n<p>5- O evento ser\u00e1 transmitido ao vivo pelo portal da C\u00e2mara Municipal de S\u00e3o Paulo (<a href=\"http:\/\/homolog.saopaulo.sp.leg.br\/transparencia\/auditorios-online\/\" target=\"_blank\" rel=\"noopener noreferrer\">na Se\u00e7\u00e3o Audit\u00f3rios Online<\/a>) e pelo\u00a0<a href=\"https:\/\/www.youtube.com\/camarasaopaulo\" target=\"_blank\" rel=\"noopener noreferrer\">canal de Youtube da C\u00e2mara<\/a>.<\/p>\n<p>6- Cada orador dispor\u00e1 de 3 minutos para se manifestar.<\/p>\n<p>7- <strong>Ser\u00e3o registradas para participa\u00e7\u00e3o as primeiras 20 inscri\u00e7\u00f5es recebidas<\/strong>. O orador ser\u00e1 informado de sua posi\u00e7\u00e3o na fila. Atingido o limite de inscritos, novas inscri\u00e7\u00f5es ser\u00e3o bloqueadas.<\/p>\n<p>8- No dia da Audi\u00eancia Publica Virtual, havendo tempo dispon\u00edvel e\/ou diante da aus\u00eancia ou desist\u00eancia de oradores cadastrados, as inscri\u00e7\u00f5es poder\u00e3o ser reabertas pelo site durante o evento, para credenciamento imediato de novos interessados em participar que estejam acompanhando o evento ao vivo.<\/p>\n<p>9 \u2013 Manifesta\u00e7\u00f5es desrespeitosas ou que perturbem o regular andamento dos trabalhos implicar\u00e3o na remo\u00e7\u00e3o do orador do ambiente virtual.<\/p>\n<p>Independente da intera\u00e7\u00e3o ao vivo por videoconfer\u00eancia, a participa\u00e7\u00e3o ampla \u00e9 assegurada atrav\u00e9s das mensagens por escrito. Encaminhe sua manifesta\u00e7\u00e3o para a Comiss\u00e3o atrav\u00e9s do <a href=\"https:\/\/homolog.saopaulo.sp.leg.br\/orcamento2024\/participe\/\">formul\u00e1rio eletr\u00f4nico dispon\u00edvel<\/a>.<\/p>\n<\/div>\n<h2 style=\"text-align: center\"><strong>Audi\u00eancias P\u00fablicas para o Or\u00e7amento 2024 <\/strong><\/h2>\n<h4 style=\"text-align: center\">Clique na audi\u00eancia que deseja se inscrever para participar por videoconfer\u00eancia.<\/h4>\n<p><a class=\"sublink\" href=\"https:\/\/homolog.saopaulo.sp.leg.br\/audienciaspublicas\/audiencia\/fin02-31-10-2023\/\" target=\"_blank\" rel=\"noopener noreferrer\"><span class=\"bairro\">5\u00aa Audi\u00eancia P\u00fablica Tem\u00e1tica <\/span> 31\/10\/2023 &#8211; 10:00<\/a><\/p>\n<p><a class=\"sublink\" href=\"https:\/\/homolog.saopaulo.sp.leg.br\/audienciaspublicas\/audiencia\/fin02-07-11-2023\/\" target=\"_blank\" rel=\"noopener noreferrer\"><span class=\"bairro\">6\u00aa Audi\u00eancia P\u00fablica Tem\u00e1tica <\/span> 07\/11\/2023 &#8211; 10:00<\/a><\/p>\n<p><a class=\"sublink\" href=\"https:\/\/homolog.saopaulo.sp.leg.br\/orcamento2024\/participe\/\" target=\"_blank\" rel=\"noopener noreferrer\"><span class=\"bairro\">4\u00aa AP Regional \u2013 Norte \/ Oeste <\/span> 11\/11\/2023 &#8211; 10:00<\/a><\/p>\n<p><a class=\"sublink\" href=\"https:\/\/homolog.saopaulo.sp.leg.br\/audienciaspublicas\/audiencia\/fin02-14-11-2023\/\" target=\"_blank\" rel=\"noopener noreferrer\"><span class=\"bairro\">7\u00aa Audi\u00eancia P\u00fablica Tem\u00e1tica <\/span> 14\/11\/2023 &#8211; 10:00<\/a><\/p>\n<p><a class=\"sublink\" href=\"https:\/\/homolog.saopaulo.sp.leg.br\/audienciaspublicas\/audiencia\/fin02-21-11-2023\/\" target=\"_blank\" rel=\"noopener noreferrer\"><span class=\"bairro\">8\u00aa Audi\u00eancia P\u00fablica Tem\u00e1tica <\/span> 21\/11\/2023 &#8211; 10:00<\/a><\/p>\n<p><a class=\"sublink\" href=\"https:\/\/homolog.saopaulo.sp.leg.br\/audienciaspublicas\/audiencia\/fin02-22-11-2023\/\" target=\"_blank\" rel=\"noopener noreferrer\"><span class=\"bairro\">9\u00aa Audi\u00eancia P\u00fablica Tem\u00e1tica <\/span> 22\/11\/2023 &#8211; 10:00<\/a><\/p>\n<p><a class=\"sublink\" href=\"https:\/\/homolog.saopaulo.sp.leg.br\/orcamento2024\/participe\/\" target=\"_blank\" rel=\"noopener noreferrer\"><span class=\"bairro\">5\u00aa AP Regional \u2013 Leste <\/span> 25\/11\/2023 &#8211; 10:00<\/a><\/p>\n","protected":false},"excerpt":{"rendered":"<p>Participe do\u00a0Or\u00e7amento 2024! Fa\u00e7a sua inscri\u00e7\u00e3o para participar nas Audi\u00eancias P\u00fablicas 1 \u2013 Preencha a ficha completa de inscri\u00e7\u00e3o abaixo. Os dados pessoais dos inscritos s\u00e3o confidenciais e n\u00e3o ser\u00e3o disponibilizados a terceiros, constando de lista p\u00fablica apenas o nome completo de cada orador. 2- As inscri\u00e7\u00f5es para fala ser\u00e3o registradas por ordem de recebimento,&#8230;  <a class=\"excerpt-read-more\" href=\"https:\/\/homolog.saopaulo.sp.leg.br\/orcamento2024\/videoconferencia\/\" title=\"Read Videoconfer\u00eancia\">Ler mais &raquo;<\/a><\/p>\n","protected":false},"author":733,"featured_media":0,"parent":0,"menu_order":0,"comment_status":"closed","ping_status":"closed","template":"","meta":{"_acf_changed":false,"footnotes":""},"class_list":["post-227","page","type-page","status-publish","hentry"],"acf":[],"_links":{"self":[{"href":"https:\/\/homolog.saopaulo.sp.leg.br\/orcamento2024\/wp-json\/wp\/v2\/pages\/227","targetHints":{"allow":["GET"]}}],"collection":[{"href":"https:\/\/homolog.saopaulo.sp.leg.br\/orcamento2024\/wp-json\/wp\/v2\/pages"}],"about":[{"href":"https:\/\/homolog.saopaulo.sp.leg.br\/orcamento2024\/wp-json\/wp\/v2\/types\/page"}],"author":[{"embeddable":true,"href":"https:\/\/homolog.saopaulo.sp.leg.br\/orcamento2024\/wp-json\/wp\/v2\/users\/733"}],"replies":[{"embeddable":true,"href":"https:\/\/homolog.saopaulo.sp.leg.br\/orcamento2024\/wp-json\/wp\/v2\/comments?post=227"}],"version-history":[{"count":5,"href":"https:\/\/homolog.saopaulo.sp.leg.br\/orcamento2024\/wp-json\/wp\/v2\/pages\/227\/revisions"}],"predecessor-version":[{"id":447,"href":"https:\/\/homolog.saopaulo.sp.leg.br\/orcamento2024\/wp-json\/wp\/v2\/pages\/227\/revisions\/447"}],"wp:attachment":[{"href":"https:\/\/homolog.saopaulo.sp.leg.br\/orcamento2024\/wp-json\/wp\/v2\/media?parent=227"}],"curies":[{"name":"wp","href":"https:\/\/api.w.org\/{rel}","templated":true}]}}