{"id":26,"date":"2023-06-07T16:04:06","date_gmt":"2023-06-07T19:04:06","guid":{"rendered":"https:\/\/homolog.saopaulo.sp.leg.br\/orcamento2024\/?page_id=26"},"modified":"2023-11-21T17:44:50","modified_gmt":"2023-11-21T20:44:50","slug":"secretarias","status":"publish","type":"page","link":"https:\/\/homolog.saopaulo.sp.leg.br\/orcamento2024\/secretarias\/","title":{"rendered":"Secretarias"},"content":{"rendered":"<p><a class=\"sublink first_sublink \" href=\"https:\/\/homolog.saopaulo.sp.leg.br\/blog\/orcamento-2024-com-previsao-orcamentaria-de-r-376-bi-habitacao-prioriza-construcao-de-moradias-populares\/\" target=\"_blank\" rel=\"noopener noreferrer\"><span class=\"bairro\">Secretaria Municipal <\/span> de Habita\u00e7\u00e3o<\/a><\/p>\n<p><a class=\"sublink\" href=\"https:\/\/homolog.saopaulo.sp.leg.br\/blog\/para-2024-secretaria-municipal-de-justica-tem-orcamento-estimado-em-r-254-milhoes\/\" target=\"_blank\" rel=\"noopener noreferrer\"><span class=\"bairro\">Secretaria Municipal <\/span> de Justi\u00e7a<\/a><\/p>\n<p><a class=\"sublink\" href=\"https:\/\/homolog.saopaulo.sp.leg.br\/blog\/orcamento-2024-secretaria-de-mobilidade-e-transito-deve-contar-com-mais-de-r-9-bi-para-o-ano-que-vem\/\" target=\"_blank\" rel=\"noopener noreferrer\"><span class=\"bairro\">Secretaria Municipal <\/span> Mobilidade e Tr\u00e2nsito<\/a><\/p>\n<p><a class=\"sublink\" href=\"https:\/\/homolog.saopaulo.sp.leg.br\/blog\/orcamento-2024-proposta-preve-r-119-bi-para-a-secretaria-de-seguranca-urbana\/\" target=\"_blank\" rel=\"noopener noreferrer\"><span class=\"bairro\">Secretaria Municipal <\/span> Seguran\u00e7a Urbana<\/a><\/p>\n<p><a class=\"sublink\" href=\"https:\/\/homolog.saopaulo.sp.leg.br\/blog\/secretaria-de-turismo-tem-orcamento-estimado-em-r-34377-milhoes-para-2024\/\" target=\"_blank\" rel=\"noopener noreferrer\"><span class=\"bairro\">Secretaria Municipal <\/span> Turismo<\/a><\/p>\n<p><a class=\"sublink\" href=\"https:\/\/homolog.saopaulo.sp.leg.br\/blog\/orcamento-2024-mais-de-r-17-bi-devem-ser-destinados-para-a-area-da-saude\/\" target=\"_blank\" rel=\"noopener noreferrer\"><span class=\"bairro\">Secretaria Municipal <\/span> Sa\u00fade<\/a><\/p>\n<p><a class=\"sublink\" href=\"https:\/\/homolog.saopaulo.sp.leg.br\/blog\/secretaria-de-relacoes-internacionais-tem-orcamento-proposto-de-r-4054-milhoes-para-2024\/\" target=\"_blank\" rel=\"noopener noreferrer\"><span class=\"bairro\">Secretaria Municipal <\/span> Rela\u00e7\u00f5es Internacionais<\/a><\/p>\n<p><a class=\"sublink\" href=\"https:\/\/homolog.saopaulo.sp.leg.br\/blog\/orcamento-2024-cultura-e-turismo-serao-tema-de-audiencia-publica-da-comissao-de-financas\/\" target=\"_blank\" rel=\"noopener noreferrer\"><span class=\"bairro\">Secretaria Municipal <\/span> Cultura<\/a><\/p>\n<p><a class=\"sublink\" href=\"https:\/\/homolog.saopaulo.sp.leg.br\/blog\/secretaria-de-inovacao-e-tecnologia-tem-orcamento-previsto-de-r-22679-milhoes-para-2024\/\" target=\"_blank\" rel=\"noopener noreferrer\"><span class=\"bairro\">Secretaria Municipal <\/span> Inova\u00e7\u00e3o e Tecnologia<\/a><\/p>\n<p><a class=\"sublink\" href=\"https:\/\/homolog.saopaulo.sp.leg.br\/blog\/orcamento-2024-proposta-estima-r-23664-milhoes-para-a-secretaria-de-desenvolvimento-economico-de-trabalho\/\" target=\"_blank\" rel=\"noopener noreferrer\"><span class=\"bairro\">Secretaria Municipal <\/span> Desenvol. Econ. e Trabalho<\/a><\/p>\n<p><a class=\"sublink\" href=\"https:\/\/homolog.saopaulo.sp.leg.br\/blog\/orcamento-2024-secretaria-de-urbanismo-e-licenciamento-tem-previsao-de-mais-de-r-835-milhoes-no-ano-que-vem\/\" target=\"_blank\" rel=\"noopener noreferrer\"><span class=\"bairro\">Secretaria Municipal <\/span> Urbanismo e Licenciamento<\/a><\/p>\n<p><a class=\"sublink\" href=\"https:\/\/homolog.saopaulo.sp.leg.br\/blog\/projeto-do-orcamento-preve-r-51447-milhoes-para-a-secretaria-do-verde-e-meio-ambiente-em-2024\/\" target=\"_blank\" rel=\"noopener noreferrer\"><span class=\"bairro\">Secretaria Municipal <\/span> Verde e do Meio Ambiente<\/a><\/p>\n<p><a class=\"sublink\" href=\"https:\/\/homolog.saopaulo.sp.leg.br\/blog\/orcamento-2024-proposta-preve-r-209-bilhoes-para-a-secretaria-de-assistencia-e-desenvolvimento-social\/\" target=\"_blank\" rel=\"noopener noreferrer\"><span class=\"bairro\">Secretaria Municipal <\/span> Desenvolvimento e Assist Social<\/a><\/p>\n<p><a class=\"sublink\" href=\"https:\/\/homolog.saopaulo.sp.leg.br\/blog\/secretaria-de-infraestrutura-urbana-e-obras-tem-orcamento-previsto-de-r-182-bilhao-para-o-ano-que-vem\/\" target=\"_blank\" rel=\"noopener noreferrer\"><span class=\"bairro\">Secretaria Municipal <\/span> Infraestrutura Urbana e Obras<\/a><\/p>\n<p><a class=\"sublink\" href=\"https:\/\/homolog.saopaulo.sp.leg.br\/blog\/orcamento-2024-proposta-para-secretaria-das-subprefeituras-esta-estimada-em-r-402-bilhoes\/\" target=\"_blank\" rel=\"noopener noreferrer\"><span class=\"bairro\">Secretaria Municipal <\/span> das Subprefeituras<\/a><\/p>\n<p><a class=\"sublink\" href=\"https:\/\/homolog.saopaulo.sp.leg.br\/blog\/orcamento-2024-para-o-ano-que-vem-projeto-preve-r-3252-milhoes-para-secretaria-da-pessoa-com-deficiencia\/\" target=\"_blank\" rel=\"noopener noreferrer\"><span class=\"bairro\">Secretaria Municipal <\/span> Pessoa com Defici\u00eancia<\/a><\/p>\n<p><a class=\"sublink\" href=\"https:\/\/homolog.saopaulo.sp.leg.br\/blog\/orcamento-2024-mais-de-r-489-milhoes-estao-propostos-para-a-secretaria-municipal-da-fazenda\/\" target=\"_blank\" rel=\"noopener noreferrer\"><span class=\"bairro\">Secretaria Municipal <\/span> da Fazenda <\/a><\/p>\n<p><a class=\"sublink\" href=\"https:\/\/homolog.saopaulo.sp.leg.br\/blog\/orcamento-2024-direitos-humanos-e-cidadania-tem-proposta-de-r-19516-milhoes\/\" target=\"_blank\" rel=\"noopener noreferrer\"><span class=\"bairro\">Secretaria Municipal <\/span> Direitos Humanos e Cidadania <\/a><\/p>\n<p><a class=\"sublink\" href=\"https:\/\/homolog.saopaulo.sp.leg.br\/blog\/secretaria-municipal-de-gestao-tem-orcamento-estimado-em-r-421-milhoes-para-o-ano-que-vem\/\" target=\"_blank\" rel=\"noopener noreferrer\"><span class=\"bairro\">Secretaria Municipal <\/span> Gest\u00e3o<\/a><\/p>\n<p><a class=\"sublink\" href=\"https:\/\/homolog.saopaulo.sp.leg.br\/blog\/orcamento-2024-proposta-para-secretaria-municipal-de-esportes-e-lazer-e-de-r-35579-milhoes\/\" target=\"_blank\" rel=\"noopener noreferrer\"><span class=\"bairro\">Secretaria Municipal <\/span> Esportes e Lazer<\/a><\/p>\n<p><a class=\"sublink\" href=\"https:\/\/homolog.saopaulo.sp.leg.br\/blog\/orcamento-2024-secretaria-do-governo-municipal-tem-proposta-de-r-44432-milhoes\/\" target=\"_blank\" rel=\"noopener noreferrer\"><span class=\"bairro\">Secretaria Municipal <\/span> Governo Municipal<\/a><\/p>\n<p><a class=\"sublink\" href=\"https:\/\/homolog.saopaulo.sp.leg.br\/blog\/orcamento-2024-proposta-preve-mais-de-r-22-bilhoes-para-secretaria-de-educacao\/\" target=\"_blank\" rel=\"noopener noreferrer\"><span class=\"bairro\">Secretaria Municipal <\/span> Educa\u00e7\u00e3o<\/a><\/p>\n","protected":false},"excerpt":{"rendered":"<p>Secretaria Municipal de Habita\u00e7\u00e3o Secretaria Municipal de Justi\u00e7a Secretaria Municipal Mobilidade e Tr\u00e2nsito Secretaria Municipal Seguran\u00e7a Urbana Secretaria Municipal Turismo Secretaria Municipal Sa\u00fade Secretaria Municipal Rela\u00e7\u00f5es Internacionais Secretaria Municipal Cultura Secretaria Municipal Inova\u00e7\u00e3o e Tecnologia Secretaria Municipal Desenvol. Econ. e Trabalho Secretaria Municipal Urbanismo e Licenciamento Secretaria Municipal Verde e do Meio Ambiente Secretaria Municipal&#8230;  <a class=\"excerpt-read-more\" href=\"https:\/\/homolog.saopaulo.sp.leg.br\/orcamento2024\/secretarias\/\" title=\"Read Secretarias\">Ler mais &raquo;<\/a><\/p>\n","protected":false},"author":733,"featured_media":0,"parent":0,"menu_order":0,"comment_status":"closed","ping_status":"closed","template":"","meta":{"_acf_changed":false,"footnotes":""},"class_list":["post-26","page","type-page","status-publish","hentry"],"acf":[],"_links":{"self":[{"href":"https:\/\/homolog.saopaulo.sp.leg.br\/orcamento2024\/wp-json\/wp\/v2\/pages\/26","targetHints":{"allow":["GET"]}}],"collection":[{"href":"https:\/\/homolog.saopaulo.sp.leg.br\/orcamento2024\/wp-json\/wp\/v2\/pages"}],"about":[{"href":"https:\/\/homolog.saopaulo.sp.leg.br\/orcamento2024\/wp-json\/wp\/v2\/types\/page"}],"author":[{"embeddable":true,"href":"https:\/\/homolog.saopaulo.sp.leg.br\/orcamento2024\/wp-json\/wp\/v2\/users\/733"}],"replies":[{"embeddable":true,"href":"https:\/\/homolog.saopaulo.sp.leg.br\/orcamento2024\/wp-json\/wp\/v2\/comments?post=26"}],"version-history":[{"count":5,"href":"https:\/\/homolog.saopaulo.sp.leg.br\/orcamento2024\/wp-json\/wp\/v2\/pages\/26\/revisions"}],"predecessor-version":[{"id":540,"href":"https:\/\/homolog.saopaulo.sp.leg.br\/orcamento2024\/wp-json\/wp\/v2\/pages\/26\/revisions\/540"}],"wp:attachment":[{"href":"https:\/\/homolog.saopaulo.sp.leg.br\/orcamento2024\/wp-json\/wp\/v2\/media?parent=26"}],"curies":[{"name":"wp","href":"https:\/\/api.w.org\/{rel}","templated":true}]}}