{"id":28,"date":"2023-06-07T16:04:28","date_gmt":"2023-06-07T19:04:28","guid":{"rendered":"https:\/\/homolog.saopaulo.sp.leg.br\/orcamento2024\/?page_id=28"},"modified":"2023-10-05T19:36:33","modified_gmt":"2023-10-05T22:36:33","slug":"audiencias-publicas","status":"publish","type":"page","link":"https:\/\/homolog.saopaulo.sp.leg.br\/orcamento2024\/audiencias-publicas\/","title":{"rendered":"Audi\u00eancias P\u00fablicas"},"content":{"rendered":"<h2 style=\"text-align: center\">PARTICIPE!<\/h2>\n<p style=\"text-align: center\">Participe do <strong>Or\u00e7amento 2024!<\/strong> Envie suas sugest\u00f5es online <a href=\"https:\/\/homolog.saopaulo.sp.leg.br\/orcamento2024\/participe\/\">aqui<\/a>.<br \/>\nFa\u00e7a suas <a href=\"https:\/\/homolog.saopaulo.sp.leg.br\/audienciaspublicas\/\" target=\"_blank\" rel=\"noopener\">inscri\u00e7\u00f5es para as videoconfer\u00eancias<\/a>.<\/p>\n<h3 style=\"margin-top: 40px;text-align: center\">Calend\u00e1rio das Audi\u00eancias P\u00fablicas para o Or\u00e7amento 2024<\/h3>\n","protected":false},"excerpt":{"rendered":"<p>PARTICIPE! Participe do Or\u00e7amento 2024! Envie suas sugest\u00f5es online aqui. Fa\u00e7a suas inscri\u00e7\u00f5es para as videoconfer\u00eancias. Calend\u00e1rio das Audi\u00eancias P\u00fablicas para o Or\u00e7amento 2024<\/p>\n","protected":false},"author":733,"featured_media":0,"parent":0,"menu_order":0,"comment_status":"closed","ping_status":"closed","template":"page-audiencias-realizadas.php","meta":{"_acf_changed":false,"footnotes":""},"class_list":["post-28","page","type-page","status-publish","hentry"],"acf":[],"_links":{"self":[{"href":"https:\/\/homolog.saopaulo.sp.leg.br\/orcamento2024\/wp-json\/wp\/v2\/pages\/28","targetHints":{"allow":["GET"]}}],"collection":[{"href":"https:\/\/homolog.saopaulo.sp.leg.br\/orcamento2024\/wp-json\/wp\/v2\/pages"}],"about":[{"href":"https:\/\/homolog.saopaulo.sp.leg.br\/orcamento2024\/wp-json\/wp\/v2\/types\/page"}],"author":[{"embeddable":true,"href":"https:\/\/homolog.saopaulo.sp.leg.br\/orcamento2024\/wp-json\/wp\/v2\/users\/733"}],"replies":[{"embeddable":true,"href":"https:\/\/homolog.saopaulo.sp.leg.br\/orcamento2024\/wp-json\/wp\/v2\/comments?post=28"}],"version-history":[{"count":5,"href":"https:\/\/homolog.saopaulo.sp.leg.br\/orcamento2024\/wp-json\/wp\/v2\/pages\/28\/revisions"}],"predecessor-version":[{"id":206,"href":"https:\/\/homolog.saopaulo.sp.leg.br\/orcamento2024\/wp-json\/wp\/v2\/pages\/28\/revisions\/206"}],"wp:attachment":[{"href":"https:\/\/homolog.saopaulo.sp.leg.br\/orcamento2024\/wp-json\/wp\/v2\/media?parent=28"}],"curies":[{"name":"wp","href":"https:\/\/api.w.org\/{rel}","templated":true}]}}