{"id":410,"date":"2023-10-24T18:00:53","date_gmt":"2023-10-24T21:00:53","guid":{"rendered":"https:\/\/homolog.saopaulo.sp.leg.br\/orcamento2024\/?page_id=410"},"modified":"2023-10-24T18:00:53","modified_gmt":"2023-10-24T21:00:53","slug":"acessibilidade","status":"publish","type":"page","link":"https:\/\/homolog.saopaulo.sp.leg.br\/orcamento2024\/acessibilidade\/","title":{"rendered":"Acessibilidade"},"content":{"rendered":"<p>As instru\u00e7\u00f5es a seguir podem facilitar a navega\u00e7\u00e3o.<\/p>\n<h3>Tamanho do texto<\/h3>\n<p>Os navegadores costumam trazer integrada ferramenta de amplia\u00e7\u00e3o ou redu\u00e7\u00e3o de textos, conhecida como zoom.<\/p>\n<p><strong>Para usar o zoom no Microsoft Windows ou no Linux:<\/strong><\/p>\n<p style=\"padding-left: 40px\">&#8211; pressione a tecla CTRL e digite a tecla + (mais) para aumentar<br \/>\n&#8211; pressione a tecla CTRL e digite a tecla &#8211; (menos) para diminuir<br \/>\n&#8211; pressione a tecla CTRL e digite a tecla 0 (zero) para restaurar o tamanho original da p\u00e1gina<\/p>\n<p><strong>Para usar o zoom no Mac OS:<\/strong><\/p>\n<p style=\"padding-left: 40px\">&#8211; pressione a tecla COMMAND e digite a tecla + (mais) para aumentar<br \/>\n&#8211; pressione a tecla COMMAND e digite a tecla &#8211; (menos) para diminuir<br \/>\n&#8211; pressione a tecla COMMAND e digite a tecla 0 (zero) para restaurar o tamanho original da p\u00e1gina<\/p>\n<h3>Ferramentas \u00fateis nos navegadores<\/h3>\n<p>Alguns navegadores oferecem ferramentas acess\u00f3rias (chamadas de extens\u00f5es ou complementos) para potencializar seu uso. Muitas delas visam a aprimorar a acessibilidade. Aqui vai uma lista de ferramentas que podem ser obtidas para melhorar a sua experi\u00eancia, com detalhes de onde obt\u00ea-las e como instal\u00e1-las. As instru\u00e7\u00f5es para configura\u00e7\u00e3o de algumas dessas ferramentas est\u00e3o em ingl\u00eas.<\/p>\n<p><strong>Usando o Google Chrome:<\/strong><\/p>\n<p style=\"padding-left: 40px\">&#8211; Para efeito de aumento e diminui\u00e7\u00e3o do texto, entre na <a href=\"https:\/\/chrome.google.com\/webstore\/detail\/zoom\/lajondecmobodlejlcjllhojikagldgd?hl=pt-BR\" target=\"_blank\" rel=\"noopener\">p\u00e1gina da ferramenta Zoom<\/a> e clique nos bot\u00f5es &#8220;GRATUITO&#8221; e, em seguida, &#8220;Adicionar&#8221;. O \u00edcone da ferramenta Zoom aparecer\u00e1 na barra de ferramentas do navegador. Para fazer a configura\u00e7\u00e3o desejada, clique no \u00edcone do menu do Google Chrome, localizado no canto superior direito da tela, entre em Ferramentas, Extens\u00f5es, Zoom e Op\u00e7\u00f5es.<\/p>\n<p style=\"padding-left: 40px\">&#8211; Para efeito de alto contraste, entre na <a href=\"https:\/\/chrome.google.com\/webstore\/detail\/high-contrast\/djcfdncoelnlbldjfhinnjlhdjlikmph?hl=pt-BR\" target=\"_blank\" rel=\"noopener\">p\u00e1gina da ferramenta High Contrast<\/a> e clique nos bot\u00f5es &#8220;GRATUITO&#8221; e, em seguida, &#8220;Adicionar&#8221;. O \u00edcone da ferramenta High Contrast aparecer\u00e1 na barra de ferramentas do navegador. Clique nesse \u00edcone para fazer a configura\u00e7\u00e3o desejada.<\/p>\n<p style=\"padding-left: 40px\">&#8211; Para transformar em \u00e1udio um texto selecionado, entre na <a href=\"https:\/\/chrome.google.com\/webstore\/detail\/selection-reader-text-to\/fdffijlhedcdiblbingmagmdnokokgbi\" target=\"_blank\" rel=\"noopener\">p\u00e1gina da ferramenta Leitor Sele\u00e7\u00e3o (Texto-para-voz)<\/a> e clique nos bot\u00f5es &#8220;Usar no Chrome&#8221; e, em seguida, &#8220;Adicionar extens\u00e3o&#8221;. O \u00edcone da ferramenta (um alto-falante) aparecer\u00e1 na barra de ferramentas do navegador, e uma janela de configura\u00e7\u00f5es ir\u00e1 se abrir para que voc\u00ea fa\u00e7a os ajustes desejados.<\/p>\n<p style=\"padding-left: 40px\">&#8211; Para usar um teclado virtual, entre na <a href=\"https:\/\/chrome.google.com\/webstore\/detail\/google-input-tools\/mclkkofklkfljcocdinagocijmpgbhab?hl=pt-BR\" target=\"_blank\" rel=\"noopener\">p\u00e1gina das Ferramentas de Entrada do Google<\/a> e clique nos bot\u00f5es &#8220;GRATUITO&#8221; e, em seguida, &#8220;Adicionar&#8221;. O \u00edcone das Ferramentas de Entrada do Google aparecer\u00e1 na barra de ferramentas do navegador e um menu estar\u00e1 dispon\u00edvel para que voc\u00ea fa\u00e7a os ajustes de configura\u00e7\u00e3o desejados em &#8220;Op\u00e7\u00f5es de extens\u00e3o&#8221;.<\/p>\n<p style=\"padding-left: 40px\">&#8211; Para navegar por gestos do mouse, entre na <a href=\"https:\/\/chrome.google.com\/webstore\/detail\/crxmouse\/jlgkpaicikihijadgifklkbpdajbkhjo?hl=pt-br\" target=\"_blank\" rel=\"noopener\">p\u00e1gina da ferramenta CrxMouse<\/a> e clique nos bot\u00f5es &#8220;GRATUITO&#8221; e, em seguida, &#8220;Adicionar&#8221;. Uma tela de configura\u00e7\u00f5es ir\u00e1 se abrir para que voc\u00ea fa\u00e7a os ajustes desejados.<\/p>\n<p style=\"padding-left: 40px\">&#8211; Para escrever e editar textos por reconhecimento de voz, entre na <a href=\"https:\/\/chrome.google.com\/webstore\/detail\/dictanote-speech-recogniz\/aomjekmpappghadlogpigifkghlmebjk?hl=pt-BR\" target=\"_blank\" rel=\"noopener\">p\u00e1gina da ferramenta Dictanote<\/a> e clique nos bot\u00f5es &#8220;USAR NO CHROME&#8221; e, em seguida, &#8220;Adicionar&#8221;. O \u00edcone da ferramenta Dictanote aparecer\u00e1 na p\u00e1gina de Aplicativos (Apps) do Google. Para fazer a configura\u00e7\u00e3o desejada, clique no \u00edcone do Dictanote, entre no aplicativo, clique no \u00edcone Settings, selecione Language Settings e Portugu\u00eas do Brasil. Para que o aplicativo funcione, \u00e9 necess\u00e1rio que seu computador tenha um microfone embutido ou que voc\u00ea o conecte a um microfone. Para ditar, \u00e9 s\u00f3 clicar no \u00edcone do microfone do Dictanote. O texto ir\u00e1 aparecendo \u00e0 medida em que voc\u00ea for falando.<\/p>\n<h3>Leitores de tela<\/h3>\n<p>Os leitores de tela s\u00e3o programas de computador projetados para serem utilizados por pessoas com defici\u00eancia visual. Eles capturam a informa\u00e7\u00e3o apresentada na tela e a transformam em \u00e1udio. A navega\u00e7\u00e3o \u00e9 feita com o teclado, na maioria das vezes sem a necessidade de mouse ou de monitor. O \u00e1udio \u00e9 emitido por meio da placa de som do computador. Podem ser gratuitos ou pagos. A seguir, listamos alguns dos leitores de tela mais populares.<\/p>\n<p><strong>Gratuitos:<\/strong><\/p>\n<p style=\"padding-left: 40px\"><strong>DOSVOX<\/strong><br \/>\nDesenvolvido pelo N\u00facleo de Computa\u00e7\u00e3o Eletr\u00f4nica da Universidade Federal do Rio de Janeiro (UFRJ), o DOSVOX n\u00e3o \u00e9 apenas um leitor de telas e sim um sistema operacional completo que roda em Windows. Para baixar, acesse a <a href=\"http:\/\/intervox.nce.ufrj.br\/dosvox\/\" target=\"_blank\" rel=\"noopener\">p\u00e1gina do Projeto DOSVOX<\/a>.<\/p>\n<p style=\"padding-left: 40px\"><strong>NVDA<\/strong><br \/>\nDesenvolvido pela organiza\u00e7\u00e3o sem fins lucrativos NV Access, \u00e9 um programa de leitura de tela gratuito e de c\u00f3digo aberto. O NVDA (NonVisual Desktop Access) n\u00e3o precisa ser instalado no sistema, pode estar em um dispositivo remov\u00edvel, como um pendrive por exemplo. Para baixar, acesse a <a href=\"http:\/\/www.nvaccess.org\/download\/\" target=\"_blank\" rel=\"noopener\">p\u00e1gina de download do NVDA<\/a>.<\/p>\n<p style=\"padding-left: 40px\"><strong>Orca<\/strong><br \/>\nSoftware de c\u00f3digo aberto desenvolvido para o sistema operacional Linux. Al\u00e9m de leitor de tela, \u00e9 tamb\u00e9m um ampliador de tela, possibilitando a utiliza\u00e7\u00e3o de apenas um programa para tornar o sistema acess\u00edvel. Para obter informa\u00e7\u00f5es sobre como baixar e instalar, acesse a <a href=\"https:\/\/wiki.gnome.org\/Projects\/Orca\" target=\"_blank\" rel=\"noopener\">p\u00e1gina do Orca<\/a>.<\/p>\n<p style=\"padding-left: 40px\"><strong>VoiceOver<\/strong><br \/>\nAplicativo de leitura de tela que vem integrado ao sistema operacional dos computadores da Apple (Mac OS X). Para saber mais, acesse a <a href=\"http:\/\/www.apple.com\/br\/accessibility\/voiceover\" target=\"_blank\" rel=\"noopener\">p\u00e1gina do VoiceOver<\/a>.<\/p>\n<h3>Mouse controlado por movimentos da cabe\u00e7a<\/h3>\n<p>Alguns programas permitem que o ponteiro do mouse seja controlado por meio de movimentos da cabe\u00e7a.<\/p>\n<p style=\"padding-left: 40px\"><strong>eViaCam<\/strong><br \/>\nSoftware de c\u00f3digo aberto dispon\u00edvel para os sistemas operacionais Windows e Linux. O clique do mouse \u00e9 acionado fixando-se por alguns segundos o ponteiro do mouse na regi\u00e3o desejada da tela. Fa\u00e7a o download acessando a <a href=\"https:\/\/eviacam.crea-si.com\/\" target=\"_blank\" rel=\"noopener\">p\u00e1gina do eViaCam<\/a>.<\/p>\n<p style=\"padding-left: 40px\"><strong>HeadMouse<\/strong><br \/>\nSoftware gratuito desenvolvido pela Escola Polit\u00e9cnica Superior da Universidade de Lleida, na Espanha. \u00c9 poss\u00edvel configurar diferentes movimentos para o clique do mouse. Fa\u00e7a o download acessando a <a href=\"http:\/\/robotica.udl.cat\/\" target=\"_blank\" rel=\"noopener\">p\u00e1gina do Grupo de Investiga\u00e7\u00e3o em Rob\u00f3tica da Universidade de Lleida<\/a>.<\/p>\n<h3>Reconhecimento de fala<\/h3>\n<p style=\"padding-left: 40px\"><strong>Dictanote Demo note<\/strong><br \/>\n\u00c9 um programa de reconhecimento de fala totalmente online, gratuito, admite pontua\u00e7\u00e3o, permite que voc\u00ea programe a pontua\u00e7\u00e3o e frases padr\u00e3o, e oferece tamb\u00e9m a op\u00e7\u00e3o de reconhecimento de fala de outras l\u00ednguas nativas, acesse a <a href=\"https:\/\/dictanote.co\/\" target=\"_blank\" rel=\"noopener\">p\u00e1gina dictanote<\/a>.<\/p>\n<h3>Tradu\u00e7\u00e3o autom\u00e1tica de conte\u00fados de L\u00edngua Portuguesa para a Libras e\/ou para Legendas em L\u00edngua Portuguesa:<\/h3>\n<p style=\"padding-left: 40px\"><strong>Hand Talk<\/strong><br \/>\nFerramenta utilizada em nosso portal, \u00e9 uma plataforma que traduz simultaneamente conte\u00fados em portugu\u00eas para a l\u00edngua brasileira de sinais e tem por objetivo a inclus\u00e3o social de pessoas surdas;<\/p>\n<p style=\"padding-left: 40px\"><strong>VLibras<\/strong><br \/>\n\u00c9 uma ferramenta gratuita de c\u00f3digo aberto que traduz automaticamente textos em L\u00edngua Portuguesa para a L\u00edngua Brasileira de Sinais (Libras). O programa tem vers\u00f5es para desktops, smartphones e tablets, e tamb\u00e9m oferece uma plataforma colaborativa para constru\u00e7\u00e3o de dicion\u00e1rio em Libras (Wikilibras). Fa\u00e7a o download acessando a p\u00e1gina <a href=\"http:\/\/www.vlibras.gov.br\/\" target=\"_blank\" rel=\"noopener\">Conhe\u00e7a o VLibras<\/a>.<\/p>\n<p style=\"padding-left: 40px\">Conte\u00fado adaptado da p\u00e1gina de orienta\u00e7\u00f5es de acessibilidade do Senado Federal. As informa\u00e7\u00f5es do texto s\u00e3o de indica\u00e7\u00f5es gratuitas de uso p\u00fablico. O usu\u00e1rio deve se sujeitar as regras de funcionamento pr\u00f3prias das ferramentas, n\u00e3o sendo de responsabilidade do Portal da C\u00e2mara o seu uso.<\/p>\n<p>&nbsp;<\/p>\n","protected":false},"excerpt":{"rendered":"<p>As instru\u00e7\u00f5es a seguir podem facilitar a navega\u00e7\u00e3o. Tamanho do texto Os navegadores costumam trazer integrada ferramenta de amplia\u00e7\u00e3o ou redu\u00e7\u00e3o de textos, conhecida como zoom. Para usar o zoom no Microsoft Windows ou no Linux: &#8211; pressione a tecla CTRL e digite a tecla + (mais) para aumentar &#8211; pressione a tecla CTRL e&#8230;  <a class=\"excerpt-read-more\" href=\"https:\/\/homolog.saopaulo.sp.leg.br\/orcamento2024\/acessibilidade\/\" title=\"Read Acessibilidade\">Ler mais &raquo;<\/a><\/p>\n","protected":false},"author":733,"featured_media":0,"parent":0,"menu_order":0,"comment_status":"closed","ping_status":"closed","template":"","meta":{"_acf_changed":false,"footnotes":""},"class_list":["post-410","page","type-page","status-publish","hentry"],"acf":[],"_links":{"self":[{"href":"https:\/\/homolog.saopaulo.sp.leg.br\/orcamento2024\/wp-json\/wp\/v2\/pages\/410","targetHints":{"allow":["GET"]}}],"collection":[{"href":"https:\/\/homolog.saopaulo.sp.leg.br\/orcamento2024\/wp-json\/wp\/v2\/pages"}],"about":[{"href":"https:\/\/homolog.saopaulo.sp.leg.br\/orcamento2024\/wp-json\/wp\/v2\/types\/page"}],"author":[{"embeddable":true,"href":"https:\/\/homolog.saopaulo.sp.leg.br\/orcamento2024\/wp-json\/wp\/v2\/users\/733"}],"replies":[{"embeddable":true,"href":"https:\/\/homolog.saopaulo.sp.leg.br\/orcamento2024\/wp-json\/wp\/v2\/comments?post=410"}],"version-history":[{"count":1,"href":"https:\/\/homolog.saopaulo.sp.leg.br\/orcamento2024\/wp-json\/wp\/v2\/pages\/410\/revisions"}],"predecessor-version":[{"id":411,"href":"https:\/\/homolog.saopaulo.sp.leg.br\/orcamento2024\/wp-json\/wp\/v2\/pages\/410\/revisions\/411"}],"wp:attachment":[{"href":"https:\/\/homolog.saopaulo.sp.leg.br\/orcamento2024\/wp-json\/wp\/v2\/media?parent=410"}],"curies":[{"name":"wp","href":"https:\/\/api.w.org\/{rel}","templated":true}]}}