{"id":5,"date":"2023-06-07T11:39:57","date_gmt":"2023-06-07T14:39:57","guid":{"rendered":"https:\/\/homolog.saopaulo.sp.leg.br\/orcamento2024\/?page_id=5"},"modified":"2023-10-02T11:40:31","modified_gmt":"2023-10-02T14:40:31","slug":"home","status":"publish","type":"page","link":"https:\/\/homolog.saopaulo.sp.leg.br\/orcamento2024\/","title":{"rendered":"Home"},"content":{"rendered":"<p>A\u00a0<strong>LOA (Lei Or\u00e7ament\u00e1ria Anual)<\/strong>\u00a0\u00e9 aprovada pela\u00a0<strong>C\u00e2mara Municipal de S\u00e3o Paulo<\/strong>\u00a0todos os anos.<\/p>\n<p>A proposta de\u00a0<strong>Or\u00e7amento para 2024<\/strong>, apresentada pela Prefeitura, ser\u00e1<br \/>\ndebatida com a popula\u00e7\u00e3o em Audi\u00eancias P\u00fablicas tem\u00e1ticas e gerais, tornando a distribui\u00e7\u00e3o do or\u00e7amento da cidade mais adequada com as necessidades dos paulistanos.<\/p>\n<p><strong>Saiba tudo sobre a tramita\u00e7\u00e3o do or\u00e7amento e participe!<\/strong><\/p>\n","protected":false},"excerpt":{"rendered":"<p>A\u00a0LOA (Lei Or\u00e7ament\u00e1ria Anual)\u00a0\u00e9 aprovada pela\u00a0C\u00e2mara Municipal de S\u00e3o Paulo\u00a0todos os anos. A proposta de\u00a0Or\u00e7amento para 2024, apresentada pela Prefeitura, ser\u00e1 debatida com a popula\u00e7\u00e3o em Audi\u00eancias P\u00fablicas tem\u00e1ticas e gerais, tornando a distribui\u00e7\u00e3o do or\u00e7amento da cidade mais adequada com as necessidades dos paulistanos. Saiba tudo sobre a tramita\u00e7\u00e3o do or\u00e7amento e participe!<\/p>\n","protected":false},"author":733,"featured_media":0,"parent":0,"menu_order":0,"comment_status":"closed","ping_status":"closed","template":"page-home.php","meta":{"_acf_changed":false,"footnotes":""},"class_list":["post-5","page","type-page","status-publish","hentry"],"acf":[],"_links":{"self":[{"href":"https:\/\/homolog.saopaulo.sp.leg.br\/orcamento2024\/wp-json\/wp\/v2\/pages\/5","targetHints":{"allow":["GET"]}}],"collection":[{"href":"https:\/\/homolog.saopaulo.sp.leg.br\/orcamento2024\/wp-json\/wp\/v2\/pages"}],"about":[{"href":"https:\/\/homolog.saopaulo.sp.leg.br\/orcamento2024\/wp-json\/wp\/v2\/types\/page"}],"author":[{"embeddable":true,"href":"https:\/\/homolog.saopaulo.sp.leg.br\/orcamento2024\/wp-json\/wp\/v2\/users\/733"}],"replies":[{"embeddable":true,"href":"https:\/\/homolog.saopaulo.sp.leg.br\/orcamento2024\/wp-json\/wp\/v2\/comments?post=5"}],"version-history":[{"count":3,"href":"https:\/\/homolog.saopaulo.sp.leg.br\/orcamento2024\/wp-json\/wp\/v2\/pages\/5\/revisions"}],"predecessor-version":[{"id":51,"href":"https:\/\/homolog.saopaulo.sp.leg.br\/orcamento2024\/wp-json\/wp\/v2\/pages\/5\/revisions\/51"}],"wp:attachment":[{"href":"https:\/\/homolog.saopaulo.sp.leg.br\/orcamento2024\/wp-json\/wp\/v2\/media?parent=5"}],"curies":[{"name":"wp","href":"https:\/\/api.w.org\/{rel}","templated":true}]}}