{"id":10,"date":"2024-05-16T10:52:58","date_gmt":"2024-05-16T13:52:58","guid":{"rendered":"https:\/\/homolog.saopaulo.sp.leg.br\/orcamento2025\/?page_id=10"},"modified":"2024-10-09T10:07:30","modified_gmt":"2024-10-09T13:07:30","slug":"entenda","status":"publish","type":"page","link":"https:\/\/homolog.saopaulo.sp.leg.br\/orcamento2025\/entenda\/","title":{"rendered":"Entenda"},"content":{"rendered":"<h2><strong>O que \u00e9 a LOA?<\/strong><\/h2>\n<p>A <strong>LOA (Lei Or\u00e7ament\u00e1ria Anual)<\/strong>\u00a0\u00e9 uma ferramenta que estipula todas as receitas e consequentemente todas as despesas da cidade de S\u00e3o Paulo para o pr\u00f3ximo ano.<\/p>\n<p>Baseada na <strong>LDO (Lei de Diretrizes Or\u00e7ament\u00e1rias)<\/strong>, que deve ser debatida e aprovada no primeiro semestre de cada ano, a <strong>LOA<\/strong> \u00e9 enviada anualmente pelo Executivo no in\u00edcio do segundo semestre. Antes de ser aprovada, a <strong>LOA<\/strong> \u00e9 amplamente discutida pelos vereadores da capital paulista para garantir responsabilidade e total transpar\u00eancia.<\/p>\n<p>A <strong>Comiss\u00e3o de Finan\u00e7as e Or\u00e7amento da C\u00e2mara Municipal de S\u00e3o Paulo<\/strong> \u00e9 a respons\u00e1vel por garantir a adequa\u00e7\u00e3o da LOA com as demandas da popula\u00e7\u00e3o e para isso s\u00e3o realizadas Audi\u00eancias P\u00fablicas gerais e tem\u00e1ticas.<\/p>\n<p>As <strong>Audi\u00eancias P\u00fablicas<\/strong> funcionam como uma ponte entre os vereadores e os mun\u00edcipes, permitindo que todos os interessados possam participar das discuss\u00f5es. Para isso, \u00e9 fundamental a ades\u00e3o da popula\u00e7\u00e3o aos encontros, mas, mesmo quem n\u00e3o pode participar, tem acesso a toda mat\u00e9ria discutida por meio de registro p\u00fablico.<\/p>\n<p>Para permitir o amplo acesso e participa\u00e7\u00e3o de todos os interessados no futuro da cidade de S\u00e3o Paulo, ainda \u00e9 poss\u00edvel enviar propostas e sugest\u00f5es por meio de formul\u00e1rio dispon\u00edvel neste hotsite.<\/p>\n<p><iframe loading=\"lazy\" title=\"O que \u00e9 LOA e por que ela \u00e9 importante para cidade?\" width=\"680\" height=\"383\" src=\"https:\/\/www.youtube.com\/embed\/rWjYcn8byTY?feature=oembed\" frameborder=\"0\" allow=\"accelerometer; autoplay; clipboard-write; encrypted-media; gyroscope; picture-in-picture; web-share\" referrerpolicy=\"strict-origin-when-cross-origin\" allowfullscreen><\/iframe><\/p>\n<h2><strong>O que \u00e9 a Tramita\u00e7\u00e3o do Or\u00e7amento?<\/strong><\/h2>\n<p>A <strong>Tramita\u00e7\u00e3o do Projeto de Lei Or\u00e7ament\u00e1ria Anual<\/strong> trata sobre o caminho que a <strong>LOA<\/strong> deve seguir antes de ser aprovada e executada pela Prefeitura. O processo inicia-se a partir do momento em que a proposta \u00e9 protocolada na <strong>C\u00e2mara Municipal de S\u00e3o Paulo<\/strong> pelo <strong>Executivo<\/strong>.<\/p>\n<p>De acordo com a <strong>Lei Org\u00e2nica do Munic\u00edpio<\/strong>, a Prefeitura tem <strong>at\u00e9 30 de setembro<\/strong> para apresentar no Legislativo paulistano a pe\u00e7a or\u00e7ament\u00e1ria com a estimativa de receita e a fixa\u00e7\u00e3o das despesas para o exerc\u00edcio do pr\u00f3ximo ano. A elabora\u00e7\u00e3o da LOA tem como base a <strong>LDO (Lei de Diretrizes Or\u00e7ament\u00e1rias)<\/strong>, obrigatoriamente aprovada no primeiro semestre.<\/p>\n<p>Com o projeto da Lei Or\u00e7ament\u00e1ria Anual oficialmente registrado no sistema da C\u00e2mara, ele segue para a <strong>Comiss\u00e3o de Finan\u00e7as e Or\u00e7amento<\/strong>, que al\u00e9m de publicar o texto no <strong>Di\u00e1rio Oficial da Cidade de S\u00e3o Paulo<\/strong>, tamb\u00e9m deve disponibiliz\u00e1-lo aos 55 vereadores do Parlamento da capital paulista. Cabe ao presidente da Comiss\u00e3o indicar qual integrante do colegiado ser\u00e1 o relator da mat\u00e9ria.<\/p>\n<p>A <strong>Lei Org\u00e2nica do Munic\u00edpio<\/strong> determina que o projeto da LOA seja debatido em ao menos duas <strong>Audi\u00eancias P\u00fablicas<\/strong> antes de ser encaminhado para aprecia\u00e7\u00e3o do Plen\u00e1rio para a primeira fase de discuss\u00e3o. \u00c9 de responsabilidade da relatoria apresentar um parecer sobre o m\u00e9rito da proposta no dia da vota\u00e7\u00e3o na <strong>Comiss\u00e3o de Finan\u00e7as e Or\u00e7amento<\/strong>, indicando, inclusive, quais demandas foram incorporadas no texto.<\/p>\n<p>Importante lembrar que a <strong>popula\u00e7\u00e3o<\/strong> pode participar do <strong>debate sobre o or\u00e7amento<\/strong> nas Audi\u00eancias P\u00fablicas, apresentando <strong>opini\u00f5es e sugest\u00f5es<\/strong> que tamb\u00e9m podem ser enviadas pela internet.<\/p>\n<p>Ap\u00f3s a aprova\u00e7\u00e3o do relat\u00f3rio sobre o projeto na <strong>Comiss\u00e3o de Finan\u00e7as e Or\u00e7amento<\/strong>, o projeto pode ser discutido e votado em Plen\u00e1rio. Depois de aprovado em primeira vota\u00e7\u00e3o, os vereadores da C\u00e2mara t\u00eam o prazo de duas sess\u00f5es ordin\u00e1rias para apresenta\u00e7\u00e3o de emendas ao <strong>Projeto de Lei Or\u00e7ament\u00e1ria Anual<\/strong>. As proposi\u00e7\u00f5es apresentadas passam por uma an\u00e1lise da Comiss\u00e3o de Finan\u00e7as, que emite um novo parecer do texto para a segunda e definitiva vota\u00e7\u00e3o em Plen\u00e1rio.<\/p>\n<p>Caso o texto seja acatado com emendas, a LOA segue para reda\u00e7\u00e3o final da Comiss\u00e3o de Finan\u00e7as. J\u00e1 se a proposta tiver sido aprovada sem dispositivos, ela segue diretamente para san\u00e7\u00e3o do prefeito. De acordo com o artigo 140 da Lei Org\u00e2nica do Munic\u00edpio, o prazo final para a delibera\u00e7\u00e3o da LOA \u00e9 31 de dezembro. O n\u00e3o cumprimento estabelece a vig\u00eancia do projeto do ano anterior, devidamente reajustado pelo \u00edndice de infla\u00e7\u00e3o.<\/p>\n<img loading=\"lazy\" decoding=\"async\" class=\"size-full wp-image-92 aligncenter\" src=\"http:\/\/homolog.saopaulo.sp.leg.br\/orcamento2025\/wp-content\/uploads\/sites\/63\/2024\/05\/row-1-column-1.jpg\" alt=\"\" width=\"1025\" height=\"1571\" srcset=\"https:\/\/homolog.saopaulo.sp.leg.br\/orcamento2025\/wp-content\/uploads\/sites\/63\/2024\/05\/row-1-column-1.jpg 1025w, https:\/\/homolog.saopaulo.sp.leg.br\/orcamento2025\/wp-content\/uploads\/sites\/63\/2024\/05\/row-1-column-1-196x300.jpg 196w, https:\/\/homolog.saopaulo.sp.leg.br\/orcamento2025\/wp-content\/uploads\/sites\/63\/2024\/05\/row-1-column-1-668x1024.jpg 668w, https:\/\/homolog.saopaulo.sp.leg.br\/orcamento2025\/wp-content\/uploads\/sites\/63\/2024\/05\/row-1-column-1-768x1177.jpg 768w, https:\/\/homolog.saopaulo.sp.leg.br\/orcamento2025\/wp-content\/uploads\/sites\/63\/2024\/05\/row-1-column-1-1002x1536.jpg 1002w\" sizes=\"auto, (max-width: 1025px) 100vw, 1025px\" \/><img loading=\"lazy\" decoding=\"async\" class=\"size-full wp-image-93 aligncenter\" src=\"http:\/\/homolog.saopaulo.sp.leg.br\/orcamento2025\/wp-content\/uploads\/sites\/63\/2024\/05\/row-2-column-1.jpg\" alt=\"\" width=\"1025\" height=\"1571\" srcset=\"https:\/\/homolog.saopaulo.sp.leg.br\/orcamento2025\/wp-content\/uploads\/sites\/63\/2024\/05\/row-2-column-1.jpg 1025w, https:\/\/homolog.saopaulo.sp.leg.br\/orcamento2025\/wp-content\/uploads\/sites\/63\/2024\/05\/row-2-column-1-196x300.jpg 196w, https:\/\/homolog.saopaulo.sp.leg.br\/orcamento2025\/wp-content\/uploads\/sites\/63\/2024\/05\/row-2-column-1-668x1024.jpg 668w, https:\/\/homolog.saopaulo.sp.leg.br\/orcamento2025\/wp-content\/uploads\/sites\/63\/2024\/05\/row-2-column-1-768x1177.jpg 768w, https:\/\/homolog.saopaulo.sp.leg.br\/orcamento2025\/wp-content\/uploads\/sites\/63\/2024\/05\/row-2-column-1-1002x1536.jpg 1002w\" sizes=\"auto, (max-width: 1025px) 100vw, 1025px\" \/><img loading=\"lazy\" decoding=\"async\" class=\"size-full wp-image-94 aligncenter\" src=\"http:\/\/homolog.saopaulo.sp.leg.br\/orcamento2025\/wp-content\/uploads\/sites\/63\/2024\/05\/row-3-column-1.jpg\" alt=\"\" width=\"1025\" height=\"1571\" srcset=\"https:\/\/homolog.saopaulo.sp.leg.br\/orcamento2025\/wp-content\/uploads\/sites\/63\/2024\/05\/row-3-column-1.jpg 1025w, https:\/\/homolog.saopaulo.sp.leg.br\/orcamento2025\/wp-content\/uploads\/sites\/63\/2024\/05\/row-3-column-1-196x300.jpg 196w, https:\/\/homolog.saopaulo.sp.leg.br\/orcamento2025\/wp-content\/uploads\/sites\/63\/2024\/05\/row-3-column-1-668x1024.jpg 668w, https:\/\/homolog.saopaulo.sp.leg.br\/orcamento2025\/wp-content\/uploads\/sites\/63\/2024\/05\/row-3-column-1-768x1177.jpg 768w, https:\/\/homolog.saopaulo.sp.leg.br\/orcamento2025\/wp-content\/uploads\/sites\/63\/2024\/05\/row-3-column-1-1002x1536.jpg 1002w\" sizes=\"auto, (max-width: 1025px) 100vw, 1025px\" \/>\n","protected":false},"excerpt":{"rendered":"<p>O que \u00e9 a LOA? A LOA (Lei Or\u00e7ament\u00e1ria Anual)\u00a0\u00e9 uma ferramenta que estipula todas as receitas e consequentemente todas as despesas da cidade de S\u00e3o Paulo para o pr\u00f3ximo ano. Baseada na LDO (Lei de Diretrizes Or\u00e7ament\u00e1rias), que deve ser debatida e aprovada no primeiro semestre de cada ano, a LOA \u00e9 enviada anualmente&#8230;  <a class=\"excerpt-read-more\" href=\"https:\/\/homolog.saopaulo.sp.leg.br\/orcamento2025\/entenda\/\" title=\"Read Entenda\">Ler mais &raquo;<\/a><\/p>\n","protected":false},"author":733,"featured_media":0,"parent":0,"menu_order":0,"comment_status":"closed","ping_status":"closed","template":"","meta":{"footnotes":""},"class_list":["post-10","page","type-page","status-publish","hentry"],"_links":{"self":[{"href":"https:\/\/homolog.saopaulo.sp.leg.br\/orcamento2025\/wp-json\/wp\/v2\/pages\/10","targetHints":{"allow":["GET"]}}],"collection":[{"href":"https:\/\/homolog.saopaulo.sp.leg.br\/orcamento2025\/wp-json\/wp\/v2\/pages"}],"about":[{"href":"https:\/\/homolog.saopaulo.sp.leg.br\/orcamento2025\/wp-json\/wp\/v2\/types\/page"}],"author":[{"embeddable":true,"href":"https:\/\/homolog.saopaulo.sp.leg.br\/orcamento2025\/wp-json\/wp\/v2\/users\/733"}],"replies":[{"embeddable":true,"href":"https:\/\/homolog.saopaulo.sp.leg.br\/orcamento2025\/wp-json\/wp\/v2\/comments?post=10"}],"version-history":[{"count":6,"href":"https:\/\/homolog.saopaulo.sp.leg.br\/orcamento2025\/wp-json\/wp\/v2\/pages\/10\/revisions"}],"predecessor-version":[{"id":121,"href":"https:\/\/homolog.saopaulo.sp.leg.br\/orcamento2025\/wp-json\/wp\/v2\/pages\/10\/revisions\/121"}],"wp:attachment":[{"href":"https:\/\/homolog.saopaulo.sp.leg.br\/orcamento2025\/wp-json\/wp\/v2\/media?parent=10"}],"curies":[{"name":"wp","href":"https:\/\/api.w.org\/{rel}","templated":true}]}}