{"id":13,"date":"2024-05-16T10:54:29","date_gmt":"2024-05-16T13:54:29","guid":{"rendered":"https:\/\/homolog.saopaulo.sp.leg.br\/orcamento2025\/?page_id=13"},"modified":"2025-04-11T15:31:12","modified_gmt":"2025-04-11T18:31:12","slug":"arquivos","status":"publish","type":"page","link":"https:\/\/homolog.saopaulo.sp.leg.br\/orcamento2025\/arquivos\/","title":{"rendered":"Arquivos"},"content":{"rendered":"<h2 style=\"text-align: center\"><strong>Consulte aqui os arquivos relacionados \u00e0 constru\u00e7\u00e3o da Lei Or\u00e7ament\u00e1ria Anual<\/strong><\/h2>\n<p><a class=\"sublink\" href=\"https:\/\/splegisconsulta.saopaulo.sp.leg.br\/Pesquisa\/DetailsDetalhado?COD_MTRA_LEGL=1&amp;COD_PCSS_CMSP=247&amp;ANO_PCSS_CMSP=2024\" target=\"_blank\" rel=\"noopener noreferrer\"><span class=\"bairro\">PL 247\/2024 <\/span>Lei de Diretrizes Or\u00e7ament\u00e1rias 2025<\/a><\/p>\n<p><a class=\"sublink\" href=\"https:\/\/splegisconsulta.saopaulo.sp.leg.br\/Pesquisa\/DetailsDetalhado?COD_MTRA_LEGL=1&amp;COD_PCSS_CMSP=729&amp;ANO_PCSS_CMSP=2024\" target=\"_blank\" rel=\"noopener noreferrer\"><span class=\"bairro\">PL 729\/2024 <\/span> Projeto de Lei Or\u00e7ament\u00e1ria Anual 2025<\/a><\/p>\n<p><a class=\"sublink\" href=\"https:\/\/app-plpconsulta-prd.azurewebsites.net\/Forms\/MostrarArquivo?ID=22057&amp;TipArq=1\" target=\"_blank\" rel=\"noopener noreferrer\"><span class=\"bairro\">LOA 2025 <\/span>Lei n\u00ba 18.220\/2024<\/a><\/p>\n<p><a class=\"sublink\" href=\"http:\/\/homolog.saopaulo.sp.leg.br\/orcamento2025\/wp-content\/uploads\/sites\/63\/2024\/11\/Apresentacao-SMF-30-10-24.pdf\" target=\"_blank\" rel=\"noopener noreferrer\"><span class=\"bairro\">30\/10\/24 &#8211; 1\u00aa Audi\u00eancia P\u00fablica Geral <\/span> Apresenta\u00e7\u00e3o da Secretaria da Fazenda<\/a><\/p>\n<p><a class=\"sublink\" href=\"http:\/\/homolog.saopaulo.sp.leg.br\/orcamento2025\/wp-content\/uploads\/sites\/63\/2024\/11\/SEHAB-Intervencao-SEHAB.pdf\" target=\"_blank\" rel=\"noopener noreferrer\"><span class=\"bairro\">05\/11\/24 &#8211; 1\u00aa Audi\u00eancia P\u00fablica Tem\u00e1tica <\/span> Apresenta\u00e7\u00e3o da Sec. da Habita\u00e7\u00e3o &#8211; Interven\u00e7\u00e3o Sehab<\/a><\/p>\n<p><a class=\"sublink\" href=\"https:\/\/homolog.saopaulo.sp.leg.br\/orcamento2025\/wp-content\/themes\/orcamento2025\/library\/apresentacao\/SEHAB - Area de Manancial.pdf\" target=\"_blank\" rel=\"noopener noreferrer\"><span class=\"bairro\">05\/11\/24 &#8211; 1\u00aa Audi\u00eancia P\u00fablica Tem\u00e1tica <\/span> Apresenta\u00e7\u00e3o da Sec. da Habita\u00e7\u00e3o &#8211; Mananciais<\/a><\/p>\n<p><a class=\"sublink\" href=\"http:\/\/homolog.saopaulo.sp.leg.br\/orcamento2025\/wp-content\/uploads\/sites\/63\/2024\/11\/Apresentacao_SEHAB_COHAB_2025.pdf\" target=\"_blank\" rel=\"noopener noreferrer\"><span class=\"bairro\">05\/11\/24 &#8211; 1\u00aa Audi\u00eancia P\u00fablica Tem\u00e1tica <\/span> Apresenta\u00e7\u00e3o da Secretaria da Habita\u00e7\u00e3o<\/a><\/p>\n<p><a class=\"sublink\" href=\"http:\/\/homolog.saopaulo.sp.leg.br\/orcamento2025\/wp-content\/uploads\/sites\/63\/2024\/11\/SEHAB-Programa-Pode-Entrar.pdf\" target=\"_blank\" rel=\"noopener noreferrer\"><span class=\"bairro\">05\/11\/24 &#8211; 1\u00aa Audi\u00eancia P\u00fablica Tem\u00e1tica <\/span> Apresenta\u00e7\u00e3o da Secretaria de Habita\u00e7\u00e3o &#8211; Pode Entrar<\/a><\/p>\n<p><a class=\"sublink\" href=\"http:\/\/homolog.saopaulo.sp.leg.br\/orcamento2025\/wp-content\/uploads\/sites\/63\/2024\/11\/SEHAB-Programa-Permanente-de-Regularizacao-Fundiaria.pdf\" target=\"_blank\" rel=\"noopener noreferrer\"><span class=\"bairro\">05\/11\/24 &#8211; 1\u00aa Audi\u00eancia P\u00fablica Tem\u00e1tica <\/span> Sehab &#8211; Programa Permanente de Regulariza\u00e7\u00e3o Fundi\u00e1ria<\/a><\/p>\n<p><a class=\"sublink\" href=\"http:\/\/homolog.saopaulo.sp.leg.br\/orcamento2025\/wp-content\/uploads\/sites\/63\/2024\/11\/SEHAB-Coordenadoria-de-Trabalho-Social.pdf\" target=\"_blank\" rel=\"noopener noreferrer\"><span class=\"bairro\">05\/11\/24 &#8211; 1\u00aa Audi\u00eancia P\u00fablica Tem\u00e1tica <\/span> Sec. da Habita\u00e7\u00e3o &#8211; Coordenadoria de Trabalho Social<\/a><\/p>\n<p><a class=\"sublink\" href=\"http:\/\/homolog.saopaulo.sp.leg.br\/orcamento2025\/wp-content\/uploads\/sites\/63\/2024\/11\/Apresentacao-AP-06-11-24-Seguranca-Urbana.pdf\" target=\"_blank\" rel=\"noopener noreferrer\"><span class=\"bairro\">06\/11\/24 &#8211; 2\u00aa Audi\u00eancia P\u00fablica Tem\u00e1tica<\/span> Apresenta\u00e7\u00e3o da Secretaria de Seguran\u00e7a Urbana<\/a><\/p>\n<p><a class=\"sublink\" href=\"http:\/\/homolog.saopaulo.sp.leg.br\/orcamento2025\/wp-content\/uploads\/sites\/63\/2024\/11\/Tabela_PLOA25_06-11-SPTrans.pdf\" target=\"_blank\" rel=\"noopener noreferrer\"><span class=\"bairro\">06\/11\/24 &#8211; 2\u00aa Audi\u00eancia P\u00fablica Tem\u00e1tica<\/span> Apresenta\u00e7\u00e3o da SPTrans<\/a><\/p>\n<p><a class=\"sublink\" href=\"https:\/\/homolog.saopaulo.sp.leg.br\/orcamento2025\/wp-content\/uploads\/sites\/63\/2024\/11\/Material-para-APRESENTACAO_PLOA-2025_-11-11-24.pdf\" target=\"_blank\" rel=\"noopener noreferrer\"><span class=\"bairro\">11\/11\/24 &#8211; 3\u00aa Audi\u00eancia P\u00fablica Tem\u00e1tica<\/span> Apresenta\u00e7\u00e3o da Secretaria de Cultura<\/a><\/p>\n<p><a class=\"sublink\" href=\"https:\/\/homolog.saopaulo.sp.leg.br\/orcamento2025\/wp-content\/uploads\/sites\/63\/2024\/11\/Apresentacao-Resumida-Orcamento-FTMSP-2025-11-11-24.pdf\" target=\"_blank\" rel=\"noopener noreferrer\"><span class=\"bairro\">11\/11\/24 &#8211; 3\u00aa Audi\u00eancia P\u00fablica Tem\u00e1tica<\/span> Apresenta\u00e7\u00e3o da Funda\u00e7\u00e3o Theatro Municipal<\/a><\/p>\n<p><a class=\"sublink\" href=\"https:\/\/homolog.saopaulo.sp.leg.br\/orcamento2025\/wp-content\/themes\/orcamento2025\/library\/apresentacao\/Apresentacao AP 11-11-24 - SPCINE.pdf\" target=\"_blank\" rel=\"noopener noreferrer\"><span class=\"bairro\">11\/11\/24 &#8211; 3\u00aa Audi\u00eancia P\u00fablica Tem\u00e1tica<\/span>Apresenta\u00e7\u00e3o da Spcine<\/a><\/p>\n<p><a class=\"sublink\" href=\"https:\/\/homolog.saopaulo.sp.leg.br\/orcamento2025\/wp-content\/uploads\/sites\/63\/2024\/11\/Apresentacao-AP-12-11-24-SMUL-12-11-2024.pdf\" target=\"_blank\" rel=\"noopener noreferrer\"><span class=\"bairro\">12\/11\/24 &#8211; 4\u00aa Audi\u00eancia P\u00fablica Tem\u00e1tica<\/span> Apresenta\u00e7\u00e3o da Sec. de Urbanismo e Licenciamento<\/a><\/p>\n<p><a class=\"sublink\" href=\"http:\/\/homolog.saopaulo.sp.leg.br\/orcamento2025\/wp-content\/uploads\/sites\/63\/2024\/11\/Apresentacao-AP-12-11-24-SM-Subprefeituras.pdf\" target=\"_blank\" rel=\"noopener noreferrer\"><span class=\"bairro\">12\/11\/24 &#8211; 4\u00aa Audi\u00eancia P\u00fablica Tem\u00e1tica<\/span> Apresenta\u00e7\u00e3o da Secretaria das Subprefeituras<\/a><\/p>\n<p><a class=\"sublink\" href=\"https:\/\/homolog.saopaulo.sp.leg.br\/orcamento2025\/wp-content\/uploads\/sites\/63\/2024\/11\/Apresentacao-AP-12-11-24-SIURB-PLOA2025_CMSP-121124.pdf\" target=\"_blank\" rel=\"noopener noreferrer\"><span class=\"bairro\">12\/11\/24 &#8211; 4\u00aa Audi\u00eancia P\u00fablica Tem\u00e1tica<\/span> Apresenta\u00e7\u00e3o da Sec. de Infraestrutura Urbana e Obras<\/a><\/p>\n<p><a class=\"sublink\" href=\"http:\/\/homolog.saopaulo.sp.leg.br\/orcamento2025\/wp-content\/uploads\/sites\/63\/2024\/11\/Apresentacao-2-AP-12-11-24-SPObras.pdf\" target=\"_blank\" rel=\"noopener noreferrer\"><span class=\"bairro\">12\/11\/24 &#8211; 4\u00aa Audi\u00eancia P\u00fablica Tem\u00e1tica<\/span> Apresenta\u00e7\u00e3o da SPObras<\/a><\/p>\n<p><a class=\"sublink\" href=\"https:\/\/homolog.saopaulo.sp.leg.br\/orcamento2025\/wp-content\/uploads\/sites\/63\/2024\/11\/Apresentacao-AP-12-11-24-SP-Urbanismo-12-11-24.pdf\" target=\"_blank\" rel=\"noopener noreferrer\"><span class=\"bairro\">12\/11\/24 &#8211; 4\u00aa Audi\u00eancia P\u00fablica Tem\u00e1tica<\/span> Apresenta\u00e7\u00e3o da SP Urbanismo<\/a><\/p>\n<p><a class=\"sublink\" href=\"https:\/\/homolog.saopaulo.sp.leg.br\/orcamento2025\/wp-content\/uploads\/sites\/63\/2024\/11\/Apresentacao-AP-12-11-24-SPRegula-2025-APRESENTACAO-ORCAMENTO_rev.pdf\" target=\"_blank\" rel=\"noopener noreferrer\"><span class=\"bairro\">12\/11\/24 &#8211; 4\u00aa Audi\u00eancia P\u00fablica Tem\u00e1tica<\/span> Apresenta\u00e7\u00e3o da SP Regula<\/a><\/p>\n<p><a class=\"sublink\" href=\"http:\/\/homolog.saopaulo.sp.leg.br\/orcamento2025\/wp-content\/uploads\/sites\/63\/2024\/11\/Apresentacao-AP-13-11-24-SM-Educacao.pdf\" target=\"_blank\" rel=\"noopener noreferrer\"><span class=\"bairro\">13\/11\/24 &#8211; 5\u00aa Audi\u00eancia P\u00fablica Tem\u00e1tica <\/span> Apresenta\u00e7\u00e3o da Secretaria de Educa\u00e7\u00e3o<\/a><\/p>\n<p><a class=\"sublink\" href=\"http:\/\/homolog.saopaulo.sp.leg.br\/orcamento2025\/wp-content\/uploads\/sites\/63\/2024\/11\/Assistencia-Especializada-Ambulatorial.pdf\" target=\"_blank\" rel=\"noopener noreferrer\"><span class=\"bairro\">25\/11\/24 &#8211; 6\u00aa Audi\u00eancia P\u00fablica Tem\u00e1tica <\/span> Apres. da Sec. Mun. da Sa\u00fade e Hospital do Servidor P\u00fablico<\/a><\/p>\n<p><a class=\"sublink\" href=\"http:\/\/homolog.saopaulo.sp.leg.br\/orcamento2025\/wp-content\/uploads\/sites\/63\/2024\/11\/PLOA-TURISMO-2025.pdf\" target=\"_blank\" rel=\"noopener noreferrer\"><span class=\"bairro\">25\/11\/24 &#8211; 6\u00aa Audi\u00eancia P\u00fablica Tem\u00e1tica <\/span> Apresenta\u00e7\u00e3o da Secretaria de Turismo<\/a><\/p>\n<p><a class=\"sublink\" href=\"https:\/\/homolog.saopaulo.sp.leg.br\/orcamento2025\/wp-content\/themes\/orcamento2025\/library\/apresentacao\/Apresentacao AP 26-11-24 - Direitos Humanos.pdf\" target=\"_blank\" rel=\"noopener noreferrer\"><span class=\"bairro\">26\/11\/24 &#8211; 7\u00aa Audi\u00eancia P\u00fablica Tem\u00e1tica <\/span> Apresenta\u00e7\u00e3o da Secretaria de Direitos Humanos<\/a><\/p>\n<p><a class=\"sublink\" href=\"http:\/\/homolog.saopaulo.sp.leg.br\/orcamento2025\/wp-content\/uploads\/sites\/63\/2024\/11\/Apresentacao-AP-26-11-24-Secretaria-Assistencia-Social-SMADS-.pdf\" target=\"_blank\" rel=\"noopener noreferrer\"><span class=\"bairro\">26\/11\/24 &#8211; 7\u00aa Audi\u00eancia P\u00fablica Tem\u00e1tica <\/span> Apresenta\u00e7\u00e3o da Secretaria Municipal de Assist\u00eancia Social<\/a><\/p>\n<p><a class=\"sublink\" href=\"http:\/\/homolog.saopaulo.sp.leg.br\/orcamento2025\/wp-content\/uploads\/sites\/63\/2024\/11\/Apresentacao-AP-26-11-24-Secretaria-Pessoa-com-Deficiencia.pdf\" target=\"_blank\" rel=\"noopener noreferrer\"><span class=\"bairro\">26\/11\/24 &#8211; 7\u00aa Audi\u00eancia P\u00fablica Tem\u00e1tica <\/span> Apresenta\u00e7\u00e3o da Secretaria Pessoa com Defici\u00eancia<\/a><\/p>\n","protected":false},"excerpt":{"rendered":"<p>Consulte aqui os arquivos relacionados \u00e0 constru\u00e7\u00e3o da Lei Or\u00e7ament\u00e1ria Anual PL 247\/2024 Lei de Diretrizes Or\u00e7ament\u00e1rias 2025 PL 729\/2024 Projeto de Lei Or\u00e7ament\u00e1ria Anual 2025 LOA 2025 Lei n\u00ba 18.220\/2024 30\/10\/24 &#8211; 1\u00aa Audi\u00eancia P\u00fablica Geral Apresenta\u00e7\u00e3o da Secretaria da Fazenda 05\/11\/24 &#8211; 1\u00aa Audi\u00eancia P\u00fablica Tem\u00e1tica Apresenta\u00e7\u00e3o da Sec. da Habita\u00e7\u00e3o &#8211; Interven\u00e7\u00e3o&#8230;  <a class=\"excerpt-read-more\" href=\"https:\/\/homolog.saopaulo.sp.leg.br\/orcamento2025\/arquivos\/\" title=\"Read Arquivos\">Ler mais &raquo;<\/a><\/p>\n","protected":false},"author":733,"featured_media":0,"parent":0,"menu_order":0,"comment_status":"closed","ping_status":"closed","template":"","meta":{"footnotes":""},"class_list":["post-13","page","type-page","status-publish","hentry"],"_links":{"self":[{"href":"https:\/\/homolog.saopaulo.sp.leg.br\/orcamento2025\/wp-json\/wp\/v2\/pages\/13","targetHints":{"allow":["GET"]}}],"collection":[{"href":"https:\/\/homolog.saopaulo.sp.leg.br\/orcamento2025\/wp-json\/wp\/v2\/pages"}],"about":[{"href":"https:\/\/homolog.saopaulo.sp.leg.br\/orcamento2025\/wp-json\/wp\/v2\/types\/page"}],"author":[{"embeddable":true,"href":"https:\/\/homolog.saopaulo.sp.leg.br\/orcamento2025\/wp-json\/wp\/v2\/users\/733"}],"replies":[{"embeddable":true,"href":"https:\/\/homolog.saopaulo.sp.leg.br\/orcamento2025\/wp-json\/wp\/v2\/comments?post=13"}],"version-history":[{"count":5,"href":"https:\/\/homolog.saopaulo.sp.leg.br\/orcamento2025\/wp-json\/wp\/v2\/pages\/13\/revisions"}],"predecessor-version":[{"id":276,"href":"https:\/\/homolog.saopaulo.sp.leg.br\/orcamento2025\/wp-json\/wp\/v2\/pages\/13\/revisions\/276"}],"wp:attachment":[{"href":"https:\/\/homolog.saopaulo.sp.leg.br\/orcamento2025\/wp-json\/wp\/v2\/media?parent=13"}],"curies":[{"name":"wp","href":"https:\/\/api.w.org\/{rel}","templated":true}]}}