{"id":17,"date":"2024-05-16T10:57:37","date_gmt":"2024-05-16T13:57:37","guid":{"rendered":"https:\/\/homolog.saopaulo.sp.leg.br\/orcamento2025\/?page_id=17"},"modified":"2024-10-30T13:20:56","modified_gmt":"2024-10-30T16:20:56","slug":"comissao","status":"publish","type":"page","link":"https:\/\/homolog.saopaulo.sp.leg.br\/orcamento2025\/comissao\/","title":{"rendered":"Comiss\u00e3o"},"content":{"rendered":"<h2><strong>O que \u00e9 a Comiss\u00e3o de Finan\u00e7as?<\/strong><\/h2>\n<p>\u00c9 de responsabilidade da\u00a0<strong>Comiss\u00e3o de Finan\u00e7as e Or\u00e7amento<\/strong>\u00a0da C\u00e2mara Municipal de S\u00e3o Paulo garantir o amplo debate sobre a\u00a0<strong>LDO (Lei de Diretrizes Or\u00e7ament\u00e1rias)<\/strong>\u00a0e a\u00a0<strong>LOA (Lei Or\u00e7ament\u00e1ria Anual)<\/strong>.<\/p>\n<p>Atualmente, a Comiss\u00e3o tem em sua composi\u00e7\u00e3o o presidente\u00a0<strong>Jair Tatto (PT)<\/strong>, o vice-presidente\u00a0<strong>At\u00edlio Francisco (REPUBLICANOS)<\/strong>, e os membros <strong>Dr. Adriano Santos (PT)<\/strong>, <strong>Isac F\u00e9lix (PL)<\/strong>, <strong>Paulo Frange (MDB)<\/strong>, <strong>Rinaldi Digilio (UNI\u00c3O)<\/strong>, <strong>Roberto Tripoli (PV)<\/strong>, <strong>Rute Costa (PL) <\/strong>e<strong> Sidney Cruz (MDB). <\/strong><\/p>\n<p>Para relatar a LDO, o colegiado designou o vereador <strong>Marlon Luz ( MDB)<\/strong>, que integrava a Comiss\u00e3o no 1\u00ba semestre. Para relatar a <strong>LOA<\/strong>, foi escolhido o vereador <strong>Sidney Cruz (MDB)<\/strong>.<\/p>\n<p>Saiba mais sobre os vereadores que comp\u00f5em o colegiado clicando\u00a0<a href=\"http:\/\/homolog.saopaulo.sp.leg.br\/comissao\/comissoes-do-processo-legislativo\/comissao-de-financas-e-orcamento\/\" target=\"_blank\" rel=\"noopener noreferrer\" data-auth=\"NotApplicable\">aqui<\/a>.<\/p>\n<h2><strong>Composi\u00e7\u00e3o da Comiss\u00e3o de Finan\u00e7as<\/strong><\/h2>\n<div class=\"aup_comissao\">\n<div class=\"foto\"><span class=\"partido\"><img loading=\"lazy\" decoding=\"async\" class=\"alignnone\" title=\"PT\" src=\"http:\/\/homolog.saopaulo.sp.leg.br\/orcamento2024\/wp-content\/uploads\/sites\/55\/2023\/10\/pt.jpg\" alt=\"\" width=\"40\" height=\"40\" \/><\/span><a href=\"https:\/\/homolog.saopaulo.sp.leg.br\/vereador\/jair-tatto\/\" target=\"_blank\" rel=\"noopener\"><img loading=\"lazy\" decoding=\"async\" class=\"aligncenter\" src=\"http:\/\/homolog.saopaulo.sp.leg.br\/orcamento2024\/wp-content\/uploads\/sites\/55\/2023\/10\/jair.jpg\" alt=\"\" width=\"500\" height=\"401\" \/><\/a><\/div>\n<div class=\"verea\"><span class=\"nome\">Jair Tatto<\/span><span class=\"cargo\">Presidente<\/span><\/div>\n<\/div>\n<div class=\"aup_comissao\">\n<div class=\"foto\"><span class=\"partido\"><img decoding=\"async\" class=\"alignnone\" title=\"Republicanos\" src=\"http:\/\/homolog.saopaulo.sp.leg.br\/orcamento2024\/wp-content\/uploads\/sites\/55\/2023\/10\/repul.jpg\" width=\"40\" \/><\/span><a href=\"https:\/\/homolog.saopaulo.sp.leg.br\/vereador\/atilio-francisco\/\" target=\"_blank\" rel=\"noopener\"><img loading=\"lazy\" decoding=\"async\" class=\"aligncenter\" src=\"http:\/\/homolog.saopaulo.sp.leg.br\/orcamento2024\/wp-content\/uploads\/sites\/55\/2023\/10\/atilio.jpg\" alt=\"\" width=\"500\" height=\"401\" \/><\/a><\/div>\n<div class=\"verea\"><span class=\"nome\">Atilio Francisco<\/span><span class=\"cargo\">Vice-Presidente<\/span><\/div>\n<\/div>\n<div class=\"aup_comissao\">\n<div class=\"foto\"><span class=\"partido\"><img decoding=\"async\" class=\"alignnone\" title=\"MDB\" src=\"https:\/\/homolog.saopaulo.sp.leg.br\/wp-content\/uploads\/2017\/02\/mdb_p.jpg\" width=\"40\" \/><\/span><a href=\"https:\/\/homolog.saopaulo.sp.leg.br\/vereador\/sidney-cruz\/\" target=\"_blank\" rel=\"noopener\"><img loading=\"lazy\" decoding=\"async\" class=\"aligncenter\" src=\"http:\/\/homolog.saopaulo.sp.leg.br\/orcamento2025\/wp-content\/uploads\/sites\/63\/2024\/10\/sidney-cruz.png\" alt=\"\" width=\"500\" height=\"401\" \/><\/a><\/div>\n<div class=\"verea\"><span class=\"nome\">Sidney Cruz<\/span><span class=\"cargo\">Relator da LOA<\/span><\/div>\n<\/div>\n<div class=\"aup_comissao\">\n<div class=\"foto\"><span class=\"partido\"><img decoding=\"async\" class=\"alignnone\" title=\"PT\" src=\"http:\/\/homolog.saopaulo.sp.leg.br\/orcamento2024\/wp-content\/uploads\/sites\/55\/2023\/10\/pt.jpg\" width=\"40\" \/><\/span><a href=\"https:\/\/homolog.saopaulo.sp.leg.br\/vereador\/dr-adriano-santos\" target=\"_blank\" rel=\"noopener\"><img loading=\"lazy\" decoding=\"async\" class=\"aligncenter\" src=\"http:\/\/homolog.saopaulo.sp.leg.br\/orcamento2025\/wp-content\/uploads\/sites\/63\/2024\/05\/adriano.jpg\" alt=\"\" width=\"500\" height=\"401\" \/><\/a><\/div>\n<div class=\"verea\"><span class=\"nome\">Dr. Adriano Santos<\/span><span class=\"cargo\">Membro<\/span><\/div>\n<\/div>\n<div class=\"aup_comissao\">\n<div class=\"foto\"><span class=\"partido\"><img decoding=\"async\" class=\"alignnone\" title=\"PL\" src=\"https:\/\/homolog.saopaulo.sp.leg.br\/wp-content\/uploads\/2017\/02\/marca_PL-pq_novo.png\" width=\"40\" \/><\/span><a href=\"https:\/\/homolog.saopaulo.sp.leg.br\/vereador\/isac-felix\/\" target=\"_blank\" rel=\"noopener\"><img loading=\"lazy\" decoding=\"async\" class=\"aligncenter\" src=\"http:\/\/homolog.saopaulo.sp.leg.br\/orcamento2024\/wp-content\/uploads\/sites\/55\/2023\/10\/isac.jpg\" alt=\"\" width=\"500\" height=\"401\" \/><\/a><\/div>\n<div class=\"verea\"><span class=\"nome\">Isac F\u00e9lix<\/span><span class=\"cargo\">Membro <\/span><\/div>\n<\/div>\n<div class=\"aup_comissao\">\n<div class=\"foto\"><span class=\"partido\"><img decoding=\"async\" class=\"alignnone\" title=\"MDB\" src=\"https:\/\/homolog.saopaulo.sp.leg.br\/wp-content\/uploads\/2017\/02\/mdb_p.jpg\" width=\"40\" \/><\/span><a href=\"https:\/\/homolog.saopaulo.sp.leg.br\/vereador\/paulo-frange\/\" target=\"_blank\" rel=\"noopener\"><img loading=\"lazy\" decoding=\"async\" class=\"aligncenter\" src=\"http:\/\/homolog.saopaulo.sp.leg.br\/orcamento2024\/wp-content\/uploads\/sites\/55\/2023\/10\/paulo.jpg\" alt=\"\" width=\"500\" height=\"401\" \/><\/a><\/div>\n<div class=\"verea\"><span class=\"nome\">Paulo Frange<\/span><span class=\"cargo\">Membro<\/span><\/div>\n<\/div>\n<div class=\"aup_comissao\">\n<div class=\"foto\"><span class=\"partido\"><img decoding=\"async\" class=\"alignnone\" title=\"Uni\u00e3o Brasil\" src=\"http:\/\/homolog.saopaulo.sp.leg.br\/orcamento2024\/wp-content\/uploads\/sites\/55\/2023\/10\/uniao.jpg\" width=\"40\" \/><\/span><a href=\"https:\/\/homolog.saopaulo.sp.leg.br\/vereador\/rinaldi-digilio\/\" target=\"_blank\" rel=\"noopener\"><img loading=\"lazy\" decoding=\"async\" class=\"aligncenter\" src=\"http:\/\/homolog.saopaulo.sp.leg.br\/orcamento2024\/wp-content\/uploads\/sites\/55\/2023\/10\/rinaldi.jpg\" alt=\"\" width=\"500\" height=\"401\" \/><\/a><\/div>\n<div class=\"verea\"><span class=\"nome\">Rinaldi Digilio<\/span><span class=\"cargo\">Membro<\/span><\/div>\n<\/div>\n<div class=\"aup_comissao\">\n<div class=\"foto\"><span class=\"partido\"><img decoding=\"async\" class=\"alignnone\" title=\"PV\" src=\"http:\/\/homolog.saopaulo.sp.leg.br\/orcamento2024\/wp-content\/uploads\/sites\/55\/2023\/10\/pv.jpg\" width=\"40\" \/><\/span><a href=\"https:\/\/homolog.saopaulo.sp.leg.br\/vereador\/roberto-tripoli\/\" target=\"_blank\" rel=\"noopener\"><img loading=\"lazy\" decoding=\"async\" class=\"aligncenter\" src=\"http:\/\/homolog.saopaulo.sp.leg.br\/orcamento2024\/wp-content\/uploads\/sites\/55\/2023\/10\/tripoli.jpg\" alt=\"\" width=\"500\" height=\"401\" \/><\/a><\/div>\n<div class=\"verea\"><span class=\"nome\">Roberto Tripoli<\/span><span class=\"cargo\">Membro<\/span><\/div>\n<\/div>\n<div class=\"aup_comissao\">\n<div class=\"foto\"><span class=\"partido\"><img decoding=\"async\" class=\"alignnone\" title=\"PL\" src=\"https:\/\/homolog.saopaulo.sp.leg.br\/wp-content\/uploads\/2017\/02\/marca_PL-pq_novo.png\" width=\"40\" \/><\/span><a href=\"https:\/\/homolog.saopaulo.sp.leg.br\/vereador\/rute-costa\/\" target=\"_blank\" rel=\"noopener\"><img loading=\"lazy\" decoding=\"async\" class=\"aligncenter\" src=\"http:\/\/homolog.saopaulo.sp.leg.br\/orcamento2024\/wp-content\/uploads\/sites\/55\/2023\/10\/rute.jpg\" alt=\"\" width=\"500\" height=\"401\" \/><\/a><\/div>\n<div class=\"verea\"><span class=\"nome\">Rute Costa<\/span><span class=\"cargo\">Membro<\/span><\/div>\n<\/div>\n","protected":false},"excerpt":{"rendered":"<p>O que \u00e9 a Comiss\u00e3o de Finan\u00e7as? \u00c9 de responsabilidade da\u00a0Comiss\u00e3o de Finan\u00e7as e Or\u00e7amento\u00a0da C\u00e2mara Municipal de S\u00e3o Paulo garantir o amplo debate sobre a\u00a0LDO (Lei de Diretrizes Or\u00e7ament\u00e1rias)\u00a0e a\u00a0LOA (Lei Or\u00e7ament\u00e1ria Anual). Atualmente, a Comiss\u00e3o tem em sua composi\u00e7\u00e3o o presidente\u00a0Jair Tatto (PT), o vice-presidente\u00a0At\u00edlio Francisco (REPUBLICANOS), e os membros Dr. Adriano Santos&#8230;  <a class=\"excerpt-read-more\" href=\"https:\/\/homolog.saopaulo.sp.leg.br\/orcamento2025\/comissao\/\" title=\"Read Comiss\u00e3o\">Ler mais &raquo;<\/a><\/p>\n","protected":false},"author":733,"featured_media":0,"parent":0,"menu_order":0,"comment_status":"closed","ping_status":"closed","template":"","meta":{"footnotes":""},"class_list":["post-17","page","type-page","status-publish","hentry"],"_links":{"self":[{"href":"https:\/\/homolog.saopaulo.sp.leg.br\/orcamento2025\/wp-json\/wp\/v2\/pages\/17","targetHints":{"allow":["GET"]}}],"collection":[{"href":"https:\/\/homolog.saopaulo.sp.leg.br\/orcamento2025\/wp-json\/wp\/v2\/pages"}],"about":[{"href":"https:\/\/homolog.saopaulo.sp.leg.br\/orcamento2025\/wp-json\/wp\/v2\/types\/page"}],"author":[{"embeddable":true,"href":"https:\/\/homolog.saopaulo.sp.leg.br\/orcamento2025\/wp-json\/wp\/v2\/users\/733"}],"replies":[{"embeddable":true,"href":"https:\/\/homolog.saopaulo.sp.leg.br\/orcamento2025\/wp-json\/wp\/v2\/comments?post=17"}],"version-history":[{"count":6,"href":"https:\/\/homolog.saopaulo.sp.leg.br\/orcamento2025\/wp-json\/wp\/v2\/pages\/17\/revisions"}],"predecessor-version":[{"id":47,"href":"https:\/\/homolog.saopaulo.sp.leg.br\/orcamento2025\/wp-json\/wp\/v2\/pages\/17\/revisions\/47"}],"wp:attachment":[{"href":"https:\/\/homolog.saopaulo.sp.leg.br\/orcamento2025\/wp-json\/wp\/v2\/media?parent=17"}],"curies":[{"name":"wp","href":"https:\/\/api.w.org\/{rel}","templated":true}]}}