{"id":21,"date":"2024-05-16T10:59:24","date_gmt":"2024-05-16T13:59:24","guid":{"rendered":"https:\/\/homolog.saopaulo.sp.leg.br\/orcamento2025\/?page_id=21"},"modified":"2025-01-30T09:48:06","modified_gmt":"2025-01-30T12:48:06","slug":"secretarias","status":"publish","type":"page","link":"https:\/\/homolog.saopaulo.sp.leg.br\/orcamento2025\/secretarias\/","title":{"rendered":"Secretarias"},"content":{"rendered":"<p><a class=\"sublink first_sublink\" href=\"https:\/\/homolog.saopaulo.sp.leg.br\/blog\/orcamento-da-secretaria-de-governo-municipal-e-de-r-64332-milhoes-para-2025\/\" target=\"_blank\" rel=\"noopener noreferrer\"><span class=\"bairro\">Secretaria do <\/span> Governo Municipal<\/a><\/p>\n<p><a class=\"sublink\" href=\"https:\/\/homolog.saopaulo.sp.leg.br\/blog\/secretaria-municipal-das-subprefeituras-tem-orcamento-de-r-307-bilhoes-para-2025\/\" target=\"_blank\" rel=\"noopener noreferrer\"><span class=\"bairro\">Secretaria Municipal <\/span> das Subprefeituras<\/a><\/p>\n<p><a class=\"sublink\" href=\"https:\/\/homolog.saopaulo.sp.leg.br\/blog\/em-2025-secretaria-municipal-de-gestao-tem-orcamento-de-r-45004-milhoes\/\" target=\"_blank\" rel=\"noopener noreferrer\"><span class=\"bairro\">Secretaria Municipal <\/span> de Gest\u00e3o<\/a><\/p>\n<p><a class=\"sublink\" href=\"https:\/\/homolog.saopaulo.sp.leg.br\/blog\/secretaria-municipal-de-habitacao-tem-orcamento-de-r-417-bilhoes-para-2025\/\" target=\"_blank\" rel=\"noopener noreferrer\"><span class=\"bairro\">Secretaria Municipal <\/span> de Habita\u00e7\u00e3o<\/a><\/p>\n<p><a class=\"sublink\" href=\"https:\/\/homolog.saopaulo.sp.leg.br\/blog\/orcamento-2025-secretaria-municipal-da-fazenda-tem-orcamento-previsto-de-r-51456-milhoes\/\" target=\"_blank\" rel=\"noopener noreferrer\"><span class=\"bairro\">Secretaria Municipal <\/span> da Fazenda <\/a><\/p>\n<p><a class=\"sublink\" href=\"https:\/\/homolog.saopaulo.sp.leg.br\/blog\/orcamento-2025-secretaria-municipal-de-educacao-contara-com-r-2291-bilhoes\/\" target=\"_blank\" rel=\"noopener noreferrer\"><span class=\"bairro\">Secretaria Municipal <\/span> Educa\u00e7\u00e3o<\/a><\/p>\n<p><a class=\"sublink\" href=\"https:\/\/homolog.saopaulo.sp.leg.br\/blog\/orcamento-de-2025-da-secretaria-municipal-de-esportes-e-lazer-foi-fixado-em-r-50360-milhoes\/\" target=\"_blank\" rel=\"noopener noreferrer\"><span class=\"bairro\">Secretaria Municipal <\/span> Esportes e Lazer<\/a><\/p>\n<p><a class=\"sublink\" href=\"https:\/\/homolog.saopaulo.sp.leg.br\/blog\/orcamento-2025-secretaria-de-mobilidade-urbana-e-transporte-tera-r-1110-bilhoes-para-este-ano\/\" target=\"_blank\" rel=\"noopener noreferrer\"><span class=\"bairro\">Secretaria Municipal <\/span> de Mobilidade Urbana e Transporte<\/a><\/p>\n<p><a class=\"sublink\" href=\"https:\/\/homolog.saopaulo.sp.leg.br\/blog\/orcamento-deste-ano-destina-r-271-bilhoes-a-secretaria-municipal-de-infraestrutura-urbana-e-obras\/\" target=\"_blank\" rel=\"noopener noreferrer\"><span class=\"bairro\">Secretaria Municipal <\/span> de Infraestrutura Urbana e Obras<\/a><\/p>\n<p><a class=\"sublink\" href=\"https:\/\/homolog.saopaulo.sp.leg.br\/blog\/secretaria-municipal-de-inovacao-e-tecnologia-tera-orcamento-de-r-27319-milhoes-em-2025\/\" target=\"_blank\" rel=\"noopener noreferrer\"><span class=\"bairro\">Secretaria Municipal <\/span> de Inova\u00e7\u00e3o e Tecnologia<\/a><\/p>\n<p><a class=\"sublink\" href=\"https:\/\/homolog.saopaulo.sp.leg.br\/blog\/secretaria-municipal-de-assistencia-e-desenvolvimento-social-tem-orcamento-de-r-267-bilhoes-para-2025\/\" target=\"_blank\" rel=\"noopener noreferrer\"><span class=\"bairro\">Secretaria Municipal <\/span> de Assist\u00eancia e Desenvolvimento Social<\/a><\/p>\n<p><a class=\"sublink\" href=\"https:\/\/homolog.saopaulo.sp.leg.br\/blog\/secretaria-municipal-de-cultura-e-economia-criativa-tem-orcamento-de-r-84844-milhoes-em-2025\/\" target=\"_blank\" rel=\"noopener noreferrer\"><span class=\"bairro\">Secretaria Municipal <\/span> de Cultura e Economia Criativa<\/a><\/p>\n<p><a class=\"sublink\" href=\"https:\/\/homolog.saopaulo.sp.leg.br\/blog\/secretaria-municipal-de-justica-contara-com-orcamento-de-quase-r-55-milhoes-para-este-ano\/\" target=\"_blank\" rel=\"noopener noreferrer\"><span class=\"bairro\">Secretaria Municipal <\/span> de Justi\u00e7a<\/a><\/p>\n<p><a class=\"sublink\" href=\"https:\/\/homolog.saopaulo.sp.leg.br\/blog\/orcamento-da-secretaria-municipal-do-verde-e-do-meio-ambiente-alcanca-r-53977-milhoes-em-2025\/\" target=\"_blank\" rel=\"noopener noreferrer\"><span class=\"bairro\">Secretaria Municipal <\/span> do Verde e do Meio Ambiente<\/a><\/p>\n<p><a class=\"sublink\" href=\"https:\/\/homolog.saopaulo.sp.leg.br\/blog\/orcamento-2025-secretaria-de-urbanismo-e-licenciamento-conta-com-mais-de-um-r-1-bi-este-ano\/\" target=\"_blank\" rel=\"noopener noreferrer\"><span class=\"bairro\">Secretaria Municipal <\/span> de Urbanismo e Licenciamento<\/a><\/p>\n<p><a class=\"sublink\" href=\"https:\/\/homolog.saopaulo.sp.leg.br\/blog\/orcamento-da-secretaria-municipal-de-desenvolvimento-economico-e-trabalho-para-este-ano-e-de-r-28771-milhoes\/\" target=\"_blank\" rel=\"noopener noreferrer\"><span class=\"bairro\">Secretaria Municipal <\/span> de Desenvolvimento Econ\u00f4mico e Trabalho<\/a><\/p>\n<p><a class=\"sublink\" href=\"https:\/\/homolog.saopaulo.sp.leg.br\/blog\/secretaria-municipal-de-direitos-humanos-e-cidadania-tem-r-26241-milhoes-como-orcamento-para-2025\/\" target=\"_blank\" rel=\"noopener noreferrer\"><span class=\"bairro\">Secretaria Municipal <\/span> de Direitos Humanos e Cidadania<\/a><\/p>\n<p><a class=\"sublink\" href=\"https:\/\/homolog.saopaulo.sp.leg.br\/blog\/orcamento-deste-ano-da-secretaria-municipal-da-pessoa-com-deficiencia-sera-de-r-9107-milhoes\/\" target=\"_blank\" rel=\"noopener noreferrer\"><span class=\"bairro\">Secretaria Municipal <\/span> Pessoa com Defici\u00eancia<\/a><\/p>\n<p><a class=\"sublink\" href=\"https:\/\/homolog.saopaulo.sp.leg.br\/blog\/secretaria-municipal-de-seguranca-urbana-tera-r-145-bilhao-como-orcamento-para-2025\/\" target=\"_blank\" rel=\"noopener noreferrer\"><span class=\"bairro\">Secretaria Municipal <\/span> de Seguran\u00e7a Urbana<\/a><\/p>\n<p><a class=\"sublink\" href=\"https:\/\/homolog.saopaulo.sp.leg.br\/blog\/secretaria-de-relacoes-internacionais-tem-orcamento-proposto-de-r-4663-milhoes-para-2025\/\" target=\"_blank\" rel=\"noopener noreferrer\"><span class=\"bairro\">Secretaria Municipal <\/span> de Rela\u00e7\u00f5es Internacionais<\/a><\/p>\n<p><a class=\"sublink\" href=\"https:\/\/homolog.saopaulo.sp.leg.br\/blog\/em-2025-orcamento-da-secretaria-municipal-de-turismo-sera-de-58075-milhoes\/\" target=\"_blank\" rel=\"noopener noreferrer\"><span class=\"bairro\">Secretaria Municipal <\/span> de Turismo<\/a><\/p>\n<p><a class=\"sublink\" href=\"https:\/\/homolog.saopaulo.sp.leg.br\/blog\/secretaria-municipal-da-saude-tem-r-2156-bilhoes-de-orcamento-para-2025\/\" target=\"_blank\" rel=\"noopener noreferrer\"><span class=\"bairro\">Secretaria Municipal <\/span> da Sa\u00fade <\/a><\/p>\n","protected":false},"excerpt":{"rendered":"<p>Secretaria do Governo Municipal Secretaria Municipal das Subprefeituras Secretaria Municipal de Gest\u00e3o Secretaria Municipal de Habita\u00e7\u00e3o Secretaria Municipal da Fazenda Secretaria Municipal Educa\u00e7\u00e3o Secretaria Municipal Esportes e Lazer Secretaria Municipal de Mobilidade Urbana e Transporte Secretaria Municipal de Infraestrutura Urbana e Obras Secretaria Municipal de Inova\u00e7\u00e3o e Tecnologia Secretaria Municipal de Assist\u00eancia e Desenvolvimento Social&#8230;  <a class=\"excerpt-read-more\" href=\"https:\/\/homolog.saopaulo.sp.leg.br\/orcamento2025\/secretarias\/\" title=\"Read Secretarias\">Ler mais &raquo;<\/a><\/p>\n","protected":false},"author":733,"featured_media":0,"parent":0,"menu_order":0,"comment_status":"closed","ping_status":"closed","template":"","meta":{"footnotes":""},"class_list":["post-21","page","type-page","status-publish","hentry"],"_links":{"self":[{"href":"https:\/\/homolog.saopaulo.sp.leg.br\/orcamento2025\/wp-json\/wp\/v2\/pages\/21","targetHints":{"allow":["GET"]}}],"collection":[{"href":"https:\/\/homolog.saopaulo.sp.leg.br\/orcamento2025\/wp-json\/wp\/v2\/pages"}],"about":[{"href":"https:\/\/homolog.saopaulo.sp.leg.br\/orcamento2025\/wp-json\/wp\/v2\/types\/page"}],"author":[{"embeddable":true,"href":"https:\/\/homolog.saopaulo.sp.leg.br\/orcamento2025\/wp-json\/wp\/v2\/users\/733"}],"replies":[{"embeddable":true,"href":"https:\/\/homolog.saopaulo.sp.leg.br\/orcamento2025\/wp-json\/wp\/v2\/comments?post=21"}],"version-history":[{"count":5,"href":"https:\/\/homolog.saopaulo.sp.leg.br\/orcamento2025\/wp-json\/wp\/v2\/pages\/21\/revisions"}],"predecessor-version":[{"id":299,"href":"https:\/\/homolog.saopaulo.sp.leg.br\/orcamento2025\/wp-json\/wp\/v2\/pages\/21\/revisions\/299"}],"wp:attachment":[{"href":"https:\/\/homolog.saopaulo.sp.leg.br\/orcamento2025\/wp-json\/wp\/v2\/media?parent=21"}],"curies":[{"name":"wp","href":"https:\/\/api.w.org\/{rel}","templated":true}]}}