{"id":23,"date":"2024-05-16T10:59:47","date_gmt":"2024-05-16T13:59:47","guid":{"rendered":"https:\/\/homolog.saopaulo.sp.leg.br\/orcamento2025\/?page_id=23"},"modified":"2024-10-21T18:48:20","modified_gmt":"2024-10-21T21:48:20","slug":"participe","status":"publish","type":"page","link":"https:\/\/homolog.saopaulo.sp.leg.br\/orcamento2025\/participe\/","title":{"rendered":"Participe!"},"content":{"rendered":"<h2 style=\"text-align: center\">Participe do Or\u00e7amento 2025!<\/h2>\n<p style=\"text-align: center\">Fa\u00e7a suas sugest\u00f5es, d\u00ea sua opini\u00e3o e ajude a <strong>C\u00e2mara de Vereadores no debate sobre o Or\u00e7amento<br \/>\nda cidade de S\u00e3o Paulo para 2025<\/strong>. <a href=\"https:\/\/homolog.saopaulo.sp.leg.br\/audienciaspublicas\/\" target=\"_blank\" rel=\"noopener\">Para isto, basta participar das Audi\u00eancias P\u00fablicas<\/a>.<\/p>\n","protected":false},"excerpt":{"rendered":"<p>Participe do Or\u00e7amento 2025! Fa\u00e7a suas sugest\u00f5es, d\u00ea sua opini\u00e3o e ajude a C\u00e2mara de Vereadores no debate sobre o Or\u00e7amento da cidade de S\u00e3o Paulo para 2025. Para isto, basta participar das Audi\u00eancias P\u00fablicas.<\/p>\n","protected":false},"author":733,"featured_media":0,"parent":0,"menu_order":0,"comment_status":"closed","ping_status":"closed","template":"page-participe.php","meta":{"footnotes":""},"class_list":["post-23","page","type-page","status-publish","hentry"],"_links":{"self":[{"href":"https:\/\/homolog.saopaulo.sp.leg.br\/orcamento2025\/wp-json\/wp\/v2\/pages\/23","targetHints":{"allow":["GET"]}}],"collection":[{"href":"https:\/\/homolog.saopaulo.sp.leg.br\/orcamento2025\/wp-json\/wp\/v2\/pages"}],"about":[{"href":"https:\/\/homolog.saopaulo.sp.leg.br\/orcamento2025\/wp-json\/wp\/v2\/types\/page"}],"author":[{"embeddable":true,"href":"https:\/\/homolog.saopaulo.sp.leg.br\/orcamento2025\/wp-json\/wp\/v2\/users\/733"}],"replies":[{"embeddable":true,"href":"https:\/\/homolog.saopaulo.sp.leg.br\/orcamento2025\/wp-json\/wp\/v2\/comments?post=23"}],"version-history":[{"count":5,"href":"https:\/\/homolog.saopaulo.sp.leg.br\/orcamento2025\/wp-json\/wp\/v2\/pages\/23\/revisions"}],"predecessor-version":[{"id":144,"href":"https:\/\/homolog.saopaulo.sp.leg.br\/orcamento2025\/wp-json\/wp\/v2\/pages\/23\/revisions\/144"}],"wp:attachment":[{"href":"https:\/\/homolog.saopaulo.sp.leg.br\/orcamento2025\/wp-json\/wp\/v2\/media?parent=23"}],"curies":[{"name":"wp","href":"https:\/\/api.w.org\/{rel}","templated":true}]}}