{"id":6,"date":"2024-05-15T11:49:32","date_gmt":"2024-05-15T14:49:32","guid":{"rendered":"https:\/\/homolog.saopaulo.sp.leg.br\/orcamento2025\/?page_id=6"},"modified":"2025-01-09T09:52:15","modified_gmt":"2025-01-09T12:52:15","slug":"home","status":"publish","type":"page","link":"https:\/\/homolog.saopaulo.sp.leg.br\/orcamento2025\/","title":{"rendered":"Home"},"content":{"rendered":"<p>A <strong>LOA (Lei Or\u00e7ament\u00e1ria Anual)<\/strong> \u00e9 aprovada pela <strong>C\u00e2mara Municipal de S\u00e3o Paulo<\/strong> todos os anos, ao final do 2\u00ba semestre.<\/p>\n<p>Apresentada pela Prefeitura, <strong>a proposta de Or\u00e7amento<\/strong> \u00e9 debatida com a popula\u00e7\u00e3o em Audi\u00eancias P\u00fablicas tem\u00e1ticas e gerais, tornando a distribui\u00e7\u00e3o or\u00e7ament\u00e1ria da cidade mais adequada com as necessidades dos paulistanos.<\/p>\n<p>Importante lembrar que constru\u00e7\u00e3o do or\u00e7amento j\u00e1 come\u00e7a com a <strong>LDO (Lei de Diretrizes Or\u00e7ament\u00e1rias)<\/strong>, sempre discutida e aprovada no 1\u00ba semestre de cada ano.<\/p>\n<p><strong>Ap\u00f3s a tramita\u00e7\u00e3o, o or\u00e7amento de 2025 foi aprovado e tornou-se a <a href=\"https:\/\/app-plpconsulta-prd.azurewebsites.net\/Forms\/MostrarArquivo?ID=22057&amp;TipArq=1\" target=\"_blank\" rel=\"noopener\">Lei n\u00ba 18.220, de 27 de dezembro de 2024<\/a>.<\/strong><\/p>\n","protected":false},"excerpt":{"rendered":"<p>A LOA (Lei Or\u00e7ament\u00e1ria Anual) \u00e9 aprovada pela C\u00e2mara Municipal de S\u00e3o Paulo todos os anos, ao final do 2\u00ba semestre. Apresentada pela Prefeitura, a proposta de Or\u00e7amento \u00e9 debatida com a popula\u00e7\u00e3o em Audi\u00eancias P\u00fablicas tem\u00e1ticas e gerais, tornando a distribui\u00e7\u00e3o or\u00e7ament\u00e1ria da cidade mais adequada com as necessidades dos paulistanos. Importante lembrar que&#8230;  <a class=\"excerpt-read-more\" href=\"https:\/\/homolog.saopaulo.sp.leg.br\/orcamento2025\/\" title=\"Read Home\">Ler mais &raquo;<\/a><\/p>\n","protected":false},"author":733,"featured_media":0,"parent":0,"menu_order":0,"comment_status":"closed","ping_status":"closed","template":"page-home.php","meta":{"footnotes":""},"class_list":["post-6","page","type-page","status-publish","hentry"],"_links":{"self":[{"href":"https:\/\/homolog.saopaulo.sp.leg.br\/orcamento2025\/wp-json\/wp\/v2\/pages\/6","targetHints":{"allow":["GET"]}}],"collection":[{"href":"https:\/\/homolog.saopaulo.sp.leg.br\/orcamento2025\/wp-json\/wp\/v2\/pages"}],"about":[{"href":"https:\/\/homolog.saopaulo.sp.leg.br\/orcamento2025\/wp-json\/wp\/v2\/types\/page"}],"author":[{"embeddable":true,"href":"https:\/\/homolog.saopaulo.sp.leg.br\/orcamento2025\/wp-json\/wp\/v2\/users\/733"}],"replies":[{"embeddable":true,"href":"https:\/\/homolog.saopaulo.sp.leg.br\/orcamento2025\/wp-json\/wp\/v2\/comments?post=6"}],"version-history":[{"count":5,"href":"https:\/\/homolog.saopaulo.sp.leg.br\/orcamento2025\/wp-json\/wp\/v2\/pages\/6\/revisions"}],"predecessor-version":[{"id":275,"href":"https:\/\/homolog.saopaulo.sp.leg.br\/orcamento2025\/wp-json\/wp\/v2\/pages\/6\/revisions\/275"}],"wp:attachment":[{"href":"https:\/\/homolog.saopaulo.sp.leg.br\/orcamento2025\/wp-json\/wp\/v2\/media?parent=6"}],"curies":[{"name":"wp","href":"https:\/\/api.w.org\/{rel}","templated":true}]}}