{"id":342,"date":"2014-03-11T19:18:28","date_gmt":"2014-03-11T19:18:28","guid":{"rendered":"http:\/\/hcr0313.prodam\/planodiretor?page_id=342"},"modified":"2014-03-28T17:15:06","modified_gmt":"2014-03-28T17:15:06","slug":"o-que-e-o-plano-diretor","status":"publish","type":"page","link":"https:\/\/homolog.saopaulo.sp.leg.br\/planodiretor\/index.php\/plano-diretor\/o-que-e-o-plano-diretor\/","title":{"rendered":"O que \u00e9 o Plano Diretor"},"content":{"rendered":"<p>Segundo o Estatuto da Cidade, o PDE \u00e9 uma lei que estabelece diretrizes para \u201co atendimento das necessidades dos cidad\u00e3os quanto \u00e0 qualidade de vida, \u00e0 justi\u00e7a social e ao desenvolvimento das atividades econ\u00f4micas\u201d. \u00c9 uma lei que indica onde a cidade quer estar nos pr\u00f3ximos anos e os caminhos que deve seguir para alcan\u00e7ar seus objetivos.<\/p>\n<a href=\"http:\/\/homolog.saopaulo.sp.leg.br\/planodiretor\/wp-content\/uploads\/sites\/14\/2014\/03\/Audiencia-3.jpg\"><img loading=\"lazy\" decoding=\"async\" class=\"aligncenter size-full wp-image-486\" alt=\"Audiencia-3\" src=\"http:\/\/homolog.saopaulo.sp.leg.br\/planodiretor\/wp-content\/uploads\/sites\/14\/2014\/03\/Audiencia-3.jpg\" width=\"680\" height=\"394\" srcset=\"https:\/\/homolog.saopaulo.sp.leg.br\/planodiretor\/wp-content\/uploads\/sites\/14\/2014\/03\/Audiencia-3.jpg 680w, https:\/\/homolog.saopaulo.sp.leg.br\/planodiretor\/wp-content\/uploads\/sites\/14\/2014\/03\/Audiencia-3-300x173.jpg 300w\" sizes=\"auto, (max-width: 680px) 100vw, 680px\" \/><\/a>\n<p>Como \u00e9 uma lei que mexe com a vida das pessoas que moram, trabalham, estudam e visitam a cidade, todos devem participar democraticamente da cria\u00e7\u00e3o das regras que dever\u00e3o ser seguidas pelo governo &#8211; inclusive os eleitos no futuro &#8211; e por toda a sociedade.<\/p>\n<a href=\"http:\/\/homolog.saopaulo.sp.leg.br\/planodiretor\/wp-content\/uploads\/sites\/14\/2014\/03\/Audiencia-2.jpg\"><img loading=\"lazy\" decoding=\"async\" class=\"aligncenter size-full wp-image-484\" alt=\"Audiencia-2\" src=\"http:\/\/homolog.saopaulo.sp.leg.br\/planodiretor\/wp-content\/uploads\/sites\/14\/2014\/03\/Audiencia-2.jpg\" width=\"680\" height=\"400\" srcset=\"https:\/\/homolog.saopaulo.sp.leg.br\/planodiretor\/wp-content\/uploads\/sites\/14\/2014\/03\/Audiencia-2.jpg 680w, https:\/\/homolog.saopaulo.sp.leg.br\/planodiretor\/wp-content\/uploads\/sites\/14\/2014\/03\/Audiencia-2-300x176.jpg 300w\" sizes=\"auto, (max-width: 680px) 100vw, 680px\" \/><\/a>\n","protected":false},"excerpt":{"rendered":"<p>Segundo o Estatuto da Cidade, o PDE \u00e9 uma lei que estabelece diretrizes para \u201co atendimento das necessidades dos cidad\u00e3os quanto \u00e0 qualidade de vida, \u00e0 justi\u00e7a social e ao desenvolvimento das atividades econ\u00f4micas\u201d. \u00c9 uma lei que indica onde a cidade quer estar nos pr\u00f3ximos anos e os caminhos que deve seguir para alcan\u00e7ar&#8230;  <a class=\"excerpt-read-more\" href=\"https:\/\/homolog.saopaulo.sp.leg.br\/planodiretor\/index.php\/plano-diretor\/o-que-e-o-plano-diretor\/\" title=\"ReadO que \u00e9 o Plano Diretor\">Ler mais &raquo;<\/a><\/p>\n","protected":false},"author":1,"featured_media":0,"parent":339,"menu_order":0,"comment_status":"open","ping_status":"open","template":"","meta":{"footnotes":""},"class_list":["post-342","page","type-page","status-publish","hentry"],"_links":{"self":[{"href":"https:\/\/homolog.saopaulo.sp.leg.br\/planodiretor\/index.php\/wp-json\/wp\/v2\/pages\/342","targetHints":{"allow":["GET"]}}],"collection":[{"href":"https:\/\/homolog.saopaulo.sp.leg.br\/planodiretor\/index.php\/wp-json\/wp\/v2\/pages"}],"about":[{"href":"https:\/\/homolog.saopaulo.sp.leg.br\/planodiretor\/index.php\/wp-json\/wp\/v2\/types\/page"}],"author":[{"embeddable":true,"href":"https:\/\/homolog.saopaulo.sp.leg.br\/planodiretor\/index.php\/wp-json\/wp\/v2\/users\/1"}],"replies":[{"embeddable":true,"href":"https:\/\/homolog.saopaulo.sp.leg.br\/planodiretor\/index.php\/wp-json\/wp\/v2\/comments?post=342"}],"version-history":[{"count":5,"href":"https:\/\/homolog.saopaulo.sp.leg.br\/planodiretor\/index.php\/wp-json\/wp\/v2\/pages\/342\/revisions"}],"predecessor-version":[{"id":487,"href":"https:\/\/homolog.saopaulo.sp.leg.br\/planodiretor\/index.php\/wp-json\/wp\/v2\/pages\/342\/revisions\/487"}],"up":[{"embeddable":true,"href":"https:\/\/homolog.saopaulo.sp.leg.br\/planodiretor\/index.php\/wp-json\/wp\/v2\/pages\/339"}],"wp:attachment":[{"href":"https:\/\/homolog.saopaulo.sp.leg.br\/planodiretor\/index.php\/wp-json\/wp\/v2\/media?parent=342"}],"curies":[{"name":"wp","href":"https:\/\/api.w.org\/{rel}","templated":true}]}}